{"id":260701,"date":"2024-12-29T23:44:23","date_gmt":"2024-12-29T22:44:23","guid":{"rendered":"https:\/\/3dgdc.pl\/?post_type=product&#038;p=260701"},"modified":"2025-10-24T22:41:11","modified_gmt":"2025-10-24T20:41:11","slug":"emblema-migliore","status":"publish","type":"product","link":"https:\/\/3dgdc.pl\/it\/produkt\/emblemat-besser\/","title":{"rendered":"Emblema migliore"},"content":{"rendered":"<p style=\"text-align: center;\"><strong>Emblema migliore<\/strong><br \/>\nBesser \u00e8 perfetto come decorazione per il cofano, ma il suo design universale consente di montarlo ovunque, in base alle proprie preferenze.<\/p>\n<h3 style=\"text-align: center;\">Installazione:<\/h3>\n<p style=\"text-align: center;\">L&#039;emblema pu\u00f2 essere facilmente fissato con colla o nastro biadesivo (materiale di montaggio non incluso).<\/p>\n<p style=\"text-align: center;\"><em>Scegli Besser se apprezzi il look classico e la lavorazione di alta qualit\u00e0. Perfetto per gli amanti della semplicit\u00e0 e dell&#039;eleganza.<\/em><\/p>\n<p>&nbsp;<\/p>\n<div class=\"sp-iframe-embed-grid\">\n<div class=\"sp-iframe-item\"><iframe loading=\"lazy\" class=\"wp-embedded-content\" sandbox=\"allow-same-origin allow-scripts\" referrerpolicy=\"no-referrer-when-downgrade\" width=\"600\" height=\"460\" frameborder=\"0\" scrolling=\"no\" src=\"https:\/\/3dgdc.pl\/produkt\/logo-v8-czarne\/embed\/\"><\/iframe><\/div>\n<div class=\"sp-iframe-item\"><iframe loading=\"lazy\" class=\"wp-embedded-content\" sandbox=\"allow-same-origin allow-scripts\" referrerpolicy=\"no-referrer-when-downgrade\" width=\"600\" height=\"460\" frameborder=\"0\" scrolling=\"no\" src=\"https:\/\/3dgdc.pl\/produkt\/tabliczka-naroznikowa-2\/embed\/\"><\/iframe><\/div>\n<div class=\"sp-iframe-item\"><iframe loading=\"lazy\" class=\"wp-embedded-content\" sandbox=\"allow-same-origin allow-scripts\" referrerpolicy=\"no-referrer-when-downgrade\" width=\"600\" height=\"460\" frameborder=\"0\" scrolling=\"no\" src=\"https:\/\/3dgdc.pl\/produkt\/podswietlane-logo-v8\/embed\/\"><\/iframe><\/div>\n<div class=\"sp-iframe-item\"><iframe loading=\"lazy\" class=\"wp-embedded-content\" sandbox=\"allow-same-origin allow-scripts\" referrerpolicy=\"no-referrer-when-downgrade\" width=\"600\" height=\"460\" frameborder=\"0\" scrolling=\"no\" src=\"https:\/\/3dgdc.pl\/produkt\/tabliczka-naroznikowa-led-king-of-the-road\/embed\/\"><\/iframe><\/div>\n<\/div>","protected":false},"excerpt":{"rendered":"<h3>Dimensioni:<\/h3>\n<ul>\n<li><strong>Lunghezza:<\/strong> 42 centimetri<\/li>\n<li><strong>Larghezza:<\/strong> 7 centimetri<\/li>\n<li><strong>Altezza:<\/strong> 10 millimetri<\/li>\n<\/ul>","protected":false},"featured_media":261153,"template":"","meta":{"_acf_changed":false},"product_brand":[],"product_cat":[419],"product_tag":[430,429,427,350],"class_list":{"0":"post-260701","1":"product","2":"type-product","3":"status-publish","4":"has-post-thumbnail","6":"product_cat-kipper-besser-frigo-klasyczne-emblematy","7":"product_tag-frigo","8":"product_tag-kipper","9":"product_tag-streamline","10":"product_tag-tir","11":"pa_kolor-bialy","12":"pa_kolor-czerwony","13":"pa_kolor-niebieski","14":"pa_kolor-pomaranczowy","15":"pa_kolor-rozowy","16":"pa_kolor-zielony","18":"first","19":"instock","20":"taxable","21":"shipping-taxable","22":"purchasable","23":"product-type-variable"},"acf":[],"yoast_head":"<!-- This site is optimized with the Yoast SEO Premium plugin v27.3 (Yoast SEO v27.3) - https:\/\/yoast.com\/product\/yoast-seo-premium-wordpress\/ -->\n<title>Besser<\/title>\n<meta name=\"description\" content=\"Dodaj elegancji i stylu swojej ci\u0119\u017car\u00f3wce dzi\u0119ki klasycznemu emblematowi Besser. Wykonany z trwa\u0142ego tworzywa sztucznego, jest nie tylko estetyczny, ale tak\u017ce odporny na warunki atmosferyczne, co zapewnia d\u0142ugotrwa\u0142y efekt wizualny.\" \/>\n<meta name=\"robots\" content=\"index, follow, max-snippet:-1, max-image-preview:large, max-video-preview:-1\" \/>\n<link rel=\"canonical\" href=\"https:\/\/3dgdc.pl\/it\/prodotto\/emblema-migliore\/\" \/>\n<meta property=\"og:locale\" content=\"it_IT\" \/>\n<meta property=\"og:type\" content=\"article\" \/>\n<meta property=\"og:title\" content=\"Tabliczki LED TIR | Personalizacja Twojej Ci\u0119\u017car\u00f3wki\" \/>\n<meta property=\"og:description\" content=\"Pod\u015bwietlane emblematy | Tabliczki naro\u017cnikowe LED | Uszy pod lusterka | O\u015bwietlenie kabiny | O\u015bwietlenie kabiny | Obrys\u00f3wki LED\" \/>\n<meta property=\"og:url\" content=\"https:\/\/3dgdc.pl\/it\/prodotto\/emblema-migliore\/\" \/>\n<meta property=\"og:site_name\" content=\"3D GlowDrive Creations | Pod\u015bwietlane Emblematy LED\" \/>\n<meta property=\"article:publisher\" content=\"https:\/\/www.facebook.com\/profile.php?id=61565630297137&amp;locale=pl_PL\" \/>\n<meta property=\"article:modified_time\" content=\"2025-10-24T20:41:11+00:00\" \/>\n<meta property=\"og:image\" content=\"https:\/\/3dgdc.pl\/wp-content\/uploads\/2024\/12\/462568688_1059472275868254_960669851421003447_n.webp\" \/>\n\t<meta property=\"og:image:width\" content=\"800\" \/>\n\t<meta property=\"og:image:height\" content=\"800\" \/>\n\t<meta property=\"og:image:type\" content=\"image\/png\" \/>\n<meta name=\"twitter:card\" content=\"summary_large_image\" \/>\n<meta name=\"twitter:label1\" content=\"Disponibilit\u00e0\" \/>\n\t<meta name=\"twitter:data1\" content=\"In stock\" \/>\n<script type=\"application\/ld+json\" class=\"yoast-schema-graph\">{\"@context\":\"https:\\\/\\\/schema.org\",\"@graph\":[{\"@type\":\"WebPage\",\"@id\":\"https:\\\/\\\/3dgdc.pl\\\/produkt\\\/emblemat-besser\\\/\",\"url\":\"https:\\\/\\\/3dgdc.pl\\\/produkt\\\/emblemat-besser\\\/\",\"name\":\"Besser\",\"isPartOf\":{\"@id\":\"https:\\\/\\\/3dgdc.pl\\\/#website\"},\"primaryImageOfPage\":{\"@id\":\"https:\\\/\\\/3dgdc.pl\\\/produkt\\\/emblemat-besser\\\/#primaryimage\"},\"image\":{\"@id\":\"https:\\\/\\\/3dgdc.pl\\\/produkt\\\/emblemat-besser\\\/#primaryimage\"},\"thumbnailUrl\":\"https:\\\/\\\/3dgdc.pl\\\/wp-content\\\/uploads\\\/2024\\\/12\\\/462568688_1059472275868254_960669851421003447_n.webp\",\"datePublished\":\"2024-12-29T22:44:23+00:00\",\"dateModified\":\"2025-10-24T20:41:11+00:00\",\"description\":\"Dodaj elegancji i stylu swojej ci\u0119\u017car\u00f3wce dzi\u0119ki klasycznemu emblematowi Besser. Wykonany z trwa\u0142ego tworzywa sztucznego, jest nie tylko estetyczny, ale tak\u017ce odporny na warunki atmosferyczne, co zapewnia d\u0142ugotrwa\u0142y efekt wizualny.\",\"breadcrumb\":{\"@id\":\"https:\\\/\\\/3dgdc.pl\\\/produkt\\\/emblemat-besser\\\/#breadcrumb\"},\"inLanguage\":\"it-IT\",\"potentialAction\":[{\"@type\":\"ReadAction\",\"target\":[\"https:\\\/\\\/3dgdc.pl\\\/produkt\\\/emblemat-besser\\\/\"]}]},{\"@type\":\"ImageObject\",\"inLanguage\":\"it-IT\",\"@id\":\"https:\\\/\\\/3dgdc.pl\\\/produkt\\\/emblemat-besser\\\/#primaryimage\",\"url\":\"https:\\\/\\\/3dgdc.pl\\\/wp-content\\\/uploads\\\/2024\\\/12\\\/462568688_1059472275868254_960669851421003447_n.webp\",\"contentUrl\":\"https:\\\/\\\/3dgdc.pl\\\/wp-content\\\/uploads\\\/2024\\\/12\\\/462568688_1059472275868254_960669851421003447_n.webp\",\"width\":800,\"height\":800,\"caption\":\"besser\"},{\"@type\":\"BreadcrumbList\",\"@id\":\"https:\\\/\\\/3dgdc.pl\\\/produkt\\\/emblemat-besser\\\/#breadcrumb\",\"itemListElement\":[{\"@type\":\"ListItem\",\"position\":1,\"name\":\"Strona g\u0142\u00f3wna\",\"item\":\"https:\\\/\\\/3dgdc.pl\\\/de\\\/\"},{\"@type\":\"ListItem\",\"position\":2,\"name\":\"Sklep\",\"item\":\"https:\\\/\\\/3dgdc.pl\\\/de\\\/led-zubehor-lkw-kennzeichen-beleuchtete-beschriftungen\\\/\"},{\"@type\":\"ListItem\",\"position\":3,\"name\":\"Klasyczne Emblematy\",\"item\":\"https:\\\/\\\/3dgdc.pl\\\/kategoria-produktu\\\/kipper-besser-frigo-klasyczne-emblematy\\\/\"},{\"@type\":\"ListItem\",\"position\":4,\"name\":\"Emblemat Besser\"}]},{\"@type\":\"WebSite\",\"@id\":\"https:\\\/\\\/3dgdc.pl\\\/#website\",\"url\":\"https:\\\/\\\/3dgdc.pl\\\/\",\"name\":\"https:\\\/\\\/3dgdc.pl\\\/\",\"description\":\"Pod\u015bwietlane Emblematy i Akcesoria LED do Ci\u0105gnik\u00f3w Siod\u0142owych i Rolniczych\",\"publisher\":{\"@id\":\"https:\\\/\\\/3dgdc.pl\\\/#organization\"},\"potentialAction\":[{\"@type\":\"SearchAction\",\"target\":{\"@type\":\"EntryPoint\",\"urlTemplate\":\"https:\\\/\\\/3dgdc.pl\\\/?s={search_term_string}\"},\"query-input\":{\"@type\":\"PropertyValueSpecification\",\"valueRequired\":true,\"valueName\":\"search_term_string\"}}],\"inLanguage\":\"it-IT\"},{\"@type\":\"Organization\",\"@id\":\"https:\\\/\\\/3dgdc.pl\\\/#organization\",\"name\":\"3D GlowDrive Creations\",\"alternateName\":\"Gadzety LED Do Aut Ci\u0119\u017carowych\",\"url\":\"https:\\\/\\\/3dgdc.pl\\\/\",\"logo\":{\"@type\":\"ImageObject\",\"inLanguage\":\"it-IT\",\"@id\":\"https:\\\/\\\/3dgdc.pl\\\/#\\\/schema\\\/logo\\\/image\\\/\",\"url\":\"https:\\\/\\\/3dgdc.pl\\\/wp-content\\\/uploads\\\/2025\\\/05\\\/prof_obszar-roboczy-1-kopia-scaled.png\",\"contentUrl\":\"https:\\\/\\\/3dgdc.pl\\\/wp-content\\\/uploads\\\/2025\\\/05\\\/prof_obszar-roboczy-1-kopia-scaled.png\",\"width\":2560,\"height\":2560,\"caption\":\"3D GlowDrive Creations\"},\"image\":{\"@id\":\"https:\\\/\\\/3dgdc.pl\\\/#\\\/schema\\\/logo\\\/image\\\/\"},\"sameAs\":[\"https:\\\/\\\/www.facebook.com\\\/profile.php?id=61565630297137&locale=pl_PL\",\"https:\\\/\\\/www.instagram.com\\\/3dglowdrivecreations\\\/\",\"https:\\\/\\\/www.tiktok.com\\\/@ledtruckbudges\"],\"description\":\"Jeste\u015bmy dynamiczn\u0105 firm\u0105 specjalizuj\u0105c\u0105 si\u0119 w tworzeniu wysokiej jako\u015bci akcesori\u00f3w LED do samochod\u00f3w ci\u0119\u017carowych. Nasza oferta obejmuje innowacyjne produkty, takie jak LED-owe emblematy, pod\u015bwietlane litery oraz spersonalizowane gad\u017cety reklamowe. Wszystkie nasze produkty cechuj\u0105 si\u0119 nowoczesnym designem, trwa\u0142o\u015bci\u0105 oraz dba\u0142o\u015bci\u0105 o bezpiecze\u0144stwo u\u017cytkowania. Dzi\u0119ki pasji i zaanga\u017cowaniu zapewniamy klientom wyj\u0105tkowe rozwi\u0105zania, kt\u00f3re podkre\u015blaj\u0105 indywidualny styl ich pojazd\u00f3w.\",\"email\":\"3dglowdrivecreations@gmail.com\",\"telephone\":\"725038684\",\"legalName\":\"3D GlowDrive Creations\",\"foundingDate\":\"2024-05-02\",\"vatID\":\"5783170027\",\"taxID\":\"5783170027\",\"numberOfEmployees\":{\"@type\":\"QuantitativeValue\",\"minValue\":\"1\",\"maxValue\":\"10\"},\"hasMerchantReturnPolicy\":{\"@type\":\"MerchantReturnPolicy\",\"merchantReturnLink\":\"https:\\\/\\\/3dgdc.pl\\\/it\\\/polityka-zwrotow\\\/\"}}]}<\/script>\n<meta property=\"og:availability\" content=\"instock\" \/>\n<meta property=\"product:availability\" content=\"instock\" \/>\n<meta property=\"product:retailer_item_id\" content=\"EMB-BES\" \/>\n<meta property=\"product:condition\" content=\"new\" \/>\n<!-- \/ Yoast SEO Premium plugin. -->","yoast_head_json":{"title":"Meglio","description":"Aggiungi eleganza e stile al tuo camion con il classico emblema Besser. Realizzato in plastica resistente, non \u00e8 solo esteticamente gradevole, ma anche resistente alle intemperie, garantendo un effetto visivo duraturo.","robots":{"index":"index","follow":"follow","max-snippet":"max-snippet:-1","max-image-preview":"max-image-preview:large","max-video-preview":"max-video-preview:-1"},"canonical":"https:\/\/3dgdc.pl\/it\/prodotto\/emblema-migliore\/","og_locale":"it_IT","og_type":"article","og_title":"Tabliczki LED TIR | Personalizacja Twojej Ci\u0119\u017car\u00f3wki","og_description":"Pod\u015bwietlane emblematy | Tabliczki naro\u017cnikowe LED | Uszy pod lusterka | O\u015bwietlenie kabiny | O\u015bwietlenie kabiny | Obrys\u00f3wki LED","og_url":"https:\/\/3dgdc.pl\/it\/prodotto\/emblema-migliore\/","og_site_name":"3D GlowDrive Creations | Pod\u015bwietlane Emblematy LED","article_publisher":"https:\/\/www.facebook.com\/profile.php?id=61565630297137&locale=pl_PL","article_modified_time":"2025-10-24T20:41:11+00:00","og_image":[{"width":800,"height":800,"url":"https:\/\/3dgdc.pl\/wp-content\/uploads\/2024\/12\/462568688_1059472275868254_960669851421003447_n.webp","type":"image\/png"}],"twitter_card":"summary_large_image","twitter_misc":{"Disponibilit\u00e0":"In stock"},"schema":{"@context":"https:\/\/schema.org","@graph":[{"@type":"WebPage","@id":"https:\/\/3dgdc.pl\/produkt\/emblemat-besser\/","url":"https:\/\/3dgdc.pl\/produkt\/emblemat-besser\/","name":"Meglio","isPartOf":{"@id":"https:\/\/3dgdc.pl\/#website"},"primaryImageOfPage":{"@id":"https:\/\/3dgdc.pl\/produkt\/emblemat-besser\/#primaryimage"},"image":{"@id":"https:\/\/3dgdc.pl\/produkt\/emblemat-besser\/#primaryimage"},"thumbnailUrl":"https:\/\/3dgdc.pl\/wp-content\/uploads\/2024\/12\/462568688_1059472275868254_960669851421003447_n.webp","datePublished":"2024-12-29T22:44:23+00:00","dateModified":"2025-10-24T20:41:11+00:00","description":"Aggiungi eleganza e stile al tuo camion con il classico emblema Besser. Realizzato in plastica resistente, non \u00e8 solo esteticamente gradevole, ma anche resistente alle intemperie, garantendo un effetto visivo duraturo.","breadcrumb":{"@id":"https:\/\/3dgdc.pl\/produkt\/emblemat-besser\/#breadcrumb"},"inLanguage":"it-IT","potentialAction":[{"@type":"ReadAction","target":["https:\/\/3dgdc.pl\/produkt\/emblemat-besser\/"]}]},{"@type":"ImageObject","inLanguage":"it-IT","@id":"https:\/\/3dgdc.pl\/produkt\/emblemat-besser\/#primaryimage","url":"https:\/\/3dgdc.pl\/wp-content\/uploads\/2024\/12\/462568688_1059472275868254_960669851421003447_n.webp","contentUrl":"https:\/\/3dgdc.pl\/wp-content\/uploads\/2024\/12\/462568688_1059472275868254_960669851421003447_n.webp","width":800,"height":800,"caption":"besser"},{"@type":"BreadcrumbList","@id":"https:\/\/3dgdc.pl\/produkt\/emblemat-besser\/#breadcrumb","itemListElement":[{"@type":"ListItem","position":1,"name":"Strona g\u0142\u00f3wna","item":"https:\/\/3dgdc.pl\/de\/"},{"@type":"ListItem","position":2,"name":"Sklep","item":"https:\/\/3dgdc.pl\/de\/led-zubehor-lkw-kennzeichen-beleuchtete-beschriftungen\/"},{"@type":"ListItem","position":3,"name":"Klasyczne Emblematy","item":"https:\/\/3dgdc.pl\/kategoria-produktu\/kipper-besser-frigo-klasyczne-emblematy\/"},{"@type":"ListItem","position":4,"name":"Emblemat Besser"}]},{"@type":"WebSite","@id":"https:\/\/3dgdc.pl\/#website","url":"https:\/\/3dgdc.pl\/","name":"https:\/\/3dgdc.pl\/","description":"Emblemi e accessori illuminati a LED per trattori e camion agricoli","publisher":{"@id":"https:\/\/3dgdc.pl\/#organization"},"potentialAction":[{"@type":"SearchAction","target":{"@type":"EntryPoint","urlTemplate":"https:\/\/3dgdc.pl\/?s={search_term_string}"},"query-input":{"@type":"PropertyValueSpecification","valueRequired":true,"valueName":"search_term_string"}}],"inLanguage":"it-IT"},{"@type":"Organization","@id":"https:\/\/3dgdc.pl\/#organization","name":"Creazioni 3D GlowDrive","alternateName":"Gadzety LED Do Aut Ci\u0119\u017carowych","url":"https:\/\/3dgdc.pl\/","logo":{"@type":"ImageObject","inLanguage":"it-IT","@id":"https:\/\/3dgdc.pl\/#\/schema\/logo\/image\/","url":"https:\/\/3dgdc.pl\/wp-content\/uploads\/2025\/05\/prof_obszar-roboczy-1-kopia-scaled.png","contentUrl":"https:\/\/3dgdc.pl\/wp-content\/uploads\/2025\/05\/prof_obszar-roboczy-1-kopia-scaled.png","width":2560,"height":2560,"caption":"3D GlowDrive Creations"},"image":{"@id":"https:\/\/3dgdc.pl\/#\/schema\/logo\/image\/"},"sameAs":["https:\/\/www.facebook.com\/profile.php?id=61565630297137&locale=pl_PL","https:\/\/www.instagram.com\/3dglowdrivecreations\/","https:\/\/www.tiktok.com\/@ledtruckbudges"],"description":"Siamo un&#039;azienda dinamica specializzata nella creazione di accessori a LED di alta qualit\u00e0 per camion. La nostra offerta include prodotti innovativi come emblemi a LED, lettere luminose e gadget pubblicitari personalizzati. Tutti i nostri prodotti sono caratterizzati da design moderno, durata e attenzione alla sicurezza d&#039;uso. Grazie alla passione e all&#039;impegno, offriamo ai clienti soluzioni uniche che valorizzano lo stile unico dei loro veicoli.","email":"3dglowdrivecreations@gmail.com","telephone":"725038684","legalName":"3D GlowDrive Creations","foundingDate":"2024-05-02","vatID":"5783170027","taxID":"5783170027","numberOfEmployees":{"@type":"QuantitativeValue","minValue":"1","maxValue":"10"},"hasMerchantReturnPolicy":{"@type":"MerchantReturnPolicy","merchantReturnLink":"https:\/\/3dgdc.pl\/it\/polityka-zwrotow\/"}}]},"og_availability":"instock","product_availability":"instock","product_retailer_item_id":"EMB-BES","product_condition":"new"},"_links":{"self":[{"href":"https:\/\/3dgdc.pl\/it\/wp-json\/wp\/v2\/product\/260701","targetHints":{"allow":["GET"]}}],"collection":[{"href":"https:\/\/3dgdc.pl\/it\/wp-json\/wp\/v2\/product"}],"about":[{"href":"https:\/\/3dgdc.pl\/it\/wp-json\/wp\/v2\/types\/product"}],"version-history":[{"count":2,"href":"https:\/\/3dgdc.pl\/it\/wp-json\/wp\/v2\/product\/260701\/revisions"}],"predecessor-version":[{"id":276073,"href":"https:\/\/3dgdc.pl\/it\/wp-json\/wp\/v2\/product\/260701\/revisions\/276073"}],"wp:featuredmedia":[{"embeddable":true,"href":"https:\/\/3dgdc.pl\/it\/wp-json\/wp\/v2\/media\/261153"}],"wp:attachment":[{"href":"https:\/\/3dgdc.pl\/it\/wp-json\/wp\/v2\/media?parent=260701"}],"wp:term":[{"taxonomy":"product_brand","embeddable":true,"href":"https:\/\/3dgdc.pl\/it\/wp-json\/wp\/v2\/product_brand?post=260701"},{"taxonomy":"product_cat","embeddable":true,"href":"https:\/\/3dgdc.pl\/it\/wp-json\/wp\/v2\/product_cat?post=260701"},{"taxonomy":"product_tag","embeddable":true,"href":"https:\/\/3dgdc.pl\/it\/wp-json\/wp\/v2\/product_tag?post=260701"}],"curies":[{"name":"parola chiave","href":"https:\/\/api.w.org\/{rel}","templated":true}]}}