{"id":259683,"date":"2024-12-23T18:46:00","date_gmt":"2024-12-23T17:46:00","guid":{"rendered":"https:\/\/3dgdc.pl\/?post_type=product&#038;p=259683"},"modified":"2026-03-13T22:08:55","modified_gmt":"2026-03-13T21:08:55","slug":"nuovo-logo-renault","status":"publish","type":"product","link":"https:\/\/3dgdc.pl\/it\/produkt\/logo-renault-new\/","title":{"rendered":"Logo illuminato \u2013 Renault (nuovo)"},"content":{"rendered":"<h1 data-start=\"0\" data-end=\"56\"><span style=\"color: #000080;\">Nuovo logo Renault: logo LED illuminato per camion<\/span><\/h1>\n<h2 data-start=\"58\" data-end=\"109\"><span style=\"color: #000080;\">Perch\u00e9 scegliere il logo Renault illuminato?<\/span><\/h2>\n<p data-start=\"110\" data-end=\"452\">Metti in risalto il carattere del tuo camion con un&#039;illuminazione <strong data-start=\"169\" data-end=\"189\">Nuovo logo Renault<\/strong>. Realizzato con materiali di alta qualit\u00e0 e perfettamente abbinato all&#039;emblema della fabbrica, offre un&#039;illuminazione uniforme e brillante che cattura l&#039;attenzione sia di giorno che di notte. \u00c8 un modo rapido per differenziare la tua flotta e aggiungere un aspetto professionale e di alta qualit\u00e0.<\/p>\n<h2 data-start=\"454\" data-end=\"504\"><span style=\"color: #000080;\">Semplice selezione della taglia: vestibilit\u00e0 perfetta<\/span><\/h2>\n<p data-start=\"505\" data-end=\"690\">Basta misurare <strong data-start=\"524\" data-end=\"536\">altezza<\/strong> il tuo logo originale e seleziona la variante appropriata dall&#039;elenco. In questo modo riceverai un pezzo perfettamente aderente, senza giochi o alterazioni.<\/p>\n<h2 data-start=\"692\" data-end=\"739\"><span style=\"color: #000080;\">Compatibilit\u00e0 con i modelli di camion Renault<\/span><\/h2>\n<p data-start=\"740\" data-end=\"800\">Il logo corrisponde ai modelli pi\u00f9 popolari <strong data-start=\"774\" data-end=\"792\">Renault Trucks<\/strong>, tra cui:<\/p>\n<ul data-start=\"801\" data-end=\"1273\">\n<li data-start=\"801\" data-end=\"857\">\n<p data-start=\"803\" data-end=\"857\"><strong data-start=\"803\" data-end=\"825\">Renault T \/ T Alta<\/strong> (trattori e telai),<\/p>\n<\/li>\n<li data-start=\"858\" data-end=\"924\">\n<p data-start=\"860\" data-end=\"924\"><strong data-start=\"860\" data-end=\"873\">Renault C<\/strong> (costruzione e distribuzione in terreni pi\u00f9 difficili),<\/p>\n<\/li>\n<li data-start=\"925\" data-end=\"976\">\n<p data-start=\"927\" data-end=\"976\"><strong data-start=\"927\" data-end=\"940\">Renault K<\/strong> (applicazioni fuoristrada pi\u00f9 pesanti),<\/p>\n<\/li>\n<li data-start=\"977\" data-end=\"1273\">\n<p data-start=\"979\" data-end=\"1273\"><strong data-start=\"979\" data-end=\"1001\">Renault D \/ D Wide<\/strong> (distribuzione urbana e regionale).<br data-start=\"1037\" data-end=\"1040\" \/>Funziona anche su modelli pi\u00f9 vecchi come <strong data-start=\"1094\" data-end=\"1105\">Premio<\/strong>, <strong data-start=\"1107\" data-end=\"1117\">Magnum<\/strong>, <strong data-start=\"1119\" data-end=\"1129\">Midlum<\/strong> Se <strong data-start=\"1134\" data-end=\"1143\">Kerax<\/strong> \u2013 purch\u00e9 le dimensioni dell&#039;emblema corrispondano alla variante selezionata. In caso di dubbio, misura l&#039;altezza e confrontala con le nostre opzioni.<\/p>\n<\/li>\n<\/ul>\n<h2 data-start=\"1275\" data-end=\"1327\">LED luminosi e a risparmio energetico: visibilit\u00e0 e stile<\/h2>\n<p data-start=\"1328\" data-end=\"1361\">I diodi LED utilizzati garantiscono:<\/p>\n<ul data-start=\"1362\" data-end=\"1544\">\n<li data-start=\"1362\" data-end=\"1424\">\n<p data-start=\"1364\" data-end=\"1424\"><strong data-start=\"1364\" data-end=\"1400\">illuminazione forte e uniforme<\/strong> nessun &quot;punto caldo&quot;,<\/p>\n<\/li>\n<li data-start=\"1425\" data-end=\"1467\">\n<p data-start=\"1427\" data-end=\"1467\"><strong data-start=\"1427\" data-end=\"1448\">basso consumo energetico<\/strong> e alta durabilit\u00e0,<\/p>\n<\/li>\n<li data-start=\"1468\" data-end=\"1544\">\n<p data-start=\"1470\" data-end=\"1544\">un effetto estetico di pregio che mette in risalto le linee della griglia e della parte anteriore del veicolo.<\/p>\n<\/li>\n<\/ul>\n<h2 data-start=\"1546\" data-end=\"1574\">Due versioni a colori<\/h2>\n<p data-start=\"1575\" data-end=\"1808\"><strong data-start=\"1575\" data-end=\"1595\">Logo RENAULT nuovo<\/strong> \u00e8 disponibile in <strong data-start=\"1612\" data-end=\"1648\">due varianti di colore<\/strong>, consentendoti di abbinarli alla vernice, all&#039;illuminazione e allo stile della cabina del tuo camion. \u00c8 la scelta perfetta per autisti e aziende che cercano un&#039;estetica coerente per la flotta.<\/p>\n<h2 data-start=\"1810\" data-end=\"1858\">Installazione passo dopo passo: rapida e semplice<\/h2>\n<p data-start=\"1859\" data-end=\"1896\">L&#039;installazione \u00e8 comoda e intuitiva:<\/p>\n<ul data-start=\"1897\" data-end=\"2273\">\n<li data-start=\"1897\" data-end=\"1964\">\n<p data-start=\"1899\" data-end=\"1964\">assemblaggio su <strong data-start=\"1909\" data-end=\"1942\">due viti in acciaio inossidabile M4<\/strong> \u2013 stabile e sicuro,<\/p>\n<\/li>\n<li data-start=\"1965\" data-end=\"2042\">\n<p data-start=\"1967\" data-end=\"2042\">passaggio cavi estetico<\/p>\n<\/li>\n<li data-start=\"2043\" data-end=\"2273\">\n<p data-start=\"2045\" data-end=\"2273\">compatibilit\u00e0 con l&#039;installazione <strong data-start=\"2073\" data-end=\"2081\">24V<\/strong> tipico dei camion (configurazione a 12 V disponibile se necessario \u2013 scriveteci).<br data-start=\"2170\" data-end=\"2173\" \/>Grazie ai punti di fissaggio standard, il rischio di allentare o perdere un accessorio \u00e8 ridotto al minimo.<\/p>\n<\/li>\n<\/ul>\n<h2 data-start=\"2275\" data-end=\"2313\">Materiali e lavorazione di prima qualit\u00e0<\/h2>\n<p data-start=\"2314\" data-end=\"2344\">Ci concentriamo su <strong data-start=\"2326\" data-end=\"2343\">alta qualit\u00e0<\/strong>:<\/p>\n<ul data-start=\"2345\" data-end=\"2517\">\n<li data-start=\"2345\" data-end=\"2421\">\n<p data-start=\"2347\" data-end=\"2421\">materiali e finiture resistenti alla strada che facilitano la pulizia,<\/p>\n<\/li>\n<li data-start=\"2422\" data-end=\"2467\">\n<p data-start=\"2424\" data-end=\"2467\">costruzione stretta e connessioni solide,<\/p>\n<\/li>\n<li data-start=\"2468\" data-end=\"2517\">\n<p data-start=\"2470\" data-end=\"2517\">adattamento preciso per il montaggio in fabbrica.<\/p>\n<\/li>\n<\/ul>\n<h2 data-start=\"2519\" data-end=\"2555\">Utilizzo su strada e in citt\u00e0<\/h2>\n<p data-start=\"2556\" data-end=\"2858\">Indipendentemente dal fatto che tu percorra lunghe distanze <strong data-start=\"2596\" data-end=\"2610\">T\/T Alto<\/strong>, sostieni la costruzione <strong data-start=\"2631\" data-end=\"2638\">Centro\/Freno<\/strong>, o distribuzione <strong data-start=\"2656\" data-end=\"2668\">D\/D Wide<\/strong> \u2014 illuminato <strong data-start=\"2684\" data-end=\"2704\">Nuovo logo Renault<\/strong> Aumenta la visibilit\u00e0 del veicolo e ne completa il design. \u00c8 un dettaglio che conta: riconoscimento del marchio, migliore presenza nella flotta e immagine professionale.<\/p>\n<h2 data-start=\"2860\" data-end=\"2891\">Come ordinare: 3 semplici passaggi<\/h2>\n<ol data-start=\"2892\" data-end=\"3063\">\n<li data-start=\"2892\" data-end=\"2931\">\n<p data-start=\"2895\" data-end=\"2931\"><strong data-start=\"2895\" data-end=\"2914\">Misura l&#039;altezza<\/strong> logo attuale.<\/p>\n<\/li>\n<li data-start=\"2932\" data-end=\"2989\">\n<p data-start=\"2935\" data-end=\"2989\"><strong data-start=\"2935\" data-end=\"2954\">Seleziona una variante<\/strong> dall&#039;elenco corrispondente alla dimensione.<\/p>\n<\/li>\n<li data-start=\"2990\" data-end=\"3063\">\n<p data-start=\"2993\" data-end=\"3063\"><strong data-start=\"2993\" data-end=\"3013\">Aggiungi al carrello<\/strong> e finalizza il tuo ordine: al resto pensiamo noi.<\/p>\n<\/li>\n<\/ol>\n<h2 data-start=\"3065\" data-end=\"3093\">FAQ \u2013 domande frequenti<\/h2>\n<p data-start=\"3094\" data-end=\"3313\"><strong data-start=\"3094\" data-end=\"3131\">Il logo corrisponde al mio modello?<\/strong><br data-start=\"3131\" data-end=\"3134\" \/>S\u00ec, se l&#039;altezza del tuo emblema corrisponde alla variante selezionata, questo vale per la serie <strong data-start=\"3222\" data-end=\"3251\">T, T Alto, C, K, D\/D Largo<\/strong> e molti modelli pi\u00f9 vecchi (Premium, Magnum, Midlum, Kerax).<\/p>\n<p data-start=\"3315\" data-end=\"3482\"><strong data-start=\"3315\" data-end=\"3346\">Posso collegarmi a 24 V?<\/strong><br data-start=\"3346\" data-end=\"3349\" \/>S\u00ec, il prodotto \u00e8 pronto per <strong data-start=\"3384\" data-end=\"3403\">Installazione a 24 V<\/strong> Tipico dei camion. Se hai bisogno di una versione a 12 V, contattaci.<\/p>\n<p data-start=\"3484\" data-end=\"3646\"><strong data-start=\"3484\" data-end=\"3516\">L&#039;installazione richiede la foratura?<\/strong><br data-start=\"3516\" data-end=\"3519\" \/>Il logo \u00e8 montato su <strong data-start=\"3539\" data-end=\"3559\">due viti M4<\/strong>. Nella maggior parte dei casi, utilizza punti esistenti: controlla il cofano\/le maniglie.<\/p>","protected":false},"excerpt":{"rendered":"<h3><\/h3>\n<div class=\"product-short-description\">\n<h3><span style=\"color: #004570;\"><strong>Specifiche tecniche:<\/strong><\/span><\/h3>\n<ul>\n<li><span style=\"color: #000000;\"><strong>Dimensioni e montaggio<\/strong> \u2013 Viti M4 (selezionare il modello)<\/span><\/li>\n<li><span style=\"color: #000000;\"><strong>Materiale:<\/strong>\u00a0ABS<\/span><\/li>\n<li><span style=\"color: #000000;\"><strong>Alimentazione elettrica:<\/strong> 12\/24 V<\/span><\/li>\n<li><span style=\"color: #000000;\"><strong>Colore LED:<\/strong><br \/>\n-Bianco freddo<br \/>\n-Arancia<\/span><\/li>\n<li><span style=\"color: #000000;\"><b>Lunghezza del cavo: <\/b>100 centimetri<\/span><\/li>\n<\/ul>\n<p>&nbsp;<\/p>\n<div class=\"product-variants\">\n<p><span style=\"color: #004570;\"><strong>Tempi di consegna:<\/strong><\/span> 1\u20133 giorni lavorativi<\/p>\n<p>&nbsp;<\/p>\n<p><strong style=\"text-align: center;\">\u00a0\u00a0<\/strong><\/p>\n<\/div>\n<\/div>","protected":false},"featured_media":269292,"template":"","meta":{"_acf_changed":false},"product_brand":[681],"product_cat":[643,299],"product_tag":[319,322,358,604],"class_list":{"0":"post-259683","1":"product","2":"type-product","3":"status-publish","4":"has-post-thumbnail","6":"product_brand-3d-glowdrive-creations","7":"product_cat-ciagniki-siodlowe","8":"product_cat-podswietlane-napisy","9":"product_tag-logo-led","10":"product_tag-renault","11":"product_tag-reno","12":"product_tag-znaczek-led-reno","13":"pa_kolor-led-bialy-zimny","14":"pa_kolor-led-pomaranczowy","15":"pa_wysokosc-loga-100mm","16":"pa_wysokosc-loga-180mm","17":"pa_wysokosc-loga-195mm","18":"pa_wysokosc-loga-200mm","19":"pa_wysokosc-loga-215mm","20":"pa_wysokosc-loga-220mm","21":"pa_wysokosc-loga-225mm","22":"pa_wysokosc-loga-245mm","23":"pa_zasilanie-12v","24":"pa_zasilanie-24v","26":"first","27":"instock","28":"taxable","29":"shipping-taxable","30":"purchasable","31":"product-type-variable"},"acf":[],"yoast_head":"<!-- This site is optimized with the Yoast SEO Premium plugin v27.3 (Yoast SEO v27.3) - https:\/\/yoast.com\/product\/yoast-seo-premium-wordpress\/ -->\n<title>Logo Renault new, pod\u015bwietlany emblemat<\/title>\n<meta name=\"description\" content=\"Logo Renault new na atrap\u0119 maski samochodu ci\u0119\u017carowego to wyj\u0105tkowy element, kt\u00f3ry nada Twojemu pojazdowi niepowtarzalny, nowoczesny wygl\u0105d.\" \/>\n<meta name=\"robots\" content=\"index, follow, max-snippet:-1, max-image-preview:large, max-video-preview:-1\" \/>\n<link rel=\"canonical\" href=\"https:\/\/3dgdc.pl\/it\/prodotto\/nuovo-logo-renault\/\" \/>\n<meta property=\"og:locale\" content=\"it_IT\" \/>\n<meta property=\"og:type\" content=\"article\" \/>\n<meta property=\"og:title\" content=\"Tabliczki LED TIR | Personalizacja Twojej Ci\u0119\u017car\u00f3wki\" \/>\n<meta property=\"og:description\" content=\"Pod\u015bwietlane emblematy | Tabliczki naro\u017cnikowe LED | Uszy pod lusterka | O\u015bwietlenie kabiny | O\u015bwietlenie kabiny | Obrys\u00f3wki LED\" \/>\n<meta property=\"og:url\" content=\"https:\/\/3dgdc.pl\/it\/prodotto\/nuovo-logo-renault\/\" \/>\n<meta property=\"og:site_name\" content=\"3D GlowDrive Creations | Pod\u015bwietlane Emblematy LED\" \/>\n<meta property=\"article:publisher\" content=\"https:\/\/www.facebook.com\/profile.php?id=61565630297137&amp;locale=pl_PL\" \/>\n<meta property=\"article:modified_time\" content=\"2026-03-13T21:08:55+00:00\" \/>\n<meta property=\"og:image\" content=\"https:\/\/3dgdc.pl\/wp-content\/uploads\/2025\/04\/12-4.jpg\" \/>\n\t<meta property=\"og:image:width\" content=\"900\" \/>\n\t<meta property=\"og:image:height\" content=\"900\" \/>\n\t<meta property=\"og:image:type\" content=\"image\/jpeg\" \/>\n<meta name=\"twitter:card\" content=\"summary_large_image\" \/>\n<meta name=\"twitter:label1\" content=\"Disponibilit\u00e0\" \/>\n\t<meta name=\"twitter:data1\" content=\"In stock\" \/>\n<script type=\"application\/ld+json\" class=\"yoast-schema-graph\">{\"@context\":\"https:\\\/\\\/schema.org\",\"@graph\":[{\"@type\":\"WebPage\",\"@id\":\"https:\\\/\\\/3dgdc.pl\\\/produkt\\\/logo-renault-new\\\/\",\"url\":\"https:\\\/\\\/3dgdc.pl\\\/produkt\\\/logo-renault-new\\\/\",\"name\":\"Logo Renault new, pod\u015bwietlany emblemat\",\"isPartOf\":{\"@id\":\"https:\\\/\\\/3dgdc.pl\\\/#website\"},\"primaryImageOfPage\":{\"@id\":\"https:\\\/\\\/3dgdc.pl\\\/produkt\\\/logo-renault-new\\\/#primaryimage\"},\"image\":{\"@id\":\"https:\\\/\\\/3dgdc.pl\\\/produkt\\\/logo-renault-new\\\/#primaryimage\"},\"thumbnailUrl\":\"https:\\\/\\\/3dgdc.pl\\\/wp-content\\\/uploads\\\/2025\\\/04\\\/12-4.jpg\",\"datePublished\":\"2024-12-23T17:46:00+00:00\",\"dateModified\":\"2026-03-13T21:08:55+00:00\",\"description\":\"Logo Renault new na atrap\u0119 maski samochodu ci\u0119\u017carowego to wyj\u0105tkowy element, kt\u00f3ry nada Twojemu pojazdowi niepowtarzalny, nowoczesny wygl\u0105d.\",\"breadcrumb\":{\"@id\":\"https:\\\/\\\/3dgdc.pl\\\/produkt\\\/logo-renault-new\\\/#breadcrumb\"},\"inLanguage\":\"it-IT\",\"potentialAction\":[{\"@type\":\"ReadAction\",\"target\":[\"https:\\\/\\\/3dgdc.pl\\\/produkt\\\/logo-renault-new\\\/\"]}]},{\"@type\":\"ImageObject\",\"inLanguage\":\"it-IT\",\"@id\":\"https:\\\/\\\/3dgdc.pl\\\/produkt\\\/logo-renault-new\\\/#primaryimage\",\"url\":\"https:\\\/\\\/3dgdc.pl\\\/wp-content\\\/uploads\\\/2025\\\/04\\\/12-4.jpg\",\"contentUrl\":\"https:\\\/\\\/3dgdc.pl\\\/wp-content\\\/uploads\\\/2025\\\/04\\\/12-4.jpg\",\"width\":900,\"height\":900,\"caption\":\"renault logo led\"},{\"@type\":\"BreadcrumbList\",\"@id\":\"https:\\\/\\\/3dgdc.pl\\\/produkt\\\/logo-renault-new\\\/#breadcrumb\",\"itemListElement\":[{\"@type\":\"ListItem\",\"position\":1,\"name\":\"Strona g\u0142\u00f3wna\",\"item\":\"https:\\\/\\\/3dgdc.pl\\\/de\\\/\"},{\"@type\":\"ListItem\",\"position\":2,\"name\":\"Sklep\",\"item\":\"https:\\\/\\\/3dgdc.pl\\\/de\\\/led-zubehor-lkw-kennzeichen-beleuchtete-beschriftungen\\\/\"},{\"@type\":\"ListItem\",\"position\":3,\"name\":\"Pod\u015bwietlane Emblematy\",\"item\":\"https:\\\/\\\/3dgdc.pl\\\/de\\\/kategoria-produktu\\\/podswietlane-napisy\\\/\"},{\"@type\":\"ListItem\",\"position\":4,\"name\":\"Ci\u0105gniki Siod\u0142owe\",\"item\":\"https:\\\/\\\/3dgdc.pl\\\/kategoria-produktu\\\/podswietlane-napisy\\\/ciagniki-siodlowe\\\/\"},{\"@type\":\"ListItem\",\"position\":5,\"name\":\"Pod\u015bwietlane Logo &#8211; Renault (new)\"}]},{\"@type\":\"WebSite\",\"@id\":\"https:\\\/\\\/3dgdc.pl\\\/#website\",\"url\":\"https:\\\/\\\/3dgdc.pl\\\/\",\"name\":\"https:\\\/\\\/3dgdc.pl\\\/\",\"description\":\"Pod\u015bwietlane Emblematy i Akcesoria LED do Ci\u0105gnik\u00f3w Siod\u0142owych i Rolniczych\",\"publisher\":{\"@id\":\"https:\\\/\\\/3dgdc.pl\\\/#organization\"},\"potentialAction\":[{\"@type\":\"SearchAction\",\"target\":{\"@type\":\"EntryPoint\",\"urlTemplate\":\"https:\\\/\\\/3dgdc.pl\\\/?s={search_term_string}\"},\"query-input\":{\"@type\":\"PropertyValueSpecification\",\"valueRequired\":true,\"valueName\":\"search_term_string\"}}],\"inLanguage\":\"it-IT\"},{\"@type\":\"Organization\",\"@id\":\"https:\\\/\\\/3dgdc.pl\\\/#organization\",\"name\":\"3D GlowDrive Creations\",\"alternateName\":\"Gadzety LED Do Aut Ci\u0119\u017carowych\",\"url\":\"https:\\\/\\\/3dgdc.pl\\\/\",\"logo\":{\"@type\":\"ImageObject\",\"inLanguage\":\"it-IT\",\"@id\":\"https:\\\/\\\/3dgdc.pl\\\/#\\\/schema\\\/logo\\\/image\\\/\",\"url\":\"https:\\\/\\\/3dgdc.pl\\\/wp-content\\\/uploads\\\/2025\\\/05\\\/prof_obszar-roboczy-1-kopia-scaled.png\",\"contentUrl\":\"https:\\\/\\\/3dgdc.pl\\\/wp-content\\\/uploads\\\/2025\\\/05\\\/prof_obszar-roboczy-1-kopia-scaled.png\",\"width\":2560,\"height\":2560,\"caption\":\"3D GlowDrive Creations\"},\"image\":{\"@id\":\"https:\\\/\\\/3dgdc.pl\\\/#\\\/schema\\\/logo\\\/image\\\/\"},\"sameAs\":[\"https:\\\/\\\/www.facebook.com\\\/profile.php?id=61565630297137&locale=pl_PL\",\"https:\\\/\\\/www.instagram.com\\\/3dglowdrivecreations\\\/\",\"https:\\\/\\\/www.tiktok.com\\\/@ledtruckbudges\"],\"description\":\"Jeste\u015bmy dynamiczn\u0105 firm\u0105 specjalizuj\u0105c\u0105 si\u0119 w tworzeniu wysokiej jako\u015bci akcesori\u00f3w LED do samochod\u00f3w ci\u0119\u017carowych. Nasza oferta obejmuje innowacyjne produkty, takie jak LED-owe emblematy, pod\u015bwietlane litery oraz spersonalizowane gad\u017cety reklamowe. Wszystkie nasze produkty cechuj\u0105 si\u0119 nowoczesnym designem, trwa\u0142o\u015bci\u0105 oraz dba\u0142o\u015bci\u0105 o bezpiecze\u0144stwo u\u017cytkowania. Dzi\u0119ki pasji i zaanga\u017cowaniu zapewniamy klientom wyj\u0105tkowe rozwi\u0105zania, kt\u00f3re podkre\u015blaj\u0105 indywidualny styl ich pojazd\u00f3w.\",\"email\":\"3dglowdrivecreations@gmail.com\",\"telephone\":\"725038684\",\"legalName\":\"3D GlowDrive Creations\",\"foundingDate\":\"2024-05-02\",\"vatID\":\"5783170027\",\"taxID\":\"5783170027\",\"numberOfEmployees\":{\"@type\":\"QuantitativeValue\",\"minValue\":\"1\",\"maxValue\":\"10\"},\"hasMerchantReturnPolicy\":{\"@type\":\"MerchantReturnPolicy\",\"merchantReturnLink\":\"https:\\\/\\\/3dgdc.pl\\\/it\\\/polityka-zwrotow\\\/\"}}]}<\/script>\n<meta property=\"og:availability\" content=\"instock\" \/>\n<meta property=\"product:availability\" content=\"instock\" \/>\n<meta property=\"product:retailer_item_id\" content=\"LED-EMB-RN\" \/>\n<meta property=\"product:condition\" content=\"new\" \/>\n<!-- \/ Yoast SEO Premium plugin. -->","yoast_head_json":{"title":"Nuovo logo Renault, emblema illuminato","description":"Il nuovo logo Renault sul cofano del camion \u00e8 un elemento unico che conferir\u00e0 al vostro veicolo un aspetto moderno e unico.","robots":{"index":"index","follow":"follow","max-snippet":"max-snippet:-1","max-image-preview":"max-image-preview:large","max-video-preview":"max-video-preview:-1"},"canonical":"https:\/\/3dgdc.pl\/it\/prodotto\/nuovo-logo-renault\/","og_locale":"it_IT","og_type":"article","og_title":"Tabliczki LED TIR | Personalizacja Twojej Ci\u0119\u017car\u00f3wki","og_description":"Pod\u015bwietlane emblematy | Tabliczki naro\u017cnikowe LED | Uszy pod lusterka | O\u015bwietlenie kabiny | O\u015bwietlenie kabiny | Obrys\u00f3wki LED","og_url":"https:\/\/3dgdc.pl\/it\/prodotto\/nuovo-logo-renault\/","og_site_name":"3D GlowDrive Creations | Pod\u015bwietlane Emblematy LED","article_publisher":"https:\/\/www.facebook.com\/profile.php?id=61565630297137&locale=pl_PL","article_modified_time":"2026-03-13T21:08:55+00:00","og_image":[{"width":900,"height":900,"url":"https:\/\/3dgdc.pl\/wp-content\/uploads\/2025\/04\/12-4.jpg","type":"image\/jpeg"}],"twitter_card":"summary_large_image","twitter_misc":{"Disponibilit\u00e0":"In stock"},"schema":{"@context":"https:\/\/schema.org","@graph":[{"@type":"WebPage","@id":"https:\/\/3dgdc.pl\/produkt\/logo-renault-new\/","url":"https:\/\/3dgdc.pl\/produkt\/logo-renault-new\/","name":"Nuovo logo Renault, emblema illuminato","isPartOf":{"@id":"https:\/\/3dgdc.pl\/#website"},"primaryImageOfPage":{"@id":"https:\/\/3dgdc.pl\/produkt\/logo-renault-new\/#primaryimage"},"image":{"@id":"https:\/\/3dgdc.pl\/produkt\/logo-renault-new\/#primaryimage"},"thumbnailUrl":"https:\/\/3dgdc.pl\/wp-content\/uploads\/2025\/04\/12-4.jpg","datePublished":"2024-12-23T17:46:00+00:00","dateModified":"2026-03-13T21:08:55+00:00","description":"Il nuovo logo Renault sul cofano del camion \u00e8 un elemento unico che conferir\u00e0 al vostro veicolo un aspetto moderno e unico.","breadcrumb":{"@id":"https:\/\/3dgdc.pl\/produkt\/logo-renault-new\/#breadcrumb"},"inLanguage":"it-IT","potentialAction":[{"@type":"ReadAction","target":["https:\/\/3dgdc.pl\/produkt\/logo-renault-new\/"]}]},{"@type":"ImageObject","inLanguage":"it-IT","@id":"https:\/\/3dgdc.pl\/produkt\/logo-renault-new\/#primaryimage","url":"https:\/\/3dgdc.pl\/wp-content\/uploads\/2025\/04\/12-4.jpg","contentUrl":"https:\/\/3dgdc.pl\/wp-content\/uploads\/2025\/04\/12-4.jpg","width":900,"height":900,"caption":"renault logo led"},{"@type":"BreadcrumbList","@id":"https:\/\/3dgdc.pl\/produkt\/logo-renault-new\/#breadcrumb","itemListElement":[{"@type":"ListItem","position":1,"name":"Strona g\u0142\u00f3wna","item":"https:\/\/3dgdc.pl\/de\/"},{"@type":"ListItem","position":2,"name":"Sklep","item":"https:\/\/3dgdc.pl\/de\/led-zubehor-lkw-kennzeichen-beleuchtete-beschriftungen\/"},{"@type":"ListItem","position":3,"name":"Pod\u015bwietlane Emblematy","item":"https:\/\/3dgdc.pl\/de\/kategoria-produktu\/podswietlane-napisy\/"},{"@type":"ListItem","position":4,"name":"Ci\u0105gniki Siod\u0142owe","item":"https:\/\/3dgdc.pl\/kategoria-produktu\/podswietlane-napisy\/ciagniki-siodlowe\/"},{"@type":"ListItem","position":5,"name":"Pod\u015bwietlane Logo &#8211; Renault (new)"}]},{"@type":"WebSite","@id":"https:\/\/3dgdc.pl\/#website","url":"https:\/\/3dgdc.pl\/","name":"https:\/\/3dgdc.pl\/","description":"Emblemi e accessori illuminati a LED per trattori e camion agricoli","publisher":{"@id":"https:\/\/3dgdc.pl\/#organization"},"potentialAction":[{"@type":"SearchAction","target":{"@type":"EntryPoint","urlTemplate":"https:\/\/3dgdc.pl\/?s={search_term_string}"},"query-input":{"@type":"PropertyValueSpecification","valueRequired":true,"valueName":"search_term_string"}}],"inLanguage":"it-IT"},{"@type":"Organization","@id":"https:\/\/3dgdc.pl\/#organization","name":"Creazioni 3D GlowDrive","alternateName":"Gadzety LED Do Aut Ci\u0119\u017carowych","url":"https:\/\/3dgdc.pl\/","logo":{"@type":"ImageObject","inLanguage":"it-IT","@id":"https:\/\/3dgdc.pl\/#\/schema\/logo\/image\/","url":"https:\/\/3dgdc.pl\/wp-content\/uploads\/2025\/05\/prof_obszar-roboczy-1-kopia-scaled.png","contentUrl":"https:\/\/3dgdc.pl\/wp-content\/uploads\/2025\/05\/prof_obszar-roboczy-1-kopia-scaled.png","width":2560,"height":2560,"caption":"3D GlowDrive Creations"},"image":{"@id":"https:\/\/3dgdc.pl\/#\/schema\/logo\/image\/"},"sameAs":["https:\/\/www.facebook.com\/profile.php?id=61565630297137&locale=pl_PL","https:\/\/www.instagram.com\/3dglowdrivecreations\/","https:\/\/www.tiktok.com\/@ledtruckbudges"],"description":"Siamo un&#039;azienda dinamica specializzata nella creazione di accessori a LED di alta qualit\u00e0 per camion. La nostra offerta include prodotti innovativi come emblemi a LED, lettere luminose e gadget pubblicitari personalizzati. Tutti i nostri prodotti sono caratterizzati da design moderno, durata e attenzione alla sicurezza d&#039;uso. Grazie alla passione e all&#039;impegno, offriamo ai clienti soluzioni uniche che valorizzano lo stile unico dei loro veicoli.","email":"3dglowdrivecreations@gmail.com","telephone":"725038684","legalName":"3D GlowDrive Creations","foundingDate":"2024-05-02","vatID":"5783170027","taxID":"5783170027","numberOfEmployees":{"@type":"QuantitativeValue","minValue":"1","maxValue":"10"},"hasMerchantReturnPolicy":{"@type":"MerchantReturnPolicy","merchantReturnLink":"https:\/\/3dgdc.pl\/it\/polityka-zwrotow\/"}}]},"og_availability":"instock","product_availability":"instock","product_retailer_item_id":"LED-EMB-RN","product_condition":"new"},"_links":{"self":[{"href":"https:\/\/3dgdc.pl\/it\/wp-json\/wp\/v2\/product\/259683","targetHints":{"allow":["GET"]}}],"collection":[{"href":"https:\/\/3dgdc.pl\/it\/wp-json\/wp\/v2\/product"}],"about":[{"href":"https:\/\/3dgdc.pl\/it\/wp-json\/wp\/v2\/types\/product"}],"version-history":[{"count":5,"href":"https:\/\/3dgdc.pl\/it\/wp-json\/wp\/v2\/product\/259683\/revisions"}],"predecessor-version":[{"id":295866,"href":"https:\/\/3dgdc.pl\/it\/wp-json\/wp\/v2\/product\/259683\/revisions\/295866"}],"wp:featuredmedia":[{"embeddable":true,"href":"https:\/\/3dgdc.pl\/it\/wp-json\/wp\/v2\/media\/269292"}],"wp:attachment":[{"href":"https:\/\/3dgdc.pl\/it\/wp-json\/wp\/v2\/media?parent=259683"}],"wp:term":[{"taxonomy":"product_brand","embeddable":true,"href":"https:\/\/3dgdc.pl\/it\/wp-json\/wp\/v2\/product_brand?post=259683"},{"taxonomy":"product_cat","embeddable":true,"href":"https:\/\/3dgdc.pl\/it\/wp-json\/wp\/v2\/product_cat?post=259683"},{"taxonomy":"product_tag","embeddable":true,"href":"https:\/\/3dgdc.pl\/it\/wp-json\/wp\/v2\/product_tag?post=259683"}],"curies":[{"name":"parola chiave","href":"https:\/\/api.w.org\/{rel}","templated":true}]}}