{"id":12388,"date":"2024-11-02T14:41:00","date_gmt":"2024-11-02T13:41:00","guid":{"rendered":"https:\/\/3dgdc.pl\/?post_type=product&#038;p=12388"},"modified":"2025-10-24T22:52:26","modified_gmt":"2025-10-24T20:52:26","slug":"cartello-dangolo-a-led-super-carico","status":"publish","type":"product","link":"https:\/\/3dgdc.pl\/it\/produkt\/tabliczka-naroznikowa-led-super-charged\/","title":{"rendered":"Cartello angolare a LED - Super caricato"},"content":{"rendered":"<h2 style=\"text-align: center;\">Piastra angolare a LED<\/h2>\n<h3>Super caricato<\/h3>\n<p style=\"color: #555;\"><strong>Scheda LED super carica<\/strong>\u00a0sulle dimensioni <strong>17\u00d717 centimetri<\/strong><br \/>\n\u00e8 un prodotto unico che unisce il design moderno alla praticit\u00e0 d&#039;uso.<br \/>\nGrazie al suo design compatto, \u00e8 ideale sia per i veicoli che per gli interni.<br \/>\nL&#039;installazione \u00e8 molto semplice: vengono utilizzate due ventose solide e filettate,<br \/>\nche garantiscono stabilit\u00e0 e facilit\u00e0 di trasporto.<\/p>\n<h3 style=\"color: #014570; margin-top: 25px;\">Selezione del colore della retroilluminazione<\/h3>\n<ul style=\"padding-left: 20px; color: #555;\">\n<li><span style=\"color: #33cccc;\"><strong>Bianco freddo<\/strong><\/span> \u2013 moderno e universale.<\/li>\n<li><span style=\"color: #ff9900;\"><strong>Arancia<\/strong><\/span> \u2013 caldo ed espressivo.<\/li>\n<li><span style=\"color: #ff0000;\"><strong>Rosso<\/strong><\/span> \u2013 intenso e dinamico.<\/li>\n<\/ul>\n<h3 style=\"color: #014570; margin-top: 25px;\">Opzioni di alimentazione<\/h3>\n<p style=\"color: #555;\"><strong>Presa USB<\/strong> \u2013 la scheda \u00e8 dotata di un cavo di lunghezza<br \/>\n<strong>1,5 metri<\/strong>, consentendo una facile connessione a qualsiasi porta USB.<br \/>\nCi\u00f2 lo rende adatto non solo per i veicoli, ma anche per uffici e officine.<\/p>\n<h3 style=\"color: #014570; margin-top: 25px;\">Vantaggi della scheda Super Charged<\/h3>\n<ul style=\"padding-left: 20px; color: #555;\">\n<li><strong>Dimensioni compatte:<\/strong> discreto ma efficace.<\/li>\n<li><strong>Montaggio solido:<\/strong> durata e stabilit\u00e0 durante l&#039;uso.<\/li>\n<li><strong>Design moderno:<\/strong> possibilit\u00e0 di scegliere diversi colori di retroilluminazione.<\/li>\n<li><strong>Versatilit\u00e0:<\/strong> per veicoli e stanze.<\/li>\n<li><strong>Diverse opzioni di alimentazione:<\/strong> comodo utilizzo in molte condizioni.<\/li>\n<\/ul>\n<h3 style=\"color: #014570; margin-top: 25px;\">La soluzione perfetta per tutti<\/h3>\n<p style=\"color: #555;\"><strong>Scheda LED super carica<\/strong>\u00a0\u00e8 un&#039;ottima scelta per le persone che cercano<br \/>\nun elemento decorativo efficace e funzionale.<br \/>\nLavorazione di alta qualit\u00e0, aspetto moderno e retroilluminazione intensa<br \/>\nlo rendono ideale per personalizzare veicoli e interni.<\/p>\n<h3 style=\"color: #014570; margin-top: 25px;\">Scopri altri prodotti<\/h3>\n<p style=\"color: #555;\">Se questo <strong>Scheda LED<\/strong> non soddisfa le tue aspettative,<br \/>\nassicurati di controllare i nostri altri modelli di schede e accessori LED,<br \/>\nche potrebbe soddisfare meglio le tue esigenze.<\/p>\n<p>&nbsp;<\/p>","protected":false},"excerpt":{"rendered":"<h3><span style=\"color: #004570;\">Specifiche tecniche<\/span><\/h3>\n<ul>\n<li><strong><span style=\"color: #808080;\">Alimentazione elettrica:<\/span> <\/strong>USB<span style=\"color: #808080;\"><br \/>\n<\/span><\/li>\n<li><span style=\"color: #808080;\"><strong>Dimensioni<\/strong>:<\/span> 17<span style=\"color: #808080;\"><span style=\"color: #000000;\">cm x 17 cm x 1,5 cm<\/span><br \/>\n<\/span><\/li>\n<li><span style=\"color: #808080;\"><strong>Installazione: <\/strong><\/span><span style=\"color: #ff00ff;\"><span style=\"color: #339966;\"><span style=\"color: #808080;\"><span style=\"color: #000000;\">Due ventose filettate<\/span><br \/>\n<\/span><\/span><\/span><\/li>\n<\/ul>\n<p><span style=\"color: #004570;\">Tempi di consegna:<\/span> 1\u20133 giorni lavorativi<\/p>\n<p>Prezzo dato per<strong> 2 pezzi<\/strong>.<\/p>","protected":false},"featured_media":269253,"template":"","meta":{"_acf_changed":false},"product_brand":[681],"product_cat":[301],"product_tag":[700,699,702,701],"class_list":{"0":"post-12388","1":"product","2":"type-product","3":"status-publish","4":"has-post-thumbnail","6":"product_brand-3d-glowdrive-creations","7":"product_cat-tabliczki-naroznikowe-led","8":"product_tag-lightbox-tir","9":"product_tag-tabliczka-led-do-kabiny","10":"product_tag-tabliczka-led-tir","11":"product_tag-tuning-kabiny","12":"pa_kolor-led-bialy-zimny","13":"pa_kolor-led-czerwony","14":"pa_kolor-led-pomaranczowy","16":"first","17":"instock","18":"taxable","19":"shipping-taxable","20":"purchasable","21":"product-type-variable"},"acf":[],"yoast_head":"<!-- This site is optimized with the Yoast SEO Premium plugin v27.3 (Yoast SEO v27.3) - https:\/\/yoast.com\/product\/yoast-seo-premium-wordpress\/ -->\n<title>Tabliczka naro\u017cnikowa LED - Super Charged<\/title>\n<meta name=\"description\" content=\"Tabliczka naro\u017cnikowa LED - Super Charged na przedni\u0105 szyb\u0119 auta ci\u0119\u017carowego to doskona\u0142y spos\u00f3b na zwi\u0119kszenie widoczno\u015bci pojazdu.\" \/>\n<meta name=\"robots\" content=\"index, follow, max-snippet:-1, max-image-preview:large, max-video-preview:-1\" \/>\n<link rel=\"canonical\" href=\"https:\/\/3dgdc.pl\/it\/prodotto\/cartello-dangolo-a-led-super-carico\/\" \/>\n<meta property=\"og:locale\" content=\"it_IT\" \/>\n<meta property=\"og:type\" content=\"article\" \/>\n<meta property=\"og:title\" content=\"Tabliczki LED TIR | Personalizacja Twojej Ci\u0119\u017car\u00f3wki\" \/>\n<meta property=\"og:description\" content=\"Pod\u015bwietlane emblematy | Tabliczki naro\u017cnikowe LED | Uszy pod lusterka | O\u015bwietlenie kabiny | O\u015bwietlenie kabiny | Obrys\u00f3wki LED\" \/>\n<meta property=\"og:url\" content=\"https:\/\/3dgdc.pl\/it\/prodotto\/cartello-dangolo-a-led-super-carico\/\" \/>\n<meta property=\"og:site_name\" content=\"3D GlowDrive Creations | Pod\u015bwietlane Emblematy LED\" \/>\n<meta property=\"article:publisher\" content=\"https:\/\/www.facebook.com\/profile.php?id=61565630297137&amp;locale=pl_PL\" \/>\n<meta property=\"article:modified_time\" content=\"2025-10-24T20:52:26+00:00\" \/>\n<meta property=\"og:image\" content=\"https:\/\/3dgdc.pl\/wp-content\/uploads\/2025\/04\/16-1.jpg\" \/>\n\t<meta property=\"og:image:width\" content=\"900\" \/>\n\t<meta property=\"og:image:height\" content=\"900\" \/>\n\t<meta property=\"og:image:type\" content=\"image\/jpeg\" \/>\n<meta name=\"twitter:card\" content=\"summary_large_image\" \/>\n<meta name=\"twitter:label1\" content=\"Disponibilit\u00e0\" \/>\n\t<meta name=\"twitter:data1\" content=\"In stock\" \/>\n<script type=\"application\/ld+json\" class=\"yoast-schema-graph\">{\"@context\":\"https:\\\/\\\/schema.org\",\"@graph\":[{\"@type\":\"WebPage\",\"@id\":\"https:\\\/\\\/3dgdc.pl\\\/produkt\\\/tabliczka-naroznikowa-led-super-charged\\\/\",\"url\":\"https:\\\/\\\/3dgdc.pl\\\/produkt\\\/tabliczka-naroznikowa-led-super-charged\\\/\",\"name\":\"Tabliczka naro\u017cnikowa LED - Super Charged\",\"isPartOf\":{\"@id\":\"https:\\\/\\\/3dgdc.pl\\\/#website\"},\"primaryImageOfPage\":{\"@id\":\"https:\\\/\\\/3dgdc.pl\\\/produkt\\\/tabliczka-naroznikowa-led-super-charged\\\/#primaryimage\"},\"image\":{\"@id\":\"https:\\\/\\\/3dgdc.pl\\\/produkt\\\/tabliczka-naroznikowa-led-super-charged\\\/#primaryimage\"},\"thumbnailUrl\":\"https:\\\/\\\/3dgdc.pl\\\/wp-content\\\/uploads\\\/2025\\\/04\\\/16-1.jpg\",\"datePublished\":\"2024-11-02T13:41:00+00:00\",\"dateModified\":\"2025-10-24T20:52:26+00:00\",\"description\":\"Tabliczka naro\u017cnikowa LED - Super Charged na przedni\u0105 szyb\u0119 auta ci\u0119\u017carowego to doskona\u0142y spos\u00f3b na zwi\u0119kszenie widoczno\u015bci pojazdu.\",\"breadcrumb\":{\"@id\":\"https:\\\/\\\/3dgdc.pl\\\/produkt\\\/tabliczka-naroznikowa-led-super-charged\\\/#breadcrumb\"},\"inLanguage\":\"it-IT\",\"potentialAction\":[{\"@type\":\"ReadAction\",\"target\":[\"https:\\\/\\\/3dgdc.pl\\\/produkt\\\/tabliczka-naroznikowa-led-super-charged\\\/\"]}]},{\"@type\":\"ImageObject\",\"inLanguage\":\"it-IT\",\"@id\":\"https:\\\/\\\/3dgdc.pl\\\/produkt\\\/tabliczka-naroznikowa-led-super-charged\\\/#primaryimage\",\"url\":\"https:\\\/\\\/3dgdc.pl\\\/wp-content\\\/uploads\\\/2025\\\/04\\\/16-1.jpg\",\"contentUrl\":\"https:\\\/\\\/3dgdc.pl\\\/wp-content\\\/uploads\\\/2025\\\/04\\\/16-1.jpg\",\"width\":900,\"height\":900,\"caption\":\"tabliczka led\"},{\"@type\":\"BreadcrumbList\",\"@id\":\"https:\\\/\\\/3dgdc.pl\\\/produkt\\\/tabliczka-naroznikowa-led-super-charged\\\/#breadcrumb\",\"itemListElement\":[{\"@type\":\"ListItem\",\"position\":1,\"name\":\"Strona g\u0142\u00f3wna\",\"item\":\"https:\\\/\\\/3dgdc.pl\\\/de\\\/\"},{\"@type\":\"ListItem\",\"position\":2,\"name\":\"Sklep\",\"item\":\"https:\\\/\\\/3dgdc.pl\\\/de\\\/led-zubehor-lkw-kennzeichen-beleuchtete-beschriftungen\\\/\"},{\"@type\":\"ListItem\",\"position\":3,\"name\":\"Tabliczki Naro\u017cnikowe LED\",\"item\":\"https:\\\/\\\/3dgdc.pl\\\/kategoria-produktu\\\/tabliczki-naroznikowe-led\\\/\"},{\"@type\":\"ListItem\",\"position\":4,\"name\":\"Tabliczka naro\u017cnikowa LED &#8211; Super Charged\"}]},{\"@type\":\"WebSite\",\"@id\":\"https:\\\/\\\/3dgdc.pl\\\/#website\",\"url\":\"https:\\\/\\\/3dgdc.pl\\\/\",\"name\":\"https:\\\/\\\/3dgdc.pl\\\/\",\"description\":\"Pod\u015bwietlane Emblematy i Akcesoria LED do Ci\u0105gnik\u00f3w Siod\u0142owych i Rolniczych\",\"publisher\":{\"@id\":\"https:\\\/\\\/3dgdc.pl\\\/#organization\"},\"potentialAction\":[{\"@type\":\"SearchAction\",\"target\":{\"@type\":\"EntryPoint\",\"urlTemplate\":\"https:\\\/\\\/3dgdc.pl\\\/?s={search_term_string}\"},\"query-input\":{\"@type\":\"PropertyValueSpecification\",\"valueRequired\":true,\"valueName\":\"search_term_string\"}}],\"inLanguage\":\"it-IT\"},{\"@type\":\"Organization\",\"@id\":\"https:\\\/\\\/3dgdc.pl\\\/#organization\",\"name\":\"3D GlowDrive Creations\",\"alternateName\":\"Gadzety LED Do Aut Ci\u0119\u017carowych\",\"url\":\"https:\\\/\\\/3dgdc.pl\\\/\",\"logo\":{\"@type\":\"ImageObject\",\"inLanguage\":\"it-IT\",\"@id\":\"https:\\\/\\\/3dgdc.pl\\\/#\\\/schema\\\/logo\\\/image\\\/\",\"url\":\"https:\\\/\\\/3dgdc.pl\\\/wp-content\\\/uploads\\\/2025\\\/05\\\/prof_obszar-roboczy-1-kopia-scaled.png\",\"contentUrl\":\"https:\\\/\\\/3dgdc.pl\\\/wp-content\\\/uploads\\\/2025\\\/05\\\/prof_obszar-roboczy-1-kopia-scaled.png\",\"width\":2560,\"height\":2560,\"caption\":\"3D GlowDrive Creations\"},\"image\":{\"@id\":\"https:\\\/\\\/3dgdc.pl\\\/#\\\/schema\\\/logo\\\/image\\\/\"},\"sameAs\":[\"https:\\\/\\\/www.facebook.com\\\/profile.php?id=61565630297137&locale=pl_PL\",\"https:\\\/\\\/www.instagram.com\\\/3dglowdrivecreations\\\/\",\"https:\\\/\\\/www.tiktok.com\\\/@ledtruckbudges\"],\"description\":\"Jeste\u015bmy dynamiczn\u0105 firm\u0105 specjalizuj\u0105c\u0105 si\u0119 w tworzeniu wysokiej jako\u015bci akcesori\u00f3w LED do samochod\u00f3w ci\u0119\u017carowych. Nasza oferta obejmuje innowacyjne produkty, takie jak LED-owe emblematy, pod\u015bwietlane litery oraz spersonalizowane gad\u017cety reklamowe. Wszystkie nasze produkty cechuj\u0105 si\u0119 nowoczesnym designem, trwa\u0142o\u015bci\u0105 oraz dba\u0142o\u015bci\u0105 o bezpiecze\u0144stwo u\u017cytkowania. Dzi\u0119ki pasji i zaanga\u017cowaniu zapewniamy klientom wyj\u0105tkowe rozwi\u0105zania, kt\u00f3re podkre\u015blaj\u0105 indywidualny styl ich pojazd\u00f3w.\",\"email\":\"3dglowdrivecreations@gmail.com\",\"telephone\":\"725038684\",\"legalName\":\"3D GlowDrive Creations\",\"foundingDate\":\"2024-05-02\",\"vatID\":\"5783170027\",\"taxID\":\"5783170027\",\"numberOfEmployees\":{\"@type\":\"QuantitativeValue\",\"minValue\":\"1\",\"maxValue\":\"10\"},\"hasMerchantReturnPolicy\":{\"@type\":\"MerchantReturnPolicy\",\"merchantReturnLink\":\"https:\\\/\\\/3dgdc.pl\\\/it\\\/polityka-zwrotow\\\/\"}}]}<\/script>\n<meta property=\"og:availability\" content=\"instock\" \/>\n<meta property=\"product:availability\" content=\"instock\" \/>\n<meta property=\"product:retailer_item_id\" content=\"TAB-NAR-LED\" \/>\n<meta property=\"product:condition\" content=\"new\" \/>\n<!-- \/ Yoast SEO Premium plugin. -->","yoast_head_json":{"title":"Cartello angolare a LED - Super caricato","description":"Il cartello angolare a LED Super Charged per il parabrezza del camion \u00e8 un ottimo modo per aumentare la visibilit\u00e0 del tuo veicolo.","robots":{"index":"index","follow":"follow","max-snippet":"max-snippet:-1","max-image-preview":"max-image-preview:large","max-video-preview":"max-video-preview:-1"},"canonical":"https:\/\/3dgdc.pl\/it\/prodotto\/cartello-dangolo-a-led-super-carico\/","og_locale":"it_IT","og_type":"article","og_title":"Tabliczki LED TIR | Personalizacja Twojej Ci\u0119\u017car\u00f3wki","og_description":"Pod\u015bwietlane emblematy | Tabliczki naro\u017cnikowe LED | Uszy pod lusterka | O\u015bwietlenie kabiny | O\u015bwietlenie kabiny | Obrys\u00f3wki LED","og_url":"https:\/\/3dgdc.pl\/it\/prodotto\/cartello-dangolo-a-led-super-carico\/","og_site_name":"3D GlowDrive Creations | Pod\u015bwietlane Emblematy LED","article_publisher":"https:\/\/www.facebook.com\/profile.php?id=61565630297137&locale=pl_PL","article_modified_time":"2025-10-24T20:52:26+00:00","og_image":[{"width":900,"height":900,"url":"https:\/\/3dgdc.pl\/wp-content\/uploads\/2025\/04\/16-1.jpg","type":"image\/jpeg"}],"twitter_card":"summary_large_image","twitter_misc":{"Disponibilit\u00e0":"In stock"},"schema":{"@context":"https:\/\/schema.org","@graph":[{"@type":"WebPage","@id":"https:\/\/3dgdc.pl\/produkt\/tabliczka-naroznikowa-led-super-charged\/","url":"https:\/\/3dgdc.pl\/produkt\/tabliczka-naroznikowa-led-super-charged\/","name":"Cartello angolare a LED - Super caricato","isPartOf":{"@id":"https:\/\/3dgdc.pl\/#website"},"primaryImageOfPage":{"@id":"https:\/\/3dgdc.pl\/produkt\/tabliczka-naroznikowa-led-super-charged\/#primaryimage"},"image":{"@id":"https:\/\/3dgdc.pl\/produkt\/tabliczka-naroznikowa-led-super-charged\/#primaryimage"},"thumbnailUrl":"https:\/\/3dgdc.pl\/wp-content\/uploads\/2025\/04\/16-1.jpg","datePublished":"2024-11-02T13:41:00+00:00","dateModified":"2025-10-24T20:52:26+00:00","description":"Il cartello angolare a LED Super Charged per il parabrezza del camion \u00e8 un ottimo modo per aumentare la visibilit\u00e0 del tuo veicolo.","breadcrumb":{"@id":"https:\/\/3dgdc.pl\/produkt\/tabliczka-naroznikowa-led-super-charged\/#breadcrumb"},"inLanguage":"it-IT","potentialAction":[{"@type":"ReadAction","target":["https:\/\/3dgdc.pl\/produkt\/tabliczka-naroznikowa-led-super-charged\/"]}]},{"@type":"ImageObject","inLanguage":"it-IT","@id":"https:\/\/3dgdc.pl\/produkt\/tabliczka-naroznikowa-led-super-charged\/#primaryimage","url":"https:\/\/3dgdc.pl\/wp-content\/uploads\/2025\/04\/16-1.jpg","contentUrl":"https:\/\/3dgdc.pl\/wp-content\/uploads\/2025\/04\/16-1.jpg","width":900,"height":900,"caption":"tabliczka led"},{"@type":"BreadcrumbList","@id":"https:\/\/3dgdc.pl\/produkt\/tabliczka-naroznikowa-led-super-charged\/#breadcrumb","itemListElement":[{"@type":"ListItem","position":1,"name":"Strona g\u0142\u00f3wna","item":"https:\/\/3dgdc.pl\/de\/"},{"@type":"ListItem","position":2,"name":"Sklep","item":"https:\/\/3dgdc.pl\/de\/led-zubehor-lkw-kennzeichen-beleuchtete-beschriftungen\/"},{"@type":"ListItem","position":3,"name":"Tabliczki Naro\u017cnikowe LED","item":"https:\/\/3dgdc.pl\/kategoria-produktu\/tabliczki-naroznikowe-led\/"},{"@type":"ListItem","position":4,"name":"Tabliczka naro\u017cnikowa LED &#8211; Super Charged"}]},{"@type":"WebSite","@id":"https:\/\/3dgdc.pl\/#website","url":"https:\/\/3dgdc.pl\/","name":"https:\/\/3dgdc.pl\/","description":"Emblemi e accessori illuminati a LED per trattori e camion agricoli","publisher":{"@id":"https:\/\/3dgdc.pl\/#organization"},"potentialAction":[{"@type":"SearchAction","target":{"@type":"EntryPoint","urlTemplate":"https:\/\/3dgdc.pl\/?s={search_term_string}"},"query-input":{"@type":"PropertyValueSpecification","valueRequired":true,"valueName":"search_term_string"}}],"inLanguage":"it-IT"},{"@type":"Organization","@id":"https:\/\/3dgdc.pl\/#organization","name":"Creazioni 3D GlowDrive","alternateName":"Gadzety LED Do Aut Ci\u0119\u017carowych","url":"https:\/\/3dgdc.pl\/","logo":{"@type":"ImageObject","inLanguage":"it-IT","@id":"https:\/\/3dgdc.pl\/#\/schema\/logo\/image\/","url":"https:\/\/3dgdc.pl\/wp-content\/uploads\/2025\/05\/prof_obszar-roboczy-1-kopia-scaled.png","contentUrl":"https:\/\/3dgdc.pl\/wp-content\/uploads\/2025\/05\/prof_obszar-roboczy-1-kopia-scaled.png","width":2560,"height":2560,"caption":"3D GlowDrive Creations"},"image":{"@id":"https:\/\/3dgdc.pl\/#\/schema\/logo\/image\/"},"sameAs":["https:\/\/www.facebook.com\/profile.php?id=61565630297137&locale=pl_PL","https:\/\/www.instagram.com\/3dglowdrivecreations\/","https:\/\/www.tiktok.com\/@ledtruckbudges"],"description":"Siamo un&#039;azienda dinamica specializzata nella creazione di accessori a LED di alta qualit\u00e0 per camion. La nostra offerta include prodotti innovativi come emblemi a LED, lettere luminose e gadget pubblicitari personalizzati. Tutti i nostri prodotti sono caratterizzati da design moderno, durata e attenzione alla sicurezza d&#039;uso. Grazie alla passione e all&#039;impegno, offriamo ai clienti soluzioni uniche che valorizzano lo stile unico dei loro veicoli.","email":"3dglowdrivecreations@gmail.com","telephone":"725038684","legalName":"3D GlowDrive Creations","foundingDate":"2024-05-02","vatID":"5783170027","taxID":"5783170027","numberOfEmployees":{"@type":"QuantitativeValue","minValue":"1","maxValue":"10"},"hasMerchantReturnPolicy":{"@type":"MerchantReturnPolicy","merchantReturnLink":"https:\/\/3dgdc.pl\/it\/polityka-zwrotow\/"}}]},"og_availability":"instock","product_availability":"instock","product_retailer_item_id":"TAB-NAR-LED","product_condition":"new"},"_links":{"self":[{"href":"https:\/\/3dgdc.pl\/it\/wp-json\/wp\/v2\/product\/12388","targetHints":{"allow":["GET"]}}],"collection":[{"href":"https:\/\/3dgdc.pl\/it\/wp-json\/wp\/v2\/product"}],"about":[{"href":"https:\/\/3dgdc.pl\/it\/wp-json\/wp\/v2\/types\/product"}],"version-history":[{"count":3,"href":"https:\/\/3dgdc.pl\/it\/wp-json\/wp\/v2\/product\/12388\/revisions"}],"predecessor-version":[{"id":276434,"href":"https:\/\/3dgdc.pl\/it\/wp-json\/wp\/v2\/product\/12388\/revisions\/276434"}],"wp:featuredmedia":[{"embeddable":true,"href":"https:\/\/3dgdc.pl\/it\/wp-json\/wp\/v2\/media\/269253"}],"wp:attachment":[{"href":"https:\/\/3dgdc.pl\/it\/wp-json\/wp\/v2\/media?parent=12388"}],"wp:term":[{"taxonomy":"product_brand","embeddable":true,"href":"https:\/\/3dgdc.pl\/it\/wp-json\/wp\/v2\/product_brand?post=12388"},{"taxonomy":"product_cat","embeddable":true,"href":"https:\/\/3dgdc.pl\/it\/wp-json\/wp\/v2\/product_cat?post=12388"},{"taxonomy":"product_tag","embeddable":true,"href":"https:\/\/3dgdc.pl\/it\/wp-json\/wp\/v2\/product_tag?post=12388"}],"curies":[{"name":"parola chiave","href":"https:\/\/api.w.org\/{rel}","templated":true}]}}