{"id":274209,"date":"2025-06-28T02:51:00","date_gmt":"2025-06-28T00:51:00","guid":{"rendered":"https:\/\/3dgdc.pl\/?post_type=product&#038;p=274209"},"modified":"2025-10-24T22:06:08","modified_gmt":"2025-10-24T20:06:08","slug":"egy-uveg-mak","status":"publish","type":"product","link":"https:\/\/3dgdc.pl\/hu\/produkt\/butelka-poppy\/","title":{"rendered":"Pipacs illatos \u00fcveg"},"content":{"rendered":"<p data-start=\"280\" data-end=\"461\"><strong>Pipacs illatos \u00fcveg <\/strong>\u00a0\u2013 klasszikus st\u00edlus teheraut\u00f3- \u00e9s szem\u00e9lyg\u00e9pkocsi-f\u00fclk\u00e9khez. Lengyelorsz\u00e1gban gy\u00e1rtj\u00e1k, \u00e9s kiv\u00e9teles tart\u00f3ss\u00e1g\u00e1r\u00f3l ismert.<\/p>\n<ul data-start=\"480\" data-end=\"636\">\n<li data-start=\"480\" data-end=\"514\">\n<p data-start=\"482\" data-end=\"514\">\u2705 Pipacsos m\u0171anyag palack<\/p>\n<\/li>\n<li data-start=\"591\" data-end=\"636\">\n<p data-start=\"593\" data-end=\"636\">\u2705 A legt\u00f6bb r\u00f6gz\u00edt\u0151konzolhoz illeszkedik<\/p>\n<\/li>\n<\/ul>\n<p data-start=\"638\" data-end=\"649\">T\u00f6k\u00e9letes a k\u00f6vetkez\u0151kh\u00f6z:<\/p>\n<ul data-start=\"650\" data-end=\"708\">\n<li data-start=\"650\" data-end=\"664\">\n<p data-start=\"652\" data-end=\"664\">Teheraut\u00f3-f\u00fclk\u00e9k<\/p>\n<\/li>\n<li data-start=\"665\" data-end=\"681\">\n<p data-start=\"667\" data-end=\"681\">szem\u00e9lyg\u00e9pkocsi<\/p>\n<\/li>\n<li data-start=\"682\" data-end=\"708\">\n<p data-start=\"684\" data-end=\"708\">Iroda, m\u0171hely, gar\u00e1zs<\/p>\n<\/li>\n<\/ul>\n<p data-start=\"710\" data-end=\"755\">Adj otthonodnak eleganci\u00e1t \u00e9s frissess\u00e9get!<\/p>","protected":false},"excerpt":{"rendered":"<p>A Pipacs illat\u00fa flakon \u2013 klasszikus st\u00edlus teheraut\u00f3k \u00e9s szem\u00e9lyg\u00e9pkocsik f\u00fclk\u00e9ibe. Lengyelorsz\u00e1gban gy\u00e1rtj\u00e1k, kiv\u00e9teles tart\u00f3ss\u00e1g\u00e1r\u00f3l h\u00edres. \u2705 M\u0171anyag Pipacsos flakon \u2705 A legt\u00f6bb r\u00f6gz\u00edt\u0151konzolra illeszkedik. T\u00f6k\u00e9letes: teheraut\u00f3 f\u00fclk\u00e9kbe, aut\u00f3kba, irod\u00e1kba, m\u0171helyekbe \u00e9s gar\u00e1zsokba. K\u00f6lcs\u00f6n\u00f6zz\u00f6n eleganci\u00e1t \u00e9s frissess\u00e9get belter\u00e9ben!<\/p>","protected":false},"featured_media":274228,"template":"","meta":{"_acf_changed":false},"product_brand":[],"product_cat":[400],"product_tag":[303],"class_list":{"0":"post-274209","1":"product","2":"type-product","3":"status-publish","4":"has-post-thumbnail","6":"product_cat-poppy","7":"product_tag-poppy","8":"pa_do-modelu-daf","9":"pa_do-modelu-gryf","10":"pa_do-modelu-iveco","11":"pa_do-modelu-man","12":"pa_do-modelu-mercedes","13":"pa_do-modelu-renault","14":"pa_do-modelu-scania","15":"pa_do-modelu-v8","16":"pa_do-modelu-volvo","18":"first","19":"instock","20":"taxable","21":"shipping-taxable","22":"purchasable","23":"product-type-variable"},"acf":[],"yoast_head":"<!-- This site is optimized with the Yoast SEO Premium plugin v27.3 (Yoast SEO v27.3) - https:\/\/yoast.com\/product\/yoast-seo-premium-wordpress\/ -->\n<title>Butelka Poppy \u2013 Skompletuj sw\u00f3j zestaw<\/title>\n<meta name=\"description\" content=\"butelka Poppy \u2013 intensywny zapach do auta i TIR-a. Polska jako\u015b\u0107, trwa\u0142o\u015b\u0107 i styl. Bez uchwytu i LED. Wybierz swoje logo!\" \/>\n<meta name=\"robots\" content=\"index, follow, max-snippet:-1, max-image-preview:large, max-video-preview:-1\" \/>\n<link rel=\"canonical\" href=\"https:\/\/3dgdc.pl\/hu\/termek\/egy-uveg-mak\/\" \/>\n<meta property=\"og:locale\" content=\"hu_HU\" \/>\n<meta property=\"og:type\" content=\"article\" \/>\n<meta property=\"og:title\" content=\"Tabliczki LED TIR | Personalizacja Twojej Ci\u0119\u017car\u00f3wki\" \/>\n<meta property=\"og:description\" content=\"Pod\u015bwietlane emblematy | Tabliczki naro\u017cnikowe LED | Uszy pod lusterka | O\u015bwietlenie kabiny | O\u015bwietlenie kabiny | Obrys\u00f3wki LED\" \/>\n<meta property=\"og:url\" content=\"https:\/\/3dgdc.pl\/hu\/termek\/egy-uveg-mak\/\" \/>\n<meta property=\"og:site_name\" content=\"3D GlowDrive Creations | Pod\u015bwietlane Emblematy LED\" \/>\n<meta property=\"article:publisher\" content=\"https:\/\/www.facebook.com\/profile.php?id=61565630297137&amp;locale=pl_PL\" \/>\n<meta property=\"article:modified_time\" content=\"2025-10-24T20:06:08+00:00\" \/>\n<meta property=\"og:image\" content=\"https:\/\/3dgdc.pl\/wp-content\/uploads\/2025\/06\/zapach-samochodowy-poppy2.jpg\" \/>\n\t<meta property=\"og:image:width\" content=\"800\" \/>\n\t<meta property=\"og:image:height\" content=\"800\" \/>\n\t<meta property=\"og:image:type\" content=\"image\/jpeg\" \/>\n<meta name=\"twitter:card\" content=\"summary_large_image\" \/>\n<meta name=\"twitter:label1\" content=\"El\u00e9rhet\u0151s\u00e9g\" \/>\n\t<meta name=\"twitter:data1\" content=\"K\u00e9szleten\" \/>\n<script type=\"application\/ld+json\" class=\"yoast-schema-graph\">{\"@context\":\"https:\\\/\\\/schema.org\",\"@graph\":[{\"@type\":\"WebPage\",\"@id\":\"https:\\\/\\\/3dgdc.pl\\\/produkt\\\/butelka-poppy\\\/\",\"url\":\"https:\\\/\\\/3dgdc.pl\\\/produkt\\\/butelka-poppy\\\/\",\"name\":\"Butelka Poppy \u2013 Skompletuj sw\u00f3j zestaw\",\"isPartOf\":{\"@id\":\"https:\\\/\\\/3dgdc.pl\\\/#website\"},\"primaryImageOfPage\":{\"@id\":\"https:\\\/\\\/3dgdc.pl\\\/produkt\\\/butelka-poppy\\\/#primaryimage\"},\"image\":{\"@id\":\"https:\\\/\\\/3dgdc.pl\\\/produkt\\\/butelka-poppy\\\/#primaryimage\"},\"thumbnailUrl\":\"https:\\\/\\\/3dgdc.pl\\\/wp-content\\\/uploads\\\/2025\\\/06\\\/zapach-samochodowy-poppy2.jpg\",\"datePublished\":\"2025-06-28T00:51:00+00:00\",\"dateModified\":\"2025-10-24T20:06:08+00:00\",\"description\":\"butelka Poppy \u2013 intensywny zapach do auta i TIR-a. Polska jako\u015b\u0107, trwa\u0142o\u015b\u0107 i styl. Bez uchwytu i LED. Wybierz swoje logo!\",\"breadcrumb\":{\"@id\":\"https:\\\/\\\/3dgdc.pl\\\/produkt\\\/butelka-poppy\\\/#breadcrumb\"},\"inLanguage\":\"hu\",\"potentialAction\":[{\"@type\":\"ReadAction\",\"target\":[\"https:\\\/\\\/3dgdc.pl\\\/produkt\\\/butelka-poppy\\\/\"]}]},{\"@type\":\"ImageObject\",\"inLanguage\":\"hu\",\"@id\":\"https:\\\/\\\/3dgdc.pl\\\/produkt\\\/butelka-poppy\\\/#primaryimage\",\"url\":\"https:\\\/\\\/3dgdc.pl\\\/wp-content\\\/uploads\\\/2025\\\/06\\\/zapach-samochodowy-poppy2.jpg\",\"contentUrl\":\"https:\\\/\\\/3dgdc.pl\\\/wp-content\\\/uploads\\\/2025\\\/06\\\/zapach-samochodowy-poppy2.jpg\",\"width\":800,\"height\":800,\"caption\":\"buelka poppy\"},{\"@type\":\"BreadcrumbList\",\"@id\":\"https:\\\/\\\/3dgdc.pl\\\/produkt\\\/butelka-poppy\\\/#breadcrumb\",\"itemListElement\":[{\"@type\":\"ListItem\",\"position\":1,\"name\":\"Strona g\u0142\u00f3wna\",\"item\":\"https:\\\/\\\/3dgdc.pl\\\/de\\\/\"},{\"@type\":\"ListItem\",\"position\":2,\"name\":\"Sklep\",\"item\":\"https:\\\/\\\/3dgdc.pl\\\/de\\\/led-zubehor-lkw-kennzeichen-beleuchtete-beschriftungen\\\/\"},{\"@type\":\"ListItem\",\"position\":3,\"name\":\"Poppy\",\"item\":\"https:\\\/\\\/3dgdc.pl\\\/kategoria-produktu\\\/poppy\\\/\"},{\"@type\":\"ListItem\",\"position\":4,\"name\":\"Butelka zapachowa Poppy\"}]},{\"@type\":\"WebSite\",\"@id\":\"https:\\\/\\\/3dgdc.pl\\\/#website\",\"url\":\"https:\\\/\\\/3dgdc.pl\\\/\",\"name\":\"https:\\\/\\\/3dgdc.pl\\\/\",\"description\":\"Pod\u015bwietlane Emblematy i Akcesoria LED do Ci\u0105gnik\u00f3w Siod\u0142owych i Rolniczych\",\"publisher\":{\"@id\":\"https:\\\/\\\/3dgdc.pl\\\/#organization\"},\"potentialAction\":[{\"@type\":\"SearchAction\",\"target\":{\"@type\":\"EntryPoint\",\"urlTemplate\":\"https:\\\/\\\/3dgdc.pl\\\/?s={search_term_string}\"},\"query-input\":{\"@type\":\"PropertyValueSpecification\",\"valueRequired\":true,\"valueName\":\"search_term_string\"}}],\"inLanguage\":\"hu\"},{\"@type\":\"Organization\",\"@id\":\"https:\\\/\\\/3dgdc.pl\\\/#organization\",\"name\":\"3D GlowDrive Creations\",\"alternateName\":\"Gadzety LED Do Aut Ci\u0119\u017carowych\",\"url\":\"https:\\\/\\\/3dgdc.pl\\\/\",\"logo\":{\"@type\":\"ImageObject\",\"inLanguage\":\"hu\",\"@id\":\"https:\\\/\\\/3dgdc.pl\\\/#\\\/schema\\\/logo\\\/image\\\/\",\"url\":\"https:\\\/\\\/3dgdc.pl\\\/wp-content\\\/uploads\\\/2025\\\/05\\\/prof_obszar-roboczy-1-kopia-scaled.png\",\"contentUrl\":\"https:\\\/\\\/3dgdc.pl\\\/wp-content\\\/uploads\\\/2025\\\/05\\\/prof_obszar-roboczy-1-kopia-scaled.png\",\"width\":2560,\"height\":2560,\"caption\":\"3D GlowDrive Creations\"},\"image\":{\"@id\":\"https:\\\/\\\/3dgdc.pl\\\/#\\\/schema\\\/logo\\\/image\\\/\"},\"sameAs\":[\"https:\\\/\\\/www.facebook.com\\\/profile.php?id=61565630297137&locale=pl_PL\",\"https:\\\/\\\/www.instagram.com\\\/3dglowdrivecreations\\\/\",\"https:\\\/\\\/www.tiktok.com\\\/@ledtruckbudges\"],\"description\":\"Jeste\u015bmy dynamiczn\u0105 firm\u0105 specjalizuj\u0105c\u0105 si\u0119 w tworzeniu wysokiej jako\u015bci akcesori\u00f3w LED do samochod\u00f3w ci\u0119\u017carowych. Nasza oferta obejmuje innowacyjne produkty, takie jak LED-owe emblematy, pod\u015bwietlane litery oraz spersonalizowane gad\u017cety reklamowe. Wszystkie nasze produkty cechuj\u0105 si\u0119 nowoczesnym designem, trwa\u0142o\u015bci\u0105 oraz dba\u0142o\u015bci\u0105 o bezpiecze\u0144stwo u\u017cytkowania. Dzi\u0119ki pasji i zaanga\u017cowaniu zapewniamy klientom wyj\u0105tkowe rozwi\u0105zania, kt\u00f3re podkre\u015blaj\u0105 indywidualny styl ich pojazd\u00f3w.\",\"email\":\"3dglowdrivecreations@gmail.com\",\"telephone\":\"725038684\",\"legalName\":\"3D GlowDrive Creations\",\"foundingDate\":\"2024-05-02\",\"vatID\":\"5783170027\",\"taxID\":\"5783170027\",\"numberOfEmployees\":{\"@type\":\"QuantitativeValue\",\"minValue\":\"1\",\"maxValue\":\"10\"},\"hasMerchantReturnPolicy\":{\"@type\":\"MerchantReturnPolicy\",\"merchantReturnLink\":\"https:\\\/\\\/3dgdc.pl\\\/hu\\\/polityka-zwrotow\\\/\"}}]}<\/script>\n<meta property=\"og:availability\" content=\"instock\" \/>\n<meta property=\"product:availability\" content=\"instock\" \/>\n<meta property=\"product:retailer_item_id\" content=\"BUT-ZAP-POP\" \/>\n<meta property=\"product:condition\" content=\"new\" \/>\n<!-- \/ Yoast SEO Premium plugin. -->","yoast_head_json":{"title":"M\u00e1kos \u00fcveg \u2013 Eg\u00e9sz\u00edtsd ki a szetted","description":"M\u00e1kos \u00fcveg \u2013 intenz\u00edv illat aut\u00f3knak \u00e9s teheraut\u00f3knak. Pol\u00edrozott min\u0151s\u00e9g, tart\u00f3ss\u00e1g \u00e9s st\u00edlus. Foganty\u00fa n\u00e9lk\u00fcli \u00e9s LED-es. V\u00e1lassza ki a log\u00f3j\u00e1t!","robots":{"index":"index","follow":"follow","max-snippet":"max-snippet:-1","max-image-preview":"max-image-preview:large","max-video-preview":"max-video-preview:-1"},"canonical":"https:\/\/3dgdc.pl\/hu\/termek\/egy-uveg-mak\/","og_locale":"hu_HU","og_type":"article","og_title":"Tabliczki LED TIR | Personalizacja Twojej Ci\u0119\u017car\u00f3wki","og_description":"Pod\u015bwietlane emblematy | Tabliczki naro\u017cnikowe LED | Uszy pod lusterka | O\u015bwietlenie kabiny | O\u015bwietlenie kabiny | Obrys\u00f3wki LED","og_url":"https:\/\/3dgdc.pl\/hu\/termek\/egy-uveg-mak\/","og_site_name":"3D GlowDrive Creations | Pod\u015bwietlane Emblematy LED","article_publisher":"https:\/\/www.facebook.com\/profile.php?id=61565630297137&locale=pl_PL","article_modified_time":"2025-10-24T20:06:08+00:00","og_image":[{"width":800,"height":800,"url":"https:\/\/3dgdc.pl\/wp-content\/uploads\/2025\/06\/zapach-samochodowy-poppy2.jpg","type":"image\/jpeg"}],"twitter_card":"summary_large_image","twitter_misc":{"El\u00e9rhet\u0151s\u00e9g":"K\u00e9szleten"},"schema":{"@context":"https:\/\/schema.org","@graph":[{"@type":"WebPage","@id":"https:\/\/3dgdc.pl\/produkt\/butelka-poppy\/","url":"https:\/\/3dgdc.pl\/produkt\/butelka-poppy\/","name":"M\u00e1kos \u00fcveg \u2013 Eg\u00e9sz\u00edtsd ki a szetted","isPartOf":{"@id":"https:\/\/3dgdc.pl\/#website"},"primaryImageOfPage":{"@id":"https:\/\/3dgdc.pl\/produkt\/butelka-poppy\/#primaryimage"},"image":{"@id":"https:\/\/3dgdc.pl\/produkt\/butelka-poppy\/#primaryimage"},"thumbnailUrl":"https:\/\/3dgdc.pl\/wp-content\/uploads\/2025\/06\/zapach-samochodowy-poppy2.jpg","datePublished":"2025-06-28T00:51:00+00:00","dateModified":"2025-10-24T20:06:08+00:00","description":"M\u00e1kos \u00fcveg \u2013 intenz\u00edv illat aut\u00f3knak \u00e9s teheraut\u00f3knak. Pol\u00edrozott min\u0151s\u00e9g, tart\u00f3ss\u00e1g \u00e9s st\u00edlus. Foganty\u00fa n\u00e9lk\u00fcli \u00e9s LED-es. V\u00e1lassza ki a log\u00f3j\u00e1t!","breadcrumb":{"@id":"https:\/\/3dgdc.pl\/produkt\/butelka-poppy\/#breadcrumb"},"inLanguage":"hu","potentialAction":[{"@type":"ReadAction","target":["https:\/\/3dgdc.pl\/produkt\/butelka-poppy\/"]}]},{"@type":"ImageObject","inLanguage":"hu","@id":"https:\/\/3dgdc.pl\/produkt\/butelka-poppy\/#primaryimage","url":"https:\/\/3dgdc.pl\/wp-content\/uploads\/2025\/06\/zapach-samochodowy-poppy2.jpg","contentUrl":"https:\/\/3dgdc.pl\/wp-content\/uploads\/2025\/06\/zapach-samochodowy-poppy2.jpg","width":800,"height":800,"caption":"buelka poppy"},{"@type":"BreadcrumbList","@id":"https:\/\/3dgdc.pl\/produkt\/butelka-poppy\/#breadcrumb","itemListElement":[{"@type":"ListItem","position":1,"name":"Strona g\u0142\u00f3wna","item":"https:\/\/3dgdc.pl\/de\/"},{"@type":"ListItem","position":2,"name":"Sklep","item":"https:\/\/3dgdc.pl\/de\/led-zubehor-lkw-kennzeichen-beleuchtete-beschriftungen\/"},{"@type":"ListItem","position":3,"name":"Poppy","item":"https:\/\/3dgdc.pl\/kategoria-produktu\/poppy\/"},{"@type":"ListItem","position":4,"name":"Butelka zapachowa Poppy"}]},{"@type":"WebSite","@id":"https:\/\/3dgdc.pl\/#website","url":"https:\/\/3dgdc.pl\/","name":"https:\/\/3dgdc.pl\/","description":"Megvil\u00e1g\u00edtott LED embl\u00e9m\u00e1k \u00e9s kieg\u00e9sz\u00edt\u0151k traktorokhoz \u00e9s mez\u0151gazdas\u00e1gi teheraut\u00f3khoz","publisher":{"@id":"https:\/\/3dgdc.pl\/#organization"},"potentialAction":[{"@type":"SearchAction","target":{"@type":"EntryPoint","urlTemplate":"https:\/\/3dgdc.pl\/?s={search_term_string}"},"query-input":{"@type":"PropertyValueSpecification","valueRequired":true,"valueName":"search_term_string"}}],"inLanguage":"hu"},{"@type":"Organization","@id":"https:\/\/3dgdc.pl\/#organization","name":"3D GlowDrive alkot\u00e1sok","alternateName":"Gadzety LED Do Aut Ci\u0119\u017carowych","url":"https:\/\/3dgdc.pl\/","logo":{"@type":"ImageObject","inLanguage":"hu","@id":"https:\/\/3dgdc.pl\/#\/schema\/logo\/image\/","url":"https:\/\/3dgdc.pl\/wp-content\/uploads\/2025\/05\/prof_obszar-roboczy-1-kopia-scaled.png","contentUrl":"https:\/\/3dgdc.pl\/wp-content\/uploads\/2025\/05\/prof_obszar-roboczy-1-kopia-scaled.png","width":2560,"height":2560,"caption":"3D GlowDrive Creations"},"image":{"@id":"https:\/\/3dgdc.pl\/#\/schema\/logo\/image\/"},"sameAs":["https:\/\/www.facebook.com\/profile.php?id=61565630297137&locale=pl_PL","https:\/\/www.instagram.com\/3dglowdrivecreations\/","https:\/\/www.tiktok.com\/@ledtruckbudges"],"description":"Dinamikus v\u00e1llalatk\u00e9nt kiv\u00e1l\u00f3 min\u0151s\u00e9g\u0171 LED-es teheraut\u00f3-kieg\u00e9sz\u00edt\u0151k k\u00e9sz\u00edt\u00e9s\u00e9re specializ\u00e1l\u00f3dtunk. K\u00edn\u00e1latunkban olyan innovat\u00edv term\u00e9kek tal\u00e1lhat\u00f3k, mint a LED-es embl\u00e9m\u00e1k, vil\u00e1g\u00edt\u00f3 bet\u0171k \u00e9s szem\u00e9lyre szabott rekl\u00e1meszk\u00f6z\u00f6k. Minden term\u00e9k\u00fcnket a modern diz\u00e1jn, a tart\u00f3ss\u00e1g \u00e9s a biztons\u00e1gos haszn\u00e1lat jellemzi. Szenved\u00e9ly\u00fcnknek \u00e9s elk\u00f6telezetts\u00e9g\u00fcnknek k\u00f6sz\u00f6nhet\u0151en egyedi megold\u00e1sokat k\u00edn\u00e1lunk \u00fcgyfeleinknek, amelyek kiemelik j\u00e1rm\u0171veik egyedi st\u00edlus\u00e1t.","email":"3dglowdrivecreations@gmail.com","telephone":"725038684","legalName":"3D GlowDrive Creations","foundingDate":"2024-05-02","vatID":"5783170027","taxID":"5783170027","numberOfEmployees":{"@type":"QuantitativeValue","minValue":"1","maxValue":"10"},"hasMerchantReturnPolicy":{"@type":"MerchantReturnPolicy","merchantReturnLink":"https:\/\/3dgdc.pl\/hu\/polityka-zwrotow\/"}}]},"og_availability":"instock","product_availability":"instock","product_retailer_item_id":"BUT-ZAP-POP","product_condition":"new"},"_links":{"self":[{"href":"https:\/\/3dgdc.pl\/hu\/wp-json\/wp\/v2\/product\/274209","targetHints":{"allow":["GET"]}}],"collection":[{"href":"https:\/\/3dgdc.pl\/hu\/wp-json\/wp\/v2\/product"}],"about":[{"href":"https:\/\/3dgdc.pl\/hu\/wp-json\/wp\/v2\/types\/product"}],"version-history":[{"count":2,"href":"https:\/\/3dgdc.pl\/hu\/wp-json\/wp\/v2\/product\/274209\/revisions"}],"predecessor-version":[{"id":276080,"href":"https:\/\/3dgdc.pl\/hu\/wp-json\/wp\/v2\/product\/274209\/revisions\/276080"}],"wp:featuredmedia":[{"embeddable":true,"href":"https:\/\/3dgdc.pl\/hu\/wp-json\/wp\/v2\/media\/274228"}],"wp:attachment":[{"href":"https:\/\/3dgdc.pl\/hu\/wp-json\/wp\/v2\/media?parent=274209"}],"wp:term":[{"taxonomy":"product_brand","embeddable":true,"href":"https:\/\/3dgdc.pl\/hu\/wp-json\/wp\/v2\/product_brand?post=274209"},{"taxonomy":"product_cat","embeddable":true,"href":"https:\/\/3dgdc.pl\/hu\/wp-json\/wp\/v2\/product_cat?post=274209"},{"taxonomy":"product_tag","embeddable":true,"href":"https:\/\/3dgdc.pl\/hu\/wp-json\/wp\/v2\/product_tag?post=274209"}],"curies":[{"name":"munkaf\u00fczet","href":"https:\/\/api.w.org\/{rel}","templated":true}]}}