{"id":264244,"date":"2025-04-09T19:13:00","date_gmt":"2025-04-09T17:13:00","guid":{"rendered":"https:\/\/3dgdc.pl\/?post_type=product&#038;p=264244"},"modified":"2025-10-24T22:18:12","modified_gmt":"2025-10-24T20:18:12","slug":"vasember-teherauto-led-tabla","status":"publish","type":"product","link":"https:\/\/3dgdc.pl\/hu\/produkt\/tablica-led-tir-iron-man\/","title":{"rendered":"LED sarokt\u00e1bla \u2013 Vasember"},"content":{"rendered":"<h2 style=\"text-align: center;\">LED saroklemez<\/h2>\n<h3>Vasember<\/h3>\n<p style=\"color: #555;\"><strong>Vasember LED t\u00e1bla<\/strong>\u00a0a m\u00e9retekr\u0151l <strong>20,5 x 13,5 cm<\/strong><br \/>\nEgy egyed\u00fcl\u00e1ll\u00f3 term\u00e9k, amely \u00f6tv\u00f6zi a modern diz\u00e1jnt a praktikus felhaszn\u00e1l\u00e1ssal.<br \/>\nKompakt kialak\u00edt\u00e1s\u00e1nak k\u00f6sz\u00f6nhet\u0151en ide\u00e1lis mind j\u00e1rm\u0171vekbe, mind bels\u0151 terekbe.<br \/>\nA telep\u00edt\u00e9s nagyon egyszer\u0171 \u2013 k\u00e9t massz\u00edv, menetes tapad\u00f3korongot haszn\u00e1lnak,<br \/>\namelyek stabilit\u00e1st \u00e9s k\u00f6nny\u0171 hordozhat\u00f3s\u00e1got biztos\u00edtanak.<\/p>\n<h3 style=\"color: #014570; margin-top: 25px;\">H\u00e1tt\u00e9rvil\u00e1g\u00edt\u00e1s sz\u00edn\u00e9nek kiv\u00e1laszt\u00e1sa<\/h3>\n<ul style=\"padding-left: 20px; color: #555;\">\n<li><span style=\"color: #33cccc;\"><strong>Hideg feh\u00e9r<\/strong><\/span> \u2013 modern \u00e9s univerz\u00e1lis.<\/li>\n<li><span style=\"color: #ff9900;\"><strong>Narancs<\/strong><\/span> \u2013 meleg \u00e9s kifejez\u0151.<\/li>\n<li><span style=\"color: #ff0000;\"><strong>Piros<\/strong><\/span> \u2013 intenz\u00edv \u00e9s dinamikus.<\/li>\n<\/ul>\n<h3 style=\"color: #014570; margin-top: 25px;\">Energiaell\u00e1t\u00e1si lehet\u0151s\u00e9gek<\/h3>\n<p style=\"color: #555;\"><strong>USB-csatlakoz\u00f3<\/strong> \u2013 a panel hossz\u00fas\u00e1g\u00fa k\u00e1bellel van felszerelve<br \/>\n<strong>1,5 m\u00e9ter<\/strong>, amely lehet\u0151v\u00e9 teszi az egyszer\u0171 csatlakoztat\u00e1st b\u00e1rmely USB-porthoz<br \/>\nEz\u00e1ltal nemcsak j\u00e1rm\u0171vekhez, hanem irod\u00e1kba \u00e9s m\u0171helyekbe is alkalmas.<\/p>\n<h3 style=\"color: #014570; margin-top: 25px;\">A LED panel el\u0151nyei <strong>Vasember<\/strong><\/h3>\n<ul style=\"padding-left: 20px; color: #555;\">\n<li><strong>Kompakt m\u00e9ret:<\/strong> diszkr\u00e9t, m\u00e9gis hat\u00e9kony.<\/li>\n<li><strong>Szil\u00e1rd r\u00f6gz\u00edt\u00e9s:<\/strong> tart\u00f3ss\u00e1g \u00e9s stabilit\u00e1s haszn\u00e1lat k\u00f6zben.<\/li>\n<li><strong>Modern diz\u00e1jn:<\/strong> k\u00fcl\u00f6nb\u00f6z\u0151 h\u00e1tt\u00e9rvil\u00e1g\u00edt\u00e1si sz\u00ednek kiv\u00e1laszt\u00e1s\u00e1nak lehet\u0151s\u00e9ge.<\/li>\n<li><strong>Sokoldal\u00fas\u00e1g:<\/strong> j\u00e1rm\u0171vekhez \u00e9s szob\u00e1khoz.<\/li>\n<li><strong>K\u00fcl\u00f6nb\u00f6z\u0151 t\u00e1pell\u00e1t\u00e1si lehet\u0151s\u00e9gek:<\/strong> k\u00e9nyelmes haszn\u00e1lat sz\u00e1mos k\u00f6r\u00fclm\u00e9nyek k\u00f6z\u00f6tt.<\/li>\n<\/ul>\n<h3 style=\"color: #014570; margin-top: 25px;\">A t\u00f6k\u00e9letes megold\u00e1s mindenkinek<\/h3>\n<p style=\"color: #555;\"><strong>Vasember LED t\u00e1bla<\/strong>\u00a0nagyszer\u0171 v\u00e1laszt\u00e1s azok sz\u00e1m\u00e1ra, akik<br \/>\nhat\u00e9kony \u00e9s funkcion\u00e1lis d\u00edsz\u00edt\u0151elem.<br \/>\nKiv\u00e1l\u00f3 min\u0151s\u00e9g\u0171 kidolgoz\u00e1s, modern megjelen\u00e9s \u00e9s intenz\u00edv h\u00e1tt\u00e9rvil\u00e1g\u00edt\u00e1s<br \/>\nide\u00e1liss\u00e1 teszi j\u00e1rm\u0171vek \u00e9s bels\u0151 terek szem\u00e9lyre szab\u00e1s\u00e1hoz.<\/p>\n<h3 style=\"color: #014570; margin-top: 25px;\">N\u00e9zd meg a t\u00f6bbi term\u00e9ket is<\/h3>\n<p style=\"color: #555;\">Ha ez <strong>LED panel<\/strong> nem felel meg az elv\u00e1r\u00e1saidnak,<br \/>\nmindenk\u00e9ppen tekintse meg tov\u00e1bbi panelmodelljeinket \u00e9s LED-kieg\u00e9sz\u00edt\u0151inket,<br \/>\nami jobban megfelelhet az ig\u00e9nyeidnek.<\/p>\n<p>&nbsp;<\/p>","protected":false},"excerpt":{"rendered":"<h3><span style=\"color: #004570;\">M\u0171szaki el\u0151\u00edr\u00e1s<\/span><\/h3>\n<ul>\n<li><strong><span style=\"color: #808080;\">T\u00e1pegys\u00e9g:<\/span> <\/strong>USB<span style=\"color: #808080;\"><br \/>\n<\/span><\/li>\n<li><span style=\"color: #808080;\"><strong>M\u00e9retek<\/strong>:<\/span> 20.5<span style=\"color: #808080;\"><span style=\"color: #000000;\">cm \u00d7 13,5 cm \u00d7 1,5 cm<\/span><br \/>\n<\/span><\/li>\n<li><span style=\"color: #808080;\"><strong>Telep\u00edt\u00e9s: <\/strong><\/span><span style=\"color: #ff00ff;\"><span style=\"color: #339966;\"><span style=\"color: #808080;\"><span style=\"color: #000000;\">K\u00e9t menetes tapad\u00f3korong<\/span><br \/>\n<\/span><\/span><\/span><\/li>\n<\/ul>\n<p><span style=\"color: #004570;\">\u00c1tfut\u00e1si id\u0151:<\/span> 1\u20133 munkanap<\/p>\n<p>Megadott \u00e1r<strong> 2 darab<\/strong>.<\/p>","protected":false},"featured_media":269365,"template":"","meta":{"_acf_changed":false},"product_brand":[681],"product_cat":[301],"product_tag":[700,699,702,701],"class_list":{"0":"post-264244","1":"product","2":"type-product","3":"status-publish","4":"has-post-thumbnail","6":"product_brand-3d-glowdrive-creations","7":"product_cat-tabliczki-naroznikowe-led","8":"product_tag-lightbox-tir","9":"product_tag-tabliczka-led-do-kabiny","10":"product_tag-tabliczka-led-tir","11":"product_tag-tuning-kabiny","12":"pa_kolor-led-bialy-zimny","13":"pa_kolor-led-czerwony","14":"pa_kolor-led-pomaranczowy","16":"first","17":"instock","18":"taxable","19":"shipping-taxable","20":"purchasable","21":"product-type-variable"},"acf":[],"yoast_head":"<!-- This site is optimized with the Yoast SEO Premium plugin v27.3 (Yoast SEO v27.3) - https:\/\/yoast.com\/product\/yoast-seo-premium-wordpress\/ -->\n<title>Tablica LED TIR, Lightbox, Iron Man<\/title>\n<meta name=\"description\" content=\"Tablica LED TIR, lightbox na przedni\u0105 szyb\u0119 ci\u0119\u017car\u00f3wki, wymiary 17 cm x 12 cm, zasilanie 24V, monta\u017c na gwintowane przyssawki.\" \/>\n<meta name=\"robots\" content=\"index, follow, max-snippet:-1, max-image-preview:large, max-video-preview:-1\" \/>\n<link rel=\"canonical\" href=\"https:\/\/3dgdc.pl\/hu\/termek\/vasember-teherauto-led-tabla\/\" \/>\n<meta property=\"og:locale\" content=\"hu_HU\" \/>\n<meta property=\"og:type\" content=\"article\" \/>\n<meta property=\"og:title\" content=\"Tabliczki LED TIR | Personalizacja Twojej Ci\u0119\u017car\u00f3wki\" \/>\n<meta property=\"og:description\" content=\"Pod\u015bwietlane emblematy | Tabliczki naro\u017cnikowe LED | Uszy pod lusterka | O\u015bwietlenie kabiny | O\u015bwietlenie kabiny | Obrys\u00f3wki LED\" \/>\n<meta property=\"og:url\" content=\"https:\/\/3dgdc.pl\/hu\/termek\/vasember-teherauto-led-tabla\/\" \/>\n<meta property=\"og:site_name\" content=\"3D GlowDrive Creations | Pod\u015bwietlane Emblematy LED\" \/>\n<meta property=\"article:publisher\" content=\"https:\/\/www.facebook.com\/profile.php?id=61565630297137&amp;locale=pl_PL\" \/>\n<meta property=\"article:modified_time\" content=\"2025-10-24T20:18:12+00:00\" \/>\n<meta property=\"og:image\" content=\"https:\/\/3dgdc.pl\/wp-content\/uploads\/2025\/04\/5-3-1.jpg\" \/>\n\t<meta property=\"og:image:width\" content=\"900\" \/>\n\t<meta property=\"og:image:height\" content=\"900\" \/>\n\t<meta property=\"og:image:type\" content=\"image\/jpeg\" \/>\n<meta name=\"twitter:card\" content=\"summary_large_image\" \/>\n<meta name=\"twitter:label1\" content=\"El\u00e9rhet\u0151s\u00e9g\" \/>\n\t<meta name=\"twitter:data1\" content=\"K\u00e9szleten\" \/>\n<script type=\"application\/ld+json\" class=\"yoast-schema-graph\">{\"@context\":\"https:\\\/\\\/schema.org\",\"@graph\":[{\"@type\":\"WebPage\",\"@id\":\"https:\\\/\\\/3dgdc.pl\\\/produkt\\\/tablica-led-tir-iron-man\\\/\",\"url\":\"https:\\\/\\\/3dgdc.pl\\\/produkt\\\/tablica-led-tir-iron-man\\\/\",\"name\":\"Tablica LED TIR, Lightbox, Iron Man\",\"isPartOf\":{\"@id\":\"https:\\\/\\\/3dgdc.pl\\\/#website\"},\"primaryImageOfPage\":{\"@id\":\"https:\\\/\\\/3dgdc.pl\\\/produkt\\\/tablica-led-tir-iron-man\\\/#primaryimage\"},\"image\":{\"@id\":\"https:\\\/\\\/3dgdc.pl\\\/produkt\\\/tablica-led-tir-iron-man\\\/#primaryimage\"},\"thumbnailUrl\":\"https:\\\/\\\/3dgdc.pl\\\/wp-content\\\/uploads\\\/2025\\\/04\\\/5-3-1.jpg\",\"datePublished\":\"2025-04-09T17:13:00+00:00\",\"dateModified\":\"2025-10-24T20:18:12+00:00\",\"description\":\"Tablica LED TIR, lightbox na przedni\u0105 szyb\u0119 ci\u0119\u017car\u00f3wki, wymiary 17 cm x 12 cm, zasilanie 24V, monta\u017c na gwintowane przyssawki.\",\"breadcrumb\":{\"@id\":\"https:\\\/\\\/3dgdc.pl\\\/produkt\\\/tablica-led-tir-iron-man\\\/#breadcrumb\"},\"inLanguage\":\"hu\",\"potentialAction\":[{\"@type\":\"ReadAction\",\"target\":[\"https:\\\/\\\/3dgdc.pl\\\/produkt\\\/tablica-led-tir-iron-man\\\/\"]}]},{\"@type\":\"ImageObject\",\"inLanguage\":\"hu\",\"@id\":\"https:\\\/\\\/3dgdc.pl\\\/produkt\\\/tablica-led-tir-iron-man\\\/#primaryimage\",\"url\":\"https:\\\/\\\/3dgdc.pl\\\/wp-content\\\/uploads\\\/2025\\\/04\\\/5-3-1.jpg\",\"contentUrl\":\"https:\\\/\\\/3dgdc.pl\\\/wp-content\\\/uploads\\\/2025\\\/04\\\/5-3-1.jpg\",\"width\":900,\"height\":900,\"caption\":\"tabliczka led tir\"},{\"@type\":\"BreadcrumbList\",\"@id\":\"https:\\\/\\\/3dgdc.pl\\\/produkt\\\/tablica-led-tir-iron-man\\\/#breadcrumb\",\"itemListElement\":[{\"@type\":\"ListItem\",\"position\":1,\"name\":\"Strona g\u0142\u00f3wna\",\"item\":\"https:\\\/\\\/3dgdc.pl\\\/de\\\/\"},{\"@type\":\"ListItem\",\"position\":2,\"name\":\"Sklep\",\"item\":\"https:\\\/\\\/3dgdc.pl\\\/de\\\/led-zubehor-lkw-kennzeichen-beleuchtete-beschriftungen\\\/\"},{\"@type\":\"ListItem\",\"position\":3,\"name\":\"Tabliczki Naro\u017cnikowe LED\",\"item\":\"https:\\\/\\\/3dgdc.pl\\\/kategoria-produktu\\\/tabliczki-naroznikowe-led\\\/\"},{\"@type\":\"ListItem\",\"position\":4,\"name\":\"Tabliczka naro\u017cnikowa LED &#8211; Iron Man\"}]},{\"@type\":\"WebSite\",\"@id\":\"https:\\\/\\\/3dgdc.pl\\\/#website\",\"url\":\"https:\\\/\\\/3dgdc.pl\\\/\",\"name\":\"https:\\\/\\\/3dgdc.pl\\\/\",\"description\":\"Pod\u015bwietlane Emblematy i Akcesoria LED do Ci\u0105gnik\u00f3w Siod\u0142owych i Rolniczych\",\"publisher\":{\"@id\":\"https:\\\/\\\/3dgdc.pl\\\/#organization\"},\"potentialAction\":[{\"@type\":\"SearchAction\",\"target\":{\"@type\":\"EntryPoint\",\"urlTemplate\":\"https:\\\/\\\/3dgdc.pl\\\/?s={search_term_string}\"},\"query-input\":{\"@type\":\"PropertyValueSpecification\",\"valueRequired\":true,\"valueName\":\"search_term_string\"}}],\"inLanguage\":\"hu\"},{\"@type\":\"Organization\",\"@id\":\"https:\\\/\\\/3dgdc.pl\\\/#organization\",\"name\":\"3D GlowDrive Creations\",\"alternateName\":\"Gadzety LED Do Aut Ci\u0119\u017carowych\",\"url\":\"https:\\\/\\\/3dgdc.pl\\\/\",\"logo\":{\"@type\":\"ImageObject\",\"inLanguage\":\"hu\",\"@id\":\"https:\\\/\\\/3dgdc.pl\\\/#\\\/schema\\\/logo\\\/image\\\/\",\"url\":\"https:\\\/\\\/3dgdc.pl\\\/wp-content\\\/uploads\\\/2025\\\/05\\\/prof_obszar-roboczy-1-kopia-scaled.png\",\"contentUrl\":\"https:\\\/\\\/3dgdc.pl\\\/wp-content\\\/uploads\\\/2025\\\/05\\\/prof_obszar-roboczy-1-kopia-scaled.png\",\"width\":2560,\"height\":2560,\"caption\":\"3D GlowDrive Creations\"},\"image\":{\"@id\":\"https:\\\/\\\/3dgdc.pl\\\/#\\\/schema\\\/logo\\\/image\\\/\"},\"sameAs\":[\"https:\\\/\\\/www.facebook.com\\\/profile.php?id=61565630297137&locale=pl_PL\",\"https:\\\/\\\/www.instagram.com\\\/3dglowdrivecreations\\\/\",\"https:\\\/\\\/www.tiktok.com\\\/@ledtruckbudges\"],\"description\":\"Jeste\u015bmy dynamiczn\u0105 firm\u0105 specjalizuj\u0105c\u0105 si\u0119 w tworzeniu wysokiej jako\u015bci akcesori\u00f3w LED do samochod\u00f3w ci\u0119\u017carowych. Nasza oferta obejmuje innowacyjne produkty, takie jak LED-owe emblematy, pod\u015bwietlane litery oraz spersonalizowane gad\u017cety reklamowe. Wszystkie nasze produkty cechuj\u0105 si\u0119 nowoczesnym designem, trwa\u0142o\u015bci\u0105 oraz dba\u0142o\u015bci\u0105 o bezpiecze\u0144stwo u\u017cytkowania. Dzi\u0119ki pasji i zaanga\u017cowaniu zapewniamy klientom wyj\u0105tkowe rozwi\u0105zania, kt\u00f3re podkre\u015blaj\u0105 indywidualny styl ich pojazd\u00f3w.\",\"email\":\"3dglowdrivecreations@gmail.com\",\"telephone\":\"725038684\",\"legalName\":\"3D GlowDrive Creations\",\"foundingDate\":\"2024-05-02\",\"vatID\":\"5783170027\",\"taxID\":\"5783170027\",\"numberOfEmployees\":{\"@type\":\"QuantitativeValue\",\"minValue\":\"1\",\"maxValue\":\"10\"},\"hasMerchantReturnPolicy\":{\"@type\":\"MerchantReturnPolicy\",\"merchantReturnLink\":\"https:\\\/\\\/3dgdc.pl\\\/hu\\\/polityka-zwrotow\\\/\"}}]}<\/script>\n<meta property=\"og:availability\" content=\"instock\" \/>\n<meta property=\"product:availability\" content=\"instock\" \/>\n<meta property=\"product:retailer_item_id\" content=\"TAB-LED-IM\" \/>\n<meta property=\"product:condition\" content=\"new\" \/>\n<!-- \/ Yoast SEO Premium plugin. -->","yoast_head_json":{"title":"LED TIR t\u00e1bla, vil\u00e1g\u00edt\u00f3doboz, Vasember","description":"LED-es TIR t\u00e1bla, teheraut\u00f3 sz\u00e9lv\u00e9d\u0151re szerelhet\u0151 vil\u00e1g\u00edt\u00f3 doboz, m\u00e9retek 17 cm x 12 cm, 24V-os t\u00e1pegys\u00e9g, menetes tapad\u00f3korongokkal r\u00f6gz\u00edthet\u0151.","robots":{"index":"index","follow":"follow","max-snippet":"max-snippet:-1","max-image-preview":"max-image-preview:large","max-video-preview":"max-video-preview:-1"},"canonical":"https:\/\/3dgdc.pl\/hu\/termek\/vasember-teherauto-led-tabla\/","og_locale":"hu_HU","og_type":"article","og_title":"Tabliczki LED TIR | Personalizacja Twojej Ci\u0119\u017car\u00f3wki","og_description":"Pod\u015bwietlane emblematy | Tabliczki naro\u017cnikowe LED | Uszy pod lusterka | O\u015bwietlenie kabiny | O\u015bwietlenie kabiny | Obrys\u00f3wki LED","og_url":"https:\/\/3dgdc.pl\/hu\/termek\/vasember-teherauto-led-tabla\/","og_site_name":"3D GlowDrive Creations | Pod\u015bwietlane Emblematy LED","article_publisher":"https:\/\/www.facebook.com\/profile.php?id=61565630297137&locale=pl_PL","article_modified_time":"2025-10-24T20:18:12+00:00","og_image":[{"width":900,"height":900,"url":"https:\/\/3dgdc.pl\/wp-content\/uploads\/2025\/04\/5-3-1.jpg","type":"image\/jpeg"}],"twitter_card":"summary_large_image","twitter_misc":{"El\u00e9rhet\u0151s\u00e9g":"K\u00e9szleten"},"schema":{"@context":"https:\/\/schema.org","@graph":[{"@type":"WebPage","@id":"https:\/\/3dgdc.pl\/produkt\/tablica-led-tir-iron-man\/","url":"https:\/\/3dgdc.pl\/produkt\/tablica-led-tir-iron-man\/","name":"LED TIR t\u00e1bla, vil\u00e1g\u00edt\u00f3doboz, Vasember","isPartOf":{"@id":"https:\/\/3dgdc.pl\/#website"},"primaryImageOfPage":{"@id":"https:\/\/3dgdc.pl\/produkt\/tablica-led-tir-iron-man\/#primaryimage"},"image":{"@id":"https:\/\/3dgdc.pl\/produkt\/tablica-led-tir-iron-man\/#primaryimage"},"thumbnailUrl":"https:\/\/3dgdc.pl\/wp-content\/uploads\/2025\/04\/5-3-1.jpg","datePublished":"2025-04-09T17:13:00+00:00","dateModified":"2025-10-24T20:18:12+00:00","description":"LED-es TIR t\u00e1bla, teheraut\u00f3 sz\u00e9lv\u00e9d\u0151re szerelhet\u0151 vil\u00e1g\u00edt\u00f3 doboz, m\u00e9retek 17 cm x 12 cm, 24V-os t\u00e1pegys\u00e9g, menetes tapad\u00f3korongokkal r\u00f6gz\u00edthet\u0151.","breadcrumb":{"@id":"https:\/\/3dgdc.pl\/produkt\/tablica-led-tir-iron-man\/#breadcrumb"},"inLanguage":"hu","potentialAction":[{"@type":"ReadAction","target":["https:\/\/3dgdc.pl\/produkt\/tablica-led-tir-iron-man\/"]}]},{"@type":"ImageObject","inLanguage":"hu","@id":"https:\/\/3dgdc.pl\/produkt\/tablica-led-tir-iron-man\/#primaryimage","url":"https:\/\/3dgdc.pl\/wp-content\/uploads\/2025\/04\/5-3-1.jpg","contentUrl":"https:\/\/3dgdc.pl\/wp-content\/uploads\/2025\/04\/5-3-1.jpg","width":900,"height":900,"caption":"tabliczka led tir"},{"@type":"BreadcrumbList","@id":"https:\/\/3dgdc.pl\/produkt\/tablica-led-tir-iron-man\/#breadcrumb","itemListElement":[{"@type":"ListItem","position":1,"name":"Strona g\u0142\u00f3wna","item":"https:\/\/3dgdc.pl\/de\/"},{"@type":"ListItem","position":2,"name":"Sklep","item":"https:\/\/3dgdc.pl\/de\/led-zubehor-lkw-kennzeichen-beleuchtete-beschriftungen\/"},{"@type":"ListItem","position":3,"name":"Tabliczki Naro\u017cnikowe LED","item":"https:\/\/3dgdc.pl\/kategoria-produktu\/tabliczki-naroznikowe-led\/"},{"@type":"ListItem","position":4,"name":"Tabliczka naro\u017cnikowa LED &#8211; Iron Man"}]},{"@type":"WebSite","@id":"https:\/\/3dgdc.pl\/#website","url":"https:\/\/3dgdc.pl\/","name":"https:\/\/3dgdc.pl\/","description":"Megvil\u00e1g\u00edtott LED embl\u00e9m\u00e1k \u00e9s kieg\u00e9sz\u00edt\u0151k traktorokhoz \u00e9s mez\u0151gazdas\u00e1gi teheraut\u00f3khoz","publisher":{"@id":"https:\/\/3dgdc.pl\/#organization"},"potentialAction":[{"@type":"SearchAction","target":{"@type":"EntryPoint","urlTemplate":"https:\/\/3dgdc.pl\/?s={search_term_string}"},"query-input":{"@type":"PropertyValueSpecification","valueRequired":true,"valueName":"search_term_string"}}],"inLanguage":"hu"},{"@type":"Organization","@id":"https:\/\/3dgdc.pl\/#organization","name":"3D GlowDrive alkot\u00e1sok","alternateName":"Gadzety LED Do Aut Ci\u0119\u017carowych","url":"https:\/\/3dgdc.pl\/","logo":{"@type":"ImageObject","inLanguage":"hu","@id":"https:\/\/3dgdc.pl\/#\/schema\/logo\/image\/","url":"https:\/\/3dgdc.pl\/wp-content\/uploads\/2025\/05\/prof_obszar-roboczy-1-kopia-scaled.png","contentUrl":"https:\/\/3dgdc.pl\/wp-content\/uploads\/2025\/05\/prof_obszar-roboczy-1-kopia-scaled.png","width":2560,"height":2560,"caption":"3D GlowDrive Creations"},"image":{"@id":"https:\/\/3dgdc.pl\/#\/schema\/logo\/image\/"},"sameAs":["https:\/\/www.facebook.com\/profile.php?id=61565630297137&locale=pl_PL","https:\/\/www.instagram.com\/3dglowdrivecreations\/","https:\/\/www.tiktok.com\/@ledtruckbudges"],"description":"Dinamikus v\u00e1llalatk\u00e9nt kiv\u00e1l\u00f3 min\u0151s\u00e9g\u0171 LED-es teheraut\u00f3-kieg\u00e9sz\u00edt\u0151k k\u00e9sz\u00edt\u00e9s\u00e9re specializ\u00e1l\u00f3dtunk. K\u00edn\u00e1latunkban olyan innovat\u00edv term\u00e9kek tal\u00e1lhat\u00f3k, mint a LED-es embl\u00e9m\u00e1k, vil\u00e1g\u00edt\u00f3 bet\u0171k \u00e9s szem\u00e9lyre szabott rekl\u00e1meszk\u00f6z\u00f6k. Minden term\u00e9k\u00fcnket a modern diz\u00e1jn, a tart\u00f3ss\u00e1g \u00e9s a biztons\u00e1gos haszn\u00e1lat jellemzi. Szenved\u00e9ly\u00fcnknek \u00e9s elk\u00f6telezetts\u00e9g\u00fcnknek k\u00f6sz\u00f6nhet\u0151en egyedi megold\u00e1sokat k\u00edn\u00e1lunk \u00fcgyfeleinknek, amelyek kiemelik j\u00e1rm\u0171veik egyedi st\u00edlus\u00e1t.","email":"3dglowdrivecreations@gmail.com","telephone":"725038684","legalName":"3D GlowDrive Creations","foundingDate":"2024-05-02","vatID":"5783170027","taxID":"5783170027","numberOfEmployees":{"@type":"QuantitativeValue","minValue":"1","maxValue":"10"},"hasMerchantReturnPolicy":{"@type":"MerchantReturnPolicy","merchantReturnLink":"https:\/\/3dgdc.pl\/hu\/polityka-zwrotow\/"}}]},"og_availability":"instock","product_availability":"instock","product_retailer_item_id":"TAB-LED-IM","product_condition":"new"},"_links":{"self":[{"href":"https:\/\/3dgdc.pl\/hu\/wp-json\/wp\/v2\/product\/264244","targetHints":{"allow":["GET"]}}],"collection":[{"href":"https:\/\/3dgdc.pl\/hu\/wp-json\/wp\/v2\/product"}],"about":[{"href":"https:\/\/3dgdc.pl\/hu\/wp-json\/wp\/v2\/types\/product"}],"version-history":[{"count":5,"href":"https:\/\/3dgdc.pl\/hu\/wp-json\/wp\/v2\/product\/264244\/revisions"}],"predecessor-version":[{"id":276751,"href":"https:\/\/3dgdc.pl\/hu\/wp-json\/wp\/v2\/product\/264244\/revisions\/276751"}],"wp:featuredmedia":[{"embeddable":true,"href":"https:\/\/3dgdc.pl\/hu\/wp-json\/wp\/v2\/media\/269365"}],"wp:attachment":[{"href":"https:\/\/3dgdc.pl\/hu\/wp-json\/wp\/v2\/media?parent=264244"}],"wp:term":[{"taxonomy":"product_brand","embeddable":true,"href":"https:\/\/3dgdc.pl\/hu\/wp-json\/wp\/v2\/product_brand?post=264244"},{"taxonomy":"product_cat","embeddable":true,"href":"https:\/\/3dgdc.pl\/hu\/wp-json\/wp\/v2\/product_cat?post=264244"},{"taxonomy":"product_tag","embeddable":true,"href":"https:\/\/3dgdc.pl\/hu\/wp-json\/wp\/v2\/product_tag?post=264244"}],"curies":[{"name":"munkaf\u00fczet","href":"https:\/\/api.w.org\/{rel}","templated":true}]}}