{"id":262354,"date":"2025-03-07T05:07:00","date_gmt":"2025-03-07T04:07:00","guid":{"rendered":"https:\/\/3dgdc.pl\/?post_type=product&#038;p=262354"},"modified":"2026-04-02T09:05:52","modified_gmt":"2026-04-02T07:05:52","slug":"megvilagitott-claas-logo","status":"publish","type":"product","link":"https:\/\/3dgdc.pl\/hu\/produkt\/podswietlane-logo-claas\/","title":{"rendered":"Megvil\u00e1g\u00edtott log\u00f3 - Claas"},"content":{"rendered":"<h2><span style=\"color: #004570;\"><strong>Claas log\u00f3s LED<\/strong> \u2013 Adjon egyedi megjelen\u00e9st j\u00e1rm\u0171v\u00e9nek megvil\u00e1g\u00edtott LED embl\u00e9m\u00e1nkkal <strong>Claas<\/strong>.<\/span><\/h2>\n<p>Ez a term\u00e9k nemcsak eszt\u00e9tikai kieg\u00e9sz\u00edt\u0151, hanem funkcion\u00e1lis elem is, amely t\u00f6k\u00e9letesen megfelel mind a m\u00e1rka szerelmeseinek, mind a professzion\u00e1lis g\u00e9pek felhaszn\u00e1l\u00f3inak ig\u00e9nyeinek.<\/p>\n<h2><span style=\"color: #004570;\">Tart\u00f3ss\u00e1g \u00e9s modern diz\u00e1jn<\/span><\/h2>\n<p>A motorh\u00e1ztet\u0151n tal\u00e1lhat\u00f3 log\u00f3t a tart\u00f3ss\u00e1g \u00e9s a k\u00fcl\u00f6nf\u00e9le id\u0151j\u00e1r\u00e1si viszonyokkal szembeni ellen\u00e1ll\u00e1s szem el\u0151tt tart\u00e1s\u00e1val alkottuk meg. A kiv\u00e1l\u00f3 min\u0151s\u00e9g\u0171 anyagok \u00e9s a modern gy\u00e1rt\u00e1si technol\u00f3gi\u00e1k haszn\u00e1lat\u00e1nak k\u00f6sz\u00f6nhet\u0151en garant\u00e1ljuk, hogy a jelk\u00e9p \u00e9vekig remek\u00fcl fog kin\u00e9zni.<\/p>\n<ul>\n<li>Tart\u00f3s, karc\u00e1ll\u00f3 anyagb\u00f3l k\u00e9sz\u00fclt.<\/li>\n<li>Nagy f\u00e9nyerej\u0171 LED h\u00e1tt\u00e9rvil\u00e1g\u00edt\u00e1s.<\/li>\n<li>IP67 v\u00e9delmi oszt\u00e1ly \u2013 v\u00edz-, por- \u00e9s nedvess\u00e9g\u00e1ll\u00f3.<\/li>\n<\/ul>\n<h3><span style=\"color: #004570;\">LED-embl\u00e9m\u00e1k gy\u00e1rt\u00e1s\u00e1ra specializ\u00e1l\u00f3d\u00e1s<\/span><\/h3>\n<p>C\u00e9g\u00fcnk szem\u00e9lyre szabott LED embl\u00e9m\u00e1k k\u00e9sz\u00edt\u00e9s\u00e9re specializ\u00e1l\u00f3dott. Sok \u00e9ves tapasztalatunk lehet\u0151v\u00e9 teszi sz\u00e1munkra, hogy olyan term\u00e9keket k\u00edn\u00e1ljunk, amelyek a modern diz\u00e1jnt \u00f6tv\u00f6zik a megb\u00edzhat\u00f3s\u00e1ggal. <strong>Claas<\/strong><strong>\u00a0led-log\u00f3<\/strong> az egyik legkelend\u0151bb term\u00e9k\u00fcnk a k\u00edn\u00e1latunkban, amely t\u00f6k\u00e9letes kidolgoz\u00e1s\u00e1nak \u00e9s minden r\u00e9szletre kiterjed\u0151 odafigyel\u00e9s\u00e9nek k\u00f6sz\u00f6nhet\u0151en v\u00edvta ki a v\u00e1s\u00e1rl\u00f3k elismer\u00e9s\u00e9t.<\/p>\n<h3><span style=\"color: #004570;\">Mi\u00e9rt v\u00e1lasszon megvil\u00e1g\u00edtott jelv\u00e9nyt? <strong>Claas<\/strong>?<\/span><\/h3>\n<ul>\n<li><strong>Eszt\u00e9tika \u00e9s funkcionalit\u00e1s:<\/strong> A megvil\u00e1g\u00edtott Claas LED embl\u00e9ma modern megjelen\u00e9st k\u00f6lcs\u00f6n\u00f6z j\u00e1rm\u0171v\u00e9nek, mik\u00f6zben jav\u00edtja a l\u00e1that\u00f3s\u00e1got gyenge f\u00e9nyviszonyok k\u00f6z\u00f6tt.<\/li>\n<li><strong>Tart\u00f3ss\u00e1g \u00e9s megb\u00edzhat\u00f3s\u00e1g:<\/strong> Ellen\u00e1ll a magas h\u0151m\u00e9rs\u00e9kletnek \u00e9s p\u00e1ratartalomnak.<\/li>\n<\/ul>\n<h3><span style=\"color: #004570;\">M\u0171szaki el\u0151\u00edr\u00e1s<\/span><\/h3>\n<ul>\n<li><span style=\"color: #808080;\"><strong>M\u00e9retek:<\/strong> Pontosan illeszkedik az eredeti log\u00f3hoz <strong>Claas<\/strong>.<\/span><\/li>\n<li><span style=\"color: #808080;\"><strong>LED-es h\u00e1tt\u00e9rvil\u00e1g\u00edt\u00e1s:<\/strong> Feh\u00e9r.<\/span><\/li>\n<li><span style=\"color: #808080;\"><strong>Garancia:<\/strong> 3 \u00e9ves.<\/span><\/li>\n<\/ul>\n<h3><span style=\"color: #004570;\">Garancia \u00e9s t\u00e1mogat\u00e1s<\/span><\/h3>\n<p>V\u00e1s\u00e1rl\u00e1skor <strong>Claas<\/strong><strong>\u00a0log\u00f3<\/strong> A p\u00e1raelsz\u00edv\u00f3ra 3 \u00e9v garanci\u00e1t kapsz. Ez bizony\u00edtja elk\u00f6telezetts\u00e9g\u00fcnket a legmagasabb min\u0151s\u00e9g\u0171 term\u00e9kek biztos\u00edt\u00e1sa ir\u00e1nt. Ha b\u00e1rmilyen probl\u00e9ma mer\u00fcl fel, csapatunk gyorsan \u00e9s hat\u00e9konyan megoldja azokat, \u00e9s \u00d6nnek semmilyen t\u00f6bbletk\u00f6lts\u00e9get nem kell fizetnie.<\/p>\n<h3><span style=\"color: #004570;\">T\u00f6k\u00e9letes v\u00e1laszt\u00e1s rajong\u00f3knak <strong>Claas<\/strong><\/span><\/h3>\n<p>Megvil\u00e1g\u00edtott log\u00f3 <strong>Claas<\/strong>\u00a0Mert a motorh\u00e1ztet\u0151 nem csup\u00e1n dekor\u00e1ci\u00f3 \u2013 egy m\u00f3dja annak, hogy kihangs\u00falyozd a legend\u00e1s m\u00e1rka ir\u00e1nti szenved\u00e9lyedet. A modern vil\u00e1g\u00edt\u00e1snak k\u00f6sz\u00f6nhet\u0151en j\u00e1rm\u0171ved kit\u0171nik majd az utakon \u00e9s a mez\u0151gazdas\u00e1gi g\u00e9pversenyeken.<\/p>\n<h3><span style=\"color: #004570;\">\u00c1tfut\u00e1si id\u0151 \u00e9s el\u00e9rhet\u0151s\u00e9g<\/span><\/h3>\n<p>A megrendel\u00e9seket 4 munkanapon bel\u00fcl feldolgozzuk, hogy az \u00faj jelv\u00e9ny\u00e9t a lehet\u0151 leggyorsabban kisz\u00e1ll\u00edthassuk. <strong>Claas<\/strong>\u00a0a maszkon. Term\u00e9k\u00fcnk limit\u00e1lt sz\u00e9ri\u00e1ban kaphat\u00f3.<\/p>\n<h3><span style=\"color: #004570;\">Log\u00f3 <strong>Claas<\/strong> mez\u0151gazdas\u00e1gi g\u00e9peken<\/span><\/h3>\n<p>Log\u00f3 <strong>Claas<\/strong>\u00a0sokkal t\u00f6bb, mint egy v\u00e9djegy. A megb\u00edzhat\u00f3s\u00e1g, a hagyom\u00e1ny \u00e9s az innov\u00e1ci\u00f3 szimb\u00f3luma, amely \u00e9vek \u00f3ta d\u00edsz\u00edti a m\u00e1rka mez\u0151gazdas\u00e1gi g\u00e9peit \u2013 az er\u0151teljes komb\u00e1jnokt\u00f3l a tart\u00f3s traktorokig. Sok gazd\u00e1lkod\u00f3 sz\u00e1m\u00e1ra ez nem csup\u00e1n egy grafika, hanem a min\u0151s\u00e9g \u00e9s a megb\u00edzhat\u00f3s\u00e1g \u00edg\u00e9rete. Amikor ezt a jelz\u00e9st l\u00e1tj\u00e1k, egy dolgot tudnak: ez a berendez\u00e9s nem fogja \u0151ket cserbenhagyni, m\u00e9g a legnehezebb k\u00f6r\u00fclm\u00e9nyek k\u00f6z\u00f6tt sem.<\/p>\n<h3><span style=\"color: #004570;\"><strong>Claas<\/strong> - t\u00f6bb mint egy m\u00e1rka<\/span><\/h3>\n<p>Ha a m\u00e1rka rajong\u00f3ja vagy <strong>Claas<\/strong>, biztosan \u00e9rt\u00e9kelni fogja a log\u00f3val ell\u00e1tott dekor\u00e1ci\u00f3kat \u00e9s k\u00fcty\u00fcket <strong>Claas<\/strong>Ezek nemcsak eszt\u00e9tikai kieg\u00e9sz\u00edt\u0151i otthon\u00e1nak, irod\u00e1j\u00e1nak vagy m\u0171hely\u00e9nek, hanem \u00e9rt\u00e9kei \u00e9s szenved\u00e9lyei kifejez\u0151d\u00e9sei is. <strong>Claas<\/strong>\u00a0nem csup\u00e1n mez\u0151gazdas\u00e1gi g\u00e9pek \u2013 a megb\u00edzhat\u00f3s\u00e1g, a hagyom\u00e1ny \u00e9s az \u00e9let modern megk\u00f6zel\u00edt\u00e9s\u00e9nek szimb\u00f3lumai.<\/p>\n<h3><span style=\"color: #004570;\">Megvil\u00e1g\u00edtott <strong>Claas<\/strong> motorh\u00e1ztet\u0151 log\u00f3 \u2013 rendelj m\u00e9g ma!<\/span><\/h3>\n<p>Ne v\u00e1rjon \u2013 emelje ki j\u00e1rm\u0171v\u00e9t a t\u00f6megb\u0151l embl\u00e9m\u00e1nkkal! <strong>Claas<\/strong>\u00a0a maszkhoz. L\u00e9pjen kapcsolatba vel\u00fcnk, vagy rendeljen online, hogy \u00e9lvezhesse ezt az egyedi term\u00e9ket, amely az eszt\u00e9tik\u00e1t a funkcionalit\u00e1ssal \u00f6tv\u00f6zi.<\/p>","protected":false},"excerpt":{"rendered":"<p><span style=\"color: #004570;\"><strong>V\u00e9grehajt\u00e1s:<\/strong><\/span> 1\u20133 nap<\/p>\n<p><span style=\"color: #333399;\">Specifik\u00e1ci\u00f3:<br \/>\n<\/span><span style=\"color: #000000;\"><strong>LED: <\/strong>Feh\u00e9r<br \/>\n<\/span><span style=\"color: #000000;\"><strong>T\u00e1pegys\u00e9g:<\/strong> 12 V<br \/>\n<\/span><span style=\"color: #000000;\"><strong>Anyag:<\/strong>\u00a0ABS<br \/>\n<\/span><span style=\"color: #000000;\"><strong><span style=\"color: #000000;\">M\u00e9ret\/szerel\u00e9s<\/span>:<\/strong> A kiv\u00e1lasztott modellhez illesztve + 2x m4\u00a0<\/span><\/p>\n<div style=\"width: 800px;\" class=\"wp-video\"><video class=\"wp-video-shortcode\" id=\"video-262354-1\" width=\"800\" height=\"800\" preload=\"metadata\" controls=\"controls\"><source type=\"video\/mp4\" src=\"https:\/\/3dgdc.pl\/wp-content\/uploads\/2025\/03\/20260401_191947.mp4?_=1\" \/><a href=\"https:\/\/3dgdc.pl\/wp-content\/uploads\/2025\/03\/20260401_191947.mp4\">https:\/\/3dgdc.pl\/wp-content\/uploads\/2025\/03\/20260401_191947.mp4<\/a><\/video><\/div>\n<hr \/>\n<p>&nbsp;<\/p>","protected":false},"featured_media":274017,"template":"","meta":{"_acf_changed":false},"product_brand":[681],"product_cat":[644,299],"product_tag":[539,321,332],"class_list":{"0":"post-262354","1":"product","2":"type-product","3":"status-publish","4":"has-post-thumbnail","6":"product_brand-3d-glowdrive-creations","7":"product_cat-ciagniki-rolnicze-led-emblem","8":"product_cat-podswietlane-napisy","9":"product_tag-claas","10":"product_tag-emblematy","11":"product_tag-logo","12":"pa_producent-3d-glowdrive-creations","13":"pa_wymiar-20cm","14":"pa_wymiar-28cm","16":"first","17":"instock","18":"taxable","19":"shipping-taxable","20":"purchasable","21":"product-type-variable"},"acf":[],"yoast_head":"<!-- This site is optimized with the Yoast SEO Premium plugin v27.3 (Yoast SEO v27.3) - https:\/\/yoast.com\/product\/yoast-seo-premium-wordpress\/ -->\n<title>Pod\u015bwietlane logo Claas<\/title>\n<meta name=\"description\" content=\"Pod\u015bwietlane logo Claas to idealny wyb\u00f3r dla mi\u0142o\u015bnik\u00f3w tej marki, kt\u00f3rzy chc\u0105 nada\u0107 swojemu ci\u0105gnikowi nowoczesnego wygl\u0105du.\" \/>\n<meta name=\"robots\" content=\"index, follow, max-snippet:-1, max-image-preview:large, max-video-preview:-1\" \/>\n<link rel=\"canonical\" href=\"https:\/\/3dgdc.pl\/hu\/termek\/megvilagitott-claas-logo\/\" \/>\n<meta property=\"og:locale\" content=\"hu_HU\" \/>\n<meta property=\"og:type\" content=\"article\" \/>\n<meta property=\"og:title\" content=\"Claas Logo LED: Doskona\u0142o\u015b\u0107 w Ka\u017cdym Detalu\" \/>\n<meta property=\"og:description\" content=\"Pod\u015bwietlane logo Claas to idealny wyb\u00f3r dla mi\u0142o\u015bnik\u00f3w tej marki, kt\u00f3rzy chc\u0105 nada\u0107 swojemu ci\u0105gnikowi nowoczesnego wygl\u0105du.\" \/>\n<meta property=\"og:url\" content=\"https:\/\/3dgdc.pl\/hu\/termek\/megvilagitott-claas-logo\/\" \/>\n<meta property=\"og:site_name\" content=\"3D GlowDrive Creations | Pod\u015bwietlane Emblematy LED\" \/>\n<meta property=\"article:publisher\" content=\"https:\/\/www.facebook.com\/profile.php?id=61565630297137&amp;locale=pl_PL\" \/>\n<meta property=\"article:modified_time\" content=\"2026-04-02T07:05:52+00:00\" \/>\n<meta property=\"og:image\" content=\"https:\/\/3dgdc.pl\/wp-content\/uploads\/2025\/06\/claas.jpg\" \/>\n\t<meta property=\"og:image:width\" content=\"1024\" \/>\n\t<meta property=\"og:image:height\" content=\"1024\" \/>\n\t<meta property=\"og:image:type\" content=\"image\/jpeg\" \/>\n<meta name=\"twitter:card\" content=\"summary_large_image\" \/>\n<meta name=\"twitter:title\" content=\"Tabliczki LED TIR | Personalizacja Twojej Ci\u0119\u017car\u00f3wki\" \/>\n<meta name=\"twitter:description\" content=\"Pod\u015bwietlane emblematy | Tabliczki naro\u017cnikowe LED | Uszy pod lusterka | O\u015bwietlenie kabiny | O\u015bwietlenie kabiny | Obrys\u00f3wki LED\" \/>\n<meta name=\"twitter:label1\" content=\"El\u00e9rhet\u0151s\u00e9g\" \/>\n\t<meta name=\"twitter:data1\" content=\"K\u00e9szleten\" \/>\n<script type=\"application\/ld+json\" class=\"yoast-schema-graph\">{\"@context\":\"https:\\\/\\\/schema.org\",\"@graph\":[{\"@type\":\"WebPage\",\"@id\":\"https:\\\/\\\/3dgdc.pl\\\/produkt\\\/podswietlane-logo-claas\\\/\",\"url\":\"https:\\\/\\\/3dgdc.pl\\\/produkt\\\/podswietlane-logo-claas\\\/\",\"name\":\"Pod\u015bwietlane logo Claas\",\"isPartOf\":{\"@id\":\"https:\\\/\\\/3dgdc.pl\\\/#website\"},\"primaryImageOfPage\":{\"@id\":\"https:\\\/\\\/3dgdc.pl\\\/produkt\\\/podswietlane-logo-claas\\\/#primaryimage\"},\"image\":{\"@id\":\"https:\\\/\\\/3dgdc.pl\\\/produkt\\\/podswietlane-logo-claas\\\/#primaryimage\"},\"thumbnailUrl\":\"https:\\\/\\\/3dgdc.pl\\\/wp-content\\\/uploads\\\/2025\\\/06\\\/claas.jpg\",\"datePublished\":\"2025-03-07T04:07:00+00:00\",\"dateModified\":\"2026-04-02T07:05:52+00:00\",\"description\":\"Pod\u015bwietlane logo Claas to idealny wyb\u00f3r dla mi\u0142o\u015bnik\u00f3w tej marki, kt\u00f3rzy chc\u0105 nada\u0107 swojemu ci\u0105gnikowi nowoczesnego wygl\u0105du.\",\"breadcrumb\":{\"@id\":\"https:\\\/\\\/3dgdc.pl\\\/produkt\\\/podswietlane-logo-claas\\\/#breadcrumb\"},\"inLanguage\":\"hu\",\"potentialAction\":[{\"@type\":\"ReadAction\",\"target\":[\"https:\\\/\\\/3dgdc.pl\\\/produkt\\\/podswietlane-logo-claas\\\/\"]}]},{\"@type\":\"ImageObject\",\"inLanguage\":\"hu\",\"@id\":\"https:\\\/\\\/3dgdc.pl\\\/produkt\\\/podswietlane-logo-claas\\\/#primaryimage\",\"url\":\"https:\\\/\\\/3dgdc.pl\\\/wp-content\\\/uploads\\\/2025\\\/06\\\/claas.jpg\",\"contentUrl\":\"https:\\\/\\\/3dgdc.pl\\\/wp-content\\\/uploads\\\/2025\\\/06\\\/claas.jpg\",\"width\":1024,\"height\":1024,\"caption\":\"claas led emblem\"},{\"@type\":\"BreadcrumbList\",\"@id\":\"https:\\\/\\\/3dgdc.pl\\\/produkt\\\/podswietlane-logo-claas\\\/#breadcrumb\",\"itemListElement\":[{\"@type\":\"ListItem\",\"position\":1,\"name\":\"Strona g\u0142\u00f3wna\",\"item\":\"https:\\\/\\\/3dgdc.pl\\\/de\\\/\"},{\"@type\":\"ListItem\",\"position\":2,\"name\":\"Sklep\",\"item\":\"https:\\\/\\\/3dgdc.pl\\\/de\\\/led-zubehor-lkw-kennzeichen-beleuchtete-beschriftungen\\\/\"},{\"@type\":\"ListItem\",\"position\":3,\"name\":\"Pod\u015bwietlane Emblematy\",\"item\":\"https:\\\/\\\/3dgdc.pl\\\/de\\\/kategoria-produktu\\\/podswietlane-napisy\\\/\"},{\"@type\":\"ListItem\",\"position\":4,\"name\":\"Ci\u0105gniki Rolnicze\",\"item\":\"https:\\\/\\\/3dgdc.pl\\\/de\\\/kategoria-produktu\\\/podswietlane-napisy\\\/ciagniki-rolnicze-led-emblem\\\/\"},{\"@type\":\"ListItem\",\"position\":5,\"name\":\"Pod\u015bwietlane logo &#8211; Claas\"}]},{\"@type\":\"WebSite\",\"@id\":\"https:\\\/\\\/3dgdc.pl\\\/#website\",\"url\":\"https:\\\/\\\/3dgdc.pl\\\/\",\"name\":\"https:\\\/\\\/3dgdc.pl\\\/\",\"description\":\"Pod\u015bwietlane Emblematy i Akcesoria LED do Ci\u0105gnik\u00f3w Siod\u0142owych i Rolniczych\",\"publisher\":{\"@id\":\"https:\\\/\\\/3dgdc.pl\\\/#organization\"},\"potentialAction\":[{\"@type\":\"SearchAction\",\"target\":{\"@type\":\"EntryPoint\",\"urlTemplate\":\"https:\\\/\\\/3dgdc.pl\\\/?s={search_term_string}\"},\"query-input\":{\"@type\":\"PropertyValueSpecification\",\"valueRequired\":true,\"valueName\":\"search_term_string\"}}],\"inLanguage\":\"hu\"},{\"@type\":\"Organization\",\"@id\":\"https:\\\/\\\/3dgdc.pl\\\/#organization\",\"name\":\"3D GlowDrive Creations\",\"alternateName\":\"Gadzety LED Do Aut Ci\u0119\u017carowych\",\"url\":\"https:\\\/\\\/3dgdc.pl\\\/\",\"logo\":{\"@type\":\"ImageObject\",\"inLanguage\":\"hu\",\"@id\":\"https:\\\/\\\/3dgdc.pl\\\/#\\\/schema\\\/logo\\\/image\\\/\",\"url\":\"https:\\\/\\\/3dgdc.pl\\\/wp-content\\\/uploads\\\/2025\\\/05\\\/prof_obszar-roboczy-1-kopia-scaled.png\",\"contentUrl\":\"https:\\\/\\\/3dgdc.pl\\\/wp-content\\\/uploads\\\/2025\\\/05\\\/prof_obszar-roboczy-1-kopia-scaled.png\",\"width\":2560,\"height\":2560,\"caption\":\"3D GlowDrive Creations\"},\"image\":{\"@id\":\"https:\\\/\\\/3dgdc.pl\\\/#\\\/schema\\\/logo\\\/image\\\/\"},\"sameAs\":[\"https:\\\/\\\/www.facebook.com\\\/profile.php?id=61565630297137&locale=pl_PL\",\"https:\\\/\\\/www.instagram.com\\\/3dglowdrivecreations\\\/\",\"https:\\\/\\\/www.tiktok.com\\\/@ledtruckbudges\"],\"description\":\"Jeste\u015bmy dynamiczn\u0105 firm\u0105 specjalizuj\u0105c\u0105 si\u0119 w tworzeniu wysokiej jako\u015bci akcesori\u00f3w LED do samochod\u00f3w ci\u0119\u017carowych. Nasza oferta obejmuje innowacyjne produkty, takie jak LED-owe emblematy, pod\u015bwietlane litery oraz spersonalizowane gad\u017cety reklamowe. Wszystkie nasze produkty cechuj\u0105 si\u0119 nowoczesnym designem, trwa\u0142o\u015bci\u0105 oraz dba\u0142o\u015bci\u0105 o bezpiecze\u0144stwo u\u017cytkowania. Dzi\u0119ki pasji i zaanga\u017cowaniu zapewniamy klientom wyj\u0105tkowe rozwi\u0105zania, kt\u00f3re podkre\u015blaj\u0105 indywidualny styl ich pojazd\u00f3w.\",\"email\":\"3dglowdrivecreations@gmail.com\",\"telephone\":\"725038684\",\"legalName\":\"3D GlowDrive Creations\",\"foundingDate\":\"2024-05-02\",\"vatID\":\"5783170027\",\"taxID\":\"5783170027\",\"numberOfEmployees\":{\"@type\":\"QuantitativeValue\",\"minValue\":\"1\",\"maxValue\":\"10\"},\"hasMerchantReturnPolicy\":{\"@type\":\"MerchantReturnPolicy\",\"merchantReturnLink\":\"https:\\\/\\\/3dgdc.pl\\\/hu\\\/polityka-zwrotow\\\/\"}}]}<\/script>\n<meta property=\"og:availability\" content=\"instock\" \/>\n<meta property=\"product:availability\" content=\"instock\" \/>\n<meta property=\"product:retailer_item_id\" content=\"LOG-CLA\" \/>\n<meta property=\"product:condition\" content=\"new\" \/>\n<!-- \/ Yoast SEO Premium plugin. -->","yoast_head_json":{"title":"Megvil\u00e1g\u00edtott Claas log\u00f3","description":"A megvil\u00e1g\u00edtott Claas log\u00f3 t\u00f6k\u00e9letes v\u00e1laszt\u00e1s a m\u00e1rka rajong\u00f3inak, akik modern megjelen\u00e9st szeretn\u00e9nek adni traktoruknak.","robots":{"index":"index","follow":"follow","max-snippet":"max-snippet:-1","max-image-preview":"max-image-preview:large","max-video-preview":"max-video-preview:-1"},"canonical":"https:\/\/3dgdc.pl\/hu\/termek\/megvilagitott-claas-logo\/","og_locale":"hu_HU","og_type":"article","og_title":"Claas Logo LED: Doskona\u0142o\u015b\u0107 w Ka\u017cdym Detalu","og_description":"Pod\u015bwietlane logo Claas to idealny wyb\u00f3r dla mi\u0142o\u015bnik\u00f3w tej marki, kt\u00f3rzy chc\u0105 nada\u0107 swojemu ci\u0105gnikowi nowoczesnego wygl\u0105du.","og_url":"https:\/\/3dgdc.pl\/hu\/termek\/megvilagitott-claas-logo\/","og_site_name":"3D GlowDrive Creations | Pod\u015bwietlane Emblematy LED","article_publisher":"https:\/\/www.facebook.com\/profile.php?id=61565630297137&locale=pl_PL","article_modified_time":"2026-04-02T07:05:52+00:00","og_image":[{"width":1024,"height":1024,"url":"https:\/\/3dgdc.pl\/wp-content\/uploads\/2025\/06\/claas.jpg","type":"image\/jpeg"}],"twitter_card":"summary_large_image","twitter_title":"Tabliczki LED TIR | Personalizacja Twojej Ci\u0119\u017car\u00f3wki","twitter_description":"Pod\u015bwietlane emblematy | Tabliczki naro\u017cnikowe LED | Uszy pod lusterka | O\u015bwietlenie kabiny | O\u015bwietlenie kabiny | Obrys\u00f3wki LED","twitter_misc":{"El\u00e9rhet\u0151s\u00e9g":"K\u00e9szleten"},"schema":{"@context":"https:\/\/schema.org","@graph":[{"@type":"WebPage","@id":"https:\/\/3dgdc.pl\/produkt\/podswietlane-logo-claas\/","url":"https:\/\/3dgdc.pl\/produkt\/podswietlane-logo-claas\/","name":"Megvil\u00e1g\u00edtott Claas log\u00f3","isPartOf":{"@id":"https:\/\/3dgdc.pl\/#website"},"primaryImageOfPage":{"@id":"https:\/\/3dgdc.pl\/produkt\/podswietlane-logo-claas\/#primaryimage"},"image":{"@id":"https:\/\/3dgdc.pl\/produkt\/podswietlane-logo-claas\/#primaryimage"},"thumbnailUrl":"https:\/\/3dgdc.pl\/wp-content\/uploads\/2025\/06\/claas.jpg","datePublished":"2025-03-07T04:07:00+00:00","dateModified":"2026-04-02T07:05:52+00:00","description":"A megvil\u00e1g\u00edtott Claas log\u00f3 t\u00f6k\u00e9letes v\u00e1laszt\u00e1s a m\u00e1rka rajong\u00f3inak, akik modern megjelen\u00e9st szeretn\u00e9nek adni traktoruknak.","breadcrumb":{"@id":"https:\/\/3dgdc.pl\/produkt\/podswietlane-logo-claas\/#breadcrumb"},"inLanguage":"hu","potentialAction":[{"@type":"ReadAction","target":["https:\/\/3dgdc.pl\/produkt\/podswietlane-logo-claas\/"]}]},{"@type":"ImageObject","inLanguage":"hu","@id":"https:\/\/3dgdc.pl\/produkt\/podswietlane-logo-claas\/#primaryimage","url":"https:\/\/3dgdc.pl\/wp-content\/uploads\/2025\/06\/claas.jpg","contentUrl":"https:\/\/3dgdc.pl\/wp-content\/uploads\/2025\/06\/claas.jpg","width":1024,"height":1024,"caption":"claas led emblem"},{"@type":"BreadcrumbList","@id":"https:\/\/3dgdc.pl\/produkt\/podswietlane-logo-claas\/#breadcrumb","itemListElement":[{"@type":"ListItem","position":1,"name":"Strona g\u0142\u00f3wna","item":"https:\/\/3dgdc.pl\/de\/"},{"@type":"ListItem","position":2,"name":"Sklep","item":"https:\/\/3dgdc.pl\/de\/led-zubehor-lkw-kennzeichen-beleuchtete-beschriftungen\/"},{"@type":"ListItem","position":3,"name":"Pod\u015bwietlane Emblematy","item":"https:\/\/3dgdc.pl\/de\/kategoria-produktu\/podswietlane-napisy\/"},{"@type":"ListItem","position":4,"name":"Ci\u0105gniki Rolnicze","item":"https:\/\/3dgdc.pl\/de\/kategoria-produktu\/podswietlane-napisy\/ciagniki-rolnicze-led-emblem\/"},{"@type":"ListItem","position":5,"name":"Pod\u015bwietlane logo &#8211; Claas"}]},{"@type":"WebSite","@id":"https:\/\/3dgdc.pl\/#website","url":"https:\/\/3dgdc.pl\/","name":"https:\/\/3dgdc.pl\/","description":"Megvil\u00e1g\u00edtott LED embl\u00e9m\u00e1k \u00e9s kieg\u00e9sz\u00edt\u0151k traktorokhoz \u00e9s mez\u0151gazdas\u00e1gi teheraut\u00f3khoz","publisher":{"@id":"https:\/\/3dgdc.pl\/#organization"},"potentialAction":[{"@type":"SearchAction","target":{"@type":"EntryPoint","urlTemplate":"https:\/\/3dgdc.pl\/?s={search_term_string}"},"query-input":{"@type":"PropertyValueSpecification","valueRequired":true,"valueName":"search_term_string"}}],"inLanguage":"hu"},{"@type":"Organization","@id":"https:\/\/3dgdc.pl\/#organization","name":"3D GlowDrive alkot\u00e1sok","alternateName":"Gadzety LED Do Aut Ci\u0119\u017carowych","url":"https:\/\/3dgdc.pl\/","logo":{"@type":"ImageObject","inLanguage":"hu","@id":"https:\/\/3dgdc.pl\/#\/schema\/logo\/image\/","url":"https:\/\/3dgdc.pl\/wp-content\/uploads\/2025\/05\/prof_obszar-roboczy-1-kopia-scaled.png","contentUrl":"https:\/\/3dgdc.pl\/wp-content\/uploads\/2025\/05\/prof_obszar-roboczy-1-kopia-scaled.png","width":2560,"height":2560,"caption":"3D GlowDrive Creations"},"image":{"@id":"https:\/\/3dgdc.pl\/#\/schema\/logo\/image\/"},"sameAs":["https:\/\/www.facebook.com\/profile.php?id=61565630297137&locale=pl_PL","https:\/\/www.instagram.com\/3dglowdrivecreations\/","https:\/\/www.tiktok.com\/@ledtruckbudges"],"description":"Dinamikus v\u00e1llalatk\u00e9nt kiv\u00e1l\u00f3 min\u0151s\u00e9g\u0171 LED-es teheraut\u00f3-kieg\u00e9sz\u00edt\u0151k k\u00e9sz\u00edt\u00e9s\u00e9re specializ\u00e1l\u00f3dtunk. K\u00edn\u00e1latunkban olyan innovat\u00edv term\u00e9kek tal\u00e1lhat\u00f3k, mint a LED-es embl\u00e9m\u00e1k, vil\u00e1g\u00edt\u00f3 bet\u0171k \u00e9s szem\u00e9lyre szabott rekl\u00e1meszk\u00f6z\u00f6k. Minden term\u00e9k\u00fcnket a modern diz\u00e1jn, a tart\u00f3ss\u00e1g \u00e9s a biztons\u00e1gos haszn\u00e1lat jellemzi. Szenved\u00e9ly\u00fcnknek \u00e9s elk\u00f6telezetts\u00e9g\u00fcnknek k\u00f6sz\u00f6nhet\u0151en egyedi megold\u00e1sokat k\u00edn\u00e1lunk \u00fcgyfeleinknek, amelyek kiemelik j\u00e1rm\u0171veik egyedi st\u00edlus\u00e1t.","email":"3dglowdrivecreations@gmail.com","telephone":"725038684","legalName":"3D GlowDrive Creations","foundingDate":"2024-05-02","vatID":"5783170027","taxID":"5783170027","numberOfEmployees":{"@type":"QuantitativeValue","minValue":"1","maxValue":"10"},"hasMerchantReturnPolicy":{"@type":"MerchantReturnPolicy","merchantReturnLink":"https:\/\/3dgdc.pl\/hu\/polityka-zwrotow\/"}}]},"og_availability":"instock","product_availability":"instock","product_retailer_item_id":"LOG-CLA","product_condition":"new"},"_links":{"self":[{"href":"https:\/\/3dgdc.pl\/hu\/wp-json\/wp\/v2\/product\/262354","targetHints":{"allow":["GET"]}}],"collection":[{"href":"https:\/\/3dgdc.pl\/hu\/wp-json\/wp\/v2\/product"}],"about":[{"href":"https:\/\/3dgdc.pl\/hu\/wp-json\/wp\/v2\/types\/product"}],"version-history":[{"count":6,"href":"https:\/\/3dgdc.pl\/hu\/wp-json\/wp\/v2\/product\/262354\/revisions"}],"predecessor-version":[{"id":300050,"href":"https:\/\/3dgdc.pl\/hu\/wp-json\/wp\/v2\/product\/262354\/revisions\/300050"}],"wp:featuredmedia":[{"embeddable":true,"href":"https:\/\/3dgdc.pl\/hu\/wp-json\/wp\/v2\/media\/274017"}],"wp:attachment":[{"href":"https:\/\/3dgdc.pl\/hu\/wp-json\/wp\/v2\/media?parent=262354"}],"wp:term":[{"taxonomy":"product_brand","embeddable":true,"href":"https:\/\/3dgdc.pl\/hu\/wp-json\/wp\/v2\/product_brand?post=262354"},{"taxonomy":"product_cat","embeddable":true,"href":"https:\/\/3dgdc.pl\/hu\/wp-json\/wp\/v2\/product_cat?post=262354"},{"taxonomy":"product_tag","embeddable":true,"href":"https:\/\/3dgdc.pl\/hu\/wp-json\/wp\/v2\/product_tag?post=262354"}],"curies":[{"name":"munkaf\u00fczet","href":"https:\/\/api.w.org\/{rel}","templated":true}]}}