{"id":270705,"date":"2025-05-03T22:22:00","date_gmt":"2025-05-03T20:22:00","guid":{"rendered":"https:\/\/3dgdc.pl\/?post_type=product&#038;p=270705"},"modified":"2025-10-24T22:15:11","modified_gmt":"2025-10-24T20:15:11","slug":"panneau-dangle-de-club-de-voie-de-gauche","status":"publish","type":"product","link":"https:\/\/3dgdc.pl\/fr\/produkt\/tabliczka-naroznikowa-left-lane-club\/","title":{"rendered":"Panneau d&#039;angle \u00e0 LED \u2013 T\u00eate de mort | Voie de gauche"},"content":{"rendered":"<div style=\"font-family: Arial, sans-serif; line-height: 1.6; color: #333;\">\n<h2 style=\"color: #014570; margin-bottom: 10px;\">Panneau d&#039;angle LED \u2013 <strong>Voie gauche<\/strong><\/h2>\n<p><strong>Panneau d&#039;angle LED TIR \u2013 Voie de gauche<\/strong> est un \u00e9l\u00e9ment d\u00e9coratif moderne et pratique,<br \/>\nId\u00e9al pour les v\u00e9hicules et les int\u00e9rieurs. Gr\u00e2ce \u00e0 son diam\u00e8tre compact, <strong>17 cm<\/strong><br \/>\net un r\u00e9tro\u00e9clairage efficace sera parfait pour diverses applications.<\/p>\n<h3 style=\"color: #014570; margin-top: 25px;\">Fabrication solide et montage facile<\/h3>\n<p>La plaque d&#039;angle TIR est \u00e9quip\u00e9e de deux ventouses filet\u00e9es qui sont mont\u00e9es \u00e0 l&#039;int\u00e9rieur du caisson lumineux.<br \/>\nCette solution garantit la durabilit\u00e9 et la stabilit\u00e9 du montage, et permet en m\u00eame temps de d\u00e9placer rapidement le produit vers un autre emplacement.<\/p>\n<h3 style=\"color: #014570; margin-top: 25px;\">S\u00e9lection de la couleur du r\u00e9tro\u00e9clairage<\/h3>\n<p>Le produit propose trois variantes de couleurs de r\u00e9tro\u00e9clairage\u00a0:<\/p>\n<ul style=\"padding-left: 20px; list-style-type: disc;\">\n<li><span style=\"color: #33cccc;\"><strong>Blanc froid<\/strong><\/span> \u2013 moderne et universel.<\/li>\n<li><span style=\"color: #ff9900;\"><strong>Orange<\/strong><\/span> \u2013 chaleureux et expressif.<\/li>\n<li><span style=\"color: #ff0000;\"><strong>Rouge<\/strong><\/span> \u2013 intense et dynamique.<\/li>\n<\/ul>\n<h3 style=\"color: #014570; margin-top: 25px;\">Options d&#039;alimentation<\/h3>\n<p><strong>prise USB<\/strong> \u2013 la carte est \u00e9quip\u00e9e d\u2019un c\u00e2ble de longueur <strong>1,5 m\u00e8tre<\/strong>,<br \/>\npermettant une alimentation facile \u00e0 partir de n&#039;importe quel port USB.<br \/>\nCela signifie qu&#039;il peut \u00eatre utilis\u00e9 non seulement dans les v\u00e9hicules, mais \u00e9galement dans d&#039;autres endroits, tels que les bureaux ou les ateliers.<\/p>\n<h3 style=\"color: #014570; margin-top: 25px;\">Parfait pour les camions<\/h3>\n<p>La plaque d&#039;angle TIR est parfaite comme \u00e9l\u00e9ment de d\u00e9coration ou de personnalisation pour les camions.<br \/>\nIl allie fonctionnalit\u00e9, durabilit\u00e9 et design moderne, ce qui en fait un accessoire unique.<\/p>\n<h3 style=\"color: #014570; margin-top: 25px;\">Pourquoi vaut-il la peine de choisir notre produit ?<\/h3>\n<ul style=\"padding-left: 20px; list-style-type: disc;\">\n<li><strong>Durabilit\u00e9<\/strong> \u2013 des mat\u00e9riaux de haute qualit\u00e9 garantissent une utilisation \u00e0 long terme.<\/li>\n<li><strong>Versatilit\u00e9<\/strong> \u2013 s\u2019adapte aussi bien aux v\u00e9hicules qu\u2019aux int\u00e9rieurs.<\/li>\n<li><strong>Style<\/strong> \u2013 trois variantes de r\u00e9tro\u00e9clairage vous permettent d\u2019adapter le produit \u00e0 vos besoins individuels.<\/li>\n<\/ul>\n<h3 style=\"color: #014570; margin-top: 25px;\">D\u00e9couvrez d&#039;autres produits<\/h3>\n<p>Si ce mod\u00e8le ne r\u00e9pond pas \u00e0 vos attentes, n&#039;h\u00e9sitez pas \u00e0 consulter nos autres produits de la cat\u00e9gorie<br \/>\n<a style=\"color: #014570; text-decoration: none; font-weight: bold;\" href=\"https:\/\/3dgdc.pl\/kategoria-produktu\/light-boxy\/\">caissons lumineux<\/a>.<br \/>\nNous proposons un large choix de solutions \u00e9l\u00e9gantes et fonctionnelles.<\/p>\n<\/div>","protected":false},"excerpt":{"rendered":"<p><span style=\"color: #004570;\"><strong>Mise en \u0153uvre:<\/strong><\/span> 1 \u00e0 3 jours<br \/>\nPrix donn\u00e9 pour <strong>1 pi\u00e8ce<\/strong>.<\/p>\n<p><span style=\"color: #333399;\">Sp\u00e9cification:<br \/>\n<span style=\"color: #000000;\"><strong>Mat\u00e9riel:<\/strong>\u00a0ABS<\/span><\/span><span style=\"color: #000000;\"><br \/>\n<\/span><span style=\"color: #000000;\"><strong>Alimentation \u00e9lectrique :<\/strong> USB<\/span><span style=\"color: #000000;\"><br \/>\n<\/span><span style=\"color: #000000;\"><strong><span style=\"color: #000000;\">Dimension: <\/span><\/strong><span style=\"color: #000000;\">23 cm x 17 cm x 1,5 cm<br \/>\n<strong>Installation:<\/strong> 2x ventouses filet\u00e9es<br \/>\n<\/span><\/span><\/p>\n<hr \/>\n<p>&nbsp;<\/p>","protected":false},"featured_media":270724,"template":"","meta":{"_acf_changed":false},"product_brand":[681],"product_cat":[301],"product_tag":[700,699,702,701],"class_list":{"0":"post-270705","1":"product","2":"type-product","3":"status-publish","4":"has-post-thumbnail","6":"product_brand-3d-glowdrive-creations","7":"product_cat-tabliczki-naroznikowe-led","8":"product_tag-lightbox-tir","9":"product_tag-tabliczka-led-do-kabiny","10":"product_tag-tabliczka-led-tir","11":"product_tag-tuning-kabiny","12":"pa_kolor-led-bialy-zimny","13":"pa_kolor-led-czerwony","14":"pa_kolor-led-pomaranczowy","16":"first","17":"instock","18":"taxable","19":"shipping-taxable","20":"purchasable","21":"product-type-variable"},"acf":[],"yoast_head":"<!-- This site is optimized with the Yoast SEO Premium plugin v27.3 (Yoast SEO v27.3) - https:\/\/yoast.com\/product\/yoast-seo-premium-wordpress\/ -->\n<title>Tabliczka naro\u017cnikowa LED TIR - Left Lane<\/title>\n<meta name=\"description\" content=\"Szukasz praktycznego elementu dekoracyjnego? Tabliczka naro\u017cnikowa TIR z LED to doskona\u0142y wyb\u00f3r na ka\u017cd\u0105 okazj\u0119. Sprawd\u017a ofert\u0119!\" \/>\n<meta name=\"robots\" content=\"index, follow, max-snippet:-1, max-image-preview:large, max-video-preview:-1\" \/>\n<link rel=\"canonical\" href=\"https:\/\/3dgdc.pl\/fr\/produit\/panneau-dangle-de-club-de-voie-de-gauche\/\" \/>\n<meta property=\"og:locale\" content=\"fr_FR\" \/>\n<meta property=\"og:type\" content=\"article\" \/>\n<meta property=\"og:title\" content=\"Tabliczki LED TIR | Personalizacja Twojej Ci\u0119\u017car\u00f3wki\" \/>\n<meta property=\"og:description\" content=\"Pod\u015bwietlane emblematy | Tabliczki naro\u017cnikowe LED | Uszy pod lusterka | O\u015bwietlenie kabiny | O\u015bwietlenie kabiny | Obrys\u00f3wki LED\" \/>\n<meta property=\"og:url\" content=\"https:\/\/3dgdc.pl\/fr\/produit\/panneau-dangle-de-club-de-voie-de-gauche\/\" \/>\n<meta property=\"og:site_name\" content=\"3D GlowDrive Creations | Pod\u015bwietlane Emblematy LED\" \/>\n<meta property=\"article:publisher\" content=\"https:\/\/www.facebook.com\/profile.php?id=61565630297137&amp;locale=pl_PL\" \/>\n<meta property=\"article:modified_time\" content=\"2025-10-24T20:15:11+00:00\" \/>\n<meta property=\"og:image\" content=\"https:\/\/3dgdc.pl\/wp-content\/uploads\/2025\/05\/2-2.jpg\" \/>\n\t<meta property=\"og:image:width\" content=\"900\" \/>\n\t<meta property=\"og:image:height\" content=\"900\" \/>\n\t<meta property=\"og:image:type\" content=\"image\/jpeg\" \/>\n<meta name=\"twitter:card\" content=\"summary_large_image\" \/>\n<meta name=\"twitter:label1\" content=\"Disponibilit\u00e9\" \/>\n\t<meta name=\"twitter:data1\" content=\"En stock\" \/>\n<script type=\"application\/ld+json\" class=\"yoast-schema-graph\">{\"@context\":\"https:\\\/\\\/schema.org\",\"@graph\":[{\"@type\":\"WebPage\",\"@id\":\"https:\\\/\\\/3dgdc.pl\\\/produkt\\\/tabliczka-naroznikowa-left-lane-club\\\/\",\"url\":\"https:\\\/\\\/3dgdc.pl\\\/produkt\\\/tabliczka-naroznikowa-left-lane-club\\\/\",\"name\":\"Tabliczka naro\u017cnikowa LED TIR - Left Lane\",\"isPartOf\":{\"@id\":\"https:\\\/\\\/3dgdc.pl\\\/#website\"},\"primaryImageOfPage\":{\"@id\":\"https:\\\/\\\/3dgdc.pl\\\/produkt\\\/tabliczka-naroznikowa-left-lane-club\\\/#primaryimage\"},\"image\":{\"@id\":\"https:\\\/\\\/3dgdc.pl\\\/produkt\\\/tabliczka-naroznikowa-left-lane-club\\\/#primaryimage\"},\"thumbnailUrl\":\"https:\\\/\\\/3dgdc.pl\\\/wp-content\\\/uploads\\\/2025\\\/05\\\/2-2.jpg\",\"datePublished\":\"2025-05-03T20:22:00+00:00\",\"dateModified\":\"2025-10-24T20:15:11+00:00\",\"description\":\"Szukasz praktycznego elementu dekoracyjnego? Tabliczka naro\u017cnikowa TIR z LED to doskona\u0142y wyb\u00f3r na ka\u017cd\u0105 okazj\u0119. Sprawd\u017a ofert\u0119!\",\"breadcrumb\":{\"@id\":\"https:\\\/\\\/3dgdc.pl\\\/produkt\\\/tabliczka-naroznikowa-left-lane-club\\\/#breadcrumb\"},\"inLanguage\":\"fr-FR\",\"potentialAction\":[{\"@type\":\"ReadAction\",\"target\":[\"https:\\\/\\\/3dgdc.pl\\\/produkt\\\/tabliczka-naroznikowa-left-lane-club\\\/\"]}]},{\"@type\":\"ImageObject\",\"inLanguage\":\"fr-FR\",\"@id\":\"https:\\\/\\\/3dgdc.pl\\\/produkt\\\/tabliczka-naroznikowa-left-lane-club\\\/#primaryimage\",\"url\":\"https:\\\/\\\/3dgdc.pl\\\/wp-content\\\/uploads\\\/2025\\\/05\\\/2-2.jpg\",\"contentUrl\":\"https:\\\/\\\/3dgdc.pl\\\/wp-content\\\/uploads\\\/2025\\\/05\\\/2-2.jpg\",\"width\":900,\"height\":900,\"caption\":\"lightbox\"},{\"@type\":\"BreadcrumbList\",\"@id\":\"https:\\\/\\\/3dgdc.pl\\\/produkt\\\/tabliczka-naroznikowa-left-lane-club\\\/#breadcrumb\",\"itemListElement\":[{\"@type\":\"ListItem\",\"position\":1,\"name\":\"Strona g\u0142\u00f3wna\",\"item\":\"https:\\\/\\\/3dgdc.pl\\\/de\\\/\"},{\"@type\":\"ListItem\",\"position\":2,\"name\":\"Sklep\",\"item\":\"https:\\\/\\\/3dgdc.pl\\\/de\\\/led-zubehor-lkw-kennzeichen-beleuchtete-beschriftungen\\\/\"},{\"@type\":\"ListItem\",\"position\":3,\"name\":\"Tabliczki Naro\u017cnikowe LED\",\"item\":\"https:\\\/\\\/3dgdc.pl\\\/kategoria-produktu\\\/tabliczki-naroznikowe-led\\\/\"},{\"@type\":\"ListItem\",\"position\":4,\"name\":\"Tabliczka naro\u017cnikowa LED &#8211; Skull | Left Lane\"}]},{\"@type\":\"WebSite\",\"@id\":\"https:\\\/\\\/3dgdc.pl\\\/#website\",\"url\":\"https:\\\/\\\/3dgdc.pl\\\/\",\"name\":\"https:\\\/\\\/3dgdc.pl\\\/\",\"description\":\"Pod\u015bwietlane Emblematy i Akcesoria LED do Ci\u0105gnik\u00f3w Siod\u0142owych i Rolniczych\",\"publisher\":{\"@id\":\"https:\\\/\\\/3dgdc.pl\\\/#organization\"},\"potentialAction\":[{\"@type\":\"SearchAction\",\"target\":{\"@type\":\"EntryPoint\",\"urlTemplate\":\"https:\\\/\\\/3dgdc.pl\\\/?s={search_term_string}\"},\"query-input\":{\"@type\":\"PropertyValueSpecification\",\"valueRequired\":true,\"valueName\":\"search_term_string\"}}],\"inLanguage\":\"fr-FR\"},{\"@type\":\"Organization\",\"@id\":\"https:\\\/\\\/3dgdc.pl\\\/#organization\",\"name\":\"3D GlowDrive Creations\",\"alternateName\":\"Gadzety LED Do Aut Ci\u0119\u017carowych\",\"url\":\"https:\\\/\\\/3dgdc.pl\\\/\",\"logo\":{\"@type\":\"ImageObject\",\"inLanguage\":\"fr-FR\",\"@id\":\"https:\\\/\\\/3dgdc.pl\\\/#\\\/schema\\\/logo\\\/image\\\/\",\"url\":\"https:\\\/\\\/3dgdc.pl\\\/wp-content\\\/uploads\\\/2025\\\/05\\\/prof_obszar-roboczy-1-kopia-scaled.png\",\"contentUrl\":\"https:\\\/\\\/3dgdc.pl\\\/wp-content\\\/uploads\\\/2025\\\/05\\\/prof_obszar-roboczy-1-kopia-scaled.png\",\"width\":2560,\"height\":2560,\"caption\":\"3D GlowDrive Creations\"},\"image\":{\"@id\":\"https:\\\/\\\/3dgdc.pl\\\/#\\\/schema\\\/logo\\\/image\\\/\"},\"sameAs\":[\"https:\\\/\\\/www.facebook.com\\\/profile.php?id=61565630297137&locale=pl_PL\",\"https:\\\/\\\/www.instagram.com\\\/3dglowdrivecreations\\\/\",\"https:\\\/\\\/www.tiktok.com\\\/@ledtruckbudges\"],\"description\":\"Jeste\u015bmy dynamiczn\u0105 firm\u0105 specjalizuj\u0105c\u0105 si\u0119 w tworzeniu wysokiej jako\u015bci akcesori\u00f3w LED do samochod\u00f3w ci\u0119\u017carowych. Nasza oferta obejmuje innowacyjne produkty, takie jak LED-owe emblematy, pod\u015bwietlane litery oraz spersonalizowane gad\u017cety reklamowe. Wszystkie nasze produkty cechuj\u0105 si\u0119 nowoczesnym designem, trwa\u0142o\u015bci\u0105 oraz dba\u0142o\u015bci\u0105 o bezpiecze\u0144stwo u\u017cytkowania. Dzi\u0119ki pasji i zaanga\u017cowaniu zapewniamy klientom wyj\u0105tkowe rozwi\u0105zania, kt\u00f3re podkre\u015blaj\u0105 indywidualny styl ich pojazd\u00f3w.\",\"email\":\"3dglowdrivecreations@gmail.com\",\"telephone\":\"725038684\",\"legalName\":\"3D GlowDrive Creations\",\"foundingDate\":\"2024-05-02\",\"vatID\":\"5783170027\",\"taxID\":\"5783170027\",\"numberOfEmployees\":{\"@type\":\"QuantitativeValue\",\"minValue\":\"1\",\"maxValue\":\"10\"},\"hasMerchantReturnPolicy\":{\"@type\":\"MerchantReturnPolicy\",\"merchantReturnLink\":\"https:\\\/\\\/3dgdc.pl\\\/fr\\\/polityka-zwrotow\\\/\"}}]}<\/script>\n<meta property=\"og:availability\" content=\"instock\" \/>\n<meta property=\"product:availability\" content=\"instock\" \/>\n<meta property=\"product:retailer_item_id\" content=\"TAB-LED-SK\" \/>\n<meta property=\"product:condition\" content=\"new\" \/>\n<!-- \/ Yoast SEO Premium plugin. -->","yoast_head_json":{"title":"Plaque d&#039;angle LED TIR - Voie de gauche","description":"\u00c0 la recherche d&#039;un \u00e9l\u00e9ment d\u00e9coratif pratique\u00a0? Le panneau d&#039;angle TIR \u00e0 LED est id\u00e9al en toute occasion. D\u00e9couvrez notre offre\u00a0!","robots":{"index":"index","follow":"follow","max-snippet":"max-snippet:-1","max-image-preview":"max-image-preview:large","max-video-preview":"max-video-preview:-1"},"canonical":"https:\/\/3dgdc.pl\/fr\/produit\/panneau-dangle-de-club-de-voie-de-gauche\/","og_locale":"fr_FR","og_type":"article","og_title":"Tabliczki LED TIR | Personalizacja Twojej Ci\u0119\u017car\u00f3wki","og_description":"Pod\u015bwietlane emblematy | Tabliczki naro\u017cnikowe LED | Uszy pod lusterka | O\u015bwietlenie kabiny | O\u015bwietlenie kabiny | Obrys\u00f3wki LED","og_url":"https:\/\/3dgdc.pl\/fr\/produit\/panneau-dangle-de-club-de-voie-de-gauche\/","og_site_name":"3D GlowDrive Creations | Pod\u015bwietlane Emblematy LED","article_publisher":"https:\/\/www.facebook.com\/profile.php?id=61565630297137&locale=pl_PL","article_modified_time":"2025-10-24T20:15:11+00:00","og_image":[{"width":900,"height":900,"url":"https:\/\/3dgdc.pl\/wp-content\/uploads\/2025\/05\/2-2.jpg","type":"image\/jpeg"}],"twitter_card":"summary_large_image","twitter_misc":{"Disponibilit\u00e9":"En stock"},"schema":{"@context":"https:\/\/schema.org","@graph":[{"@type":"WebPage","@id":"https:\/\/3dgdc.pl\/produkt\/tabliczka-naroznikowa-left-lane-club\/","url":"https:\/\/3dgdc.pl\/produkt\/tabliczka-naroznikowa-left-lane-club\/","name":"Plaque d&#039;angle LED TIR - Voie de gauche","isPartOf":{"@id":"https:\/\/3dgdc.pl\/#website"},"primaryImageOfPage":{"@id":"https:\/\/3dgdc.pl\/produkt\/tabliczka-naroznikowa-left-lane-club\/#primaryimage"},"image":{"@id":"https:\/\/3dgdc.pl\/produkt\/tabliczka-naroznikowa-left-lane-club\/#primaryimage"},"thumbnailUrl":"https:\/\/3dgdc.pl\/wp-content\/uploads\/2025\/05\/2-2.jpg","datePublished":"2025-05-03T20:22:00+00:00","dateModified":"2025-10-24T20:15:11+00:00","description":"\u00c0 la recherche d&#039;un \u00e9l\u00e9ment d\u00e9coratif pratique\u00a0? Le panneau d&#039;angle TIR \u00e0 LED est id\u00e9al en toute occasion. D\u00e9couvrez notre offre\u00a0!","breadcrumb":{"@id":"https:\/\/3dgdc.pl\/produkt\/tabliczka-naroznikowa-left-lane-club\/#breadcrumb"},"inLanguage":"fr-FR","potentialAction":[{"@type":"ReadAction","target":["https:\/\/3dgdc.pl\/produkt\/tabliczka-naroznikowa-left-lane-club\/"]}]},{"@type":"ImageObject","inLanguage":"fr-FR","@id":"https:\/\/3dgdc.pl\/produkt\/tabliczka-naroznikowa-left-lane-club\/#primaryimage","url":"https:\/\/3dgdc.pl\/wp-content\/uploads\/2025\/05\/2-2.jpg","contentUrl":"https:\/\/3dgdc.pl\/wp-content\/uploads\/2025\/05\/2-2.jpg","width":900,"height":900,"caption":"lightbox"},{"@type":"BreadcrumbList","@id":"https:\/\/3dgdc.pl\/produkt\/tabliczka-naroznikowa-left-lane-club\/#breadcrumb","itemListElement":[{"@type":"ListItem","position":1,"name":"Strona g\u0142\u00f3wna","item":"https:\/\/3dgdc.pl\/de\/"},{"@type":"ListItem","position":2,"name":"Sklep","item":"https:\/\/3dgdc.pl\/de\/led-zubehor-lkw-kennzeichen-beleuchtete-beschriftungen\/"},{"@type":"ListItem","position":3,"name":"Tabliczki Naro\u017cnikowe LED","item":"https:\/\/3dgdc.pl\/kategoria-produktu\/tabliczki-naroznikowe-led\/"},{"@type":"ListItem","position":4,"name":"Tabliczka naro\u017cnikowa LED &#8211; Skull | Left Lane"}]},{"@type":"WebSite","@id":"https:\/\/3dgdc.pl\/#website","url":"https:\/\/3dgdc.pl\/","name":"https:\/\/3dgdc.pl\/","description":"Embl\u00e8mes et accessoires LED \u00e9clair\u00e9s pour tracteurs et camions agricoles","publisher":{"@id":"https:\/\/3dgdc.pl\/#organization"},"potentialAction":[{"@type":"SearchAction","target":{"@type":"EntryPoint","urlTemplate":"https:\/\/3dgdc.pl\/?s={search_term_string}"},"query-input":{"@type":"PropertyValueSpecification","valueRequired":true,"valueName":"search_term_string"}}],"inLanguage":"fr-FR"},{"@type":"Organization","@id":"https:\/\/3dgdc.pl\/#organization","name":"Cr\u00e9ations 3D GlowDrive","alternateName":"Gadzety LED Do Aut Ci\u0119\u017carowych","url":"https:\/\/3dgdc.pl\/","logo":{"@type":"ImageObject","inLanguage":"fr-FR","@id":"https:\/\/3dgdc.pl\/#\/schema\/logo\/image\/","url":"https:\/\/3dgdc.pl\/wp-content\/uploads\/2025\/05\/prof_obszar-roboczy-1-kopia-scaled.png","contentUrl":"https:\/\/3dgdc.pl\/wp-content\/uploads\/2025\/05\/prof_obszar-roboczy-1-kopia-scaled.png","width":2560,"height":2560,"caption":"3D GlowDrive Creations"},"image":{"@id":"https:\/\/3dgdc.pl\/#\/schema\/logo\/image\/"},"sameAs":["https:\/\/www.facebook.com\/profile.php?id=61565630297137&locale=pl_PL","https:\/\/www.instagram.com\/3dglowdrivecreations\/","https:\/\/www.tiktok.com\/@ledtruckbudges"],"description":"Nous sommes une entreprise dynamique sp\u00e9cialis\u00e9e dans la cr\u00e9ation d&#039;accessoires LED de haute qualit\u00e9 pour camions. Notre offre comprend des produits innovants tels que des embl\u00e8mes LED, des lettres lumineuses et des gadgets publicitaires personnalis\u00e9s. Tous nos produits se distinguent par leur design moderne, leur durabilit\u00e9 et leur s\u00e9curit\u00e9 d&#039;utilisation. Gr\u00e2ce \u00e0 notre passion et \u00e0 notre engagement, nous proposons \u00e0 nos clients des solutions uniques qui soulignent le style unique de leur v\u00e9hicule.","email":"3dglowdrivecreations@gmail.com","telephone":"725038684","legalName":"3D GlowDrive Creations","foundingDate":"2024-05-02","vatID":"5783170027","taxID":"5783170027","numberOfEmployees":{"@type":"QuantitativeValue","minValue":"1","maxValue":"10"},"hasMerchantReturnPolicy":{"@type":"MerchantReturnPolicy","merchantReturnLink":"https:\/\/3dgdc.pl\/fr\/polityka-zwrotow\/"}}]},"og_availability":"instock","product_availability":"instock","product_retailer_item_id":"TAB-LED-SK","product_condition":"new"},"_links":{"self":[{"href":"https:\/\/3dgdc.pl\/fr\/wp-json\/wp\/v2\/product\/270705","targetHints":{"allow":["GET"]}}],"collection":[{"href":"https:\/\/3dgdc.pl\/fr\/wp-json\/wp\/v2\/product"}],"about":[{"href":"https:\/\/3dgdc.pl\/fr\/wp-json\/wp\/v2\/types\/product"}],"version-history":[{"count":5,"href":"https:\/\/3dgdc.pl\/fr\/wp-json\/wp\/v2\/product\/270705\/revisions"}],"predecessor-version":[{"id":276790,"href":"https:\/\/3dgdc.pl\/fr\/wp-json\/wp\/v2\/product\/270705\/revisions\/276790"}],"wp:featuredmedia":[{"embeddable":true,"href":"https:\/\/3dgdc.pl\/fr\/wp-json\/wp\/v2\/media\/270724"}],"wp:attachment":[{"href":"https:\/\/3dgdc.pl\/fr\/wp-json\/wp\/v2\/media?parent=270705"}],"wp:term":[{"taxonomy":"product_brand","embeddable":true,"href":"https:\/\/3dgdc.pl\/fr\/wp-json\/wp\/v2\/product_brand?post=270705"},{"taxonomy":"product_cat","embeddable":true,"href":"https:\/\/3dgdc.pl\/fr\/wp-json\/wp\/v2\/product_cat?post=270705"},{"taxonomy":"product_tag","embeddable":true,"href":"https:\/\/3dgdc.pl\/fr\/wp-json\/wp\/v2\/product_tag?post=270705"}],"curies":[{"name":"wp","href":"https:\/\/api.w.org\/{rel}","templated":true}]}}