{"id":262734,"date":"2025-03-24T01:39:00","date_gmt":"2025-03-24T00:39:00","guid":{"rendered":"https:\/\/3dgdc.pl\/?post_type=product&#038;p=262734"},"modified":"2025-10-24T22:18:12","modified_gmt":"2025-10-24T20:18:12","slug":"panneau-dangle-a-led-king-of-the-road","status":"publish","type":"product","link":"https:\/\/3dgdc.pl\/fr\/produkt\/tabliczka-naroznikowa-led-king-of-the-road\/","title":{"rendered":"Panneau d&#039;angle \u00e0 LED \u2013 King Of The Road"},"content":{"rendered":"<h2 style=\"text-align: center;\">Plaque d&#039;angle LED<\/h2>\n<h3>Roi de la route<\/h3>\n<p style=\"color: #555;\"><strong>Panneau LED King Of The Road<\/strong>\u00a0\u00e0 propos des dimensions <strong>17\u00d717 cm<\/strong><br \/>\nest un produit unique alliant design moderne et utilisation pratique.<br \/>\nGr\u00e2ce \u00e0 sa conception compacte, il est id\u00e9al aussi bien pour les v\u00e9hicules que pour les int\u00e9rieurs.<br \/>\nL&#039;installation est tr\u00e8s simple : deux ventouses solides et filet\u00e9es sont utilis\u00e9es,<br \/>\nqui assurent la stabilit\u00e9 et la facilit\u00e9 de portabilit\u00e9.<\/p>\n<h3 style=\"color: #014570; margin-top: 25px;\">S\u00e9lection de la couleur du r\u00e9tro\u00e9clairage<\/h3>\n<ul style=\"padding-left: 20px; color: #555;\">\n<li><span style=\"color: #33cccc;\"><strong>Blanc froid<\/strong><\/span> \u2013 moderne et universel.<\/li>\n<li><span style=\"color: #ff9900;\"><strong>Orange<\/strong><\/span> \u2013 chaleureux et expressif.<\/li>\n<li><span style=\"color: #ff0000;\"><strong>Rouge<\/strong><\/span> \u2013 intense et dynamique.<\/li>\n<\/ul>\n<h3 style=\"color: #014570; margin-top: 25px;\">Options d&#039;alimentation<\/h3>\n<p style=\"color: #555;\"><strong>prise USB<\/strong> \u2013 la carte est \u00e9quip\u00e9e d\u2019un c\u00e2ble de longueur<br \/>\n<strong>1,5 m\u00e8tre<\/strong>, permettant une connexion facile \u00e0 n&#039;importe quel port USB.<br \/>\nCela le rend adapt\u00e9 non seulement aux v\u00e9hicules, mais \u00e9galement aux bureaux et aux ateliers.<\/p>\n<h3 style=\"color: #014570; margin-top: 25px;\">Avantages du panneau LED King Of The Road<\/h3>\n<ul style=\"padding-left: 20px; color: #555;\">\n<li><strong>Taille compacte :<\/strong> discret mais efficace.<\/li>\n<li><strong>Support solide :<\/strong> durabilit\u00e9 et stabilit\u00e9 pendant l&#039;utilisation.<\/li>\n<li><strong>Design moderne :<\/strong> possibilit\u00e9 de choisir diff\u00e9rentes couleurs de r\u00e9tro\u00e9clairage.<\/li>\n<li><strong>Versatilit\u00e9:<\/strong> pour v\u00e9hicules et locaux.<\/li>\n<li><strong>Diff\u00e9rentes options d&#039;alimentation :<\/strong> utilisation pratique dans de nombreuses conditions.<\/li>\n<\/ul>\n<h3 style=\"color: #014570; margin-top: 25px;\">La solution parfaite pour tout le monde<\/h3>\n<p style=\"color: #555;\"><strong>Panneau LED King Of The Road<\/strong>\u00a0est un excellent choix pour les personnes \u00e0 la recherche de<br \/>\nun \u00e9l\u00e9ment d\u00e9coratif efficace et fonctionnel.<br \/>\nFabrication de haute qualit\u00e9, look moderne et r\u00e9tro\u00e9clairage intense<br \/>\nle rendent id\u00e9al pour personnaliser les v\u00e9hicules et les int\u00e9rieurs.<\/p>\n<h3 style=\"color: #014570; margin-top: 25px;\">D\u00e9couvrez d&#039;autres produits<\/h3>\n<p style=\"color: #555;\">Si cela <strong>panneau LED<\/strong> ne r\u00e9pond pas \u00e0 vos attentes,<br \/>\nn&#039;oubliez pas de consulter nos autres mod\u00e8les de cartes et accessoires LED,<br \/>\nqui pourrait mieux r\u00e9pondre \u00e0 vos besoins.<\/p>\n<p>&nbsp;<\/p>","protected":false},"excerpt":{"rendered":"<h3><span style=\"color: #004570;\">Sp\u00e9cifications techniques<\/span><\/h3>\n<ul>\n<li><strong><span style=\"color: #808080;\">Alimentation \u00e9lectrique :<\/span> <\/strong>USB<span style=\"color: #808080;\"><br \/>\n<\/span><\/li>\n<li><span style=\"color: #808080;\"><strong>Dimensions<\/strong>:<\/span> 17<span style=\"color: #808080;\"><span style=\"color: #000000;\">cm x 17 cm x 1,5 cm<\/span><br \/>\n<\/span><\/li>\n<li><span style=\"color: #808080;\"><strong>Installation: <\/strong><\/span><span style=\"color: #ff00ff;\"><span style=\"color: #339966;\"><span style=\"color: #808080;\"><span style=\"color: #000000;\">Deux ventouses filet\u00e9es<\/span><br \/>\n<\/span><\/span><\/span><\/li>\n<\/ul>\n<p><span style=\"color: #004570;\">D\u00e9lai de mise en \u0153uvre:<\/span> 1 \u00e0 3 jours ouvrables<\/p>\n<p>Prix donn\u00e9 pour<strong> 2 pi\u00e8ces<\/strong>.<\/p>","protected":false},"featured_media":269359,"template":"","meta":{"_acf_changed":false},"product_brand":[681],"product_cat":[301],"product_tag":[683,315,699,702,701],"class_list":{"0":"post-262734","1":"product","2":"type-product","3":"status-publish","4":"has-post-thumbnail","6":"product_brand-3d-glowdrive-creations","7":"product_cat-tabliczki-naroznikowe-led","8":"product_tag-akcesoria-scania","9":"product_tag-lightbox","10":"product_tag-tabliczka-led-do-kabiny","11":"product_tag-tabliczka-led-tir","12":"product_tag-tuning-kabiny","13":"pa_kolor-led-bialy-zimny","14":"pa_kolor-led-czerwony","15":"pa_kolor-led-pomaranczowy","17":"first","18":"instock","19":"taxable","20":"shipping-taxable","21":"purchasable","22":"product-type-variable"},"acf":[],"yoast_head":"<!-- This site is optimized with the Yoast SEO Premium plugin v27.3 (Yoast SEO v27.3) - https:\/\/yoast.com\/product\/yoast-seo-premium-wordpress\/ -->\n<title>Tabliczka naro\u017cnikowa LED SCANIA - Lightbox<\/title>\n<meta name=\"description\" content=\"Tabliczka naro\u017cnikowa Scania LED na przedni\u0105 szyb\u0119 auta ci\u0119\u017carowego to doskona\u0142y spos\u00f3b na zwi\u0119kszenie widoczno\u015bci pojazdu.\" \/>\n<meta name=\"robots\" content=\"index, follow, max-snippet:-1, max-image-preview:large, max-video-preview:-1\" \/>\n<link rel=\"canonical\" href=\"https:\/\/3dgdc.pl\/fr\/produit\/panneau-dangle-a-led-king-of-the-road\/\" \/>\n<meta property=\"og:locale\" content=\"fr_FR\" \/>\n<meta property=\"og:type\" content=\"article\" \/>\n<meta property=\"og:title\" content=\"Tabliczki LED TIR | Personalizacja Twojej Ci\u0119\u017car\u00f3wki\" \/>\n<meta property=\"og:description\" content=\"Pod\u015bwietlane emblematy | Tabliczki naro\u017cnikowe LED | Uszy pod lusterka | O\u015bwietlenie kabiny | O\u015bwietlenie kabiny | Obrys\u00f3wki LED\" \/>\n<meta property=\"og:url\" content=\"https:\/\/3dgdc.pl\/fr\/produit\/panneau-dangle-a-led-king-of-the-road\/\" \/>\n<meta property=\"og:site_name\" content=\"3D GlowDrive Creations | Pod\u015bwietlane Emblematy LED\" \/>\n<meta property=\"article:publisher\" content=\"https:\/\/www.facebook.com\/profile.php?id=61565630297137&amp;locale=pl_PL\" \/>\n<meta property=\"article:modified_time\" content=\"2025-10-24T20:18:12+00:00\" \/>\n<meta property=\"og:image\" content=\"https:\/\/3dgdc.pl\/wp-content\/uploads\/2025\/04\/projekt-bez-nazwy-22.jpg\" \/>\n\t<meta property=\"og:image:width\" content=\"900\" \/>\n\t<meta property=\"og:image:height\" content=\"900\" \/>\n\t<meta property=\"og:image:type\" content=\"image\/jpeg\" \/>\n<meta name=\"twitter:card\" content=\"summary_large_image\" \/>\n<meta name=\"twitter:label1\" content=\"Disponibilit\u00e9\" \/>\n\t<meta name=\"twitter:data1\" content=\"En stock\" \/>\n<script type=\"application\/ld+json\" class=\"yoast-schema-graph\">{\"@context\":\"https:\\\/\\\/schema.org\",\"@graph\":[{\"@type\":\"WebPage\",\"@id\":\"https:\\\/\\\/3dgdc.pl\\\/produkt\\\/tabliczka-naroznikowa-led-king-of-the-road\\\/\",\"url\":\"https:\\\/\\\/3dgdc.pl\\\/produkt\\\/tabliczka-naroznikowa-led-king-of-the-road\\\/\",\"name\":\"Tabliczka naro\u017cnikowa LED SCANIA - Lightbox\",\"isPartOf\":{\"@id\":\"https:\\\/\\\/3dgdc.pl\\\/#website\"},\"primaryImageOfPage\":{\"@id\":\"https:\\\/\\\/3dgdc.pl\\\/produkt\\\/tabliczka-naroznikowa-led-king-of-the-road\\\/#primaryimage\"},\"image\":{\"@id\":\"https:\\\/\\\/3dgdc.pl\\\/produkt\\\/tabliczka-naroznikowa-led-king-of-the-road\\\/#primaryimage\"},\"thumbnailUrl\":\"https:\\\/\\\/3dgdc.pl\\\/wp-content\\\/uploads\\\/2025\\\/04\\\/projekt-bez-nazwy-22.jpg\",\"datePublished\":\"2025-03-24T00:39:00+00:00\",\"dateModified\":\"2025-10-24T20:18:12+00:00\",\"description\":\"Tabliczka naro\u017cnikowa Scania LED na przedni\u0105 szyb\u0119 auta ci\u0119\u017carowego to doskona\u0142y spos\u00f3b na zwi\u0119kszenie widoczno\u015bci pojazdu.\",\"breadcrumb\":{\"@id\":\"https:\\\/\\\/3dgdc.pl\\\/produkt\\\/tabliczka-naroznikowa-led-king-of-the-road\\\/#breadcrumb\"},\"inLanguage\":\"fr-FR\",\"potentialAction\":[{\"@type\":\"ReadAction\",\"target\":[\"https:\\\/\\\/3dgdc.pl\\\/produkt\\\/tabliczka-naroznikowa-led-king-of-the-road\\\/\"]}]},{\"@type\":\"ImageObject\",\"inLanguage\":\"fr-FR\",\"@id\":\"https:\\\/\\\/3dgdc.pl\\\/produkt\\\/tabliczka-naroznikowa-led-king-of-the-road\\\/#primaryimage\",\"url\":\"https:\\\/\\\/3dgdc.pl\\\/wp-content\\\/uploads\\\/2025\\\/04\\\/projekt-bez-nazwy-22.jpg\",\"contentUrl\":\"https:\\\/\\\/3dgdc.pl\\\/wp-content\\\/uploads\\\/2025\\\/04\\\/projekt-bez-nazwy-22.jpg\",\"width\":900,\"height\":900,\"caption\":\"tabliczka led\"},{\"@type\":\"BreadcrumbList\",\"@id\":\"https:\\\/\\\/3dgdc.pl\\\/produkt\\\/tabliczka-naroznikowa-led-king-of-the-road\\\/#breadcrumb\",\"itemListElement\":[{\"@type\":\"ListItem\",\"position\":1,\"name\":\"Strona g\u0142\u00f3wna\",\"item\":\"https:\\\/\\\/3dgdc.pl\\\/de\\\/\"},{\"@type\":\"ListItem\",\"position\":2,\"name\":\"Sklep\",\"item\":\"https:\\\/\\\/3dgdc.pl\\\/de\\\/led-zubehor-lkw-kennzeichen-beleuchtete-beschriftungen\\\/\"},{\"@type\":\"ListItem\",\"position\":3,\"name\":\"Tabliczki Naro\u017cnikowe LED\",\"item\":\"https:\\\/\\\/3dgdc.pl\\\/kategoria-produktu\\\/tabliczki-naroznikowe-led\\\/\"},{\"@type\":\"ListItem\",\"position\":4,\"name\":\"Tabliczka naro\u017cnikowa LED &#8211; King Of The Road\"}]},{\"@type\":\"WebSite\",\"@id\":\"https:\\\/\\\/3dgdc.pl\\\/#website\",\"url\":\"https:\\\/\\\/3dgdc.pl\\\/\",\"name\":\"https:\\\/\\\/3dgdc.pl\\\/\",\"description\":\"Pod\u015bwietlane Emblematy i Akcesoria LED do Ci\u0105gnik\u00f3w Siod\u0142owych i Rolniczych\",\"publisher\":{\"@id\":\"https:\\\/\\\/3dgdc.pl\\\/#organization\"},\"potentialAction\":[{\"@type\":\"SearchAction\",\"target\":{\"@type\":\"EntryPoint\",\"urlTemplate\":\"https:\\\/\\\/3dgdc.pl\\\/?s={search_term_string}\"},\"query-input\":{\"@type\":\"PropertyValueSpecification\",\"valueRequired\":true,\"valueName\":\"search_term_string\"}}],\"inLanguage\":\"fr-FR\"},{\"@type\":\"Organization\",\"@id\":\"https:\\\/\\\/3dgdc.pl\\\/#organization\",\"name\":\"3D GlowDrive Creations\",\"alternateName\":\"Gadzety LED Do Aut Ci\u0119\u017carowych\",\"url\":\"https:\\\/\\\/3dgdc.pl\\\/\",\"logo\":{\"@type\":\"ImageObject\",\"inLanguage\":\"fr-FR\",\"@id\":\"https:\\\/\\\/3dgdc.pl\\\/#\\\/schema\\\/logo\\\/image\\\/\",\"url\":\"https:\\\/\\\/3dgdc.pl\\\/wp-content\\\/uploads\\\/2025\\\/05\\\/prof_obszar-roboczy-1-kopia-scaled.png\",\"contentUrl\":\"https:\\\/\\\/3dgdc.pl\\\/wp-content\\\/uploads\\\/2025\\\/05\\\/prof_obszar-roboczy-1-kopia-scaled.png\",\"width\":2560,\"height\":2560,\"caption\":\"3D GlowDrive Creations\"},\"image\":{\"@id\":\"https:\\\/\\\/3dgdc.pl\\\/#\\\/schema\\\/logo\\\/image\\\/\"},\"sameAs\":[\"https:\\\/\\\/www.facebook.com\\\/profile.php?id=61565630297137&locale=pl_PL\",\"https:\\\/\\\/www.instagram.com\\\/3dglowdrivecreations\\\/\",\"https:\\\/\\\/www.tiktok.com\\\/@ledtruckbudges\"],\"description\":\"Jeste\u015bmy dynamiczn\u0105 firm\u0105 specjalizuj\u0105c\u0105 si\u0119 w tworzeniu wysokiej jako\u015bci akcesori\u00f3w LED do samochod\u00f3w ci\u0119\u017carowych. Nasza oferta obejmuje innowacyjne produkty, takie jak LED-owe emblematy, pod\u015bwietlane litery oraz spersonalizowane gad\u017cety reklamowe. Wszystkie nasze produkty cechuj\u0105 si\u0119 nowoczesnym designem, trwa\u0142o\u015bci\u0105 oraz dba\u0142o\u015bci\u0105 o bezpiecze\u0144stwo u\u017cytkowania. Dzi\u0119ki pasji i zaanga\u017cowaniu zapewniamy klientom wyj\u0105tkowe rozwi\u0105zania, kt\u00f3re podkre\u015blaj\u0105 indywidualny styl ich pojazd\u00f3w.\",\"email\":\"3dglowdrivecreations@gmail.com\",\"telephone\":\"725038684\",\"legalName\":\"3D GlowDrive Creations\",\"foundingDate\":\"2024-05-02\",\"vatID\":\"5783170027\",\"taxID\":\"5783170027\",\"numberOfEmployees\":{\"@type\":\"QuantitativeValue\",\"minValue\":\"1\",\"maxValue\":\"10\"},\"hasMerchantReturnPolicy\":{\"@type\":\"MerchantReturnPolicy\",\"merchantReturnLink\":\"https:\\\/\\\/3dgdc.pl\\\/fr\\\/polityka-zwrotow\\\/\"}}]}<\/script>\n<meta property=\"og:availability\" content=\"instock\" \/>\n<meta property=\"product:availability\" content=\"instock\" \/>\n<meta property=\"product:retailer_item_id\" content=\"TAB-LED-KOTR\" \/>\n<meta property=\"product:condition\" content=\"new\" \/>\n<!-- \/ Yoast SEO Premium plugin. -->","yoast_head_json":{"title":"Plaque d&#039;angle LED SCANIA - Caisson lumineux","description":"La plaque d&#039;angle LED Scania pour pare-brise de camion est un excellent moyen d&#039;augmenter la visibilit\u00e9 de votre v\u00e9hicule.","robots":{"index":"index","follow":"follow","max-snippet":"max-snippet:-1","max-image-preview":"max-image-preview:large","max-video-preview":"max-video-preview:-1"},"canonical":"https:\/\/3dgdc.pl\/fr\/produit\/panneau-dangle-a-led-king-of-the-road\/","og_locale":"fr_FR","og_type":"article","og_title":"Tabliczki LED TIR | Personalizacja Twojej Ci\u0119\u017car\u00f3wki","og_description":"Pod\u015bwietlane emblematy | Tabliczki naro\u017cnikowe LED | Uszy pod lusterka | O\u015bwietlenie kabiny | O\u015bwietlenie kabiny | Obrys\u00f3wki LED","og_url":"https:\/\/3dgdc.pl\/fr\/produit\/panneau-dangle-a-led-king-of-the-road\/","og_site_name":"3D GlowDrive Creations | Pod\u015bwietlane Emblematy LED","article_publisher":"https:\/\/www.facebook.com\/profile.php?id=61565630297137&locale=pl_PL","article_modified_time":"2025-10-24T20:18:12+00:00","og_image":[{"width":900,"height":900,"url":"https:\/\/3dgdc.pl\/wp-content\/uploads\/2025\/04\/projekt-bez-nazwy-22.jpg","type":"image\/jpeg"}],"twitter_card":"summary_large_image","twitter_misc":{"Disponibilit\u00e9":"En stock"},"schema":{"@context":"https:\/\/schema.org","@graph":[{"@type":"WebPage","@id":"https:\/\/3dgdc.pl\/produkt\/tabliczka-naroznikowa-led-king-of-the-road\/","url":"https:\/\/3dgdc.pl\/produkt\/tabliczka-naroznikowa-led-king-of-the-road\/","name":"Plaque d&#039;angle LED SCANIA - Caisson lumineux","isPartOf":{"@id":"https:\/\/3dgdc.pl\/#website"},"primaryImageOfPage":{"@id":"https:\/\/3dgdc.pl\/produkt\/tabliczka-naroznikowa-led-king-of-the-road\/#primaryimage"},"image":{"@id":"https:\/\/3dgdc.pl\/produkt\/tabliczka-naroznikowa-led-king-of-the-road\/#primaryimage"},"thumbnailUrl":"https:\/\/3dgdc.pl\/wp-content\/uploads\/2025\/04\/projekt-bez-nazwy-22.jpg","datePublished":"2025-03-24T00:39:00+00:00","dateModified":"2025-10-24T20:18:12+00:00","description":"La plaque d&#039;angle LED Scania pour pare-brise de camion est un excellent moyen d&#039;augmenter la visibilit\u00e9 de votre v\u00e9hicule.","breadcrumb":{"@id":"https:\/\/3dgdc.pl\/produkt\/tabliczka-naroznikowa-led-king-of-the-road\/#breadcrumb"},"inLanguage":"fr-FR","potentialAction":[{"@type":"ReadAction","target":["https:\/\/3dgdc.pl\/produkt\/tabliczka-naroznikowa-led-king-of-the-road\/"]}]},{"@type":"ImageObject","inLanguage":"fr-FR","@id":"https:\/\/3dgdc.pl\/produkt\/tabliczka-naroznikowa-led-king-of-the-road\/#primaryimage","url":"https:\/\/3dgdc.pl\/wp-content\/uploads\/2025\/04\/projekt-bez-nazwy-22.jpg","contentUrl":"https:\/\/3dgdc.pl\/wp-content\/uploads\/2025\/04\/projekt-bez-nazwy-22.jpg","width":900,"height":900,"caption":"tabliczka led"},{"@type":"BreadcrumbList","@id":"https:\/\/3dgdc.pl\/produkt\/tabliczka-naroznikowa-led-king-of-the-road\/#breadcrumb","itemListElement":[{"@type":"ListItem","position":1,"name":"Strona g\u0142\u00f3wna","item":"https:\/\/3dgdc.pl\/de\/"},{"@type":"ListItem","position":2,"name":"Sklep","item":"https:\/\/3dgdc.pl\/de\/led-zubehor-lkw-kennzeichen-beleuchtete-beschriftungen\/"},{"@type":"ListItem","position":3,"name":"Tabliczki Naro\u017cnikowe LED","item":"https:\/\/3dgdc.pl\/kategoria-produktu\/tabliczki-naroznikowe-led\/"},{"@type":"ListItem","position":4,"name":"Tabliczka naro\u017cnikowa LED &#8211; King Of The Road"}]},{"@type":"WebSite","@id":"https:\/\/3dgdc.pl\/#website","url":"https:\/\/3dgdc.pl\/","name":"https:\/\/3dgdc.pl\/","description":"Embl\u00e8mes et accessoires LED \u00e9clair\u00e9s pour tracteurs et camions agricoles","publisher":{"@id":"https:\/\/3dgdc.pl\/#organization"},"potentialAction":[{"@type":"SearchAction","target":{"@type":"EntryPoint","urlTemplate":"https:\/\/3dgdc.pl\/?s={search_term_string}"},"query-input":{"@type":"PropertyValueSpecification","valueRequired":true,"valueName":"search_term_string"}}],"inLanguage":"fr-FR"},{"@type":"Organization","@id":"https:\/\/3dgdc.pl\/#organization","name":"Cr\u00e9ations 3D GlowDrive","alternateName":"Gadzety LED Do Aut Ci\u0119\u017carowych","url":"https:\/\/3dgdc.pl\/","logo":{"@type":"ImageObject","inLanguage":"fr-FR","@id":"https:\/\/3dgdc.pl\/#\/schema\/logo\/image\/","url":"https:\/\/3dgdc.pl\/wp-content\/uploads\/2025\/05\/prof_obszar-roboczy-1-kopia-scaled.png","contentUrl":"https:\/\/3dgdc.pl\/wp-content\/uploads\/2025\/05\/prof_obszar-roboczy-1-kopia-scaled.png","width":2560,"height":2560,"caption":"3D GlowDrive Creations"},"image":{"@id":"https:\/\/3dgdc.pl\/#\/schema\/logo\/image\/"},"sameAs":["https:\/\/www.facebook.com\/profile.php?id=61565630297137&locale=pl_PL","https:\/\/www.instagram.com\/3dglowdrivecreations\/","https:\/\/www.tiktok.com\/@ledtruckbudges"],"description":"Nous sommes une entreprise dynamique sp\u00e9cialis\u00e9e dans la cr\u00e9ation d&#039;accessoires LED de haute qualit\u00e9 pour camions. Notre offre comprend des produits innovants tels que des embl\u00e8mes LED, des lettres lumineuses et des gadgets publicitaires personnalis\u00e9s. Tous nos produits se distinguent par leur design moderne, leur durabilit\u00e9 et leur s\u00e9curit\u00e9 d&#039;utilisation. Gr\u00e2ce \u00e0 notre passion et \u00e0 notre engagement, nous proposons \u00e0 nos clients des solutions uniques qui soulignent le style unique de leur v\u00e9hicule.","email":"3dglowdrivecreations@gmail.com","telephone":"725038684","legalName":"3D GlowDrive Creations","foundingDate":"2024-05-02","vatID":"5783170027","taxID":"5783170027","numberOfEmployees":{"@type":"QuantitativeValue","minValue":"1","maxValue":"10"},"hasMerchantReturnPolicy":{"@type":"MerchantReturnPolicy","merchantReturnLink":"https:\/\/3dgdc.pl\/fr\/polityka-zwrotow\/"}}]},"og_availability":"instock","product_availability":"instock","product_retailer_item_id":"TAB-LED-KOTR","product_condition":"new"},"_links":{"self":[{"href":"https:\/\/3dgdc.pl\/fr\/wp-json\/wp\/v2\/product\/262734","targetHints":{"allow":["GET"]}}],"collection":[{"href":"https:\/\/3dgdc.pl\/fr\/wp-json\/wp\/v2\/product"}],"about":[{"href":"https:\/\/3dgdc.pl\/fr\/wp-json\/wp\/v2\/types\/product"}],"version-history":[{"count":5,"href":"https:\/\/3dgdc.pl\/fr\/wp-json\/wp\/v2\/product\/262734\/revisions"}],"predecessor-version":[{"id":276754,"href":"https:\/\/3dgdc.pl\/fr\/wp-json\/wp\/v2\/product\/262734\/revisions\/276754"}],"wp:featuredmedia":[{"embeddable":true,"href":"https:\/\/3dgdc.pl\/fr\/wp-json\/wp\/v2\/media\/269359"}],"wp:attachment":[{"href":"https:\/\/3dgdc.pl\/fr\/wp-json\/wp\/v2\/media?parent=262734"}],"wp:term":[{"taxonomy":"product_brand","embeddable":true,"href":"https:\/\/3dgdc.pl\/fr\/wp-json\/wp\/v2\/product_brand?post=262734"},{"taxonomy":"product_cat","embeddable":true,"href":"https:\/\/3dgdc.pl\/fr\/wp-json\/wp\/v2\/product_cat?post=262734"},{"taxonomy":"product_tag","embeddable":true,"href":"https:\/\/3dgdc.pl\/fr\/wp-json\/wp\/v2\/product_tag?post=262734"}],"curies":[{"name":"wp","href":"https:\/\/api.w.org\/{rel}","templated":true}]}}