{"id":258978,"date":"2024-12-03T01:07:00","date_gmt":"2024-12-03T00:07:00","guid":{"rendered":"https:\/\/3dgdc.pl\/?post_type=product&#038;p=258978"},"modified":"2025-10-24T22:50:21","modified_gmt":"2025-10-24T20:50:21","slug":"oreilles-pour-retroviseurs-scania","status":"publish","type":"product","link":"https:\/\/3dgdc.pl\/fr\/produkt\/uszy-pod-lusterka-scania\/","title":{"rendered":"Des oreilles pour les r\u00e9troviseurs - Scania Gryf"},"content":{"rendered":"<h2 style=\"text-align: center;\" data-start=\"182\" data-end=\"244\"><strong data-start=\"182\" data-end=\"242\">Oreilles sous les r\u00e9troviseurs Scania Gryf<span style=\"color: #339966;\">\u00a0<\/span>\u2013 Style et fonctionnalit\u00e9 en un<\/strong><\/h2>\n<p class=\"\" data-start=\"246\" data-end=\"483\"><span style=\"color: #808080;\">Les oreilles \u00e9clair\u00e9es sous les r\u00e9troviseurs Scania Gryf sont un excellent moyen de distinguer votre v\u00e9hicule et d&#039;am\u00e9liorer la s\u00e9curit\u00e9. Gr\u00e2ce \u00e0 des solutions modernes, ce produit souligne non seulement l&#039;esth\u00e9tique du v\u00e9hicule, mais am\u00e9liore \u00e9galement sa visibilit\u00e9 sur la route.<\/span><\/p>\n<h3 class=\"\" data-start=\"485\" data-end=\"549\">Qu&#039;est-ce qui rend nos oreilles de r\u00e9troviseur Scania Gryf uniques ?<\/h3>\n<h4 class=\"\" data-start=\"551\" data-end=\"587\">Personnalisation et diversit\u00e9<\/h4>\n<p class=\"\" data-start=\"588\" data-end=\"915\"><span style=\"color: #808080;\">Vous voulez que votre v\u00e9hicule ait une allure particuli\u00e8re ? Gr\u00e2ce \u00e0 diff\u00e9rentes options de couleurs, vous pouvez personnaliser le r\u00e9tro\u00e9clairage. Les combinaisons populaires telles que l'orange et le rouge conviennent parfaitement aux rallyes routiers. Si vous pr\u00e9f\u00e9rez des solutions plus discr\u00e8tes, les couleurs unies seront le choix id\u00e9al.<\/span><\/p>\n<h4 class=\"\" data-start=\"917\" data-end=\"951\">Visibilit\u00e9 et s\u00e9curit\u00e9<\/h4>\n<p class=\"\" data-start=\"952\" data-end=\"1198\"><span style=\"color: #808080;\">En \u00e9quipant votre v\u00e9hicule de nos oreilles, vous augmentez sa visibilit\u00e9 sur la route. Ces accessoires LED agissent comme des feux de position, aidant les autres conducteurs \u00e0 rep\u00e9rer votre v\u00e9hicule plus rapidement, en particulier \u00e0 la nuit tomb\u00e9e ou dans des conditions m\u00e9t\u00e9orologiques difficiles.<\/span><\/p>\n<h4 class=\"\" data-start=\"1200\" data-end=\"1235\">Durabilit\u00e9 et efficacit\u00e9 \u00e9nerg\u00e9tique<\/h4>\n<p class=\"\" data-start=\"1236\" data-end=\"1464\"><span style=\"color: #808080;\">Vous n&#039;avez pas \u00e0 vous soucier de la durabilit\u00e9. Les oreilles r\u00e9sistent \u00e0 l&#039;humidit\u00e9, aux variations de temp\u00e9rature et aux dommages m\u00e9caniques. De plus, le r\u00e9tro\u00e9clairage \u00e9conome en \u00e9nergie, aliment\u00e9 par une tension de 20 \u00e0 30 V, n&#039;encombre pas l&#039;installation \u00e9lectrique.<\/span><\/p>\n<h4 class=\"\" data-start=\"1466\" data-end=\"1486\">Installation simple<\/h4>\n<p class=\"\" data-start=\"1487\" data-end=\"1646\"><span style=\"color: #808080;\">L'installation est facile gr\u00e2ce \u00e0 la vis M10 int\u00e9gr\u00e9e. En quelques minutes, vous pouvez installer des oreilles qui am\u00e9lioreront instantan\u00e9ment l'aspect et la fonctionnalit\u00e9 de votre v\u00e9hicule.<\/span><\/p>\n<h3 class=\"\" data-start=\"1648\" data-end=\"1677\">Pourquoi cela vaut-il la peine de les avoir ?<\/h3>\n<p class=\"\" data-start=\"1678\" data-end=\"1917\"><span style=\"color: #808080;\">Nos r\u00e9troviseurs sont l&#039;accessoire id\u00e9al pour tout propri\u00e9taire de camion. Ils allient design moderne et praticit\u00e9. De plus, ils sont parfaits pour un usage quotidien ainsi que pour des \u00e9v\u00e9nements tels que des rallyes de camions.<\/span><\/p>\n<h3 class=\"\" data-start=\"1919\" data-end=\"1944\">Voir notre offre<\/h3>\n<p class=\"\" data-start=\"1945\" data-end=\"2098\"><span style=\"color: #808080;\">D\u00e9couvrez d'autres produits dans notre boutique, notamment<span style=\"color: #008000;\"><span style=\"color: #0000ff;\"> <a style=\"color: #0000ff;\" href=\"https:\/\/3dgdc.pl\/kategoria-produktu\/podswietlane-emblematy\/\">Embl\u00e8mes lumineux<\/a><\/span>.<\/span> N'attendez pas - faites ressortir votre v\u00e9hicule et augmentez la s\u00e9curit\u00e9 routi\u00e8re !<\/span><\/p>","protected":false},"excerpt":{"rendered":"<div class=\"product-short-description\">\n<p><strong>Le prix s&#039;applique \u00e0 :<\/strong> 1 pi\u00e8ce<\/p>\n<h3>Sp\u00e9cification<\/h3>\n<ul>\n<li>Alimentation : 24 V<\/li>\n<li>Diam\u00e8tre : 12 cm<\/li>\n<li>Hauteur : 5 cm<\/li>\n<li>C\u00e2ble : 1,5 m<\/li>\n<li>Montage : boulon M10 int\u00e9gr\u00e9 avec rondelle et \u00e9crou<\/li>\n<\/ul>\n<h3>Apparence<\/h3>\n<ul>\n<li>Couleur : blanc avec motif et rayures noires<\/li>\n<li>R\u00e9tro\u00e9clairage LED (double face) : blanc froid, orange, vert, rouge, bleu<\/li>\n<li>Possibilit\u00e9 de choisir des couleurs diff\u00e9rentes pour les deux faces<\/li>\n<\/ul>\n<h3>D\u00e9lai d'ex\u00e9cution<\/h3>\n<p>Jusqu'\u00e0 4 jours ouvrables<\/p>\n<\/div>\n<p>&nbsp;<\/p>","protected":false},"featured_media":269459,"template":"","meta":{"_acf_changed":false},"product_brand":[671],"product_cat":[401],"product_tag":[589,318,367,499],"class_list":{"0":"post-258978","1":"product","2":"type-product","3":"status-publish","4":"has-post-thumbnail","6":"product_brand-3dgdc","7":"product_cat-uszy-pod-lusterka","8":"product_tag-king-of-the-road","9":"product_tag-scania","10":"product_tag-uszy","11":"product_tag-uszy-pod-lusterka","12":"pa_kolor-1-bialy-zimny","13":"pa_kolor-1-czerwony","14":"pa_kolor-1-niebieski","15":"pa_kolor-1-pomaranczowy","16":"pa_kolor-1-zielony","17":"pa_kolor-2-bialy-zimny","18":"pa_kolor-2-czerwony","19":"pa_kolor-2-niebieski","20":"pa_kolor-2-pomaranczowy","21":"pa_kolor-2-zielony","23":"first","24":"instock","25":"taxable","26":"shipping-taxable","27":"purchasable","28":"product-type-variable"},"acf":[],"yoast_head":"<!-- This site is optimized with the Yoast SEO Premium plugin v27.3 (Yoast SEO v27.3) - https:\/\/yoast.com\/product\/yoast-seo-premium-wordpress\/ -->\n<title>Uszy Pod Lusterka Scania Gryf<\/title>\n<meta name=\"description\" content=\"Uszy pod lusterka Scania Gryf \u2013 pod\u015bwietlane akcesoria, kt\u00f3re poprawiaj\u0105 widoczno\u015b\u0107. Oferujemy personalizacj\u0119 kolor\u00f3w i trwa\u0142o\u015b\u0107 w ka\u017cdych warunkach.\" \/>\n<meta name=\"robots\" content=\"index, follow, max-snippet:-1, max-image-preview:large, max-video-preview:-1\" \/>\n<link rel=\"canonical\" href=\"https:\/\/3dgdc.pl\/fr\/produit\/oreilles-pour-retroviseurs-scania\/\" \/>\n<meta property=\"og:locale\" content=\"fr_FR\" \/>\n<meta property=\"og:type\" content=\"article\" \/>\n<meta property=\"og:title\" content=\"Tabliczki LED TIR | Personalizacja Twojej Ci\u0119\u017car\u00f3wki\" \/>\n<meta property=\"og:description\" content=\"Pod\u015bwietlane emblematy | Tabliczki naro\u017cnikowe LED | Uszy pod lusterka | O\u015bwietlenie kabiny | O\u015bwietlenie kabiny | Obrys\u00f3wki LED\" \/>\n<meta property=\"og:url\" content=\"https:\/\/3dgdc.pl\/fr\/produit\/oreilles-pour-retroviseurs-scania\/\" \/>\n<meta property=\"og:site_name\" content=\"3D GlowDrive Creations | Pod\u015bwietlane Emblematy LED\" \/>\n<meta property=\"article:publisher\" content=\"https:\/\/www.facebook.com\/profile.php?id=61565630297137&amp;locale=pl_PL\" \/>\n<meta property=\"article:modified_time\" content=\"2025-10-24T20:50:21+00:00\" \/>\n<meta property=\"og:image\" content=\"https:\/\/3dgdc.pl\/wp-content\/uploads\/2025\/01\/uszy-pod-lusterka-gryf.webp\" \/>\n\t<meta property=\"og:image:width\" content=\"900\" \/>\n\t<meta property=\"og:image:height\" content=\"900\" \/>\n\t<meta property=\"og:image:type\" content=\"image\/webp\" \/>\n<meta name=\"twitter:card\" content=\"summary_large_image\" \/>\n<meta name=\"twitter:label1\" content=\"Disponibilit\u00e9\" \/>\n\t<meta name=\"twitter:data1\" content=\"En stock\" \/>\n<script type=\"application\/ld+json\" class=\"yoast-schema-graph\">{\"@context\":\"https:\\\/\\\/schema.org\",\"@graph\":[{\"@type\":\"WebPage\",\"@id\":\"https:\\\/\\\/3dgdc.pl\\\/produkt\\\/uszy-pod-lusterka-scania\\\/\",\"url\":\"https:\\\/\\\/3dgdc.pl\\\/produkt\\\/uszy-pod-lusterka-scania\\\/\",\"name\":\"Uszy Pod Lusterka Scania Gryf\",\"isPartOf\":{\"@id\":\"https:\\\/\\\/3dgdc.pl\\\/#website\"},\"primaryImageOfPage\":{\"@id\":\"https:\\\/\\\/3dgdc.pl\\\/produkt\\\/uszy-pod-lusterka-scania\\\/#primaryimage\"},\"image\":{\"@id\":\"https:\\\/\\\/3dgdc.pl\\\/produkt\\\/uszy-pod-lusterka-scania\\\/#primaryimage\"},\"thumbnailUrl\":\"https:\\\/\\\/3dgdc.pl\\\/wp-content\\\/uploads\\\/2025\\\/01\\\/uszy-pod-lusterka-gryf.webp\",\"datePublished\":\"2024-12-03T00:07:00+00:00\",\"dateModified\":\"2025-10-24T20:50:21+00:00\",\"description\":\"Uszy pod lusterka Scania Gryf \u2013 pod\u015bwietlane akcesoria, kt\u00f3re poprawiaj\u0105 widoczno\u015b\u0107. Oferujemy personalizacj\u0119 kolor\u00f3w i trwa\u0142o\u015b\u0107 w ka\u017cdych warunkach.\",\"breadcrumb\":{\"@id\":\"https:\\\/\\\/3dgdc.pl\\\/produkt\\\/uszy-pod-lusterka-scania\\\/#breadcrumb\"},\"inLanguage\":\"fr-FR\",\"potentialAction\":[{\"@type\":\"ReadAction\",\"target\":[\"https:\\\/\\\/3dgdc.pl\\\/produkt\\\/uszy-pod-lusterka-scania\\\/\"]}]},{\"@type\":\"ImageObject\",\"inLanguage\":\"fr-FR\",\"@id\":\"https:\\\/\\\/3dgdc.pl\\\/produkt\\\/uszy-pod-lusterka-scania\\\/#primaryimage\",\"url\":\"https:\\\/\\\/3dgdc.pl\\\/wp-content\\\/uploads\\\/2025\\\/01\\\/uszy-pod-lusterka-gryf.webp\",\"contentUrl\":\"https:\\\/\\\/3dgdc.pl\\\/wp-content\\\/uploads\\\/2025\\\/01\\\/uszy-pod-lusterka-gryf.webp\",\"width\":900,\"height\":900,\"caption\":\"uszy pod lusterka scania\"},{\"@type\":\"BreadcrumbList\",\"@id\":\"https:\\\/\\\/3dgdc.pl\\\/produkt\\\/uszy-pod-lusterka-scania\\\/#breadcrumb\",\"itemListElement\":[{\"@type\":\"ListItem\",\"position\":1,\"name\":\"Strona g\u0142\u00f3wna\",\"item\":\"https:\\\/\\\/3dgdc.pl\\\/de\\\/\"},{\"@type\":\"ListItem\",\"position\":2,\"name\":\"Sklep\",\"item\":\"https:\\\/\\\/3dgdc.pl\\\/de\\\/led-zubehor-lkw-kennzeichen-beleuchtete-beschriftungen\\\/\"},{\"@type\":\"ListItem\",\"position\":3,\"name\":\"Uszy pod lusterka\",\"item\":\"https:\\\/\\\/3dgdc.pl\\\/kategoria-produktu\\\/uszy-pod-lusterka\\\/\"},{\"@type\":\"ListItem\",\"position\":4,\"name\":\"Uszy pod lusterka &#8211; Scania Gryf\"}]},{\"@type\":\"WebSite\",\"@id\":\"https:\\\/\\\/3dgdc.pl\\\/#website\",\"url\":\"https:\\\/\\\/3dgdc.pl\\\/\",\"name\":\"https:\\\/\\\/3dgdc.pl\\\/\",\"description\":\"Pod\u015bwietlane Emblematy i Akcesoria LED do Ci\u0105gnik\u00f3w Siod\u0142owych i Rolniczych\",\"publisher\":{\"@id\":\"https:\\\/\\\/3dgdc.pl\\\/#organization\"},\"potentialAction\":[{\"@type\":\"SearchAction\",\"target\":{\"@type\":\"EntryPoint\",\"urlTemplate\":\"https:\\\/\\\/3dgdc.pl\\\/?s={search_term_string}\"},\"query-input\":{\"@type\":\"PropertyValueSpecification\",\"valueRequired\":true,\"valueName\":\"search_term_string\"}}],\"inLanguage\":\"fr-FR\"},{\"@type\":\"Organization\",\"@id\":\"https:\\\/\\\/3dgdc.pl\\\/#organization\",\"name\":\"3D GlowDrive Creations\",\"alternateName\":\"Gadzety LED Do Aut Ci\u0119\u017carowych\",\"url\":\"https:\\\/\\\/3dgdc.pl\\\/\",\"logo\":{\"@type\":\"ImageObject\",\"inLanguage\":\"fr-FR\",\"@id\":\"https:\\\/\\\/3dgdc.pl\\\/#\\\/schema\\\/logo\\\/image\\\/\",\"url\":\"https:\\\/\\\/3dgdc.pl\\\/wp-content\\\/uploads\\\/2025\\\/05\\\/prof_obszar-roboczy-1-kopia-scaled.png\",\"contentUrl\":\"https:\\\/\\\/3dgdc.pl\\\/wp-content\\\/uploads\\\/2025\\\/05\\\/prof_obszar-roboczy-1-kopia-scaled.png\",\"width\":2560,\"height\":2560,\"caption\":\"3D GlowDrive Creations\"},\"image\":{\"@id\":\"https:\\\/\\\/3dgdc.pl\\\/#\\\/schema\\\/logo\\\/image\\\/\"},\"sameAs\":[\"https:\\\/\\\/www.facebook.com\\\/profile.php?id=61565630297137&locale=pl_PL\",\"https:\\\/\\\/www.instagram.com\\\/3dglowdrivecreations\\\/\",\"https:\\\/\\\/www.tiktok.com\\\/@ledtruckbudges\"],\"description\":\"Jeste\u015bmy dynamiczn\u0105 firm\u0105 specjalizuj\u0105c\u0105 si\u0119 w tworzeniu wysokiej jako\u015bci akcesori\u00f3w LED do samochod\u00f3w ci\u0119\u017carowych. Nasza oferta obejmuje innowacyjne produkty, takie jak LED-owe emblematy, pod\u015bwietlane litery oraz spersonalizowane gad\u017cety reklamowe. Wszystkie nasze produkty cechuj\u0105 si\u0119 nowoczesnym designem, trwa\u0142o\u015bci\u0105 oraz dba\u0142o\u015bci\u0105 o bezpiecze\u0144stwo u\u017cytkowania. Dzi\u0119ki pasji i zaanga\u017cowaniu zapewniamy klientom wyj\u0105tkowe rozwi\u0105zania, kt\u00f3re podkre\u015blaj\u0105 indywidualny styl ich pojazd\u00f3w.\",\"email\":\"3dglowdrivecreations@gmail.com\",\"telephone\":\"725038684\",\"legalName\":\"3D GlowDrive Creations\",\"foundingDate\":\"2024-05-02\",\"vatID\":\"5783170027\",\"taxID\":\"5783170027\",\"numberOfEmployees\":{\"@type\":\"QuantitativeValue\",\"minValue\":\"1\",\"maxValue\":\"10\"},\"hasMerchantReturnPolicy\":{\"@type\":\"MerchantReturnPolicy\",\"merchantReturnLink\":\"https:\\\/\\\/3dgdc.pl\\\/fr\\\/polityka-zwrotow\\\/\"}}]}<\/script>\n<meta property=\"og:availability\" content=\"instock\" \/>\n<meta property=\"product:availability\" content=\"instock\" \/>\n<meta property=\"product:retailer_item_id\" content=\"USZ-POD-LUS\" \/>\n<meta property=\"product:condition\" content=\"new\" \/>\n<!-- \/ Yoast SEO Premium plugin. -->","yoast_head_json":{"title":"Oreilles sous les r\u00e9troviseurs Scania Gryf","description":"R\u00e9troviseurs Scania Gryf\u00a0: des accessoires \u00e9clair\u00e9s pour une meilleure visibilit\u00e9. Nous proposons une personnalisation des couleurs et une durabilit\u00e9 optimale en toutes circonstances.","robots":{"index":"index","follow":"follow","max-snippet":"max-snippet:-1","max-image-preview":"max-image-preview:large","max-video-preview":"max-video-preview:-1"},"canonical":"https:\/\/3dgdc.pl\/fr\/produit\/oreilles-pour-retroviseurs-scania\/","og_locale":"fr_FR","og_type":"article","og_title":"Tabliczki LED TIR | Personalizacja Twojej Ci\u0119\u017car\u00f3wki","og_description":"Pod\u015bwietlane emblematy | Tabliczki naro\u017cnikowe LED | Uszy pod lusterka | O\u015bwietlenie kabiny | O\u015bwietlenie kabiny | Obrys\u00f3wki LED","og_url":"https:\/\/3dgdc.pl\/fr\/produit\/oreilles-pour-retroviseurs-scania\/","og_site_name":"3D GlowDrive Creations | Pod\u015bwietlane Emblematy LED","article_publisher":"https:\/\/www.facebook.com\/profile.php?id=61565630297137&locale=pl_PL","article_modified_time":"2025-10-24T20:50:21+00:00","og_image":[{"width":900,"height":900,"url":"https:\/\/3dgdc.pl\/wp-content\/uploads\/2025\/01\/uszy-pod-lusterka-gryf.webp","type":"image\/webp"}],"twitter_card":"summary_large_image","twitter_misc":{"Disponibilit\u00e9":"En stock"},"schema":{"@context":"https:\/\/schema.org","@graph":[{"@type":"WebPage","@id":"https:\/\/3dgdc.pl\/produkt\/uszy-pod-lusterka-scania\/","url":"https:\/\/3dgdc.pl\/produkt\/uszy-pod-lusterka-scania\/","name":"Oreilles sous les r\u00e9troviseurs Scania Gryf","isPartOf":{"@id":"https:\/\/3dgdc.pl\/#website"},"primaryImageOfPage":{"@id":"https:\/\/3dgdc.pl\/produkt\/uszy-pod-lusterka-scania\/#primaryimage"},"image":{"@id":"https:\/\/3dgdc.pl\/produkt\/uszy-pod-lusterka-scania\/#primaryimage"},"thumbnailUrl":"https:\/\/3dgdc.pl\/wp-content\/uploads\/2025\/01\/uszy-pod-lusterka-gryf.webp","datePublished":"2024-12-03T00:07:00+00:00","dateModified":"2025-10-24T20:50:21+00:00","description":"R\u00e9troviseurs Scania Gryf\u00a0: des accessoires \u00e9clair\u00e9s pour une meilleure visibilit\u00e9. Nous proposons une personnalisation des couleurs et une durabilit\u00e9 optimale en toutes circonstances.","breadcrumb":{"@id":"https:\/\/3dgdc.pl\/produkt\/uszy-pod-lusterka-scania\/#breadcrumb"},"inLanguage":"fr-FR","potentialAction":[{"@type":"ReadAction","target":["https:\/\/3dgdc.pl\/produkt\/uszy-pod-lusterka-scania\/"]}]},{"@type":"ImageObject","inLanguage":"fr-FR","@id":"https:\/\/3dgdc.pl\/produkt\/uszy-pod-lusterka-scania\/#primaryimage","url":"https:\/\/3dgdc.pl\/wp-content\/uploads\/2025\/01\/uszy-pod-lusterka-gryf.webp","contentUrl":"https:\/\/3dgdc.pl\/wp-content\/uploads\/2025\/01\/uszy-pod-lusterka-gryf.webp","width":900,"height":900,"caption":"uszy pod lusterka scania"},{"@type":"BreadcrumbList","@id":"https:\/\/3dgdc.pl\/produkt\/uszy-pod-lusterka-scania\/#breadcrumb","itemListElement":[{"@type":"ListItem","position":1,"name":"Strona g\u0142\u00f3wna","item":"https:\/\/3dgdc.pl\/de\/"},{"@type":"ListItem","position":2,"name":"Sklep","item":"https:\/\/3dgdc.pl\/de\/led-zubehor-lkw-kennzeichen-beleuchtete-beschriftungen\/"},{"@type":"ListItem","position":3,"name":"Uszy pod lusterka","item":"https:\/\/3dgdc.pl\/kategoria-produktu\/uszy-pod-lusterka\/"},{"@type":"ListItem","position":4,"name":"Uszy pod lusterka &#8211; Scania Gryf"}]},{"@type":"WebSite","@id":"https:\/\/3dgdc.pl\/#website","url":"https:\/\/3dgdc.pl\/","name":"https:\/\/3dgdc.pl\/","description":"Embl\u00e8mes et accessoires LED \u00e9clair\u00e9s pour tracteurs et camions agricoles","publisher":{"@id":"https:\/\/3dgdc.pl\/#organization"},"potentialAction":[{"@type":"SearchAction","target":{"@type":"EntryPoint","urlTemplate":"https:\/\/3dgdc.pl\/?s={search_term_string}"},"query-input":{"@type":"PropertyValueSpecification","valueRequired":true,"valueName":"search_term_string"}}],"inLanguage":"fr-FR"},{"@type":"Organization","@id":"https:\/\/3dgdc.pl\/#organization","name":"Cr\u00e9ations 3D GlowDrive","alternateName":"Gadzety LED Do Aut Ci\u0119\u017carowych","url":"https:\/\/3dgdc.pl\/","logo":{"@type":"ImageObject","inLanguage":"fr-FR","@id":"https:\/\/3dgdc.pl\/#\/schema\/logo\/image\/","url":"https:\/\/3dgdc.pl\/wp-content\/uploads\/2025\/05\/prof_obszar-roboczy-1-kopia-scaled.png","contentUrl":"https:\/\/3dgdc.pl\/wp-content\/uploads\/2025\/05\/prof_obszar-roboczy-1-kopia-scaled.png","width":2560,"height":2560,"caption":"3D GlowDrive Creations"},"image":{"@id":"https:\/\/3dgdc.pl\/#\/schema\/logo\/image\/"},"sameAs":["https:\/\/www.facebook.com\/profile.php?id=61565630297137&locale=pl_PL","https:\/\/www.instagram.com\/3dglowdrivecreations\/","https:\/\/www.tiktok.com\/@ledtruckbudges"],"description":"Nous sommes une entreprise dynamique sp\u00e9cialis\u00e9e dans la cr\u00e9ation d&#039;accessoires LED de haute qualit\u00e9 pour camions. Notre offre comprend des produits innovants tels que des embl\u00e8mes LED, des lettres lumineuses et des gadgets publicitaires personnalis\u00e9s. Tous nos produits se distinguent par leur design moderne, leur durabilit\u00e9 et leur s\u00e9curit\u00e9 d&#039;utilisation. Gr\u00e2ce \u00e0 notre passion et \u00e0 notre engagement, nous proposons \u00e0 nos clients des solutions uniques qui soulignent le style unique de leur v\u00e9hicule.","email":"3dglowdrivecreations@gmail.com","telephone":"725038684","legalName":"3D GlowDrive Creations","foundingDate":"2024-05-02","vatID":"5783170027","taxID":"5783170027","numberOfEmployees":{"@type":"QuantitativeValue","minValue":"1","maxValue":"10"},"hasMerchantReturnPolicy":{"@type":"MerchantReturnPolicy","merchantReturnLink":"https:\/\/3dgdc.pl\/fr\/polityka-zwrotow\/"}}]},"og_availability":"instock","product_availability":"instock","product_retailer_item_id":"USZ-POD-LUS","product_condition":"new"},"_links":{"self":[{"href":"https:\/\/3dgdc.pl\/fr\/wp-json\/wp\/v2\/product\/258978","targetHints":{"allow":["GET"]}}],"collection":[{"href":"https:\/\/3dgdc.pl\/fr\/wp-json\/wp\/v2\/product"}],"about":[{"href":"https:\/\/3dgdc.pl\/fr\/wp-json\/wp\/v2\/types\/product"}],"version-history":[{"count":4,"href":"https:\/\/3dgdc.pl\/fr\/wp-json\/wp\/v2\/product\/258978\/revisions"}],"predecessor-version":[{"id":276742,"href":"https:\/\/3dgdc.pl\/fr\/wp-json\/wp\/v2\/product\/258978\/revisions\/276742"}],"wp:featuredmedia":[{"embeddable":true,"href":"https:\/\/3dgdc.pl\/fr\/wp-json\/wp\/v2\/media\/269459"}],"wp:attachment":[{"href":"https:\/\/3dgdc.pl\/fr\/wp-json\/wp\/v2\/media?parent=258978"}],"wp:term":[{"taxonomy":"product_brand","embeddable":true,"href":"https:\/\/3dgdc.pl\/fr\/wp-json\/wp\/v2\/product_brand?post=258978"},{"taxonomy":"product_cat","embeddable":true,"href":"https:\/\/3dgdc.pl\/fr\/wp-json\/wp\/v2\/product_cat?post=258978"},{"taxonomy":"product_tag","embeddable":true,"href":"https:\/\/3dgdc.pl\/fr\/wp-json\/wp\/v2\/product_tag?post=258978"}],"curies":[{"name":"wp","href":"https:\/\/api.w.org\/{rel}","templated":true}]}}