{"id":277032,"date":"2025-11-12T05:36:19","date_gmt":"2025-11-12T04:36:19","guid":{"rendered":"https:\/\/3dgdc.pl\/?post_type=product&#038;p=277032"},"modified":"2026-04-02T09:03:15","modified_gmt":"2026-04-02T07:03:15","slug":"logotipo-iluminado-de-deutz-fahr","status":"publish","type":"product","link":"https:\/\/3dgdc.pl\/es\/produkt\/podswietlane-logo-deutz-fahr\/","title":{"rendered":"Logotipo iluminado \u2013 Deutz Fahr"},"content":{"rendered":"<div style=\"font-family: 'Segoe UI',sans-serif; line-height: 1.7; color: #222;\">\n<h2 style=\"color: #004570;\">Emblema LED DEUTZ-FAHR: logotipo iluminado para Agrotron 7250 TTV (serie 7)<\/h2>\n<p>\u00bfBusca una manera de hacer que su tractor Deutz-Fahr se destaque entre la multitud?<br \/>\nEste <strong>Emblema LED DEUTZ-FAHR<\/strong> Es la elecci\u00f3n perfecta.<br \/>\nCombina un dise\u00f1o moderno con funcionalidad, y su dise\u00f1o garantiza durabilidad incluso en las condiciones de trabajo m\u00e1s duras.<br \/>\nEsto no solo agregar\u00e1 estilo a su tractor, sino que tambi\u00e9n mejorar\u00e1 la visibilidad despu\u00e9s del anochecer.<\/p>\n<h3 style=\"color: #008000;\">\u2705 Combinaci\u00f3n perfecta con el original<\/h3>\n<p>El emblema fue dise\u00f1ado con el modelo en mente. <strong>Deutz-Fahr Agrotron 7250 TTV<\/strong> a partir de 2022.<br \/>\nTambi\u00e9n se adapta a otras series \u2013 <strong>6, 7, 8 y 9<\/strong> \u2013 para que pueda estar seguro de que las dimensiones y los puntos de montaje son id\u00e9nticos al logotipo original.<br \/>\nLos tornillos est\u00e1n dispuestos de la misma manera, lo que hace que el montaje sea r\u00e1pido y sin complicaciones.<br \/>\nNo es necesario modificar nada ni hacer nuevos agujeros, simplemente reemplazar el emblema antiguo por el nuevo LED.<\/p>\n<h3 style=\"color: #004570;\">\ud83d\udca1Elige el color que mejor se adapte a tu estilo<\/h3>\n<p>Cada agricultor tiene su estilo favorito, por eso ofrecemos cinco variantes de colores.<br \/>\nElige el que mejor se adapte a la apariencia de tu tractor o resalte su car\u00e1cter.<br \/>\nTodas las versiones est\u00e1n equipadas con LED potentes y duraderos que brillan uniformemente y no pierden intensidad con el tiempo.<\/p>\n<ul style=\"list-style: square; margin-left: 25px;\">\n<li><span style=\"color: #00bfff;\">Blanco fr\u00edo<\/span> \u2013 Elegante y moderno, perfecto para los fan\u00e1ticos de los cl\u00e1sicos.<\/li>\n<li><span style=\"color: #ff0000;\">Rojo<\/span> \u2013 una elecci\u00f3n audaz que llama la atenci\u00f3n.<\/li>\n<li><span style=\"color: #007bff;\">Azul<\/span> \u2013 fresco, elegante y muy original.<\/li>\n<li><span style=\"color: #ffa500;\">Naranja<\/span> \u2013 din\u00e1mico y lleno de energ\u00eda.<\/li>\n<li><span style=\"color: #32cd32;\">Verde<\/span> \u2013 el color de la marca Deutz-Fahr, que mejor refleja su car\u00e1cter.<\/li>\n<\/ul>\n<h3 style=\"color: #008000;\">\ud83d\udd27 Instalaci\u00f3n r\u00e1pida y conexi\u00f3n segura<\/h3>\n<p>La instalaci\u00f3n del emblema es muy sencilla, por lo que puedes hacerlo t\u00fa mismo sin necesidad de herramientas especiales.<br \/>\nSimplemente conecte los cables como est\u00e1 marcado \u2013 <strong>El cable negro es el polo negativo (-).<\/strong>, y <strong>El rojo es el polo positivo (+)<\/strong>.<br \/>\nEl emblema funciona de forma est\u00e1ndar. <strong>Fuente de alimentaci\u00f3n de 12 V CC<\/strong>, lo que significa que se puede montar de forma segura en la mayor\u00eda de los tractores agr\u00edcolas.<br \/>\nGracias a esto no necesitas ning\u00fan m\u00f3dulo ni convertidor adicional.<\/p>\n<h3 style=\"color: #004570;\">\ud83d\udca7Resistencia al agua y condiciones extremas<\/h3>\n<p>El emblema LED de Deutz-Fahr presenta un dise\u00f1o completo <strong>Clase de impermeabilidad IP67<\/strong>.<br \/>\nEsto significa que es completamente resistente al barro, al polvo y a la lluvia.<br \/>\nPuede lavar el tractor de forma segura con una hidrolavadora: gracias a su construcci\u00f3n sellada, el agua no entrar\u00e1 en su interior.<br \/>\nAdem\u00e1s, el material utilizado es resistente a la radiaci\u00f3n UV, por lo que el emblema no se desvanece incluso despu\u00e9s de muchas temporadas.<\/p>\n<h3 style=\"color: #008000;\">\u2699\ufe0f Durabilidad y calidad en la que puede confiar<\/h3>\n<p>Cada pieza pasa por un exhaustivo control de calidad.<br \/>\nEsto significa que obtendr\u00e1 un producto que funciona de manera confiable durante mucho tiempo.<br \/>\nLos LED tienen una vida \u00fatil muy larga y su luz permanece intensa incluso despu\u00e9s de miles de horas de funcionamiento.<br \/>\nAdem\u00e1s, la construcci\u00f3n es resistente a vibraciones y golpes, por lo que el emblema es perfecto para el trabajo de campo.<\/p>\n<h3 style=\"color: #004570;\">\ud83d\udee1\ufe0f Garant\u00eda de 3 a\u00f1os: seguridad y tranquilidad<\/h3>\n<p>Cuando compras un emblema LED de <strong>3DGDC<\/strong>, te levantas a <strong>Garant\u00eda de 3 a\u00f1os<\/strong>.<br \/>\nEsta es una prueba de la alta calidad y durabilidad de nuestro producto.<br \/>\nSi es necesario, tambi\u00e9n ofrecemos soporte t\u00e9cnico y servicio de garant\u00eda r\u00e1pido.<br \/>\nEsto significa que puedes estar seguro de que tu compra es completamente segura.<\/p>\n<h3 style=\"color: #004570;\">\ud83d\ude9c\u00bfPor qu\u00e9 elegir 3DGDC?<\/h3>\n<p>Marca <strong>Creaciones 3D GlowDrive<\/strong> se especializa en la producci\u00f3n <em>emblemas LED iluminados<\/em> Para maquinaria agr\u00edcola y camiones.<br \/>\nDise\u00f1amos y fabricamos nuestros productos en Polonia, por lo que garantizamos alta calidad, precisi\u00f3n y durabilidad.<br \/>\nNuestros emblemas nacen de la pasi\u00f3n por la tecnolog\u00eda y la industria automotriz, lo que se traduce en confiabilidad en la pr\u00e1ctica.<\/p>\n<ul style=\"list-style: square; margin-left: 25px;\">\n<li>Producci\u00f3n y control de calidad polacos<\/li>\n<li>Resistencia a las condiciones clim\u00e1ticas y vibraciones.<\/li>\n<li>Iluminaci\u00f3n est\u00e9tica y uniforme<\/li>\n<li>Instalaci\u00f3n sencilla sin modificaciones<\/li>\n<li>Garant\u00eda de 3 a\u00f1os y soporte poscompra<\/li>\n<\/ul>\n<p style=\"margin-top: 20px;\"><span style=\"color: #004570; font-weight: bold;\">Resalte el car\u00e1cter de su Deutz-Fahr y dale un aspecto moderno: \u00a1elija el emblema LED original de 3DGDC!<\/span><br \/>\n\ud83d\udca1 Estilo, luz y calidad en uno: vea la diferencia hoy.<\/p>\n<\/div>","protected":false},"excerpt":{"rendered":"<p><span style=\"color: #004570;\"><strong>Implementaci\u00f3n:<\/strong><\/span> 1\u20133 d\u00edas<\/p>\n<p><span style=\"color: #333399;\">Especificaci\u00f3n:<\/span><span style=\"color: #000000;\"><br \/>\n<\/span><span style=\"color: #000000;\"><strong>Fuente de alimentaci\u00f3n:<\/strong> 9-16v<br \/>\n<\/span><span style=\"color: #000000;\"><strong>Material:<\/strong>\u00a0abdominales<br \/>\n<\/span><span style=\"color: #000000;\"><strong><span style=\"color: #000000;\">Dimensiones\/montaje<\/span>: <\/strong><\/span>Fiel al original, ver galer\u00eda \u2013 foto n\u00famero 2<\/p>\n<div style=\"width: 800px;\" class=\"wp-video\"><video class=\"wp-video-shortcode\" id=\"video-277032-1\" width=\"800\" height=\"800\" preload=\"metadata\" controls=\"controls\"><source type=\"video\/mp4\" src=\"https:\/\/3dgdc.pl\/wp-content\/uploads\/2025\/11\/20260401_192118.mp4?_=1\" \/><a href=\"https:\/\/3dgdc.pl\/wp-content\/uploads\/2025\/11\/20260401_192118.mp4\">https:\/\/3dgdc.pl\/wp-content\/uploads\/2025\/11\/20260401_192118.mp4<\/a><\/video><\/div>\n<div style=\"width: 800px;\" class=\"wp-video\"><video class=\"wp-video-shortcode\" id=\"video-277032-2\" width=\"800\" height=\"800\" preload=\"metadata\" controls=\"controls\"><source type=\"video\/mp4\" src=\"https:\/\/3dgdc.pl\/wp-content\/uploads\/2025\/11\/20260401_192032.mp4?_=2\" \/><a href=\"https:\/\/3dgdc.pl\/wp-content\/uploads\/2025\/11\/20260401_192032.mp4\">https:\/\/3dgdc.pl\/wp-content\/uploads\/2025\/11\/20260401_192032.mp4<\/a><\/video><\/div>\n<hr \/>\n<p>&nbsp;<\/p>","protected":false},"featured_media":277044,"template":"","meta":{"_acf_changed":false},"product_brand":[681],"product_cat":[644],"product_tag":[704,313,319],"class_list":{"0":"post-277032","1":"product","2":"type-product","3":"status-publish","4":"has-post-thumbnail","6":"product_brand-3d-glowdrive-creations","7":"product_cat-ciagniki-rolnicze-led-emblem","8":"product_tag-deutz-fahr","9":"product_tag-emblemat-led","10":"product_tag-logo-led","11":"pa_kolor-led-bialy-zimny","12":"pa_kolor-led-czerwony","13":"pa_kolor-led-niebieski","14":"pa_kolor-led-pomaranczowy","15":"pa_kolor-led-zielony","17":"first","18":"instock","19":"taxable","20":"shipping-taxable","21":"purchasable","22":"product-type-variable"},"acf":[],"yoast_head":"<!-- This site is optimized with the Yoast SEO Premium plugin v27.3 (Yoast SEO v27.3) - https:\/\/yoast.com\/product\/yoast-seo-premium-wordpress\/ -->\n<title>Emblemat LED Deutz-Fahr | 3DGDC<\/title>\n<meta name=\"description\" content=\"Pod\u015bwietlany emblemat LED Deutz-Fahr \u2013 idealnie dopasowany, w pe\u0142ni wodoszczelny i trwa\u0142y. Dost\u0119pny w pi\u0119ciu kolorach LED.\" \/>\n<meta name=\"robots\" content=\"index, follow, max-snippet:-1, max-image-preview:large, max-video-preview:-1\" \/>\n<link rel=\"canonical\" href=\"https:\/\/3dgdc.pl\/es\/producto\/logotipo-iluminado-de-deutz-fahr\/\" \/>\n<meta property=\"og:locale\" content=\"es_ES\" \/>\n<meta property=\"og:type\" content=\"article\" \/>\n<meta property=\"og:title\" content=\"Tabliczki LED TIR | Personalizacja Twojej Ci\u0119\u017car\u00f3wki\" \/>\n<meta property=\"og:description\" content=\"Pod\u015bwietlane emblematy | Tabliczki naro\u017cnikowe LED | Uszy pod lusterka | O\u015bwietlenie kabiny | O\u015bwietlenie kabiny | Obrys\u00f3wki LED\" \/>\n<meta property=\"og:url\" content=\"https:\/\/3dgdc.pl\/es\/producto\/logotipo-iluminado-de-deutz-fahr\/\" \/>\n<meta property=\"og:site_name\" content=\"3D GlowDrive Creations | Pod\u015bwietlane Emblematy LED\" \/>\n<meta property=\"article:publisher\" content=\"https:\/\/www.facebook.com\/profile.php?id=61565630297137&amp;locale=pl_PL\" \/>\n<meta property=\"article:modified_time\" content=\"2026-04-02T07:03:15+00:00\" \/>\n<meta property=\"og:image\" content=\"https:\/\/3dgdc.pl\/wp-content\/uploads\/2025\/11\/deutz-fahr-profilowe.png\" \/>\n\t<meta property=\"og:image:width\" content=\"1200\" \/>\n\t<meta property=\"og:image:height\" content=\"1200\" \/>\n\t<meta property=\"og:image:type\" content=\"image\/png\" \/>\n<meta name=\"twitter:card\" content=\"summary_large_image\" \/>\n<meta name=\"twitter:label1\" content=\"Disponibilidad\" \/>\n\t<meta name=\"twitter:data1\" content=\"Disponible\" \/>\n<script type=\"application\/ld+json\" class=\"yoast-schema-graph\">{\"@context\":\"https:\\\/\\\/schema.org\",\"@graph\":[{\"@type\":\"WebPage\",\"@id\":\"https:\\\/\\\/3dgdc.pl\\\/produkt\\\/podswietlane-logo-deutz-fahr\\\/\",\"url\":\"https:\\\/\\\/3dgdc.pl\\\/produkt\\\/podswietlane-logo-deutz-fahr\\\/\",\"name\":\"Emblemat LED Deutz-Fahr | 3DGDC\",\"isPartOf\":{\"@id\":\"https:\\\/\\\/3dgdc.pl\\\/#website\"},\"primaryImageOfPage\":{\"@id\":\"https:\\\/\\\/3dgdc.pl\\\/produkt\\\/podswietlane-logo-deutz-fahr\\\/#primaryimage\"},\"image\":{\"@id\":\"https:\\\/\\\/3dgdc.pl\\\/produkt\\\/podswietlane-logo-deutz-fahr\\\/#primaryimage\"},\"thumbnailUrl\":\"https:\\\/\\\/3dgdc.pl\\\/wp-content\\\/uploads\\\/2025\\\/11\\\/deutz-fahr-profilowe.png\",\"datePublished\":\"2025-11-12T04:36:19+00:00\",\"dateModified\":\"2026-04-02T07:03:15+00:00\",\"description\":\"Pod\u015bwietlany emblemat LED Deutz-Fahr \u2013 idealnie dopasowany, w pe\u0142ni wodoszczelny i trwa\u0142y. Dost\u0119pny w pi\u0119ciu kolorach LED.\",\"breadcrumb\":{\"@id\":\"https:\\\/\\\/3dgdc.pl\\\/produkt\\\/podswietlane-logo-deutz-fahr\\\/#breadcrumb\"},\"inLanguage\":\"es\",\"potentialAction\":[{\"@type\":\"ReadAction\",\"target\":[\"https:\\\/\\\/3dgdc.pl\\\/produkt\\\/podswietlane-logo-deutz-fahr\\\/\"]}]},{\"@type\":\"ImageObject\",\"inLanguage\":\"es\",\"@id\":\"https:\\\/\\\/3dgdc.pl\\\/produkt\\\/podswietlane-logo-deutz-fahr\\\/#primaryimage\",\"url\":\"https:\\\/\\\/3dgdc.pl\\\/wp-content\\\/uploads\\\/2025\\\/11\\\/deutz-fahr-profilowe.png\",\"contentUrl\":\"https:\\\/\\\/3dgdc.pl\\\/wp-content\\\/uploads\\\/2025\\\/11\\\/deutz-fahr-profilowe.png\",\"width\":1200,\"height\":1200,\"caption\":\"deutz fahr logo led\"},{\"@type\":\"BreadcrumbList\",\"@id\":\"https:\\\/\\\/3dgdc.pl\\\/produkt\\\/podswietlane-logo-deutz-fahr\\\/#breadcrumb\",\"itemListElement\":[{\"@type\":\"ListItem\",\"position\":1,\"name\":\"Strona g\u0142\u00f3wna\",\"item\":\"https:\\\/\\\/3dgdc.pl\\\/de\\\/\"},{\"@type\":\"ListItem\",\"position\":2,\"name\":\"Sklep\",\"item\":\"https:\\\/\\\/3dgdc.pl\\\/de\\\/led-zubehor-lkw-kennzeichen-beleuchtete-beschriftungen\\\/\"},{\"@type\":\"ListItem\",\"position\":3,\"name\":\"Pod\u015bwietlane Emblematy\",\"item\":\"https:\\\/\\\/3dgdc.pl\\\/de\\\/kategoria-produktu\\\/podswietlane-napisy\\\/\"},{\"@type\":\"ListItem\",\"position\":4,\"name\":\"Ci\u0105gniki Rolnicze\",\"item\":\"https:\\\/\\\/3dgdc.pl\\\/de\\\/kategoria-produktu\\\/podswietlane-napisy\\\/ciagniki-rolnicze-led-emblem\\\/\"},{\"@type\":\"ListItem\",\"position\":5,\"name\":\"Pod\u015bwietlane Logo &#8211; Deutz Fahr\"}]},{\"@type\":\"WebSite\",\"@id\":\"https:\\\/\\\/3dgdc.pl\\\/#website\",\"url\":\"https:\\\/\\\/3dgdc.pl\\\/\",\"name\":\"https:\\\/\\\/3dgdc.pl\\\/\",\"description\":\"Pod\u015bwietlane Emblematy i Akcesoria LED do Ci\u0105gnik\u00f3w Siod\u0142owych i Rolniczych\",\"publisher\":{\"@id\":\"https:\\\/\\\/3dgdc.pl\\\/#organization\"},\"potentialAction\":[{\"@type\":\"SearchAction\",\"target\":{\"@type\":\"EntryPoint\",\"urlTemplate\":\"https:\\\/\\\/3dgdc.pl\\\/?s={search_term_string}\"},\"query-input\":{\"@type\":\"PropertyValueSpecification\",\"valueRequired\":true,\"valueName\":\"search_term_string\"}}],\"inLanguage\":\"es\"},{\"@type\":\"Organization\",\"@id\":\"https:\\\/\\\/3dgdc.pl\\\/#organization\",\"name\":\"3D GlowDrive Creations\",\"alternateName\":\"Gadzety LED Do Aut Ci\u0119\u017carowych\",\"url\":\"https:\\\/\\\/3dgdc.pl\\\/\",\"logo\":{\"@type\":\"ImageObject\",\"inLanguage\":\"es\",\"@id\":\"https:\\\/\\\/3dgdc.pl\\\/#\\\/schema\\\/logo\\\/image\\\/\",\"url\":\"https:\\\/\\\/3dgdc.pl\\\/wp-content\\\/uploads\\\/2025\\\/05\\\/prof_obszar-roboczy-1-kopia-scaled.png\",\"contentUrl\":\"https:\\\/\\\/3dgdc.pl\\\/wp-content\\\/uploads\\\/2025\\\/05\\\/prof_obszar-roboczy-1-kopia-scaled.png\",\"width\":2560,\"height\":2560,\"caption\":\"3D GlowDrive Creations\"},\"image\":{\"@id\":\"https:\\\/\\\/3dgdc.pl\\\/#\\\/schema\\\/logo\\\/image\\\/\"},\"sameAs\":[\"https:\\\/\\\/www.facebook.com\\\/profile.php?id=61565630297137&locale=pl_PL\",\"https:\\\/\\\/www.instagram.com\\\/3dglowdrivecreations\\\/\",\"https:\\\/\\\/www.tiktok.com\\\/@ledtruckbudges\"],\"description\":\"Jeste\u015bmy dynamiczn\u0105 firm\u0105 specjalizuj\u0105c\u0105 si\u0119 w tworzeniu wysokiej jako\u015bci akcesori\u00f3w LED do samochod\u00f3w ci\u0119\u017carowych. Nasza oferta obejmuje innowacyjne produkty, takie jak LED-owe emblematy, pod\u015bwietlane litery oraz spersonalizowane gad\u017cety reklamowe. Wszystkie nasze produkty cechuj\u0105 si\u0119 nowoczesnym designem, trwa\u0142o\u015bci\u0105 oraz dba\u0142o\u015bci\u0105 o bezpiecze\u0144stwo u\u017cytkowania. Dzi\u0119ki pasji i zaanga\u017cowaniu zapewniamy klientom wyj\u0105tkowe rozwi\u0105zania, kt\u00f3re podkre\u015blaj\u0105 indywidualny styl ich pojazd\u00f3w.\",\"email\":\"3dglowdrivecreations@gmail.com\",\"telephone\":\"725038684\",\"legalName\":\"3D GlowDrive Creations\",\"foundingDate\":\"2024-05-02\",\"vatID\":\"5783170027\",\"taxID\":\"5783170027\",\"numberOfEmployees\":{\"@type\":\"QuantitativeValue\",\"minValue\":\"1\",\"maxValue\":\"10\"},\"hasMerchantReturnPolicy\":{\"@type\":\"MerchantReturnPolicy\",\"merchantReturnLink\":\"https:\\\/\\\/3dgdc.pl\\\/es\\\/polityka-zwrotow\\\/\"}}]}<\/script>\n<meta property=\"og:availability\" content=\"instock\" \/>\n<meta property=\"product:availability\" content=\"instock\" \/>\n<meta property=\"product:condition\" content=\"new\" \/>\n<!-- \/ Yoast SEO Premium plugin. -->","yoast_head_json":{"title":"Emblema LED Deutz-Fahr | 3DGDC","description":"Emblema LED Deutz-Fahr iluminado: ajuste perfecto, totalmente impermeable y duradero. Disponible en cinco colores LED.","robots":{"index":"index","follow":"follow","max-snippet":"max-snippet:-1","max-image-preview":"max-image-preview:large","max-video-preview":"max-video-preview:-1"},"canonical":"https:\/\/3dgdc.pl\/es\/producto\/logotipo-iluminado-de-deutz-fahr\/","og_locale":"es_ES","og_type":"article","og_title":"Tabliczki LED TIR | Personalizacja Twojej Ci\u0119\u017car\u00f3wki","og_description":"Pod\u015bwietlane emblematy | Tabliczki naro\u017cnikowe LED | Uszy pod lusterka | O\u015bwietlenie kabiny | O\u015bwietlenie kabiny | Obrys\u00f3wki LED","og_url":"https:\/\/3dgdc.pl\/es\/producto\/logotipo-iluminado-de-deutz-fahr\/","og_site_name":"3D GlowDrive Creations | Pod\u015bwietlane Emblematy LED","article_publisher":"https:\/\/www.facebook.com\/profile.php?id=61565630297137&locale=pl_PL","article_modified_time":"2026-04-02T07:03:15+00:00","og_image":[{"width":1200,"height":1200,"url":"https:\/\/3dgdc.pl\/wp-content\/uploads\/2025\/11\/deutz-fahr-profilowe.png","type":"image\/png"}],"twitter_card":"summary_large_image","twitter_misc":{"Disponibilidad":"Disponible"},"schema":{"@context":"https:\/\/schema.org","@graph":[{"@type":"WebPage","@id":"https:\/\/3dgdc.pl\/produkt\/podswietlane-logo-deutz-fahr\/","url":"https:\/\/3dgdc.pl\/produkt\/podswietlane-logo-deutz-fahr\/","name":"Emblema LED Deutz-Fahr | 3DGDC","isPartOf":{"@id":"https:\/\/3dgdc.pl\/#website"},"primaryImageOfPage":{"@id":"https:\/\/3dgdc.pl\/produkt\/podswietlane-logo-deutz-fahr\/#primaryimage"},"image":{"@id":"https:\/\/3dgdc.pl\/produkt\/podswietlane-logo-deutz-fahr\/#primaryimage"},"thumbnailUrl":"https:\/\/3dgdc.pl\/wp-content\/uploads\/2025\/11\/deutz-fahr-profilowe.png","datePublished":"2025-11-12T04:36:19+00:00","dateModified":"2026-04-02T07:03:15+00:00","description":"Emblema LED Deutz-Fahr iluminado: ajuste perfecto, totalmente impermeable y duradero. Disponible en cinco colores LED.","breadcrumb":{"@id":"https:\/\/3dgdc.pl\/produkt\/podswietlane-logo-deutz-fahr\/#breadcrumb"},"inLanguage":"es","potentialAction":[{"@type":"ReadAction","target":["https:\/\/3dgdc.pl\/produkt\/podswietlane-logo-deutz-fahr\/"]}]},{"@type":"ImageObject","inLanguage":"es","@id":"https:\/\/3dgdc.pl\/produkt\/podswietlane-logo-deutz-fahr\/#primaryimage","url":"https:\/\/3dgdc.pl\/wp-content\/uploads\/2025\/11\/deutz-fahr-profilowe.png","contentUrl":"https:\/\/3dgdc.pl\/wp-content\/uploads\/2025\/11\/deutz-fahr-profilowe.png","width":1200,"height":1200,"caption":"deutz fahr logo led"},{"@type":"BreadcrumbList","@id":"https:\/\/3dgdc.pl\/produkt\/podswietlane-logo-deutz-fahr\/#breadcrumb","itemListElement":[{"@type":"ListItem","position":1,"name":"Strona g\u0142\u00f3wna","item":"https:\/\/3dgdc.pl\/de\/"},{"@type":"ListItem","position":2,"name":"Sklep","item":"https:\/\/3dgdc.pl\/de\/led-zubehor-lkw-kennzeichen-beleuchtete-beschriftungen\/"},{"@type":"ListItem","position":3,"name":"Pod\u015bwietlane Emblematy","item":"https:\/\/3dgdc.pl\/de\/kategoria-produktu\/podswietlane-napisy\/"},{"@type":"ListItem","position":4,"name":"Ci\u0105gniki Rolnicze","item":"https:\/\/3dgdc.pl\/de\/kategoria-produktu\/podswietlane-napisy\/ciagniki-rolnicze-led-emblem\/"},{"@type":"ListItem","position":5,"name":"Pod\u015bwietlane Logo &#8211; Deutz Fahr"}]},{"@type":"WebSite","@id":"https:\/\/3dgdc.pl\/#website","url":"https:\/\/3dgdc.pl\/","name":"https:\/\/3dgdc.pl\/","description":"Emblemas y accesorios LED iluminados para tractores y camiones agr\u00edcolas","publisher":{"@id":"https:\/\/3dgdc.pl\/#organization"},"potentialAction":[{"@type":"SearchAction","target":{"@type":"EntryPoint","urlTemplate":"https:\/\/3dgdc.pl\/?s={search_term_string}"},"query-input":{"@type":"PropertyValueSpecification","valueRequired":true,"valueName":"search_term_string"}}],"inLanguage":"es"},{"@type":"Organization","@id":"https:\/\/3dgdc.pl\/#organization","name":"Creaciones 3D GlowDrive","alternateName":"Gadzety LED Do Aut Ci\u0119\u017carowych","url":"https:\/\/3dgdc.pl\/","logo":{"@type":"ImageObject","inLanguage":"es","@id":"https:\/\/3dgdc.pl\/#\/schema\/logo\/image\/","url":"https:\/\/3dgdc.pl\/wp-content\/uploads\/2025\/05\/prof_obszar-roboczy-1-kopia-scaled.png","contentUrl":"https:\/\/3dgdc.pl\/wp-content\/uploads\/2025\/05\/prof_obszar-roboczy-1-kopia-scaled.png","width":2560,"height":2560,"caption":"3D GlowDrive Creations"},"image":{"@id":"https:\/\/3dgdc.pl\/#\/schema\/logo\/image\/"},"sameAs":["https:\/\/www.facebook.com\/profile.php?id=61565630297137&locale=pl_PL","https:\/\/www.instagram.com\/3dglowdrivecreations\/","https:\/\/www.tiktok.com\/@ledtruckbudges"],"description":"Somos una empresa din\u00e1mica especializada en la creaci\u00f3n de accesorios LED de alta calidad para camiones. Ofrecemos productos innovadores como emblemas LED, letras iluminadas y art\u00edculos promocionales personalizados. Todos nuestros productos se caracterizan por su dise\u00f1o moderno, durabilidad y seguridad. Con pasi\u00f3n y compromiso, ofrecemos a nuestros clientes soluciones \u00fanicas que realzan el estilo individual de sus veh\u00edculos.","email":"3dglowdrivecreations@gmail.com","telephone":"725038684","legalName":"3D GlowDrive Creations","foundingDate":"2024-05-02","vatID":"5783170027","taxID":"5783170027","numberOfEmployees":{"@type":"QuantitativeValue","minValue":"1","maxValue":"10"},"hasMerchantReturnPolicy":{"@type":"MerchantReturnPolicy","merchantReturnLink":"https:\/\/3dgdc.pl\/es\/polityka-zwrotow\/"}}]},"og_availability":"instock","product_availability":"instock","product_condition":"new"},"_links":{"self":[{"href":"https:\/\/3dgdc.pl\/es\/wp-json\/wp\/v2\/product\/277032","targetHints":{"allow":["GET"]}}],"collection":[{"href":"https:\/\/3dgdc.pl\/es\/wp-json\/wp\/v2\/product"}],"about":[{"href":"https:\/\/3dgdc.pl\/es\/wp-json\/wp\/v2\/types\/product"}],"version-history":[{"count":5,"href":"https:\/\/3dgdc.pl\/es\/wp-json\/wp\/v2\/product\/277032\/revisions"}],"predecessor-version":[{"id":300044,"href":"https:\/\/3dgdc.pl\/es\/wp-json\/wp\/v2\/product\/277032\/revisions\/300044"}],"wp:featuredmedia":[{"embeddable":true,"href":"https:\/\/3dgdc.pl\/es\/wp-json\/wp\/v2\/media\/277044"}],"wp:attachment":[{"href":"https:\/\/3dgdc.pl\/es\/wp-json\/wp\/v2\/media?parent=277032"}],"wp:term":[{"taxonomy":"product_brand","embeddable":true,"href":"https:\/\/3dgdc.pl\/es\/wp-json\/wp\/v2\/product_brand?post=277032"},{"taxonomy":"product_cat","embeddable":true,"href":"https:\/\/3dgdc.pl\/es\/wp-json\/wp\/v2\/product_cat?post=277032"},{"taxonomy":"product_tag","embeddable":true,"href":"https:\/\/3dgdc.pl\/es\/wp-json\/wp\/v2\/product_tag?post=277032"}],"curies":[{"name":"gracias","href":"https:\/\/api.w.org\/{rel}","templated":true}]}}