{"id":274173,"date":"2025-06-28T02:49:00","date_gmt":"2025-06-28T00:49:00","guid":{"rendered":"https:\/\/3dgdc.pl\/?post_type=product&#038;p=274173"},"modified":"2025-10-24T22:06:05","modified_gmt":"2025-10-24T20:06:05","slug":"soporte-para-amapola-rgb","status":"publish","type":"product","link":"https:\/\/3dgdc.pl\/es\/produkt\/uchwyt-na-poppy-rgb\/","title":{"rendered":"Soporte Poppy+ RGB"},"content":{"rendered":"<p data-start=\"850\" data-end=\"1073\"><strong>Porta amapolas<\/strong> conjunto para olores con <strong data-start=\"887\" data-end=\"906\">Efecto LED RGB<\/strong> \u00a1Personaliza completamente tu cabina! Una iluminaci\u00f3n elegante y colorida anima el interior, y un soporte resistente sujeta la botella de forma segura incluso al conducir sobre baches.<\/p>\n<p data-start=\"1075\" data-end=\"1091\">El producto contiene:<\/p>\n<ul data-start=\"1092\" data-end=\"1260\">\n<li data-start=\"1092\" data-end=\"1132\">\n<p data-start=\"1094\" data-end=\"1132\">\u2705 Soporte con ventosa 3M<\/p>\n<\/li>\n<li data-start=\"1133\" data-end=\"1167\">\n<p data-start=\"1135\" data-end=\"1167\">\u2705 Retroiluminaci\u00f3n LED RGB (USB 5V)<\/p>\n<\/li>\n<li data-start=\"1168\" data-end=\"1221\">\n<p data-start=\"1170\" data-end=\"1221\">\u2705 Control remoto con colores, modos de cambio y atenuaci\u00f3n.<\/p>\n<\/li>\n<li data-start=\"1222\" data-end=\"1260\">\n<p data-start=\"1224\" data-end=\"1260\">\u2705 Cinta de montaje y cable de alimentaci\u00f3n<\/p>\n<\/li>\n<\/ul>","protected":false},"excerpt":{"rendered":"<ul data-start=\"1092\" data-end=\"1260\">\n<li data-start=\"1092\" data-end=\"1132\">\n<p data-start=\"1094\" data-end=\"1132\">\u2705 Soporte con ventosa 3M<\/p>\n<\/li>\n<li data-start=\"1133\" data-end=\"1167\">\n<p data-start=\"1135\" data-end=\"1167\">\u2705 Retroiluminaci\u00f3n LED RGB (USB 5V)<\/p>\n<\/li>\n<li data-start=\"1168\" data-end=\"1221\">\n<p data-start=\"1170\" data-end=\"1221\">\u2705 Control remoto con colores, modos de cambio y atenuaci\u00f3n.<\/p>\n<\/li>\n<li data-start=\"1222\" data-end=\"1260\">\n<p data-start=\"1224\" data-end=\"1260\">\u2705 Cinta de montaje y cable de alimentaci\u00f3n<\/p>\n<\/li>\n<\/ul>","protected":false},"featured_media":274202,"template":"","meta":{"_acf_changed":false},"product_brand":[],"product_cat":[400],"product_tag":[303],"class_list":{"0":"post-274173","1":"product","2":"type-product","3":"status-publish","4":"has-post-thumbnail","6":"product_cat-poppy","7":"product_tag-poppy","8":"pa_do-modelu-daf","9":"pa_do-modelu-gryf","10":"pa_do-modelu-iveco","11":"pa_do-modelu-man","12":"pa_do-modelu-mercedes","13":"pa_do-modelu-renault","14":"pa_do-modelu-scania","15":"pa_do-modelu-v8","16":"pa_do-modelu-volvo","18":"first","19":"instock","20":"taxable","21":"shipping-taxable","22":"purchasable","23":"product-type-simple"},"acf":[],"yoast_head":"<!-- This site is optimized with the Yoast SEO Premium plugin v27.3 (Yoast SEO v27.3) - https:\/\/yoast.com\/product\/yoast-seo-premium-wordpress\/ -->\n<title>Uchwyt RGB LED do Zapachu Poppy \u2013 Pod\u015bwietlenie+Mocowanie<\/title>\n<meta name=\"description\" content=\"Uchwyt z pod\u015bwietleniem RGB do zapachu Poppy \u2013 64 kolory, pilot, przyssawki i USB. Pasuje do ka\u017cdego flakonu. Stylowy klimat do kabiny!\" \/>\n<meta name=\"robots\" content=\"index, follow, max-snippet:-1, max-image-preview:large, max-video-preview:-1\" \/>\n<link rel=\"canonical\" href=\"https:\/\/3dgdc.pl\/es\/producto\/soporte-para-amapola-rgb\/\" \/>\n<meta property=\"og:locale\" content=\"es_ES\" \/>\n<meta property=\"og:type\" content=\"article\" \/>\n<meta property=\"og:title\" content=\"Tabliczki LED TIR | Personalizacja Twojej Ci\u0119\u017car\u00f3wki\" \/>\n<meta property=\"og:description\" content=\"Pod\u015bwietlane emblematy | Tabliczki naro\u017cnikowe LED | Uszy pod lusterka | O\u015bwietlenie kabiny | O\u015bwietlenie kabiny | Obrys\u00f3wki LED\" \/>\n<meta property=\"og:url\" content=\"https:\/\/3dgdc.pl\/es\/producto\/soporte-para-amapola-rgb\/\" \/>\n<meta property=\"og:site_name\" content=\"3D GlowDrive Creations | Pod\u015bwietlane Emblematy LED\" \/>\n<meta property=\"article:publisher\" content=\"https:\/\/www.facebook.com\/profile.php?id=61565630297137&amp;locale=pl_PL\" \/>\n<meta property=\"article:modified_time\" content=\"2025-10-24T20:06:05+00:00\" \/>\n<meta property=\"og:image\" content=\"https:\/\/3dgdc.pl\/wp-content\/uploads\/2025\/06\/uchwyt-poppy-led.jpg\" \/>\n\t<meta property=\"og:image:width\" content=\"800\" \/>\n\t<meta property=\"og:image:height\" content=\"800\" \/>\n\t<meta property=\"og:image:type\" content=\"image\/jpeg\" \/>\n<meta name=\"twitter:card\" content=\"summary_large_image\" \/>\n<meta name=\"twitter:label1\" content=\"Precio\" \/>\n\t<meta name=\"twitter:data1\" content=\"140,00&nbsp;&#122;&#322; brutto\" \/>\n\t<meta name=\"twitter:label2\" content=\"Disponibilidad\" \/>\n\t<meta name=\"twitter:data2\" content=\"Disponible\" \/>\n<script type=\"application\/ld+json\" class=\"yoast-schema-graph\">{\"@context\":\"https:\\\/\\\/schema.org\",\"@graph\":[{\"@type\":\"WebPage\",\"@id\":\"https:\\\/\\\/3dgdc.pl\\\/produkt\\\/uchwyt-na-poppy-rgb\\\/\",\"url\":\"https:\\\/\\\/3dgdc.pl\\\/produkt\\\/uchwyt-na-poppy-rgb\\\/\",\"name\":\"Uchwyt RGB LED do Zapachu Poppy \u2013 Pod\u015bwietlenie+Mocowanie\",\"isPartOf\":{\"@id\":\"https:\\\/\\\/3dgdc.pl\\\/#website\"},\"primaryImageOfPage\":{\"@id\":\"https:\\\/\\\/3dgdc.pl\\\/produkt\\\/uchwyt-na-poppy-rgb\\\/#primaryimage\"},\"image\":{\"@id\":\"https:\\\/\\\/3dgdc.pl\\\/produkt\\\/uchwyt-na-poppy-rgb\\\/#primaryimage\"},\"thumbnailUrl\":\"https:\\\/\\\/3dgdc.pl\\\/wp-content\\\/uploads\\\/2025\\\/06\\\/uchwyt-poppy-led.jpg\",\"datePublished\":\"2025-06-28T00:49:00+00:00\",\"dateModified\":\"2025-10-24T20:06:05+00:00\",\"description\":\"Uchwyt z pod\u015bwietleniem RGB do zapachu Poppy \u2013 64 kolory, pilot, przyssawki i USB. Pasuje do ka\u017cdego flakonu. Stylowy klimat do kabiny!\",\"breadcrumb\":{\"@id\":\"https:\\\/\\\/3dgdc.pl\\\/produkt\\\/uchwyt-na-poppy-rgb\\\/#breadcrumb\"},\"inLanguage\":\"es\",\"potentialAction\":[{\"@type\":\"ReadAction\",\"target\":[\"https:\\\/\\\/3dgdc.pl\\\/produkt\\\/uchwyt-na-poppy-rgb\\\/\"]}]},{\"@type\":\"ImageObject\",\"inLanguage\":\"es\",\"@id\":\"https:\\\/\\\/3dgdc.pl\\\/produkt\\\/uchwyt-na-poppy-rgb\\\/#primaryimage\",\"url\":\"https:\\\/\\\/3dgdc.pl\\\/wp-content\\\/uploads\\\/2025\\\/06\\\/uchwyt-poppy-led.jpg\",\"contentUrl\":\"https:\\\/\\\/3dgdc.pl\\\/wp-content\\\/uploads\\\/2025\\\/06\\\/uchwyt-poppy-led.jpg\",\"width\":800,\"height\":800,\"caption\":\"uchwyt poppy LED\"},{\"@type\":\"BreadcrumbList\",\"@id\":\"https:\\\/\\\/3dgdc.pl\\\/produkt\\\/uchwyt-na-poppy-rgb\\\/#breadcrumb\",\"itemListElement\":[{\"@type\":\"ListItem\",\"position\":1,\"name\":\"Strona g\u0142\u00f3wna\",\"item\":\"https:\\\/\\\/3dgdc.pl\\\/de\\\/\"},{\"@type\":\"ListItem\",\"position\":2,\"name\":\"Sklep\",\"item\":\"https:\\\/\\\/3dgdc.pl\\\/de\\\/led-zubehor-lkw-kennzeichen-beleuchtete-beschriftungen\\\/\"},{\"@type\":\"ListItem\",\"position\":3,\"name\":\"Poppy\",\"item\":\"https:\\\/\\\/3dgdc.pl\\\/kategoria-produktu\\\/poppy\\\/\"},{\"@type\":\"ListItem\",\"position\":4,\"name\":\"Uchwyt na Poppy+ RGB\"}]},{\"@type\":\"WebSite\",\"@id\":\"https:\\\/\\\/3dgdc.pl\\\/#website\",\"url\":\"https:\\\/\\\/3dgdc.pl\\\/\",\"name\":\"https:\\\/\\\/3dgdc.pl\\\/\",\"description\":\"Pod\u015bwietlane Emblematy i Akcesoria LED do Ci\u0105gnik\u00f3w Siod\u0142owych i Rolniczych\",\"publisher\":{\"@id\":\"https:\\\/\\\/3dgdc.pl\\\/#organization\"},\"potentialAction\":[{\"@type\":\"SearchAction\",\"target\":{\"@type\":\"EntryPoint\",\"urlTemplate\":\"https:\\\/\\\/3dgdc.pl\\\/?s={search_term_string}\"},\"query-input\":{\"@type\":\"PropertyValueSpecification\",\"valueRequired\":true,\"valueName\":\"search_term_string\"}}],\"inLanguage\":\"es\"},{\"@type\":\"Organization\",\"@id\":\"https:\\\/\\\/3dgdc.pl\\\/#organization\",\"name\":\"3D GlowDrive Creations\",\"alternateName\":\"Gadzety LED Do Aut Ci\u0119\u017carowych\",\"url\":\"https:\\\/\\\/3dgdc.pl\\\/\",\"logo\":{\"@type\":\"ImageObject\",\"inLanguage\":\"es\",\"@id\":\"https:\\\/\\\/3dgdc.pl\\\/#\\\/schema\\\/logo\\\/image\\\/\",\"url\":\"https:\\\/\\\/3dgdc.pl\\\/wp-content\\\/uploads\\\/2025\\\/05\\\/prof_obszar-roboczy-1-kopia-scaled.png\",\"contentUrl\":\"https:\\\/\\\/3dgdc.pl\\\/wp-content\\\/uploads\\\/2025\\\/05\\\/prof_obszar-roboczy-1-kopia-scaled.png\",\"width\":2560,\"height\":2560,\"caption\":\"3D GlowDrive Creations\"},\"image\":{\"@id\":\"https:\\\/\\\/3dgdc.pl\\\/#\\\/schema\\\/logo\\\/image\\\/\"},\"sameAs\":[\"https:\\\/\\\/www.facebook.com\\\/profile.php?id=61565630297137&locale=pl_PL\",\"https:\\\/\\\/www.instagram.com\\\/3dglowdrivecreations\\\/\",\"https:\\\/\\\/www.tiktok.com\\\/@ledtruckbudges\"],\"description\":\"Jeste\u015bmy dynamiczn\u0105 firm\u0105 specjalizuj\u0105c\u0105 si\u0119 w tworzeniu wysokiej jako\u015bci akcesori\u00f3w LED do samochod\u00f3w ci\u0119\u017carowych. Nasza oferta obejmuje innowacyjne produkty, takie jak LED-owe emblematy, pod\u015bwietlane litery oraz spersonalizowane gad\u017cety reklamowe. Wszystkie nasze produkty cechuj\u0105 si\u0119 nowoczesnym designem, trwa\u0142o\u015bci\u0105 oraz dba\u0142o\u015bci\u0105 o bezpiecze\u0144stwo u\u017cytkowania. Dzi\u0119ki pasji i zaanga\u017cowaniu zapewniamy klientom wyj\u0105tkowe rozwi\u0105zania, kt\u00f3re podkre\u015blaj\u0105 indywidualny styl ich pojazd\u00f3w.\",\"email\":\"3dglowdrivecreations@gmail.com\",\"telephone\":\"725038684\",\"legalName\":\"3D GlowDrive Creations\",\"foundingDate\":\"2024-05-02\",\"vatID\":\"5783170027\",\"taxID\":\"5783170027\",\"numberOfEmployees\":{\"@type\":\"QuantitativeValue\",\"minValue\":\"1\",\"maxValue\":\"10\"},\"hasMerchantReturnPolicy\":{\"@type\":\"MerchantReturnPolicy\",\"merchantReturnLink\":\"https:\\\/\\\/3dgdc.pl\\\/es\\\/polityka-zwrotow\\\/\"}}]}<\/script>\n<meta property=\"product:price:amount\" content=\"140.00\" \/>\n<meta property=\"product:price:currency\" content=\"PLN\" \/>\n<meta property=\"og:availability\" content=\"instock\" \/>\n<meta property=\"product:availability\" content=\"instock\" \/>\n<meta property=\"product:retailer_item_id\" content=\"UCH-NA-RGB\" \/>\n<meta property=\"product:condition\" content=\"new\" \/>\n<!-- \/ Yoast SEO Premium plugin. -->","yoast_head_json":{"title":"Soporte LED RGB para aroma de amapola: retroiluminaci\u00f3n y montaje","description":"Porta fragancias de amapola con iluminaci\u00f3n RGB (64 colores), control remoto, ventosas y USB. Compatible con cualquier botella. \u00a1Dale un toque de estilo a tu cabina!","robots":{"index":"index","follow":"follow","max-snippet":"max-snippet:-1","max-image-preview":"max-image-preview:large","max-video-preview":"max-video-preview:-1"},"canonical":"https:\/\/3dgdc.pl\/es\/producto\/soporte-para-amapola-rgb\/","og_locale":"es_ES","og_type":"article","og_title":"Tabliczki LED TIR | Personalizacja Twojej Ci\u0119\u017car\u00f3wki","og_description":"Pod\u015bwietlane emblematy | Tabliczki naro\u017cnikowe LED | Uszy pod lusterka | O\u015bwietlenie kabiny | O\u015bwietlenie kabiny | Obrys\u00f3wki LED","og_url":"https:\/\/3dgdc.pl\/es\/producto\/soporte-para-amapola-rgb\/","og_site_name":"3D GlowDrive Creations | Pod\u015bwietlane Emblematy LED","article_publisher":"https:\/\/www.facebook.com\/profile.php?id=61565630297137&locale=pl_PL","article_modified_time":"2025-10-24T20:06:05+00:00","og_image":[{"width":800,"height":800,"url":"https:\/\/3dgdc.pl\/wp-content\/uploads\/2025\/06\/uchwyt-poppy-led.jpg","type":"image\/jpeg"}],"twitter_card":"summary_large_image","twitter_misc":{"Precio":"140,00&nbsp;&#122;&#322; brutto","Disponibilidad":"Disponible"},"schema":{"@context":"https:\/\/schema.org","@graph":[{"@type":"WebPage","@id":"https:\/\/3dgdc.pl\/produkt\/uchwyt-na-poppy-rgb\/","url":"https:\/\/3dgdc.pl\/produkt\/uchwyt-na-poppy-rgb\/","name":"Soporte LED RGB para aroma de amapola: retroiluminaci\u00f3n y montaje","isPartOf":{"@id":"https:\/\/3dgdc.pl\/#website"},"primaryImageOfPage":{"@id":"https:\/\/3dgdc.pl\/produkt\/uchwyt-na-poppy-rgb\/#primaryimage"},"image":{"@id":"https:\/\/3dgdc.pl\/produkt\/uchwyt-na-poppy-rgb\/#primaryimage"},"thumbnailUrl":"https:\/\/3dgdc.pl\/wp-content\/uploads\/2025\/06\/uchwyt-poppy-led.jpg","datePublished":"2025-06-28T00:49:00+00:00","dateModified":"2025-10-24T20:06:05+00:00","description":"Porta fragancias de amapola con iluminaci\u00f3n RGB (64 colores), control remoto, ventosas y USB. Compatible con cualquier botella. \u00a1Dale un toque de estilo a tu cabina!","breadcrumb":{"@id":"https:\/\/3dgdc.pl\/produkt\/uchwyt-na-poppy-rgb\/#breadcrumb"},"inLanguage":"es","potentialAction":[{"@type":"ReadAction","target":["https:\/\/3dgdc.pl\/produkt\/uchwyt-na-poppy-rgb\/"]}]},{"@type":"ImageObject","inLanguage":"es","@id":"https:\/\/3dgdc.pl\/produkt\/uchwyt-na-poppy-rgb\/#primaryimage","url":"https:\/\/3dgdc.pl\/wp-content\/uploads\/2025\/06\/uchwyt-poppy-led.jpg","contentUrl":"https:\/\/3dgdc.pl\/wp-content\/uploads\/2025\/06\/uchwyt-poppy-led.jpg","width":800,"height":800,"caption":"uchwyt poppy LED"},{"@type":"BreadcrumbList","@id":"https:\/\/3dgdc.pl\/produkt\/uchwyt-na-poppy-rgb\/#breadcrumb","itemListElement":[{"@type":"ListItem","position":1,"name":"Strona g\u0142\u00f3wna","item":"https:\/\/3dgdc.pl\/de\/"},{"@type":"ListItem","position":2,"name":"Sklep","item":"https:\/\/3dgdc.pl\/de\/led-zubehor-lkw-kennzeichen-beleuchtete-beschriftungen\/"},{"@type":"ListItem","position":3,"name":"Poppy","item":"https:\/\/3dgdc.pl\/kategoria-produktu\/poppy\/"},{"@type":"ListItem","position":4,"name":"Uchwyt na Poppy+ RGB"}]},{"@type":"WebSite","@id":"https:\/\/3dgdc.pl\/#website","url":"https:\/\/3dgdc.pl\/","name":"https:\/\/3dgdc.pl\/","description":"Emblemas y accesorios LED iluminados para tractores y camiones agr\u00edcolas","publisher":{"@id":"https:\/\/3dgdc.pl\/#organization"},"potentialAction":[{"@type":"SearchAction","target":{"@type":"EntryPoint","urlTemplate":"https:\/\/3dgdc.pl\/?s={search_term_string}"},"query-input":{"@type":"PropertyValueSpecification","valueRequired":true,"valueName":"search_term_string"}}],"inLanguage":"es"},{"@type":"Organization","@id":"https:\/\/3dgdc.pl\/#organization","name":"Creaciones 3D GlowDrive","alternateName":"Gadzety LED Do Aut Ci\u0119\u017carowych","url":"https:\/\/3dgdc.pl\/","logo":{"@type":"ImageObject","inLanguage":"es","@id":"https:\/\/3dgdc.pl\/#\/schema\/logo\/image\/","url":"https:\/\/3dgdc.pl\/wp-content\/uploads\/2025\/05\/prof_obszar-roboczy-1-kopia-scaled.png","contentUrl":"https:\/\/3dgdc.pl\/wp-content\/uploads\/2025\/05\/prof_obszar-roboczy-1-kopia-scaled.png","width":2560,"height":2560,"caption":"3D GlowDrive Creations"},"image":{"@id":"https:\/\/3dgdc.pl\/#\/schema\/logo\/image\/"},"sameAs":["https:\/\/www.facebook.com\/profile.php?id=61565630297137&locale=pl_PL","https:\/\/www.instagram.com\/3dglowdrivecreations\/","https:\/\/www.tiktok.com\/@ledtruckbudges"],"description":"Somos una empresa din\u00e1mica especializada en la creaci\u00f3n de accesorios LED de alta calidad para camiones. Ofrecemos productos innovadores como emblemas LED, letras iluminadas y art\u00edculos promocionales personalizados. Todos nuestros productos se caracterizan por su dise\u00f1o moderno, durabilidad y seguridad. Con pasi\u00f3n y compromiso, ofrecemos a nuestros clientes soluciones \u00fanicas que realzan el estilo individual de sus veh\u00edculos.","email":"3dglowdrivecreations@gmail.com","telephone":"725038684","legalName":"3D GlowDrive Creations","foundingDate":"2024-05-02","vatID":"5783170027","taxID":"5783170027","numberOfEmployees":{"@type":"QuantitativeValue","minValue":"1","maxValue":"10"},"hasMerchantReturnPolicy":{"@type":"MerchantReturnPolicy","merchantReturnLink":"https:\/\/3dgdc.pl\/es\/polityka-zwrotow\/"}}]},"product_price_amount":"140.00","product_price_currency":"PLN","og_availability":"instock","product_availability":"instock","product_retailer_item_id":"UCH-NA-RGB","product_condition":"new"},"_links":{"self":[{"href":"https:\/\/3dgdc.pl\/es\/wp-json\/wp\/v2\/product\/274173","targetHints":{"allow":["GET"]}}],"collection":[{"href":"https:\/\/3dgdc.pl\/es\/wp-json\/wp\/v2\/product"}],"about":[{"href":"https:\/\/3dgdc.pl\/es\/wp-json\/wp\/v2\/types\/product"}],"version-history":[{"count":2,"href":"https:\/\/3dgdc.pl\/es\/wp-json\/wp\/v2\/product\/274173\/revisions"}],"predecessor-version":[{"id":276081,"href":"https:\/\/3dgdc.pl\/es\/wp-json\/wp\/v2\/product\/274173\/revisions\/276081"}],"wp:featuredmedia":[{"embeddable":true,"href":"https:\/\/3dgdc.pl\/es\/wp-json\/wp\/v2\/media\/274202"}],"wp:attachment":[{"href":"https:\/\/3dgdc.pl\/es\/wp-json\/wp\/v2\/media?parent=274173"}],"wp:term":[{"taxonomy":"product_brand","embeddable":true,"href":"https:\/\/3dgdc.pl\/es\/wp-json\/wp\/v2\/product_brand?post=274173"},{"taxonomy":"product_cat","embeddable":true,"href":"https:\/\/3dgdc.pl\/es\/wp-json\/wp\/v2\/product_cat?post=274173"},{"taxonomy":"product_tag","embeddable":true,"href":"https:\/\/3dgdc.pl\/es\/wp-json\/wp\/v2\/product_tag?post=274173"}],"curies":[{"name":"gracias","href":"https:\/\/api.w.org\/{rel}","templated":true}]}}