{"id":273819,"date":"2025-06-20T19:39:00","date_gmt":"2025-06-20T17:39:00","guid":{"rendered":"https:\/\/3dgdc.pl\/?post_type=product&#038;p=273819"},"modified":"2025-10-24T05:35:51","modified_gmt":"2025-10-24T03:35:51","slug":"logotipo-de-zetor-iluminado","status":"publish","type":"product","link":"https:\/\/3dgdc.pl\/es\/produkt\/podswietlane-logo-zetor\/","title":{"rendered":"Logotipo iluminado \u2013 Zetor"},"content":{"rendered":"<h2 style=\"text-align: center;\"><span style=\"color: #004570;\">LED del logotipo de Zetor<\/span><\/h2>\n<p><strong>Logotipo de Zetor iluminado<\/strong>\u00a0\u2013 A\u00f1ade un toque \u00fanico a tu veh\u00edculo con nuestro emblema LED iluminado <strong>Zetor<\/strong>Este producto no es solo un complemento est\u00e9tico, sino tambi\u00e9n un elemento funcional que satisface perfectamente las necesidades tanto de los entusiastas de la marca como de los usuarios profesionales de m\u00e1quinas.<\/p>\n<h2><span style=\"color: #004570;\">Durabilidad y mano de obra moderna.<\/span><\/h2>\n<p>El logotipo del cap\u00f3 se cre\u00f3 pensando en la durabilidad y resistencia a diversas condiciones clim\u00e1ticas. Gracias al uso de materiales de alta calidad y tecnolog\u00edas de producci\u00f3n modernas, garantizamos que el emblema lucir\u00e1 impecable durante a\u00f1os.<\/p>\n<ul>\n<li>Hecho de material duradero y resistente a los ara\u00f1azos.<\/li>\n<li>Retroiluminaci\u00f3n LED de alto brillo.<\/li>\n<li>Clase de estanqueidad <strong><span style=\"color: #0000ff;\">IP67<\/span><\/strong> \u2013 resistencia al agua, al polvo y a la humedad.<\/li>\n<\/ul>\n<h2>S<span style=\"color: #004570;\">Especializaci\u00f3n en la producci\u00f3n de emblemas LED<\/span><\/h2>\n<p>Nuestra empresa se especializa en la creaci\u00f3n de emblemas LED personalizados. Nuestra amplia experiencia nos permite ofrecer productos que combinan dise\u00f1o moderno con fiabilidad. <strong>Zetor <\/strong><strong>Logotipo LED<\/strong> es uno de los productos m\u00e1s vendidos de nuestra oferta, que ha ganado reconocimiento entre los clientes gracias a su perfecta mano de obra y atenci\u00f3n a cada detalle.<\/p>\n<h3><span style=\"color: #004570;\">\u00bfPor qu\u00e9 elegir una insignia iluminada? <strong>Zetor<\/strong>?<\/span><\/h3>\n<ul>\n<li><strong>Est\u00e9tica y funcionalidad:<\/strong> Insignia iluminada <strong>Zetor <\/strong>El LED le dar\u00e1 a su veh\u00edculo un aspecto moderno y al mismo tiempo mejorar\u00e1 la visibilidad en condiciones de poca luz.<\/li>\n<li><strong>Durabilidad y confiabilidad:<\/strong> Resistente a altas temperaturas y humedad.<\/li>\n<\/ul>\n<h3><span style=\"color: #004570;\">Especificaciones t\u00e9cnicas<\/span><\/h3>\n<ul>\n<li><span style=\"color: #808080;\"><strong>Dimensiones:<\/strong> Coincide exactamente con el logotipo original <strong>Zetor<\/strong>.<\/span><\/li>\n<li><span style=\"color: #808080;\"><strong>Retroiluminaci\u00f3n LED:<\/strong> Blanco.<\/span><\/li>\n<li><span style=\"color: #808080;\"><strong>Garantizar:<\/strong> 3 a\u00f1os de edad.<\/span><\/li>\n<\/ul>\n<h3><span style=\"color: #004570;\">Garant\u00eda y soporte<\/span><\/h3>\n<p>Al comprar <strong>Zetor<\/strong><strong>\u00a0logo<\/strong> La campana extractora cuenta con una garant\u00eda de 3 a\u00f1os. Esto demuestra nuestro compromiso con la m\u00e1xima calidad. Si surge alg\u00fan problema, nuestro equipo lo resolver\u00e1 de forma r\u00e1pida y eficiente, sin coste adicional para usted.<\/p>\n<h3><span style=\"color: #004570;\">La elecci\u00f3n perfecta para los fans. <strong>Zetor<\/strong><\/span><\/h3>\n<p>Logotipo iluminado <strong>Zetor <\/strong>La calcoman\u00eda del cap\u00f3 no es solo decorativa, sino una forma de destacar tu pasi\u00f3n por esta legendaria marca. Gracias a su moderna iluminaci\u00f3n, tu veh\u00edculo destacar\u00e1 en la carretera y en las competiciones de maquinaria agr\u00edcola.<\/p>\n<h3><span style=\"color: #004570;\">Plazo de entrega y disponibilidad<\/span><\/h3>\n<p>Procesamos los pedidos dentro de los 4 d\u00edas h\u00e1biles para entregarle su nueva insignia lo m\u00e1s r\u00e1pido posible. <strong>Zetor <\/strong>En el cap\u00f3. Nuestro producto est\u00e1 disponible en ediciones limitadas.<\/p>\n<h3><span style=\"color: #004570;\">Logo <strong>Zetor<\/strong> sobre maquinaria agr\u00edcola<\/span><\/h3>\n<p>Logo <strong>Zetor <\/strong>Es mucho m\u00e1s que una simple marca registrada. Es un s\u00edmbolo de fiabilidad, tradici\u00f3n e innovaci\u00f3n que ha adornado la maquinaria agr\u00edcola de la marca durante a\u00f1os, desde potentes cosechadoras hasta tractores resistentes. Para muchos agricultores, no es solo un dise\u00f1o gr\u00e1fico, sino una promesa de calidad y fiabilidad. Al ver este logotipo, saben una cosa: este equipo no les defraudar\u00e1, ni siquiera en las condiciones m\u00e1s adversas.<\/p>\n<h3><span style=\"color: #004570;\">Zetor \u2013 m\u00e1s que una marca<\/span><\/h3>\n<p>Si eres fan de la marca <strong>Zetor<\/strong>, seguramente apreciar\u00e1s las decoraciones y gadgets con el logotipo <strong>Zetor<\/strong>Estos no son s\u00f3lo adiciones est\u00e9ticas a su hogar, oficina o taller, sino tambi\u00e9n una expresi\u00f3n de sus valores y pasiones. <strong>Zetor <\/strong>No son s\u00f3lo m\u00e1quinas agr\u00edcolas: son un s\u00edmbolo de fiabilidad, tradici\u00f3n y un enfoque moderno de la vida.<\/p>\n<h3><span style=\"color: #004570;\">Iluminado <strong>Zetor <\/strong>Logotipo de capucha: \u00a1p\u00eddelo hoy!<\/span><\/h3>\n<p>No esperes: haz que tu veh\u00edculo se destaque con nuestra insignia <strong>Zetor<\/strong>\u00a0Para la mascarilla. Cont\u00e1ctanos o haz tu pedido en l\u00ednea para disfrutar de un producto \u00fanico que combina est\u00e9tica y funcionalidad.<\/p>","protected":false},"excerpt":{"rendered":"<h3><\/h3>\n<div class=\"product-short-description\">\n<h3><span style=\"color: #004570;\"><strong>Especificaciones t\u00e9cnicas:<\/strong><\/span><\/h3>\n<ul>\n<li><strong>Dimensiones y montaje<\/strong> \u2013<span style=\"color: #000000;\"> 20 cm x 6 cm, tornillos m4<\/span><\/li>\n<li><span style=\"color: #333333;\"><strong>Material:<\/strong><span style=\"color: #000000;\"><span style=\"color: #808080;\">\u00a0abdominales<\/span><\/span><\/span><\/li>\n<li><span style=\"color: #333333;\"><strong>Fuente de alimentaci\u00f3n:<\/strong> 12 V<\/span><\/li>\n<li><strong>Color del LED:<\/strong> Blanco<\/li>\n<li><b>Longitud del cable: <\/b>100 cent\u00edmetros<\/li>\n<\/ul>\n<p>&nbsp;<\/p>\n<div class=\"product-variants\">\n<p><span style=\"color: #004570;\"><strong>El tiempo de entrega:<\/strong><\/span> 1\u20133 d\u00edas h\u00e1biles<\/p>\n<\/div>\n<\/div>\n<p class=\"ai-optimize-22\">","protected":false},"featured_media":274024,"template":"","meta":{"_acf_changed":false},"product_brand":[681],"product_cat":[644,299],"product_tag":[332,654],"class_list":{"0":"post-273819","1":"product","2":"type-product","3":"status-publish","4":"has-post-thumbnail","6":"product_brand-3d-glowdrive-creations","7":"product_cat-ciagniki-rolnicze-led-emblem","8":"product_cat-podswietlane-napisy","9":"product_tag-logo","10":"product_tag-zetor","11":"pa_rodzaj-zasilania-sam-przewod","12":"pa_rodzaj-zasilania-usb-20zl","13":"pa_rodzaj-zasilania-zapalniczka-20zl","15":"first","16":"instock","17":"taxable","18":"shipping-taxable","19":"purchasable","20":"product-type-simple"},"acf":[],"yoast_head":"<!-- This site is optimized with the Yoast SEO Premium plugin v27.3 (Yoast SEO v27.3) - https:\/\/yoast.com\/product\/yoast-seo-premium-wordpress\/ -->\n<title>Pod\u015bwietlany napis Zetor\u00a0| Emblemat LED<\/title>\n<meta name=\"description\" content=\"Pod\u015bwietlane logo Zetor to idealny wyb\u00f3r dla mi\u0142o\u015bnik\u00f3w tej marki, kt\u00f3rzy chc\u0105 nada\u0107 swojemu ci\u0105gnikowi nowoczesnego wygl\u0105du.\" \/>\n<meta name=\"robots\" content=\"index, follow, max-snippet:-1, max-image-preview:large, max-video-preview:-1\" \/>\n<link rel=\"canonical\" href=\"https:\/\/3dgdc.pl\/es\/producto\/logotipo-de-zetor-iluminado\/\" \/>\n<meta property=\"og:locale\" content=\"es_ES\" \/>\n<meta property=\"og:type\" content=\"article\" \/>\n<meta property=\"og:title\" content=\"Tabliczki LED TIR | Personalizacja Twojej Ci\u0119\u017car\u00f3wki\" \/>\n<meta property=\"og:description\" content=\"Pod\u015bwietlane emblematy | Tabliczki naro\u017cnikowe LED | Uszy pod lusterka | O\u015bwietlenie kabiny | O\u015bwietlenie kabiny | Obrys\u00f3wki LED\" \/>\n<meta property=\"og:url\" content=\"https:\/\/3dgdc.pl\/es\/producto\/logotipo-de-zetor-iluminado\/\" \/>\n<meta property=\"og:site_name\" content=\"3D GlowDrive Creations | Pod\u015bwietlane Emblematy LED\" \/>\n<meta property=\"article:publisher\" content=\"https:\/\/www.facebook.com\/profile.php?id=61565630297137&amp;locale=pl_PL\" \/>\n<meta property=\"article:modified_time\" content=\"2025-10-24T03:35:51+00:00\" \/>\n<meta property=\"og:image\" content=\"https:\/\/3dgdc.pl\/wp-content\/uploads\/2025\/06\/zetor-led-emblem.jpg\" \/>\n\t<meta property=\"og:image:width\" content=\"469\" \/>\n\t<meta property=\"og:image:height\" content=\"458\" \/>\n\t<meta property=\"og:image:type\" content=\"image\/jpeg\" \/>\n<meta name=\"twitter:card\" content=\"summary_large_image\" \/>\n<meta name=\"twitter:label1\" content=\"Precio\" \/>\n\t<meta name=\"twitter:data1\" content=\"320,00&nbsp;&#122;&#322; brutto\" \/>\n\t<meta name=\"twitter:label2\" content=\"Disponibilidad\" \/>\n\t<meta name=\"twitter:data2\" content=\"Disponible\" \/>\n<script type=\"application\/ld+json\" class=\"yoast-schema-graph\">{\"@context\":\"https:\\\/\\\/schema.org\",\"@graph\":[{\"@type\":\"WebPage\",\"@id\":\"https:\\\/\\\/3dgdc.pl\\\/produkt\\\/podswietlane-logo-zetor\\\/\",\"url\":\"https:\\\/\\\/3dgdc.pl\\\/produkt\\\/podswietlane-logo-zetor\\\/\",\"name\":\"Pod\u015bwietlany napis Zetor\u00a0| Emblemat LED\",\"isPartOf\":{\"@id\":\"https:\\\/\\\/3dgdc.pl\\\/#website\"},\"primaryImageOfPage\":{\"@id\":\"https:\\\/\\\/3dgdc.pl\\\/produkt\\\/podswietlane-logo-zetor\\\/#primaryimage\"},\"image\":{\"@id\":\"https:\\\/\\\/3dgdc.pl\\\/produkt\\\/podswietlane-logo-zetor\\\/#primaryimage\"},\"thumbnailUrl\":\"https:\\\/\\\/3dgdc.pl\\\/wp-content\\\/uploads\\\/2025\\\/06\\\/zetor-led-emblem.jpg\",\"datePublished\":\"2025-06-20T17:39:00+00:00\",\"dateModified\":\"2025-10-24T03:35:51+00:00\",\"description\":\"Pod\u015bwietlane logo Zetor to idealny wyb\u00f3r dla mi\u0142o\u015bnik\u00f3w tej marki, kt\u00f3rzy chc\u0105 nada\u0107 swojemu ci\u0105gnikowi nowoczesnego wygl\u0105du.\",\"breadcrumb\":{\"@id\":\"https:\\\/\\\/3dgdc.pl\\\/produkt\\\/podswietlane-logo-zetor\\\/#breadcrumb\"},\"inLanguage\":\"es\",\"potentialAction\":[{\"@type\":\"ReadAction\",\"target\":[\"https:\\\/\\\/3dgdc.pl\\\/produkt\\\/podswietlane-logo-zetor\\\/\"]}]},{\"@type\":\"ImageObject\",\"inLanguage\":\"es\",\"@id\":\"https:\\\/\\\/3dgdc.pl\\\/produkt\\\/podswietlane-logo-zetor\\\/#primaryimage\",\"url\":\"https:\\\/\\\/3dgdc.pl\\\/wp-content\\\/uploads\\\/2025\\\/06\\\/zetor-led-emblem.jpg\",\"contentUrl\":\"https:\\\/\\\/3dgdc.pl\\\/wp-content\\\/uploads\\\/2025\\\/06\\\/zetor-led-emblem.jpg\",\"width\":469,\"height\":458,\"caption\":\"zetor led emblem\"},{\"@type\":\"BreadcrumbList\",\"@id\":\"https:\\\/\\\/3dgdc.pl\\\/produkt\\\/podswietlane-logo-zetor\\\/#breadcrumb\",\"itemListElement\":[{\"@type\":\"ListItem\",\"position\":1,\"name\":\"Strona g\u0142\u00f3wna\",\"item\":\"https:\\\/\\\/3dgdc.pl\\\/de\\\/\"},{\"@type\":\"ListItem\",\"position\":2,\"name\":\"Sklep\",\"item\":\"https:\\\/\\\/3dgdc.pl\\\/de\\\/led-zubehor-lkw-kennzeichen-beleuchtete-beschriftungen\\\/\"},{\"@type\":\"ListItem\",\"position\":3,\"name\":\"Pod\u015bwietlane Emblematy\",\"item\":\"https:\\\/\\\/3dgdc.pl\\\/de\\\/kategoria-produktu\\\/podswietlane-napisy\\\/\"},{\"@type\":\"ListItem\",\"position\":4,\"name\":\"Ci\u0105gniki Rolnicze\",\"item\":\"https:\\\/\\\/3dgdc.pl\\\/de\\\/kategoria-produktu\\\/podswietlane-napisy\\\/ciagniki-rolnicze-led-emblem\\\/\"},{\"@type\":\"ListItem\",\"position\":5,\"name\":\"Pod\u015bwietlane logo &#8211; Zetor\"}]},{\"@type\":\"WebSite\",\"@id\":\"https:\\\/\\\/3dgdc.pl\\\/#website\",\"url\":\"https:\\\/\\\/3dgdc.pl\\\/\",\"name\":\"https:\\\/\\\/3dgdc.pl\\\/\",\"description\":\"Pod\u015bwietlane Emblematy i Akcesoria LED do Ci\u0105gnik\u00f3w Siod\u0142owych i Rolniczych\",\"publisher\":{\"@id\":\"https:\\\/\\\/3dgdc.pl\\\/#organization\"},\"potentialAction\":[{\"@type\":\"SearchAction\",\"target\":{\"@type\":\"EntryPoint\",\"urlTemplate\":\"https:\\\/\\\/3dgdc.pl\\\/?s={search_term_string}\"},\"query-input\":{\"@type\":\"PropertyValueSpecification\",\"valueRequired\":true,\"valueName\":\"search_term_string\"}}],\"inLanguage\":\"es\"},{\"@type\":\"Organization\",\"@id\":\"https:\\\/\\\/3dgdc.pl\\\/#organization\",\"name\":\"3D GlowDrive Creations\",\"alternateName\":\"Gadzety LED Do Aut Ci\u0119\u017carowych\",\"url\":\"https:\\\/\\\/3dgdc.pl\\\/\",\"logo\":{\"@type\":\"ImageObject\",\"inLanguage\":\"es\",\"@id\":\"https:\\\/\\\/3dgdc.pl\\\/#\\\/schema\\\/logo\\\/image\\\/\",\"url\":\"https:\\\/\\\/3dgdc.pl\\\/wp-content\\\/uploads\\\/2025\\\/05\\\/prof_obszar-roboczy-1-kopia-scaled.png\",\"contentUrl\":\"https:\\\/\\\/3dgdc.pl\\\/wp-content\\\/uploads\\\/2025\\\/05\\\/prof_obszar-roboczy-1-kopia-scaled.png\",\"width\":2560,\"height\":2560,\"caption\":\"3D GlowDrive Creations\"},\"image\":{\"@id\":\"https:\\\/\\\/3dgdc.pl\\\/#\\\/schema\\\/logo\\\/image\\\/\"},\"sameAs\":[\"https:\\\/\\\/www.facebook.com\\\/profile.php?id=61565630297137&locale=pl_PL\",\"https:\\\/\\\/www.instagram.com\\\/3dglowdrivecreations\\\/\",\"https:\\\/\\\/www.tiktok.com\\\/@ledtruckbudges\"],\"description\":\"Jeste\u015bmy dynamiczn\u0105 firm\u0105 specjalizuj\u0105c\u0105 si\u0119 w tworzeniu wysokiej jako\u015bci akcesori\u00f3w LED do samochod\u00f3w ci\u0119\u017carowych. Nasza oferta obejmuje innowacyjne produkty, takie jak LED-owe emblematy, pod\u015bwietlane litery oraz spersonalizowane gad\u017cety reklamowe. Wszystkie nasze produkty cechuj\u0105 si\u0119 nowoczesnym designem, trwa\u0142o\u015bci\u0105 oraz dba\u0142o\u015bci\u0105 o bezpiecze\u0144stwo u\u017cytkowania. Dzi\u0119ki pasji i zaanga\u017cowaniu zapewniamy klientom wyj\u0105tkowe rozwi\u0105zania, kt\u00f3re podkre\u015blaj\u0105 indywidualny styl ich pojazd\u00f3w.\",\"email\":\"3dglowdrivecreations@gmail.com\",\"telephone\":\"725038684\",\"legalName\":\"3D GlowDrive Creations\",\"foundingDate\":\"2024-05-02\",\"vatID\":\"5783170027\",\"taxID\":\"5783170027\",\"numberOfEmployees\":{\"@type\":\"QuantitativeValue\",\"minValue\":\"1\",\"maxValue\":\"10\"},\"hasMerchantReturnPolicy\":{\"@type\":\"MerchantReturnPolicy\",\"merchantReturnLink\":\"https:\\\/\\\/3dgdc.pl\\\/es\\\/polityka-zwrotow\\\/\"}}]}<\/script>\n<meta property=\"product:price:amount\" content=\"320.00\" \/>\n<meta property=\"product:price:currency\" content=\"PLN\" \/>\n<meta property=\"og:availability\" content=\"instock\" \/>\n<meta property=\"product:availability\" content=\"instock\" \/>\n<meta property=\"product:retailer_item_id\" content=\"LOG-ZET\" \/>\n<meta property=\"product:condition\" content=\"new\" \/>\n<!-- \/ Yoast SEO Premium plugin. -->","yoast_head_json":{"title":"Inscripci\u00f3n Zetor iluminada | Emblema LED","description":"El logotipo Zetor iluminado es la elecci\u00f3n perfecta para los fan\u00e1ticos de esta marca que quieran darle a su tractor un aspecto moderno.","robots":{"index":"index","follow":"follow","max-snippet":"max-snippet:-1","max-image-preview":"max-image-preview:large","max-video-preview":"max-video-preview:-1"},"canonical":"https:\/\/3dgdc.pl\/es\/producto\/logotipo-de-zetor-iluminado\/","og_locale":"es_ES","og_type":"article","og_title":"Tabliczki LED TIR | Personalizacja Twojej Ci\u0119\u017car\u00f3wki","og_description":"Pod\u015bwietlane emblematy | Tabliczki naro\u017cnikowe LED | Uszy pod lusterka | O\u015bwietlenie kabiny | O\u015bwietlenie kabiny | Obrys\u00f3wki LED","og_url":"https:\/\/3dgdc.pl\/es\/producto\/logotipo-de-zetor-iluminado\/","og_site_name":"3D GlowDrive Creations | Pod\u015bwietlane Emblematy LED","article_publisher":"https:\/\/www.facebook.com\/profile.php?id=61565630297137&locale=pl_PL","article_modified_time":"2025-10-24T03:35:51+00:00","og_image":[{"width":469,"height":458,"url":"https:\/\/3dgdc.pl\/wp-content\/uploads\/2025\/06\/zetor-led-emblem.jpg","type":"image\/jpeg"}],"twitter_card":"summary_large_image","twitter_misc":{"Precio":"320,00&nbsp;&#122;&#322; brutto","Disponibilidad":"Disponible"},"schema":{"@context":"https:\/\/schema.org","@graph":[{"@type":"WebPage","@id":"https:\/\/3dgdc.pl\/produkt\/podswietlane-logo-zetor\/","url":"https:\/\/3dgdc.pl\/produkt\/podswietlane-logo-zetor\/","name":"Inscripci\u00f3n Zetor iluminada | Emblema LED","isPartOf":{"@id":"https:\/\/3dgdc.pl\/#website"},"primaryImageOfPage":{"@id":"https:\/\/3dgdc.pl\/produkt\/podswietlane-logo-zetor\/#primaryimage"},"image":{"@id":"https:\/\/3dgdc.pl\/produkt\/podswietlane-logo-zetor\/#primaryimage"},"thumbnailUrl":"https:\/\/3dgdc.pl\/wp-content\/uploads\/2025\/06\/zetor-led-emblem.jpg","datePublished":"2025-06-20T17:39:00+00:00","dateModified":"2025-10-24T03:35:51+00:00","description":"El logotipo Zetor iluminado es la elecci\u00f3n perfecta para los fan\u00e1ticos de esta marca que quieran darle a su tractor un aspecto moderno.","breadcrumb":{"@id":"https:\/\/3dgdc.pl\/produkt\/podswietlane-logo-zetor\/#breadcrumb"},"inLanguage":"es","potentialAction":[{"@type":"ReadAction","target":["https:\/\/3dgdc.pl\/produkt\/podswietlane-logo-zetor\/"]}]},{"@type":"ImageObject","inLanguage":"es","@id":"https:\/\/3dgdc.pl\/produkt\/podswietlane-logo-zetor\/#primaryimage","url":"https:\/\/3dgdc.pl\/wp-content\/uploads\/2025\/06\/zetor-led-emblem.jpg","contentUrl":"https:\/\/3dgdc.pl\/wp-content\/uploads\/2025\/06\/zetor-led-emblem.jpg","width":469,"height":458,"caption":"zetor led emblem"},{"@type":"BreadcrumbList","@id":"https:\/\/3dgdc.pl\/produkt\/podswietlane-logo-zetor\/#breadcrumb","itemListElement":[{"@type":"ListItem","position":1,"name":"Strona g\u0142\u00f3wna","item":"https:\/\/3dgdc.pl\/de\/"},{"@type":"ListItem","position":2,"name":"Sklep","item":"https:\/\/3dgdc.pl\/de\/led-zubehor-lkw-kennzeichen-beleuchtete-beschriftungen\/"},{"@type":"ListItem","position":3,"name":"Pod\u015bwietlane Emblematy","item":"https:\/\/3dgdc.pl\/de\/kategoria-produktu\/podswietlane-napisy\/"},{"@type":"ListItem","position":4,"name":"Ci\u0105gniki Rolnicze","item":"https:\/\/3dgdc.pl\/de\/kategoria-produktu\/podswietlane-napisy\/ciagniki-rolnicze-led-emblem\/"},{"@type":"ListItem","position":5,"name":"Pod\u015bwietlane logo &#8211; Zetor"}]},{"@type":"WebSite","@id":"https:\/\/3dgdc.pl\/#website","url":"https:\/\/3dgdc.pl\/","name":"https:\/\/3dgdc.pl\/","description":"Emblemas y accesorios LED iluminados para tractores y camiones agr\u00edcolas","publisher":{"@id":"https:\/\/3dgdc.pl\/#organization"},"potentialAction":[{"@type":"SearchAction","target":{"@type":"EntryPoint","urlTemplate":"https:\/\/3dgdc.pl\/?s={search_term_string}"},"query-input":{"@type":"PropertyValueSpecification","valueRequired":true,"valueName":"search_term_string"}}],"inLanguage":"es"},{"@type":"Organization","@id":"https:\/\/3dgdc.pl\/#organization","name":"Creaciones 3D GlowDrive","alternateName":"Gadzety LED Do Aut Ci\u0119\u017carowych","url":"https:\/\/3dgdc.pl\/","logo":{"@type":"ImageObject","inLanguage":"es","@id":"https:\/\/3dgdc.pl\/#\/schema\/logo\/image\/","url":"https:\/\/3dgdc.pl\/wp-content\/uploads\/2025\/05\/prof_obszar-roboczy-1-kopia-scaled.png","contentUrl":"https:\/\/3dgdc.pl\/wp-content\/uploads\/2025\/05\/prof_obszar-roboczy-1-kopia-scaled.png","width":2560,"height":2560,"caption":"3D GlowDrive Creations"},"image":{"@id":"https:\/\/3dgdc.pl\/#\/schema\/logo\/image\/"},"sameAs":["https:\/\/www.facebook.com\/profile.php?id=61565630297137&locale=pl_PL","https:\/\/www.instagram.com\/3dglowdrivecreations\/","https:\/\/www.tiktok.com\/@ledtruckbudges"],"description":"Somos una empresa din\u00e1mica especializada en la creaci\u00f3n de accesorios LED de alta calidad para camiones. Ofrecemos productos innovadores como emblemas LED, letras iluminadas y art\u00edculos promocionales personalizados. Todos nuestros productos se caracterizan por su dise\u00f1o moderno, durabilidad y seguridad. Con pasi\u00f3n y compromiso, ofrecemos a nuestros clientes soluciones \u00fanicas que realzan el estilo individual de sus veh\u00edculos.","email":"3dglowdrivecreations@gmail.com","telephone":"725038684","legalName":"3D GlowDrive Creations","foundingDate":"2024-05-02","vatID":"5783170027","taxID":"5783170027","numberOfEmployees":{"@type":"QuantitativeValue","minValue":"1","maxValue":"10"},"hasMerchantReturnPolicy":{"@type":"MerchantReturnPolicy","merchantReturnLink":"https:\/\/3dgdc.pl\/es\/polityka-zwrotow\/"}}]},"product_price_amount":"320.00","product_price_currency":"PLN","og_availability":"instock","product_availability":"instock","product_retailer_item_id":"LOG-ZET","product_condition":"new"},"_links":{"self":[{"href":"https:\/\/3dgdc.pl\/es\/wp-json\/wp\/v2\/product\/273819","targetHints":{"allow":["GET"]}}],"collection":[{"href":"https:\/\/3dgdc.pl\/es\/wp-json\/wp\/v2\/product"}],"about":[{"href":"https:\/\/3dgdc.pl\/es\/wp-json\/wp\/v2\/types\/product"}],"version-history":[{"count":5,"href":"https:\/\/3dgdc.pl\/es\/wp-json\/wp\/v2\/product\/273819\/revisions"}],"predecessor-version":[{"id":276707,"href":"https:\/\/3dgdc.pl\/es\/wp-json\/wp\/v2\/product\/273819\/revisions\/276707"}],"wp:featuredmedia":[{"embeddable":true,"href":"https:\/\/3dgdc.pl\/es\/wp-json\/wp\/v2\/media\/274024"}],"wp:attachment":[{"href":"https:\/\/3dgdc.pl\/es\/wp-json\/wp\/v2\/media?parent=273819"}],"wp:term":[{"taxonomy":"product_brand","embeddable":true,"href":"https:\/\/3dgdc.pl\/es\/wp-json\/wp\/v2\/product_brand?post=273819"},{"taxonomy":"product_cat","embeddable":true,"href":"https:\/\/3dgdc.pl\/es\/wp-json\/wp\/v2\/product_cat?post=273819"},{"taxonomy":"product_tag","embeddable":true,"href":"https:\/\/3dgdc.pl\/es\/wp-json\/wp\/v2\/product_tag?post=273819"}],"curies":[{"name":"gracias","href":"https:\/\/api.w.org\/{rel}","templated":true}]}}