{"id":267423,"date":"2025-04-17T06:50:00","date_gmt":"2025-04-17T04:50:00","guid":{"rendered":"https:\/\/3dgdc.pl\/?post_type=product&#038;p=267423"},"modified":"2025-10-24T22:18:11","modified_gmt":"2025-10-24T20:18:11","slug":"senal-de-esquina-led-para-camion","status":"publish","type":"product","link":"https:\/\/3dgdc.pl\/es\/produkt\/tabliczka-naroznikowa-led-tir\/","title":{"rendered":"Letrero de esquina LED \u2013 TIR"},"content":{"rendered":"<div style=\"font-family: Arial, sans-serif; line-height: 1.6; color: #333;\">\n<h2 style=\"color: #014570; margin-bottom: 10px;\">Letrero de esquina LED \u2013 TIR<\/h2>\n<p><strong>Placa LED<\/strong> acerca de las dimensiones <strong>17\u00d717 cent\u00edmetros<\/strong> Es un producto \u00fanico que combina un dise\u00f1o moderno con un uso pr\u00e1ctico.<br \/>\nGracias a su dise\u00f1o compacto, es ideal tanto para veh\u00edculos como para otros espacios.<br \/>\nLa instalaci\u00f3n es extremadamente sencilla ya que utiliza dos ventosas s\u00f3lidas y roscadas.<br \/>\nEsta soluci\u00f3n garantiza la estabilidad y la capacidad de mover f\u00e1cilmente el tablero a otra ubicaci\u00f3n.<\/p>\n<h3 style=\"color: #014570; margin-top: 25px;\">Selecci\u00f3n del color de la luz de fondo<\/h3>\n<p>El producto ofrece tres variantes de color de retroiluminaci\u00f3n:<\/p>\n<ul style=\"padding-left: 20px; list-style-type: disc;\">\n<li><span style=\"color: #33cccc;\"><strong>Blanco fr\u00edo<\/strong><\/span> \u2013 moderno y universal.<\/li>\n<li><span style=\"color: #ff9900;\"><strong>Naranja<\/strong><\/span> \u2013 c\u00e1lido y expresivo.<\/li>\n<li><span style=\"color: #ff0000;\"><strong>Rojo<\/strong><\/span> \u2013 intenso y din\u00e1mico.<\/li>\n<\/ul>\n<h3 style=\"color: #014570; margin-top: 25px;\">Opciones de energ\u00eda<\/h3>\n<p><strong>Conector USB<\/strong> \u2013 la placa est\u00e1 equipada con un cable de longitud <strong>1,5 metros<\/strong>,<br \/>\npermitiendo una f\u00e1cil alimentaci\u00f3n desde cualquier puerto USB.<br \/>\nEsto significa que se puede utilizar no s\u00f3lo en veh\u00edculos, sino tambi\u00e9n en otros lugares, como oficinas o talleres.<\/p>\n<h3 style=\"color: #014570; margin-top: 25px;\">Ventajas de la placa LED TIR<\/h3>\n<ul style=\"padding-left: 20px; list-style-type: disc;\">\n<li><strong>Tama\u00f1o compacto<\/strong> \u2013 El tablero es discreto y eficaz.<\/li>\n<li><strong>Montaje s\u00f3lido<\/strong> \u2013 garantiza durabilidad y estabilidad durante el uso.<\/li>\n<li><strong>Dise\u00f1o moderno<\/strong> \u2013 enfatiza el estilo gracias a varios colores de iluminaci\u00f3n de fondo.<\/li>\n<li><strong>Versatilidad de uso<\/strong> \u2013 Se puede utilizar en veh\u00edculos y habitaciones.<\/li>\n<li><strong>Varias opciones de energ\u00eda<\/strong> \u2013 facilitar su uso en diversas condiciones.<\/li>\n<\/ul>\n<h3 style=\"color: #014570; margin-top: 25px;\">La soluci\u00f3n perfecta para todos<\/h3>\n<p><strong>Placa LED TIR<\/strong> es una excelente opci\u00f3n para personas que buscan un elemento decorativo eficaz y funcional.<br \/>\nGracias a su fabricaci\u00f3n de alta calidad, su aspecto moderno y su intensa iluminaci\u00f3n, es perfecto para<br \/>\nPara personalizar veh\u00edculos e interiores.<\/p>\n<h3 style=\"color: #014570; margin-top: 25px;\">Vea otros productos<\/h3>\n<p>Si esto <strong>Placa LED<\/strong> Si no cumple con sus expectativas, no deje de consultar nuestros otros productos.<br \/>\nOfrecemos una amplia selecci\u00f3n de otros modelos de placas y accesorios LED que pueden adaptarse perfectamente a sus necesidades.<\/p>\n<\/div>","protected":false},"excerpt":{"rendered":"<p><span style=\"color: #004570;\"><strong>Implementaci\u00f3n:<\/strong><\/span> 1\u20133 d\u00edas<br \/>\nPrecio dado por<strong> 1 pieza<\/strong>.<\/p>\n<p><span style=\"color: #333399;\">Especificaci\u00f3n:<br \/>\n<span style=\"color: #000000;\"><strong>Material:<\/strong>\u00a0abdominales<\/span><\/span><span style=\"color: #000000;\"><br \/>\n<\/span><span style=\"color: #000000;\"><strong>Fuente de alimentaci\u00f3n:<\/strong> USB<\/span><span style=\"color: #000000;\"><br \/>\n<\/span><span style=\"color: #000000;\"><strong><span style=\"color: #000000;\">Dimensi\u00f3n:<\/span><\/strong><span style=\"color: #000000;\"> 17 <\/span><span style=\"color: #000000;\">cm x 17 cm x 1,5 cm<br \/>\n<strong>Instalaci\u00f3n:<\/strong> 4 ventosas roscadas<br \/>\n<\/span><\/span><\/p>\n<hr \/>\n<p>&nbsp;<\/p>","protected":false},"featured_media":273238,"template":"","meta":{"_acf_changed":false},"product_brand":[681],"product_cat":[301],"product_tag":[700,699,702,701],"class_list":{"0":"post-267423","1":"product","2":"type-product","3":"status-publish","4":"has-post-thumbnail","6":"product_brand-3d-glowdrive-creations","7":"product_cat-tabliczki-naroznikowe-led","8":"product_tag-lightbox-tir","9":"product_tag-tabliczka-led-do-kabiny","10":"product_tag-tabliczka-led-tir","11":"product_tag-tuning-kabiny","12":"pa_kolor-led-bialy-zimny","13":"pa_kolor-led-czerwony","14":"pa_kolor-led-pomaranczowy","16":"first","17":"instock","18":"taxable","19":"shipping-taxable","20":"purchasable","21":"product-type-variable"},"acf":[],"yoast_head":"<!-- This site is optimized with the Yoast SEO Premium plugin v27.3 (Yoast SEO v27.3) - https:\/\/yoast.com\/product\/yoast-seo-premium-wordpress\/ -->\n<title>Tabliczka naro\u017cnikowa LED - TIR | Gad\u017cety do Ci\u0119\u017car\u00f3wki<\/title>\n<meta name=\"description\" content=\"Tabliczka LED TIR, lightbox na przedni\u0105 szyb\u0119 kabiny ci\u0119\u017car\u00f3wki, wymiary 17 cm x 17 cm, zasilanie 24V, monta\u017c na gwintowane przyssawki.\" \/>\n<meta name=\"robots\" content=\"index, follow, max-snippet:-1, max-image-preview:large, max-video-preview:-1\" \/>\n<link rel=\"canonical\" href=\"https:\/\/3dgdc.pl\/es\/producto\/senal-de-esquina-led-para-camion\/\" \/>\n<meta property=\"og:locale\" content=\"es_ES\" \/>\n<meta property=\"og:type\" content=\"article\" \/>\n<meta property=\"og:title\" content=\"Tabliczki LED TIR | Personalizacja Twojej Ci\u0119\u017car\u00f3wki\" \/>\n<meta property=\"og:description\" content=\"Pod\u015bwietlane emblematy | Tabliczki naro\u017cnikowe LED | Uszy pod lusterka | O\u015bwietlenie kabiny | O\u015bwietlenie kabiny | Obrys\u00f3wki LED\" \/>\n<meta property=\"og:url\" content=\"https:\/\/3dgdc.pl\/es\/producto\/senal-de-esquina-led-para-camion\/\" \/>\n<meta property=\"og:site_name\" content=\"3D GlowDrive Creations | Pod\u015bwietlane Emblematy LED\" \/>\n<meta property=\"article:publisher\" content=\"https:\/\/www.facebook.com\/profile.php?id=61565630297137&amp;locale=pl_PL\" \/>\n<meta property=\"article:modified_time\" content=\"2025-10-24T20:18:11+00:00\" \/>\n<meta property=\"og:image\" content=\"https:\/\/3dgdc.pl\/wp-content\/uploads\/2025\/04\/tabliczka-naroznikowa-led-tir2.jpg\" \/>\n\t<meta property=\"og:image:width\" content=\"600\" \/>\n\t<meta property=\"og:image:height\" content=\"600\" \/>\n\t<meta property=\"og:image:type\" content=\"image\/jpeg\" \/>\n<meta name=\"twitter:card\" content=\"summary_large_image\" \/>\n<meta name=\"twitter:label1\" content=\"Disponibilidad\" \/>\n\t<meta name=\"twitter:data1\" content=\"Disponible\" \/>\n<script type=\"application\/ld+json\" class=\"yoast-schema-graph\">{\"@context\":\"https:\\\/\\\/schema.org\",\"@graph\":[{\"@type\":\"WebPage\",\"@id\":\"https:\\\/\\\/3dgdc.pl\\\/produkt\\\/tabliczka-naroznikowa-led-tir\\\/\",\"url\":\"https:\\\/\\\/3dgdc.pl\\\/produkt\\\/tabliczka-naroznikowa-led-tir\\\/\",\"name\":\"Tabliczka naro\u017cnikowa LED - TIR | Gad\u017cety do Ci\u0119\u017car\u00f3wki\",\"isPartOf\":{\"@id\":\"https:\\\/\\\/3dgdc.pl\\\/#website\"},\"primaryImageOfPage\":{\"@id\":\"https:\\\/\\\/3dgdc.pl\\\/produkt\\\/tabliczka-naroznikowa-led-tir\\\/#primaryimage\"},\"image\":{\"@id\":\"https:\\\/\\\/3dgdc.pl\\\/produkt\\\/tabliczka-naroznikowa-led-tir\\\/#primaryimage\"},\"thumbnailUrl\":\"https:\\\/\\\/3dgdc.pl\\\/wp-content\\\/uploads\\\/2025\\\/04\\\/tabliczka-naroznikowa-led-tir2.jpg\",\"datePublished\":\"2025-04-17T04:50:00+00:00\",\"dateModified\":\"2025-10-24T20:18:11+00:00\",\"description\":\"Tabliczka LED TIR, lightbox na przedni\u0105 szyb\u0119 kabiny ci\u0119\u017car\u00f3wki, wymiary 17 cm x 17 cm, zasilanie 24V, monta\u017c na gwintowane przyssawki.\",\"breadcrumb\":{\"@id\":\"https:\\\/\\\/3dgdc.pl\\\/produkt\\\/tabliczka-naroznikowa-led-tir\\\/#breadcrumb\"},\"inLanguage\":\"es\",\"potentialAction\":[{\"@type\":\"ReadAction\",\"target\":[\"https:\\\/\\\/3dgdc.pl\\\/produkt\\\/tabliczka-naroznikowa-led-tir\\\/\"]}]},{\"@type\":\"ImageObject\",\"inLanguage\":\"es\",\"@id\":\"https:\\\/\\\/3dgdc.pl\\\/produkt\\\/tabliczka-naroznikowa-led-tir\\\/#primaryimage\",\"url\":\"https:\\\/\\\/3dgdc.pl\\\/wp-content\\\/uploads\\\/2025\\\/04\\\/tabliczka-naroznikowa-led-tir2.jpg\",\"contentUrl\":\"https:\\\/\\\/3dgdc.pl\\\/wp-content\\\/uploads\\\/2025\\\/04\\\/tabliczka-naroznikowa-led-tir2.jpg\",\"width\":600,\"height\":600,\"caption\":\"Tabliczka naro\u017cnikowa LED - Tablica naro\u017cna TIR\"},{\"@type\":\"BreadcrumbList\",\"@id\":\"https:\\\/\\\/3dgdc.pl\\\/produkt\\\/tabliczka-naroznikowa-led-tir\\\/#breadcrumb\",\"itemListElement\":[{\"@type\":\"ListItem\",\"position\":1,\"name\":\"Strona g\u0142\u00f3wna\",\"item\":\"https:\\\/\\\/3dgdc.pl\\\/de\\\/\"},{\"@type\":\"ListItem\",\"position\":2,\"name\":\"Sklep\",\"item\":\"https:\\\/\\\/3dgdc.pl\\\/de\\\/led-zubehor-lkw-kennzeichen-beleuchtete-beschriftungen\\\/\"},{\"@type\":\"ListItem\",\"position\":3,\"name\":\"Tabliczki Naro\u017cnikowe LED\",\"item\":\"https:\\\/\\\/3dgdc.pl\\\/kategoria-produktu\\\/tabliczki-naroznikowe-led\\\/\"},{\"@type\":\"ListItem\",\"position\":4,\"name\":\"Tabliczka naro\u017cnikowa LED &#8211; TIR\"}]},{\"@type\":\"WebSite\",\"@id\":\"https:\\\/\\\/3dgdc.pl\\\/#website\",\"url\":\"https:\\\/\\\/3dgdc.pl\\\/\",\"name\":\"https:\\\/\\\/3dgdc.pl\\\/\",\"description\":\"Pod\u015bwietlane Emblematy i Akcesoria LED do Ci\u0105gnik\u00f3w Siod\u0142owych i Rolniczych\",\"publisher\":{\"@id\":\"https:\\\/\\\/3dgdc.pl\\\/#organization\"},\"potentialAction\":[{\"@type\":\"SearchAction\",\"target\":{\"@type\":\"EntryPoint\",\"urlTemplate\":\"https:\\\/\\\/3dgdc.pl\\\/?s={search_term_string}\"},\"query-input\":{\"@type\":\"PropertyValueSpecification\",\"valueRequired\":true,\"valueName\":\"search_term_string\"}}],\"inLanguage\":\"es\"},{\"@type\":\"Organization\",\"@id\":\"https:\\\/\\\/3dgdc.pl\\\/#organization\",\"name\":\"3D GlowDrive Creations\",\"alternateName\":\"Gadzety LED Do Aut Ci\u0119\u017carowych\",\"url\":\"https:\\\/\\\/3dgdc.pl\\\/\",\"logo\":{\"@type\":\"ImageObject\",\"inLanguage\":\"es\",\"@id\":\"https:\\\/\\\/3dgdc.pl\\\/#\\\/schema\\\/logo\\\/image\\\/\",\"url\":\"https:\\\/\\\/3dgdc.pl\\\/wp-content\\\/uploads\\\/2025\\\/05\\\/prof_obszar-roboczy-1-kopia-scaled.png\",\"contentUrl\":\"https:\\\/\\\/3dgdc.pl\\\/wp-content\\\/uploads\\\/2025\\\/05\\\/prof_obszar-roboczy-1-kopia-scaled.png\",\"width\":2560,\"height\":2560,\"caption\":\"3D GlowDrive Creations\"},\"image\":{\"@id\":\"https:\\\/\\\/3dgdc.pl\\\/#\\\/schema\\\/logo\\\/image\\\/\"},\"sameAs\":[\"https:\\\/\\\/www.facebook.com\\\/profile.php?id=61565630297137&locale=pl_PL\",\"https:\\\/\\\/www.instagram.com\\\/3dglowdrivecreations\\\/\",\"https:\\\/\\\/www.tiktok.com\\\/@ledtruckbudges\"],\"description\":\"Jeste\u015bmy dynamiczn\u0105 firm\u0105 specjalizuj\u0105c\u0105 si\u0119 w tworzeniu wysokiej jako\u015bci akcesori\u00f3w LED do samochod\u00f3w ci\u0119\u017carowych. Nasza oferta obejmuje innowacyjne produkty, takie jak LED-owe emblematy, pod\u015bwietlane litery oraz spersonalizowane gad\u017cety reklamowe. Wszystkie nasze produkty cechuj\u0105 si\u0119 nowoczesnym designem, trwa\u0142o\u015bci\u0105 oraz dba\u0142o\u015bci\u0105 o bezpiecze\u0144stwo u\u017cytkowania. Dzi\u0119ki pasji i zaanga\u017cowaniu zapewniamy klientom wyj\u0105tkowe rozwi\u0105zania, kt\u00f3re podkre\u015blaj\u0105 indywidualny styl ich pojazd\u00f3w.\",\"email\":\"3dglowdrivecreations@gmail.com\",\"telephone\":\"725038684\",\"legalName\":\"3D GlowDrive Creations\",\"foundingDate\":\"2024-05-02\",\"vatID\":\"5783170027\",\"taxID\":\"5783170027\",\"numberOfEmployees\":{\"@type\":\"QuantitativeValue\",\"minValue\":\"1\",\"maxValue\":\"10\"},\"hasMerchantReturnPolicy\":{\"@type\":\"MerchantReturnPolicy\",\"merchantReturnLink\":\"https:\\\/\\\/3dgdc.pl\\\/es\\\/polityka-zwrotow\\\/\"}}]}<\/script>\n<meta property=\"og:availability\" content=\"instock\" \/>\n<meta property=\"product:availability\" content=\"instock\" \/>\n<meta property=\"product:retailer_item_id\" content=\"TAB-LED-TIR\" \/>\n<meta property=\"product:condition\" content=\"new\" \/>\n<!-- \/ Yoast SEO Premium plugin. -->","yoast_head_json":{"title":"Letrero LED de esquina para cami\u00f3n | Accesorios para camiones","description":"Se\u00f1al LED TIR, caja de luz para el parabrisas de la cabina del cami\u00f3n, dimensiones 17 cm x 17 cm, alimentaci\u00f3n 24V, montaje con ventosas roscadas.","robots":{"index":"index","follow":"follow","max-snippet":"max-snippet:-1","max-image-preview":"max-image-preview:large","max-video-preview":"max-video-preview:-1"},"canonical":"https:\/\/3dgdc.pl\/es\/producto\/senal-de-esquina-led-para-camion\/","og_locale":"es_ES","og_type":"article","og_title":"Tabliczki LED TIR | Personalizacja Twojej Ci\u0119\u017car\u00f3wki","og_description":"Pod\u015bwietlane emblematy | Tabliczki naro\u017cnikowe LED | Uszy pod lusterka | O\u015bwietlenie kabiny | O\u015bwietlenie kabiny | Obrys\u00f3wki LED","og_url":"https:\/\/3dgdc.pl\/es\/producto\/senal-de-esquina-led-para-camion\/","og_site_name":"3D GlowDrive Creations | Pod\u015bwietlane Emblematy LED","article_publisher":"https:\/\/www.facebook.com\/profile.php?id=61565630297137&locale=pl_PL","article_modified_time":"2025-10-24T20:18:11+00:00","og_image":[{"width":600,"height":600,"url":"https:\/\/3dgdc.pl\/wp-content\/uploads\/2025\/04\/tabliczka-naroznikowa-led-tir2.jpg","type":"image\/jpeg"}],"twitter_card":"summary_large_image","twitter_misc":{"Disponibilidad":"Disponible"},"schema":{"@context":"https:\/\/schema.org","@graph":[{"@type":"WebPage","@id":"https:\/\/3dgdc.pl\/produkt\/tabliczka-naroznikowa-led-tir\/","url":"https:\/\/3dgdc.pl\/produkt\/tabliczka-naroznikowa-led-tir\/","name":"Letrero LED de esquina para cami\u00f3n | Accesorios para camiones","isPartOf":{"@id":"https:\/\/3dgdc.pl\/#website"},"primaryImageOfPage":{"@id":"https:\/\/3dgdc.pl\/produkt\/tabliczka-naroznikowa-led-tir\/#primaryimage"},"image":{"@id":"https:\/\/3dgdc.pl\/produkt\/tabliczka-naroznikowa-led-tir\/#primaryimage"},"thumbnailUrl":"https:\/\/3dgdc.pl\/wp-content\/uploads\/2025\/04\/tabliczka-naroznikowa-led-tir2.jpg","datePublished":"2025-04-17T04:50:00+00:00","dateModified":"2025-10-24T20:18:11+00:00","description":"Se\u00f1al LED TIR, caja de luz para el parabrisas de la cabina del cami\u00f3n, dimensiones 17 cm x 17 cm, alimentaci\u00f3n 24V, montaje con ventosas roscadas.","breadcrumb":{"@id":"https:\/\/3dgdc.pl\/produkt\/tabliczka-naroznikowa-led-tir\/#breadcrumb"},"inLanguage":"es","potentialAction":[{"@type":"ReadAction","target":["https:\/\/3dgdc.pl\/produkt\/tabliczka-naroznikowa-led-tir\/"]}]},{"@type":"ImageObject","inLanguage":"es","@id":"https:\/\/3dgdc.pl\/produkt\/tabliczka-naroznikowa-led-tir\/#primaryimage","url":"https:\/\/3dgdc.pl\/wp-content\/uploads\/2025\/04\/tabliczka-naroznikowa-led-tir2.jpg","contentUrl":"https:\/\/3dgdc.pl\/wp-content\/uploads\/2025\/04\/tabliczka-naroznikowa-led-tir2.jpg","width":600,"height":600,"caption":"Tabliczka naro\u017cnikowa LED - Tablica naro\u017cna TIR"},{"@type":"BreadcrumbList","@id":"https:\/\/3dgdc.pl\/produkt\/tabliczka-naroznikowa-led-tir\/#breadcrumb","itemListElement":[{"@type":"ListItem","position":1,"name":"Strona g\u0142\u00f3wna","item":"https:\/\/3dgdc.pl\/de\/"},{"@type":"ListItem","position":2,"name":"Sklep","item":"https:\/\/3dgdc.pl\/de\/led-zubehor-lkw-kennzeichen-beleuchtete-beschriftungen\/"},{"@type":"ListItem","position":3,"name":"Tabliczki Naro\u017cnikowe LED","item":"https:\/\/3dgdc.pl\/kategoria-produktu\/tabliczki-naroznikowe-led\/"},{"@type":"ListItem","position":4,"name":"Tabliczka naro\u017cnikowa LED &#8211; TIR"}]},{"@type":"WebSite","@id":"https:\/\/3dgdc.pl\/#website","url":"https:\/\/3dgdc.pl\/","name":"https:\/\/3dgdc.pl\/","description":"Emblemas y accesorios LED iluminados para tractores y camiones agr\u00edcolas","publisher":{"@id":"https:\/\/3dgdc.pl\/#organization"},"potentialAction":[{"@type":"SearchAction","target":{"@type":"EntryPoint","urlTemplate":"https:\/\/3dgdc.pl\/?s={search_term_string}"},"query-input":{"@type":"PropertyValueSpecification","valueRequired":true,"valueName":"search_term_string"}}],"inLanguage":"es"},{"@type":"Organization","@id":"https:\/\/3dgdc.pl\/#organization","name":"Creaciones 3D GlowDrive","alternateName":"Gadzety LED Do Aut Ci\u0119\u017carowych","url":"https:\/\/3dgdc.pl\/","logo":{"@type":"ImageObject","inLanguage":"es","@id":"https:\/\/3dgdc.pl\/#\/schema\/logo\/image\/","url":"https:\/\/3dgdc.pl\/wp-content\/uploads\/2025\/05\/prof_obszar-roboczy-1-kopia-scaled.png","contentUrl":"https:\/\/3dgdc.pl\/wp-content\/uploads\/2025\/05\/prof_obszar-roboczy-1-kopia-scaled.png","width":2560,"height":2560,"caption":"3D GlowDrive Creations"},"image":{"@id":"https:\/\/3dgdc.pl\/#\/schema\/logo\/image\/"},"sameAs":["https:\/\/www.facebook.com\/profile.php?id=61565630297137&locale=pl_PL","https:\/\/www.instagram.com\/3dglowdrivecreations\/","https:\/\/www.tiktok.com\/@ledtruckbudges"],"description":"Somos una empresa din\u00e1mica especializada en la creaci\u00f3n de accesorios LED de alta calidad para camiones. Ofrecemos productos innovadores como emblemas LED, letras iluminadas y art\u00edculos promocionales personalizados. Todos nuestros productos se caracterizan por su dise\u00f1o moderno, durabilidad y seguridad. Con pasi\u00f3n y compromiso, ofrecemos a nuestros clientes soluciones \u00fanicas que realzan el estilo individual de sus veh\u00edculos.","email":"3dglowdrivecreations@gmail.com","telephone":"725038684","legalName":"3D GlowDrive Creations","foundingDate":"2024-05-02","vatID":"5783170027","taxID":"5783170027","numberOfEmployees":{"@type":"QuantitativeValue","minValue":"1","maxValue":"10"},"hasMerchantReturnPolicy":{"@type":"MerchantReturnPolicy","merchantReturnLink":"https:\/\/3dgdc.pl\/es\/polityka-zwrotow\/"}}]},"og_availability":"instock","product_availability":"instock","product_retailer_item_id":"TAB-LED-TIR","product_condition":"new"},"_links":{"self":[{"href":"https:\/\/3dgdc.pl\/es\/wp-json\/wp\/v2\/product\/267423","targetHints":{"allow":["GET"]}}],"collection":[{"href":"https:\/\/3dgdc.pl\/es\/wp-json\/wp\/v2\/product"}],"about":[{"href":"https:\/\/3dgdc.pl\/es\/wp-json\/wp\/v2\/types\/product"}],"version-history":[{"count":5,"href":"https:\/\/3dgdc.pl\/es\/wp-json\/wp\/v2\/product\/267423\/revisions"}],"predecessor-version":[{"id":276791,"href":"https:\/\/3dgdc.pl\/es\/wp-json\/wp\/v2\/product\/267423\/revisions\/276791"}],"wp:featuredmedia":[{"embeddable":true,"href":"https:\/\/3dgdc.pl\/es\/wp-json\/wp\/v2\/media\/273238"}],"wp:attachment":[{"href":"https:\/\/3dgdc.pl\/es\/wp-json\/wp\/v2\/media?parent=267423"}],"wp:term":[{"taxonomy":"product_brand","embeddable":true,"href":"https:\/\/3dgdc.pl\/es\/wp-json\/wp\/v2\/product_brand?post=267423"},{"taxonomy":"product_cat","embeddable":true,"href":"https:\/\/3dgdc.pl\/es\/wp-json\/wp\/v2\/product_cat?post=267423"},{"taxonomy":"product_tag","embeddable":true,"href":"https:\/\/3dgdc.pl\/es\/wp-json\/wp\/v2\/product_tag?post=267423"}],"curies":[{"name":"gracias","href":"https:\/\/api.w.org\/{rel}","templated":true}]}}