{"id":261721,"date":"2025-01-20T06:29:00","date_gmt":"2025-01-20T05:29:00","guid":{"rendered":"https:\/\/3dgdc.pl\/?post_type=product&#038;p=261721"},"modified":"2025-10-24T22:32:53","modified_gmt":"2025-10-24T20:32:53","slug":"marcador-de-contorno-daf-xg","status":"publish","type":"product","link":"https:\/\/3dgdc.pl\/es\/produkt\/obrysowka-daf-xg\/","title":{"rendered":"Luz de posici\u00f3n LED \u2013 XG+"},"content":{"rendered":"<h2 style=\"text-align: center;\" data-start=\"36\" data-end=\"100\"><strong data-start=\"36\" data-end=\"98\">Luz de posici\u00f3n LED xg+: iluminaci\u00f3n moderna para su veh\u00edculo<\/strong><\/h2>\n<p>&nbsp;<\/p>\n<h4 data-start=\"102\" data-end=\"530\">Las luces de posici\u00f3n LED son un elemento clave de iluminaci\u00f3n para cualquier cami\u00f3n, ya que no solo mejoran la seguridad vial, sino que tambi\u00e9n aportan car\u00e1cter y un aspecto moderno al veh\u00edculo. Nuestras luces de posici\u00f3n LED est\u00e1n dise\u00f1adas para conductores que valoran la fiabilidad, la est\u00e9tica y el rendimiento. Compatibles con veh\u00edculos como: <span style=\"color: #33cccc;\">Daf XG<\/span>, encajan perfectamente en el dise\u00f1o del veh\u00edculo, creando un conjunto coherente y elegante.<\/h4>\n<ul>\n<li data-start=\"532\" data-end=\"879\">\u00a0A pesar de su peque\u00f1o tama\u00f1o, la luz de posici\u00f3n LED ofrece una intensidad excepcional y una distribuci\u00f3n uniforme de la luz, garantizando una visibilidad perfecta de su veh\u00edculo en cualquier condici\u00f3n clim\u00e1tica. Es una opci\u00f3n irremplazable para quienes desean realzar las l\u00edneas de su veh\u00edculo y, al mismo tiempo, garantizar la seguridad vial.<\/li>\n<li data-start=\"881\" data-end=\"1285\">\u00a0Nuestras luces de posici\u00f3n LED est\u00e1n fabricadas con materiales de alta calidad que garantizan una larga vida \u00fatil y resistencia a condiciones de funcionamiento adversas. La tecnolog\u00eda LED minimiza el consumo de energ\u00eda, lo que resulta en una mayor eficiencia y una menor carga para el sistema el\u00e9ctrico del veh\u00edculo. Esto significa que puede disfrutar de un funcionamiento fiable y duradero sin necesidad de reemplazos frecuentes.<\/li>\n<li data-start=\"1287\" data-end=\"1558\">\u00a0La luz de posici\u00f3n LED no solo es funcional, sino tambi\u00e9n elegante. Su dise\u00f1o minimalista la convierte en un elemento destacado, haciendo que su veh\u00edculo destaque entre la multitud. Es la opci\u00f3n perfecta para quienes buscan darle un toque \u00fanico a su veh\u00edculo.<\/li>\n<\/ul>\n<p data-start=\"1560\" data-end=\"1750\" data-is-last-node=\"\" data-is-only-node=\"\">Destaca hoy e invierte en iluminaci\u00f3n que combina est\u00e9tica, eficiencia y seguridad. <strong>Las luces de posici\u00f3n LED son un detalle que marca la diferencia.<\/strong><\/p>","protected":false},"excerpt":{"rendered":"<h3 style=\"text-align: center;\"><strong>Luz de posici\u00f3n LED XG<\/strong><\/h3>\n<p><strong><br \/>\n<\/strong><span style=\"color: #333333;\"><em>Precio por par (2 piezas)<\/em><br \/>\n<em>Tiempo de entrega: Hasta 4 d\u00edas h\u00e1biles<\/em><\/span><strong><br \/>\n<\/strong><\/p>\n<p>&nbsp;<\/p>\n<ul>\n<li><strong>Fuente de alimentaci\u00f3n: <\/strong><span style=\"color: #808080;\">12\/24 V<\/span><\/li>\n<li><strong>Dimensiones:<\/strong> <span style=\"color: #808080;\">20 cm x 6,5 cm x 1,5 cm<\/span><\/li>\n<li><strong>Color frontal: <\/strong><span style=\"color: #808080;\">Negro<\/span><\/li>\n<li><strong>Color del LED:<br \/>\n<\/strong><strong>\u00bb<\/strong> <span style=\"color: #33cccc;\">Blanco \u2013 fr\u00edo<\/span><br \/>\n<strong>\u00bb<\/strong><span style=\"color: #ff9900;\"> Naranja<\/span><br \/>\n<strong>\u00bb<\/strong> <span style=\"color: #99cc00;\">Verde<\/span><br \/>\n<strong>\u00bb<\/strong> <span style=\"color: #ff0000;\">Rojo<\/span><br \/>\n<strong>\u00bb<\/strong> <span style=\"color: #0000ff;\">Azul<\/span><\/li>\n<li><strong>Instalaci\u00f3n: <\/strong><br \/>\n<span style=\"color: #808080;\">\u00bb Cable de 150 cm<\/span><br \/>\n<span style=\"color: #808080;\">\u00bb pegamento\/cinta, p. ej.<em> Tesa<\/em> (no incluido)<\/span><\/li>\n<\/ul>\n<p>&nbsp;<\/p>","protected":false},"featured_media":269344,"template":"","meta":{"_acf_changed":false},"product_brand":[671],"product_cat":[403],"product_tag":[310,526,537,382],"class_list":{"0":"post-261721","1":"product","2":"type-product","3":"status-publish","4":"has-post-thumbnail","6":"product_brand-3dgdc","7":"product_cat-obrysowki-led","8":"product_tag-daf","9":"product_tag-obrysowka-led","10":"product_tag-swiatlo-obrysowe","11":"product_tag-xg","12":"pa_kolor-led-bialy-zimny","13":"pa_kolor-led-czerwony","14":"pa_kolor-led-niebieski","15":"pa_kolor-led-pomaranczowy","16":"pa_kolor-led-zielony","17":"pa_zasilanie-12v","18":"pa_zasilanie-24v","20":"first","21":"instock","22":"taxable","23":"shipping-taxable","24":"purchasable","25":"product-type-variable"},"acf":[],"yoast_head":"<!-- This site is optimized with the Yoast SEO Premium plugin v27.3 (Yoast SEO v27.3) - https:\/\/yoast.com\/product\/yoast-seo-premium-wordpress\/ -->\n<title>Obrys\u00f3wka LED, Daf, XG +<\/title>\n<meta name=\"description\" content=\"\u015awiat\u0142o obrysowe LED, kompatybilne z pojazdem typu Daf XG. Mimo swoich ma\u0142ych rozmiar\u00f3w, potrafi skupi\u0107 na sobie najwieksza uwag\u0119. Wyr\u00f3\u017cnij si\u0119 juz dzi\u015b!\" \/>\n<meta name=\"robots\" content=\"index, follow, max-snippet:-1, max-image-preview:large, max-video-preview:-1\" \/>\n<link rel=\"canonical\" href=\"https:\/\/3dgdc.pl\/es\/producto\/marcador-de-contorno-daf-xg\/\" \/>\n<meta property=\"og:locale\" content=\"es_ES\" \/>\n<meta property=\"og:type\" content=\"article\" \/>\n<meta property=\"og:title\" content=\"Tabliczki LED TIR | Personalizacja Twojej Ci\u0119\u017car\u00f3wki\" \/>\n<meta property=\"og:description\" content=\"Pod\u015bwietlane emblematy | Tabliczki naro\u017cnikowe LED | Uszy pod lusterka | O\u015bwietlenie kabiny | O\u015bwietlenie kabiny | Obrys\u00f3wki LED\" \/>\n<meta property=\"og:url\" content=\"https:\/\/3dgdc.pl\/es\/producto\/marcador-de-contorno-daf-xg\/\" \/>\n<meta property=\"og:site_name\" content=\"3D GlowDrive Creations | Pod\u015bwietlane Emblematy LED\" \/>\n<meta property=\"article:publisher\" content=\"https:\/\/www.facebook.com\/profile.php?id=61565630297137&amp;locale=pl_PL\" \/>\n<meta property=\"article:modified_time\" content=\"2025-10-24T20:32:53+00:00\" \/>\n<meta property=\"og:image\" content=\"https:\/\/3dgdc.pl\/wp-content\/uploads\/2025\/04\/10-1-1.jpg\" \/>\n\t<meta property=\"og:image:width\" content=\"900\" \/>\n\t<meta property=\"og:image:height\" content=\"900\" \/>\n\t<meta property=\"og:image:type\" content=\"image\/jpeg\" \/>\n<meta name=\"twitter:card\" content=\"summary_large_image\" \/>\n<meta name=\"twitter:label1\" content=\"Disponibilidad\" \/>\n\t<meta name=\"twitter:data1\" content=\"Disponible\" \/>\n<script type=\"application\/ld+json\" class=\"yoast-schema-graph\">{\"@context\":\"https:\\\/\\\/schema.org\",\"@graph\":[{\"@type\":\"WebPage\",\"@id\":\"https:\\\/\\\/3dgdc.pl\\\/produkt\\\/obrysowka-daf-xg\\\/\",\"url\":\"https:\\\/\\\/3dgdc.pl\\\/produkt\\\/obrysowka-daf-xg\\\/\",\"name\":\"Obrys\u00f3wka LED, Daf, XG +\",\"isPartOf\":{\"@id\":\"https:\\\/\\\/3dgdc.pl\\\/#website\"},\"primaryImageOfPage\":{\"@id\":\"https:\\\/\\\/3dgdc.pl\\\/produkt\\\/obrysowka-daf-xg\\\/#primaryimage\"},\"image\":{\"@id\":\"https:\\\/\\\/3dgdc.pl\\\/produkt\\\/obrysowka-daf-xg\\\/#primaryimage\"},\"thumbnailUrl\":\"https:\\\/\\\/3dgdc.pl\\\/wp-content\\\/uploads\\\/2025\\\/04\\\/10-1-1.jpg\",\"datePublished\":\"2025-01-20T05:29:00+00:00\",\"dateModified\":\"2025-10-24T20:32:53+00:00\",\"description\":\"\u015awiat\u0142o obrysowe LED, kompatybilne z pojazdem typu Daf XG. Mimo swoich ma\u0142ych rozmiar\u00f3w, potrafi skupi\u0107 na sobie najwieksza uwag\u0119. Wyr\u00f3\u017cnij si\u0119 juz dzi\u015b!\",\"breadcrumb\":{\"@id\":\"https:\\\/\\\/3dgdc.pl\\\/produkt\\\/obrysowka-daf-xg\\\/#breadcrumb\"},\"inLanguage\":\"es\",\"potentialAction\":[{\"@type\":\"ReadAction\",\"target\":[\"https:\\\/\\\/3dgdc.pl\\\/produkt\\\/obrysowka-daf-xg\\\/\"]}]},{\"@type\":\"ImageObject\",\"inLanguage\":\"es\",\"@id\":\"https:\\\/\\\/3dgdc.pl\\\/produkt\\\/obrysowka-daf-xg\\\/#primaryimage\",\"url\":\"https:\\\/\\\/3dgdc.pl\\\/wp-content\\\/uploads\\\/2025\\\/04\\\/10-1-1.jpg\",\"contentUrl\":\"https:\\\/\\\/3dgdc.pl\\\/wp-content\\\/uploads\\\/2025\\\/04\\\/10-1-1.jpg\",\"width\":900,\"height\":900,\"caption\":\"daf xg+ LED\"},{\"@type\":\"BreadcrumbList\",\"@id\":\"https:\\\/\\\/3dgdc.pl\\\/produkt\\\/obrysowka-daf-xg\\\/#breadcrumb\",\"itemListElement\":[{\"@type\":\"ListItem\",\"position\":1,\"name\":\"Strona g\u0142\u00f3wna\",\"item\":\"https:\\\/\\\/3dgdc.pl\\\/de\\\/\"},{\"@type\":\"ListItem\",\"position\":2,\"name\":\"Sklep\",\"item\":\"https:\\\/\\\/3dgdc.pl\\\/de\\\/led-zubehor-lkw-kennzeichen-beleuchtete-beschriftungen\\\/\"},{\"@type\":\"ListItem\",\"position\":3,\"name\":\"Obrys\u00f3wki\",\"item\":\"https:\\\/\\\/3dgdc.pl\\\/kategoria-produktu\\\/obrysowki-led\\\/\"},{\"@type\":\"ListItem\",\"position\":4,\"name\":\"Obrys\u00f3wka LED &#8211; XG+\"}]},{\"@type\":\"WebSite\",\"@id\":\"https:\\\/\\\/3dgdc.pl\\\/#website\",\"url\":\"https:\\\/\\\/3dgdc.pl\\\/\",\"name\":\"https:\\\/\\\/3dgdc.pl\\\/\",\"description\":\"Pod\u015bwietlane Emblematy i Akcesoria LED do Ci\u0105gnik\u00f3w Siod\u0142owych i Rolniczych\",\"publisher\":{\"@id\":\"https:\\\/\\\/3dgdc.pl\\\/#organization\"},\"potentialAction\":[{\"@type\":\"SearchAction\",\"target\":{\"@type\":\"EntryPoint\",\"urlTemplate\":\"https:\\\/\\\/3dgdc.pl\\\/?s={search_term_string}\"},\"query-input\":{\"@type\":\"PropertyValueSpecification\",\"valueRequired\":true,\"valueName\":\"search_term_string\"}}],\"inLanguage\":\"es\"},{\"@type\":\"Organization\",\"@id\":\"https:\\\/\\\/3dgdc.pl\\\/#organization\",\"name\":\"3D GlowDrive Creations\",\"alternateName\":\"Gadzety LED Do Aut Ci\u0119\u017carowych\",\"url\":\"https:\\\/\\\/3dgdc.pl\\\/\",\"logo\":{\"@type\":\"ImageObject\",\"inLanguage\":\"es\",\"@id\":\"https:\\\/\\\/3dgdc.pl\\\/#\\\/schema\\\/logo\\\/image\\\/\",\"url\":\"https:\\\/\\\/3dgdc.pl\\\/wp-content\\\/uploads\\\/2025\\\/05\\\/prof_obszar-roboczy-1-kopia-scaled.png\",\"contentUrl\":\"https:\\\/\\\/3dgdc.pl\\\/wp-content\\\/uploads\\\/2025\\\/05\\\/prof_obszar-roboczy-1-kopia-scaled.png\",\"width\":2560,\"height\":2560,\"caption\":\"3D GlowDrive Creations\"},\"image\":{\"@id\":\"https:\\\/\\\/3dgdc.pl\\\/#\\\/schema\\\/logo\\\/image\\\/\"},\"sameAs\":[\"https:\\\/\\\/www.facebook.com\\\/profile.php?id=61565630297137&locale=pl_PL\",\"https:\\\/\\\/www.instagram.com\\\/3dglowdrivecreations\\\/\",\"https:\\\/\\\/www.tiktok.com\\\/@ledtruckbudges\"],\"description\":\"Jeste\u015bmy dynamiczn\u0105 firm\u0105 specjalizuj\u0105c\u0105 si\u0119 w tworzeniu wysokiej jako\u015bci akcesori\u00f3w LED do samochod\u00f3w ci\u0119\u017carowych. Nasza oferta obejmuje innowacyjne produkty, takie jak LED-owe emblematy, pod\u015bwietlane litery oraz spersonalizowane gad\u017cety reklamowe. Wszystkie nasze produkty cechuj\u0105 si\u0119 nowoczesnym designem, trwa\u0142o\u015bci\u0105 oraz dba\u0142o\u015bci\u0105 o bezpiecze\u0144stwo u\u017cytkowania. Dzi\u0119ki pasji i zaanga\u017cowaniu zapewniamy klientom wyj\u0105tkowe rozwi\u0105zania, kt\u00f3re podkre\u015blaj\u0105 indywidualny styl ich pojazd\u00f3w.\",\"email\":\"3dglowdrivecreations@gmail.com\",\"telephone\":\"725038684\",\"legalName\":\"3D GlowDrive Creations\",\"foundingDate\":\"2024-05-02\",\"vatID\":\"5783170027\",\"taxID\":\"5783170027\",\"numberOfEmployees\":{\"@type\":\"QuantitativeValue\",\"minValue\":\"1\",\"maxValue\":\"10\"},\"hasMerchantReturnPolicy\":{\"@type\":\"MerchantReturnPolicy\",\"merchantReturnLink\":\"https:\\\/\\\/3dgdc.pl\\\/es\\\/polityka-zwrotow\\\/\"}}]}<\/script>\n<meta property=\"og:availability\" content=\"instock\" \/>\n<meta property=\"product:availability\" content=\"instock\" \/>\n<meta property=\"product:retailer_item_id\" content=\"TAB-LED-XG+\" \/>\n<meta property=\"product:condition\" content=\"new\" \/>\n<!-- \/ Yoast SEO Premium plugin. -->","yoast_head_json":{"title":"Luz de posici\u00f3n LED, Daf, XG+","description":"Esta luz de posici\u00f3n LED es compatible con el Daf XG. A pesar de su peque\u00f1o tama\u00f1o, llama la atenci\u00f3n. \u00a1Destaca hoy!","robots":{"index":"index","follow":"follow","max-snippet":"max-snippet:-1","max-image-preview":"max-image-preview:large","max-video-preview":"max-video-preview:-1"},"canonical":"https:\/\/3dgdc.pl\/es\/producto\/marcador-de-contorno-daf-xg\/","og_locale":"es_ES","og_type":"article","og_title":"Tabliczki LED TIR | Personalizacja Twojej Ci\u0119\u017car\u00f3wki","og_description":"Pod\u015bwietlane emblematy | Tabliczki naro\u017cnikowe LED | Uszy pod lusterka | O\u015bwietlenie kabiny | O\u015bwietlenie kabiny | Obrys\u00f3wki LED","og_url":"https:\/\/3dgdc.pl\/es\/producto\/marcador-de-contorno-daf-xg\/","og_site_name":"3D GlowDrive Creations | Pod\u015bwietlane Emblematy LED","article_publisher":"https:\/\/www.facebook.com\/profile.php?id=61565630297137&locale=pl_PL","article_modified_time":"2025-10-24T20:32:53+00:00","og_image":[{"width":900,"height":900,"url":"https:\/\/3dgdc.pl\/wp-content\/uploads\/2025\/04\/10-1-1.jpg","type":"image\/jpeg"}],"twitter_card":"summary_large_image","twitter_misc":{"Disponibilidad":"Disponible"},"schema":{"@context":"https:\/\/schema.org","@graph":[{"@type":"WebPage","@id":"https:\/\/3dgdc.pl\/produkt\/obrysowka-daf-xg\/","url":"https:\/\/3dgdc.pl\/produkt\/obrysowka-daf-xg\/","name":"Luz de posici\u00f3n LED, Daf, XG+","isPartOf":{"@id":"https:\/\/3dgdc.pl\/#website"},"primaryImageOfPage":{"@id":"https:\/\/3dgdc.pl\/produkt\/obrysowka-daf-xg\/#primaryimage"},"image":{"@id":"https:\/\/3dgdc.pl\/produkt\/obrysowka-daf-xg\/#primaryimage"},"thumbnailUrl":"https:\/\/3dgdc.pl\/wp-content\/uploads\/2025\/04\/10-1-1.jpg","datePublished":"2025-01-20T05:29:00+00:00","dateModified":"2025-10-24T20:32:53+00:00","description":"Esta luz de posici\u00f3n LED es compatible con el Daf XG. A pesar de su peque\u00f1o tama\u00f1o, llama la atenci\u00f3n. \u00a1Destaca hoy!","breadcrumb":{"@id":"https:\/\/3dgdc.pl\/produkt\/obrysowka-daf-xg\/#breadcrumb"},"inLanguage":"es","potentialAction":[{"@type":"ReadAction","target":["https:\/\/3dgdc.pl\/produkt\/obrysowka-daf-xg\/"]}]},{"@type":"ImageObject","inLanguage":"es","@id":"https:\/\/3dgdc.pl\/produkt\/obrysowka-daf-xg\/#primaryimage","url":"https:\/\/3dgdc.pl\/wp-content\/uploads\/2025\/04\/10-1-1.jpg","contentUrl":"https:\/\/3dgdc.pl\/wp-content\/uploads\/2025\/04\/10-1-1.jpg","width":900,"height":900,"caption":"daf xg+ LED"},{"@type":"BreadcrumbList","@id":"https:\/\/3dgdc.pl\/produkt\/obrysowka-daf-xg\/#breadcrumb","itemListElement":[{"@type":"ListItem","position":1,"name":"Strona g\u0142\u00f3wna","item":"https:\/\/3dgdc.pl\/de\/"},{"@type":"ListItem","position":2,"name":"Sklep","item":"https:\/\/3dgdc.pl\/de\/led-zubehor-lkw-kennzeichen-beleuchtete-beschriftungen\/"},{"@type":"ListItem","position":3,"name":"Obrys\u00f3wki","item":"https:\/\/3dgdc.pl\/kategoria-produktu\/obrysowki-led\/"},{"@type":"ListItem","position":4,"name":"Obrys\u00f3wka LED &#8211; XG+"}]},{"@type":"WebSite","@id":"https:\/\/3dgdc.pl\/#website","url":"https:\/\/3dgdc.pl\/","name":"https:\/\/3dgdc.pl\/","description":"Emblemas y accesorios LED iluminados para tractores y camiones agr\u00edcolas","publisher":{"@id":"https:\/\/3dgdc.pl\/#organization"},"potentialAction":[{"@type":"SearchAction","target":{"@type":"EntryPoint","urlTemplate":"https:\/\/3dgdc.pl\/?s={search_term_string}"},"query-input":{"@type":"PropertyValueSpecification","valueRequired":true,"valueName":"search_term_string"}}],"inLanguage":"es"},{"@type":"Organization","@id":"https:\/\/3dgdc.pl\/#organization","name":"Creaciones 3D GlowDrive","alternateName":"Gadzety LED Do Aut Ci\u0119\u017carowych","url":"https:\/\/3dgdc.pl\/","logo":{"@type":"ImageObject","inLanguage":"es","@id":"https:\/\/3dgdc.pl\/#\/schema\/logo\/image\/","url":"https:\/\/3dgdc.pl\/wp-content\/uploads\/2025\/05\/prof_obszar-roboczy-1-kopia-scaled.png","contentUrl":"https:\/\/3dgdc.pl\/wp-content\/uploads\/2025\/05\/prof_obszar-roboczy-1-kopia-scaled.png","width":2560,"height":2560,"caption":"3D GlowDrive Creations"},"image":{"@id":"https:\/\/3dgdc.pl\/#\/schema\/logo\/image\/"},"sameAs":["https:\/\/www.facebook.com\/profile.php?id=61565630297137&locale=pl_PL","https:\/\/www.instagram.com\/3dglowdrivecreations\/","https:\/\/www.tiktok.com\/@ledtruckbudges"],"description":"Somos una empresa din\u00e1mica especializada en la creaci\u00f3n de accesorios LED de alta calidad para camiones. Ofrecemos productos innovadores como emblemas LED, letras iluminadas y art\u00edculos promocionales personalizados. Todos nuestros productos se caracterizan por su dise\u00f1o moderno, durabilidad y seguridad. Con pasi\u00f3n y compromiso, ofrecemos a nuestros clientes soluciones \u00fanicas que realzan el estilo individual de sus veh\u00edculos.","email":"3dglowdrivecreations@gmail.com","telephone":"725038684","legalName":"3D GlowDrive Creations","foundingDate":"2024-05-02","vatID":"5783170027","taxID":"5783170027","numberOfEmployees":{"@type":"QuantitativeValue","minValue":"1","maxValue":"10"},"hasMerchantReturnPolicy":{"@type":"MerchantReturnPolicy","merchantReturnLink":"https:\/\/3dgdc.pl\/es\/polityka-zwrotow\/"}}]},"og_availability":"instock","product_availability":"instock","product_retailer_item_id":"TAB-LED-XG+","product_condition":"new"},"_links":{"self":[{"href":"https:\/\/3dgdc.pl\/es\/wp-json\/wp\/v2\/product\/261721","targetHints":{"allow":["GET"]}}],"collection":[{"href":"https:\/\/3dgdc.pl\/es\/wp-json\/wp\/v2\/product"}],"about":[{"href":"https:\/\/3dgdc.pl\/es\/wp-json\/wp\/v2\/types\/product"}],"version-history":[{"count":3,"href":"https:\/\/3dgdc.pl\/es\/wp-json\/wp\/v2\/product\/261721\/revisions"}],"predecessor-version":[{"id":276765,"href":"https:\/\/3dgdc.pl\/es\/wp-json\/wp\/v2\/product\/261721\/revisions\/276765"}],"wp:featuredmedia":[{"embeddable":true,"href":"https:\/\/3dgdc.pl\/es\/wp-json\/wp\/v2\/media\/269344"}],"wp:attachment":[{"href":"https:\/\/3dgdc.pl\/es\/wp-json\/wp\/v2\/media?parent=261721"}],"wp:term":[{"taxonomy":"product_brand","embeddable":true,"href":"https:\/\/3dgdc.pl\/es\/wp-json\/wp\/v2\/product_brand?post=261721"},{"taxonomy":"product_cat","embeddable":true,"href":"https:\/\/3dgdc.pl\/es\/wp-json\/wp\/v2\/product_cat?post=261721"},{"taxonomy":"product_tag","embeddable":true,"href":"https:\/\/3dgdc.pl\/es\/wp-json\/wp\/v2\/product_tag?post=261721"}],"curies":[{"name":"gracias","href":"https:\/\/api.w.org\/{rel}","templated":true}]}}