{"id":259712,"date":"2024-12-23T22:42:00","date_gmt":"2024-12-23T21:42:00","guid":{"rendered":"https:\/\/3dgdc.pl\/?post_type=product&#038;p=259712"},"modified":"2025-10-24T22:50:01","modified_gmt":"2025-10-24T20:50:01","slug":"cabina-xg","status":"publish","type":"product","link":"https:\/\/3dgdc.pl\/es\/produkt\/xg-kabina\/","title":{"rendered":"XG (cabina)"},"content":{"rendered":"<h2 style=\"text-align: center;\"><strong>DAF XG iluminado para la pared trasera de la cabina del cami\u00f3n<\/strong><\/h2>\n<p style=\"text-align: left;\">\u00a1Dale a tu cami\u00f3n un aspecto \u00fanico con letras LED iluminadas! Dimensiones del producto: 7<strong>0 cm x 20 cm x 10 cm<\/strong> Luce genial en la parte trasera de la cabina, haciendo que el veh\u00edculo destaque en la carretera. La instalaci\u00f3n es incre\u00edblemente sencilla: gracias a la cinta adhesiva de doble cara incluida, las letras se instalan r\u00e1pida y f\u00e1cilmente sin herramientas adicionales.<\/p>\n<p style=\"text-align: left;\"><strong>Especificaci\u00f3n:<\/strong><\/p>\n<p style=\"text-align: left;\">Alimentaci\u00f3n: 12\/24v<br \/>\nColor de la retroiluminaci\u00f3n LED:<strong> 5 opciones para elegir<\/strong><br \/>\nMano de obra de alta calidad: materiales duraderos que garantizan una larga vida \u00fatil.<br \/>\nLas letras iluminadas son la manera perfecta de personalizar tu camioneta, d\u00e1ndole un aspecto distintivo y mejorando la visibilidad. \u00a1Elige tu color y fuente de alimentaci\u00f3n al hacer tu pedido y disfruta de un estilo \u00fanico!<\/p>","protected":false},"excerpt":{"rendered":"<h3 style=\"text-align: center;\"><strong>XG DAF para la pared trasera de la cabina<\/strong><\/h3>\n<p><strong><br \/>\n<\/strong>Tiempo de entrega: Hasta 4 d\u00edas h\u00e1biles<strong><br \/>\n<\/strong><\/p>\n<p>&nbsp;<\/p>\n<p><strong>El conjunto incluye:<\/strong><br \/>\n<strong>\u2013 <\/strong>Letras LED XG con dimensiones totales: <strong>*70 cm x 20 cm x 10 cm<\/strong><strong><br \/>\n\u2013<\/strong> 150cm de cable por letra<br \/>\n<strong>\u2013 <\/strong>Cinta de montaje de doble cara<\/p>\n<p>&nbsp;<\/p>","protected":false},"featured_media":260256,"template":"","meta":{"_acf_changed":false},"product_brand":[671],"product_cat":[402],"product_tag":[314,383],"class_list":{"0":"post-259712","1":"product","2":"type-product","3":"status-publish","4":"has-post-thumbnail","6":"product_brand-3dgdc","7":"product_cat-kabina-tir-led","8":"product_tag-daf-xg","9":"product_tag-kabina","10":"pa_kolor-led-bialy-zimny","11":"pa_kolor-led-czerwony","12":"pa_kolor-led-niebieski","13":"pa_kolor-led-pomaranczowy","14":"pa_kolor-led-zielony","15":"pa_rodzaj-zasilania-usb","16":"pa_rodzaj-zasilania-zapalniczka-12v","17":"pa_rodzaj-zasilania-zapalniczka-24v","19":"first","20":"instock","21":"taxable","22":"shipping-taxable","23":"purchasable","24":"product-type-variable"},"acf":[],"yoast_head":"<!-- This site is optimized with the Yoast SEO Premium plugin v27.3 (Yoast SEO v27.3) - https:\/\/yoast.com\/product\/yoast-seo-premium-wordpress\/ -->\n<title>XG DAF | O\u015bwietlenie Kabiny<\/title>\n<meta name=\"description\" content=\"XG DAF LED na tyln\u0105 \u015bciane kabiny auta ci\u0119\u017carowego , to nowoczesny i stylowy dodatek, kt\u00f3ry wyr\u00f3\u017cni Twoj pojazd na drodze.\" \/>\n<meta name=\"robots\" content=\"index, follow, max-snippet:-1, max-image-preview:large, max-video-preview:-1\" \/>\n<link rel=\"canonical\" href=\"https:\/\/3dgdc.pl\/es\/producto\/cabina-xg\/\" \/>\n<meta property=\"og:locale\" content=\"es_ES\" \/>\n<meta property=\"og:type\" content=\"article\" \/>\n<meta property=\"og:title\" content=\"Tabliczki LED TIR | Personalizacja Twojej Ci\u0119\u017car\u00f3wki\" \/>\n<meta property=\"og:description\" content=\"Pod\u015bwietlane emblematy | Tabliczki naro\u017cnikowe LED | Uszy pod lusterka | O\u015bwietlenie kabiny | O\u015bwietlenie kabiny | Obrys\u00f3wki LED\" \/>\n<meta property=\"og:url\" content=\"https:\/\/3dgdc.pl\/es\/producto\/cabina-xg\/\" \/>\n<meta property=\"og:site_name\" content=\"3D GlowDrive Creations | Pod\u015bwietlane Emblematy LED\" \/>\n<meta property=\"article:publisher\" content=\"https:\/\/www.facebook.com\/profile.php?id=61565630297137&amp;locale=pl_PL\" \/>\n<meta property=\"article:modified_time\" content=\"2025-10-24T20:50:01+00:00\" \/>\n<meta property=\"og:image\" content=\"https:\/\/3dgdc.pl\/wp-content\/uploads\/2024\/12\/16.webp\" \/>\n\t<meta property=\"og:image:width\" content=\"800\" \/>\n\t<meta property=\"og:image:height\" content=\"800\" \/>\n\t<meta property=\"og:image:type\" content=\"image\/jpeg\" \/>\n<meta name=\"twitter:card\" content=\"summary_large_image\" \/>\n<meta name=\"twitter:label1\" content=\"Disponibilidad\" \/>\n\t<meta name=\"twitter:data1\" content=\"Disponible\" \/>\n<script type=\"application\/ld+json\" class=\"yoast-schema-graph\">{\"@context\":\"https:\\\/\\\/schema.org\",\"@graph\":[{\"@type\":\"WebPage\",\"@id\":\"https:\\\/\\\/3dgdc.pl\\\/produkt\\\/xg-kabina\\\/\",\"url\":\"https:\\\/\\\/3dgdc.pl\\\/produkt\\\/xg-kabina\\\/\",\"name\":\"XG DAF | O\u015bwietlenie Kabiny\",\"isPartOf\":{\"@id\":\"https:\\\/\\\/3dgdc.pl\\\/#website\"},\"primaryImageOfPage\":{\"@id\":\"https:\\\/\\\/3dgdc.pl\\\/produkt\\\/xg-kabina\\\/#primaryimage\"},\"image\":{\"@id\":\"https:\\\/\\\/3dgdc.pl\\\/produkt\\\/xg-kabina\\\/#primaryimage\"},\"thumbnailUrl\":\"https:\\\/\\\/3dgdc.pl\\\/wp-content\\\/uploads\\\/2024\\\/12\\\/16.webp\",\"datePublished\":\"2024-12-23T21:42:00+00:00\",\"dateModified\":\"2025-10-24T20:50:01+00:00\",\"description\":\"XG DAF LED na tyln\u0105 \u015bciane kabiny auta ci\u0119\u017carowego , to nowoczesny i stylowy dodatek, kt\u00f3ry wyr\u00f3\u017cni Twoj pojazd na drodze.\",\"breadcrumb\":{\"@id\":\"https:\\\/\\\/3dgdc.pl\\\/produkt\\\/xg-kabina\\\/#breadcrumb\"},\"inLanguage\":\"es\",\"potentialAction\":[{\"@type\":\"ReadAction\",\"target\":[\"https:\\\/\\\/3dgdc.pl\\\/produkt\\\/xg-kabina\\\/\"]}]},{\"@type\":\"ImageObject\",\"inLanguage\":\"es\",\"@id\":\"https:\\\/\\\/3dgdc.pl\\\/produkt\\\/xg-kabina\\\/#primaryimage\",\"url\":\"https:\\\/\\\/3dgdc.pl\\\/wp-content\\\/uploads\\\/2024\\\/12\\\/16.webp\",\"contentUrl\":\"https:\\\/\\\/3dgdc.pl\\\/wp-content\\\/uploads\\\/2024\\\/12\\\/16.webp\",\"width\":800,\"height\":800},{\"@type\":\"BreadcrumbList\",\"@id\":\"https:\\\/\\\/3dgdc.pl\\\/produkt\\\/xg-kabina\\\/#breadcrumb\",\"itemListElement\":[{\"@type\":\"ListItem\",\"position\":1,\"name\":\"Strona g\u0142\u00f3wna\",\"item\":\"https:\\\/\\\/3dgdc.pl\\\/de\\\/\"},{\"@type\":\"ListItem\",\"position\":2,\"name\":\"Sklep\",\"item\":\"https:\\\/\\\/3dgdc.pl\\\/de\\\/led-zubehor-lkw-kennzeichen-beleuchtete-beschriftungen\\\/\"},{\"@type\":\"ListItem\",\"position\":3,\"name\":\"Kabina\",\"item\":\"https:\\\/\\\/3dgdc.pl\\\/kategoria-produktu\\\/kabina-tir-led\\\/\"},{\"@type\":\"ListItem\",\"position\":4,\"name\":\"XG (kabina)\"}]},{\"@type\":\"WebSite\",\"@id\":\"https:\\\/\\\/3dgdc.pl\\\/#website\",\"url\":\"https:\\\/\\\/3dgdc.pl\\\/\",\"name\":\"https:\\\/\\\/3dgdc.pl\\\/\",\"description\":\"Pod\u015bwietlane Emblematy i Akcesoria LED do Ci\u0105gnik\u00f3w Siod\u0142owych i Rolniczych\",\"publisher\":{\"@id\":\"https:\\\/\\\/3dgdc.pl\\\/#organization\"},\"potentialAction\":[{\"@type\":\"SearchAction\",\"target\":{\"@type\":\"EntryPoint\",\"urlTemplate\":\"https:\\\/\\\/3dgdc.pl\\\/?s={search_term_string}\"},\"query-input\":{\"@type\":\"PropertyValueSpecification\",\"valueRequired\":true,\"valueName\":\"search_term_string\"}}],\"inLanguage\":\"es\"},{\"@type\":\"Organization\",\"@id\":\"https:\\\/\\\/3dgdc.pl\\\/#organization\",\"name\":\"3D GlowDrive Creations\",\"alternateName\":\"Gadzety LED Do Aut Ci\u0119\u017carowych\",\"url\":\"https:\\\/\\\/3dgdc.pl\\\/\",\"logo\":{\"@type\":\"ImageObject\",\"inLanguage\":\"es\",\"@id\":\"https:\\\/\\\/3dgdc.pl\\\/#\\\/schema\\\/logo\\\/image\\\/\",\"url\":\"https:\\\/\\\/3dgdc.pl\\\/wp-content\\\/uploads\\\/2025\\\/05\\\/prof_obszar-roboczy-1-kopia-scaled.png\",\"contentUrl\":\"https:\\\/\\\/3dgdc.pl\\\/wp-content\\\/uploads\\\/2025\\\/05\\\/prof_obszar-roboczy-1-kopia-scaled.png\",\"width\":2560,\"height\":2560,\"caption\":\"3D GlowDrive Creations\"},\"image\":{\"@id\":\"https:\\\/\\\/3dgdc.pl\\\/#\\\/schema\\\/logo\\\/image\\\/\"},\"sameAs\":[\"https:\\\/\\\/www.facebook.com\\\/profile.php?id=61565630297137&locale=pl_PL\",\"https:\\\/\\\/www.instagram.com\\\/3dglowdrivecreations\\\/\",\"https:\\\/\\\/www.tiktok.com\\\/@ledtruckbudges\"],\"description\":\"Jeste\u015bmy dynamiczn\u0105 firm\u0105 specjalizuj\u0105c\u0105 si\u0119 w tworzeniu wysokiej jako\u015bci akcesori\u00f3w LED do samochod\u00f3w ci\u0119\u017carowych. Nasza oferta obejmuje innowacyjne produkty, takie jak LED-owe emblematy, pod\u015bwietlane litery oraz spersonalizowane gad\u017cety reklamowe. Wszystkie nasze produkty cechuj\u0105 si\u0119 nowoczesnym designem, trwa\u0142o\u015bci\u0105 oraz dba\u0142o\u015bci\u0105 o bezpiecze\u0144stwo u\u017cytkowania. Dzi\u0119ki pasji i zaanga\u017cowaniu zapewniamy klientom wyj\u0105tkowe rozwi\u0105zania, kt\u00f3re podkre\u015blaj\u0105 indywidualny styl ich pojazd\u00f3w.\",\"email\":\"3dglowdrivecreations@gmail.com\",\"telephone\":\"725038684\",\"legalName\":\"3D GlowDrive Creations\",\"foundingDate\":\"2024-05-02\",\"vatID\":\"5783170027\",\"taxID\":\"5783170027\",\"numberOfEmployees\":{\"@type\":\"QuantitativeValue\",\"minValue\":\"1\",\"maxValue\":\"10\"},\"hasMerchantReturnPolicy\":{\"@type\":\"MerchantReturnPolicy\",\"merchantReturnLink\":\"https:\\\/\\\/3dgdc.pl\\\/es\\\/polityka-zwrotow\\\/\"}}]}<\/script>\n<meta property=\"og:availability\" content=\"instock\" \/>\n<meta property=\"product:availability\" content=\"instock\" \/>\n<meta property=\"product:retailer_item_id\" content=\"XG\" \/>\n<meta property=\"product:condition\" content=\"new\" \/>\n<!-- \/ Yoast SEO Premium plugin. -->","yoast_head_json":{"title":"XG DAF | Iluminaci\u00f3n de cabina","description":"El LED XG DAF para la pared trasera de la cabina del cami\u00f3n es un complemento moderno y elegante que har\u00e1 que su veh\u00edculo se destaque en la carretera.","robots":{"index":"index","follow":"follow","max-snippet":"max-snippet:-1","max-image-preview":"max-image-preview:large","max-video-preview":"max-video-preview:-1"},"canonical":"https:\/\/3dgdc.pl\/es\/producto\/cabina-xg\/","og_locale":"es_ES","og_type":"article","og_title":"Tabliczki LED TIR | Personalizacja Twojej Ci\u0119\u017car\u00f3wki","og_description":"Pod\u015bwietlane emblematy | Tabliczki naro\u017cnikowe LED | Uszy pod lusterka | O\u015bwietlenie kabiny | O\u015bwietlenie kabiny | Obrys\u00f3wki LED","og_url":"https:\/\/3dgdc.pl\/es\/producto\/cabina-xg\/","og_site_name":"3D GlowDrive Creations | Pod\u015bwietlane Emblematy LED","article_publisher":"https:\/\/www.facebook.com\/profile.php?id=61565630297137&locale=pl_PL","article_modified_time":"2025-10-24T20:50:01+00:00","og_image":[{"width":800,"height":800,"url":"https:\/\/3dgdc.pl\/wp-content\/uploads\/2024\/12\/16.webp","type":"image\/jpeg"}],"twitter_card":"summary_large_image","twitter_misc":{"Disponibilidad":"Disponible"},"schema":{"@context":"https:\/\/schema.org","@graph":[{"@type":"WebPage","@id":"https:\/\/3dgdc.pl\/produkt\/xg-kabina\/","url":"https:\/\/3dgdc.pl\/produkt\/xg-kabina\/","name":"XG DAF | Iluminaci\u00f3n de cabina","isPartOf":{"@id":"https:\/\/3dgdc.pl\/#website"},"primaryImageOfPage":{"@id":"https:\/\/3dgdc.pl\/produkt\/xg-kabina\/#primaryimage"},"image":{"@id":"https:\/\/3dgdc.pl\/produkt\/xg-kabina\/#primaryimage"},"thumbnailUrl":"https:\/\/3dgdc.pl\/wp-content\/uploads\/2024\/12\/16.webp","datePublished":"2024-12-23T21:42:00+00:00","dateModified":"2025-10-24T20:50:01+00:00","description":"El LED XG DAF para la pared trasera de la cabina del cami\u00f3n es un complemento moderno y elegante que har\u00e1 que su veh\u00edculo se destaque en la carretera.","breadcrumb":{"@id":"https:\/\/3dgdc.pl\/produkt\/xg-kabina\/#breadcrumb"},"inLanguage":"es","potentialAction":[{"@type":"ReadAction","target":["https:\/\/3dgdc.pl\/produkt\/xg-kabina\/"]}]},{"@type":"ImageObject","inLanguage":"es","@id":"https:\/\/3dgdc.pl\/produkt\/xg-kabina\/#primaryimage","url":"https:\/\/3dgdc.pl\/wp-content\/uploads\/2024\/12\/16.webp","contentUrl":"https:\/\/3dgdc.pl\/wp-content\/uploads\/2024\/12\/16.webp","width":800,"height":800},{"@type":"BreadcrumbList","@id":"https:\/\/3dgdc.pl\/produkt\/xg-kabina\/#breadcrumb","itemListElement":[{"@type":"ListItem","position":1,"name":"Strona g\u0142\u00f3wna","item":"https:\/\/3dgdc.pl\/de\/"},{"@type":"ListItem","position":2,"name":"Sklep","item":"https:\/\/3dgdc.pl\/de\/led-zubehor-lkw-kennzeichen-beleuchtete-beschriftungen\/"},{"@type":"ListItem","position":3,"name":"Kabina","item":"https:\/\/3dgdc.pl\/kategoria-produktu\/kabina-tir-led\/"},{"@type":"ListItem","position":4,"name":"XG (kabina)"}]},{"@type":"WebSite","@id":"https:\/\/3dgdc.pl\/#website","url":"https:\/\/3dgdc.pl\/","name":"https:\/\/3dgdc.pl\/","description":"Emblemas y accesorios LED iluminados para tractores y camiones agr\u00edcolas","publisher":{"@id":"https:\/\/3dgdc.pl\/#organization"},"potentialAction":[{"@type":"SearchAction","target":{"@type":"EntryPoint","urlTemplate":"https:\/\/3dgdc.pl\/?s={search_term_string}"},"query-input":{"@type":"PropertyValueSpecification","valueRequired":true,"valueName":"search_term_string"}}],"inLanguage":"es"},{"@type":"Organization","@id":"https:\/\/3dgdc.pl\/#organization","name":"Creaciones 3D GlowDrive","alternateName":"Gadzety LED Do Aut Ci\u0119\u017carowych","url":"https:\/\/3dgdc.pl\/","logo":{"@type":"ImageObject","inLanguage":"es","@id":"https:\/\/3dgdc.pl\/#\/schema\/logo\/image\/","url":"https:\/\/3dgdc.pl\/wp-content\/uploads\/2025\/05\/prof_obszar-roboczy-1-kopia-scaled.png","contentUrl":"https:\/\/3dgdc.pl\/wp-content\/uploads\/2025\/05\/prof_obszar-roboczy-1-kopia-scaled.png","width":2560,"height":2560,"caption":"3D GlowDrive Creations"},"image":{"@id":"https:\/\/3dgdc.pl\/#\/schema\/logo\/image\/"},"sameAs":["https:\/\/www.facebook.com\/profile.php?id=61565630297137&locale=pl_PL","https:\/\/www.instagram.com\/3dglowdrivecreations\/","https:\/\/www.tiktok.com\/@ledtruckbudges"],"description":"Somos una empresa din\u00e1mica especializada en la creaci\u00f3n de accesorios LED de alta calidad para camiones. Ofrecemos productos innovadores como emblemas LED, letras iluminadas y art\u00edculos promocionales personalizados. Todos nuestros productos se caracterizan por su dise\u00f1o moderno, durabilidad y seguridad. Con pasi\u00f3n y compromiso, ofrecemos a nuestros clientes soluciones \u00fanicas que realzan el estilo individual de sus veh\u00edculos.","email":"3dglowdrivecreations@gmail.com","telephone":"725038684","legalName":"3D GlowDrive Creations","foundingDate":"2024-05-02","vatID":"5783170027","taxID":"5783170027","numberOfEmployees":{"@type":"QuantitativeValue","minValue":"1","maxValue":"10"},"hasMerchantReturnPolicy":{"@type":"MerchantReturnPolicy","merchantReturnLink":"https:\/\/3dgdc.pl\/es\/polityka-zwrotow\/"}}]},"og_availability":"instock","product_availability":"instock","product_retailer_item_id":"XG","product_condition":"new"},"_links":{"self":[{"href":"https:\/\/3dgdc.pl\/es\/wp-json\/wp\/v2\/product\/259712","targetHints":{"allow":["GET"]}}],"collection":[{"href":"https:\/\/3dgdc.pl\/es\/wp-json\/wp\/v2\/product"}],"about":[{"href":"https:\/\/3dgdc.pl\/es\/wp-json\/wp\/v2\/types\/product"}],"version-history":[{"count":3,"href":"https:\/\/3dgdc.pl\/es\/wp-json\/wp\/v2\/product\/259712\/revisions"}],"predecessor-version":[{"id":276781,"href":"https:\/\/3dgdc.pl\/es\/wp-json\/wp\/v2\/product\/259712\/revisions\/276781"}],"wp:featuredmedia":[{"embeddable":true,"href":"https:\/\/3dgdc.pl\/es\/wp-json\/wp\/v2\/media\/260256"}],"wp:attachment":[{"href":"https:\/\/3dgdc.pl\/es\/wp-json\/wp\/v2\/media?parent=259712"}],"wp:term":[{"taxonomy":"product_brand","embeddable":true,"href":"https:\/\/3dgdc.pl\/es\/wp-json\/wp\/v2\/product_brand?post=259712"},{"taxonomy":"product_cat","embeddable":true,"href":"https:\/\/3dgdc.pl\/es\/wp-json\/wp\/v2\/product_cat?post=259712"},{"taxonomy":"product_tag","embeddable":true,"href":"https:\/\/3dgdc.pl\/es\/wp-json\/wp\/v2\/product_tag?post=259712"}],"curies":[{"name":"gracias","href":"https:\/\/api.w.org\/{rel}","templated":true}]}}