{"id":259683,"date":"2024-12-23T18:46:00","date_gmt":"2024-12-23T17:46:00","guid":{"rendered":"https:\/\/3dgdc.pl\/?post_type=product&#038;p=259683"},"modified":"2026-03-13T22:08:55","modified_gmt":"2026-03-13T21:08:55","slug":"nuevo-logotipo-de-renault","status":"publish","type":"product","link":"https:\/\/3dgdc.pl\/es\/produkt\/logo-renault-new\/","title":{"rendered":"Logotipo iluminado \u2013 Renault (nuevo)"},"content":{"rendered":"<h1 data-start=\"0\" data-end=\"56\"><span style=\"color: #000080;\">Nuevo logotipo de Renault: logotipo LED iluminado para camiones<\/span><\/h1>\n<h2 data-start=\"58\" data-end=\"109\"><span style=\"color: #000080;\">\u00bfPor qu\u00e9 elegir el logotipo Renault iluminado?<\/span><\/h2>\n<p data-start=\"110\" data-end=\"452\">Resalte el car\u00e1cter de su cami\u00f3n con una luz <strong data-start=\"169\" data-end=\"189\">Nuevo logotipo de Renault<\/strong>. Fabricado con materiales de alta calidad y adaptado con precisi\u00f3n al emblema de f\u00e1brica, proporciona una iluminaci\u00f3n uniforme y brillante que llama la atenci\u00f3n tanto de d\u00eda como de noche. Es una forma r\u00e1pida de diferenciar su flota y darle un aspecto profesional y de alta gama.<\/p>\n<h2 data-start=\"454\" data-end=\"504\"><span style=\"color: #000080;\">Selecci\u00f3n de tama\u00f1o sencilla: ajuste perfecto<\/span><\/h2>\n<p data-start=\"505\" data-end=\"690\">S\u00f3lo mide <strong data-start=\"524\" data-end=\"536\">altura<\/strong> Su logotipo original y, a continuaci\u00f3n, seleccione la variante adecuada de la lista. Esto garantiza que recibir\u00e1 una pieza perfectamente ajustada, sin holgura ni alteraciones.<\/p>\n<h2 data-start=\"692\" data-end=\"739\"><span style=\"color: #000080;\">Compatibilidad con los modelos de camiones Renault<\/span><\/h2>\n<p data-start=\"740\" data-end=\"800\">El logotipo coincide con los modelos populares. <strong data-start=\"774\" data-end=\"792\">Camiones Renault<\/strong>, incluido:<\/p>\n<ul data-start=\"801\" data-end=\"1273\">\n<li data-start=\"801\" data-end=\"857\">\n<p data-start=\"803\" data-end=\"857\"><strong data-start=\"803\" data-end=\"825\">Renault T\/T Alto<\/strong> (unidades tractoras y chasis),<\/p>\n<\/li>\n<li data-start=\"858\" data-end=\"924\">\n<p data-start=\"860\" data-end=\"924\"><strong data-start=\"860\" data-end=\"873\">Renault C<\/strong> (construcci\u00f3n y distribuci\u00f3n en terrenos m\u00e1s dif\u00edciles),<\/p>\n<\/li>\n<li data-start=\"925\" data-end=\"976\">\n<p data-start=\"927\" data-end=\"976\"><strong data-start=\"927\" data-end=\"940\">Renault K<\/strong> (aplicaciones todoterreno m\u00e1s pesadas),<\/p>\n<\/li>\n<li data-start=\"977\" data-end=\"1273\">\n<p data-start=\"979\" data-end=\"1273\"><strong data-start=\"979\" data-end=\"1001\">Renault D \/ D Ancho<\/strong> (distribuci\u00f3n urbana y regional).<br data-start=\"1037\" data-end=\"1040\" \/>Tambi\u00e9n funciona en modelos m\u00e1s antiguos como <strong data-start=\"1094\" data-end=\"1105\">De primera calidad<\/strong>, <strong data-start=\"1107\" data-end=\"1117\">Botella doble<\/strong>, <strong data-start=\"1119\" data-end=\"1129\">Midlum<\/strong> Si <strong data-start=\"1134\" data-end=\"1143\">Kerax<\/strong> Siempre que las dimensiones del emblema coincidan con la variante seleccionada. En caso de duda, mida la altura y comp\u00e1rela con nuestras opciones.<\/p>\n<\/li>\n<\/ul>\n<h2 data-start=\"1275\" data-end=\"1327\">LED brillantes y de bajo consumo: visibilidad y estilo<\/h2>\n<p data-start=\"1328\" data-end=\"1361\">Los diodos LED utilizados garantizan:<\/p>\n<ul data-start=\"1362\" data-end=\"1544\">\n<li data-start=\"1362\" data-end=\"1424\">\n<p data-start=\"1364\" data-end=\"1424\"><strong data-start=\"1364\" data-end=\"1400\">Iluminaci\u00f3n fuerte y uniforme<\/strong> sin &quot;puntos calientes&quot;,<\/p>\n<\/li>\n<li data-start=\"1425\" data-end=\"1467\">\n<p data-start=\"1427\" data-end=\"1467\"><strong data-start=\"1427\" data-end=\"1448\">bajo consumo de energ\u00eda<\/strong> y alta durabilidad,<\/p>\n<\/li>\n<li data-start=\"1468\" data-end=\"1544\">\n<p data-start=\"1470\" data-end=\"1544\">Un efecto est\u00e9tico premium que resalta las l\u00edneas de la parrilla y el frontal del veh\u00edculo.<\/p>\n<\/li>\n<\/ul>\n<h2 data-start=\"1546\" data-end=\"1574\">Dos versiones de color<\/h2>\n<p data-start=\"1575\" data-end=\"1808\"><strong data-start=\"1575\" data-end=\"1595\">Logotipo RENAULT nuevo<\/strong> est\u00e1 disponible en <strong data-start=\"1612\" data-end=\"1648\">dos variantes de color<\/strong>, lo que le permite combinarlos con la pintura, la iluminaci\u00f3n y el estilo de la cabina de su cami\u00f3n. Es la opci\u00f3n perfecta para conductores y empresas que buscan una est\u00e9tica uniforme para su flota.<\/p>\n<h2 data-start=\"1810\" data-end=\"1858\">Instalaci\u00f3n paso a paso: r\u00e1pida y sencilla<\/h2>\n<p data-start=\"1859\" data-end=\"1896\">La instalaci\u00f3n es c\u00f3moda e intuitiva:<\/p>\n<ul data-start=\"1897\" data-end=\"2273\">\n<li data-start=\"1897\" data-end=\"1964\">\n<p data-start=\"1899\" data-end=\"1964\">montaje en <strong data-start=\"1909\" data-end=\"1942\">dos tornillos de acero inoxidable M4<\/strong> \u2013 estable y seguro,<\/p>\n<\/li>\n<li data-start=\"1965\" data-end=\"2042\">\n<p data-start=\"1967\" data-end=\"2042\">enrutamiento est\u00e9tico de cables<\/p>\n<\/li>\n<li data-start=\"2043\" data-end=\"2273\">\n<p data-start=\"2045\" data-end=\"2273\">compatibilidad con la instalaci\u00f3n <strong data-start=\"2073\" data-end=\"2081\">24 V<\/strong> T\u00edpico para camiones (configuraci\u00f3n de 12 V disponible si es necesario; escr\u00edbanos).<br data-start=\"2170\" data-end=\"2173\" \/>Gracias a los puntos de fijaci\u00f3n est\u00e1ndar, se minimiza el riesgo de aflojar o perder un accesorio.<\/p>\n<\/li>\n<\/ul>\n<h2 data-start=\"2275\" data-end=\"2313\">Materiales y mano de obra de primera calidad.<\/h2>\n<p data-start=\"2314\" data-end=\"2344\">Nos centramos en <strong data-start=\"2326\" data-end=\"2343\">alta calidad<\/strong>:<\/p>\n<ul data-start=\"2345\" data-end=\"2517\">\n<li data-start=\"2345\" data-end=\"2421\">\n<p data-start=\"2347\" data-end=\"2421\">Materiales y acabados resistentes a la carretera que facilitan la limpieza,<\/p>\n<\/li>\n<li data-start=\"2422\" data-end=\"2467\">\n<p data-start=\"2424\" data-end=\"2467\">Construcci\u00f3n herm\u00e9tica y conexiones s\u00f3lidas,<\/p>\n<\/li>\n<li data-start=\"2468\" data-end=\"2517\">\n<p data-start=\"2470\" data-end=\"2517\">Ajuste preciso para montaje de f\u00e1brica.<\/p>\n<\/li>\n<\/ul>\n<h2 data-start=\"2519\" data-end=\"2555\">Uso en carretera y ciudad.<\/h2>\n<p data-start=\"2556\" data-end=\"2858\">Independientemente de si conduces largas distancias <strong data-start=\"2596\" data-end=\"2610\">T\/T Alto<\/strong>, apoyas la construcci\u00f3n <strong data-start=\"2631\" data-end=\"2638\">C\/F<\/strong>, o distribuci\u00f3n <strong data-start=\"2656\" data-end=\"2668\">D\/D Ancho<\/strong> \u2014 iluminado <strong data-start=\"2684\" data-end=\"2704\">Nuevo logotipo de Renault<\/strong> Aumenta la visibilidad del veh\u00edculo y complementa su dise\u00f1o. Es un detalle que importa: reconocimiento de marca, mejor presencia en la flota y una imagen profesional.<\/p>\n<h2 data-start=\"2860\" data-end=\"2891\">C\u00f3mo hacer un pedido: 3 sencillos pasos<\/h2>\n<ol data-start=\"2892\" data-end=\"3063\">\n<li data-start=\"2892\" data-end=\"2931\">\n<p data-start=\"2895\" data-end=\"2931\"><strong data-start=\"2895\" data-end=\"2914\">Medir la altura<\/strong> logotipo actual.<\/p>\n<\/li>\n<li data-start=\"2932\" data-end=\"2989\">\n<p data-start=\"2935\" data-end=\"2989\"><strong data-start=\"2935\" data-end=\"2954\">Seleccione una variante<\/strong> de la lista correspondiente a la dimensi\u00f3n.<\/p>\n<\/li>\n<li data-start=\"2990\" data-end=\"3063\">\n<p data-start=\"2993\" data-end=\"3063\"><strong data-start=\"2993\" data-end=\"3013\">A\u00f1adir a la cesta<\/strong> y finaliza tu pedido: nosotros nos encargamos del resto.<\/p>\n<\/li>\n<\/ol>\n<h2 data-start=\"3065\" data-end=\"3093\">FAQ \u2013 preguntas frecuentes<\/h2>\n<p data-start=\"3094\" data-end=\"3313\"><strong data-start=\"3094\" data-end=\"3131\">\u00bfEl logo coincide con mi modelo?<\/strong><br data-start=\"3131\" data-end=\"3134\" \/>S\u00ed, si la altura de su emblema coincide con la variante seleccionada, esto se aplica a la serie. <strong data-start=\"3222\" data-end=\"3251\">T, T Alto, C, K, D\/D Ancho<\/strong> y muchos modelos m\u00e1s antiguos (Premium, Magnum, Midlum, Kerax).<\/p>\n<p data-start=\"3315\" data-end=\"3482\"><strong data-start=\"3315\" data-end=\"3346\">\u00bfPuedo conectarme a 24V?<\/strong><br data-start=\"3346\" data-end=\"3349\" \/>S\u00ed, el producto est\u00e1 listo para <strong data-start=\"3384\" data-end=\"3403\">Instalaci\u00f3n de 24 V<\/strong> T\u00edpico para camiones. Si necesita una versi\u00f3n de 12 V, cont\u00e1ctenos.<\/p>\n<p data-start=\"3484\" data-end=\"3646\"><strong data-start=\"3484\" data-end=\"3516\">\u00bfLa instalaci\u00f3n requiere perforaci\u00f3n?<\/strong><br data-start=\"3516\" data-end=\"3519\" \/>El logotipo est\u00e1 montado en <strong data-start=\"3539\" data-end=\"3559\">dos tornillos M4<\/strong>. En la mayor\u00eda de los casos, utiliza puntos existentes: verifique el cap\u00f3 y las manijas.<\/p>","protected":false},"excerpt":{"rendered":"<h3><\/h3>\n<div class=\"product-short-description\">\n<h3><span style=\"color: #004570;\"><strong>Especificaciones t\u00e9cnicas:<\/strong><\/span><\/h3>\n<ul>\n<li><span style=\"color: #000000;\"><strong>Dimensiones y montaje<\/strong> \u2013 Tornillos M4 (seleccionar modelo)<\/span><\/li>\n<li><span style=\"color: #000000;\"><strong>Material:<\/strong>\u00a0abdominales<\/span><\/li>\n<li><span style=\"color: #000000;\"><strong>Fuente de alimentaci\u00f3n:<\/strong> 12\/24 V<\/span><\/li>\n<li><span style=\"color: #000000;\"><strong>Color del LED:<\/strong><br \/>\n-Blanco fr\u00edo<br \/>\n-Naranja<\/span><\/li>\n<li><span style=\"color: #000000;\"><b>Longitud del cable: <\/b>100 cent\u00edmetros<\/span><\/li>\n<\/ul>\n<p>&nbsp;<\/p>\n<div class=\"product-variants\">\n<p><span style=\"color: #004570;\"><strong>El tiempo de entrega:<\/strong><\/span> 1\u20133 d\u00edas h\u00e1biles<\/p>\n<p>&nbsp;<\/p>\n<p><strong style=\"text-align: center;\">\u00a0\u00a0<\/strong><\/p>\n<\/div>\n<\/div>","protected":false},"featured_media":269292,"template":"","meta":{"_acf_changed":false},"product_brand":[681],"product_cat":[643,299],"product_tag":[319,322,358,604],"class_list":{"0":"post-259683","1":"product","2":"type-product","3":"status-publish","4":"has-post-thumbnail","6":"product_brand-3d-glowdrive-creations","7":"product_cat-ciagniki-siodlowe","8":"product_cat-podswietlane-napisy","9":"product_tag-logo-led","10":"product_tag-renault","11":"product_tag-reno","12":"product_tag-znaczek-led-reno","13":"pa_kolor-led-bialy-zimny","14":"pa_kolor-led-pomaranczowy","15":"pa_wysokosc-loga-100mm","16":"pa_wysokosc-loga-180mm","17":"pa_wysokosc-loga-195mm","18":"pa_wysokosc-loga-200mm","19":"pa_wysokosc-loga-215mm","20":"pa_wysokosc-loga-220mm","21":"pa_wysokosc-loga-225mm","22":"pa_wysokosc-loga-245mm","23":"pa_zasilanie-12v","24":"pa_zasilanie-24v","26":"first","27":"instock","28":"taxable","29":"shipping-taxable","30":"purchasable","31":"product-type-variable"},"acf":[],"yoast_head":"<!-- This site is optimized with the Yoast SEO Premium plugin v27.3 (Yoast SEO v27.3) - https:\/\/yoast.com\/product\/yoast-seo-premium-wordpress\/ -->\n<title>Logo Renault new, pod\u015bwietlany emblemat<\/title>\n<meta name=\"description\" content=\"Logo Renault new na atrap\u0119 maski samochodu ci\u0119\u017carowego to wyj\u0105tkowy element, kt\u00f3ry nada Twojemu pojazdowi niepowtarzalny, nowoczesny wygl\u0105d.\" \/>\n<meta name=\"robots\" content=\"index, follow, max-snippet:-1, max-image-preview:large, max-video-preview:-1\" \/>\n<link rel=\"canonical\" href=\"https:\/\/3dgdc.pl\/es\/producto\/nuevo-logotipo-de-renault\/\" \/>\n<meta property=\"og:locale\" content=\"es_ES\" \/>\n<meta property=\"og:type\" content=\"article\" \/>\n<meta property=\"og:title\" content=\"Tabliczki LED TIR | Personalizacja Twojej Ci\u0119\u017car\u00f3wki\" \/>\n<meta property=\"og:description\" content=\"Pod\u015bwietlane emblematy | Tabliczki naro\u017cnikowe LED | Uszy pod lusterka | O\u015bwietlenie kabiny | O\u015bwietlenie kabiny | Obrys\u00f3wki LED\" \/>\n<meta property=\"og:url\" content=\"https:\/\/3dgdc.pl\/es\/producto\/nuevo-logotipo-de-renault\/\" \/>\n<meta property=\"og:site_name\" content=\"3D GlowDrive Creations | Pod\u015bwietlane Emblematy LED\" \/>\n<meta property=\"article:publisher\" content=\"https:\/\/www.facebook.com\/profile.php?id=61565630297137&amp;locale=pl_PL\" \/>\n<meta property=\"article:modified_time\" content=\"2026-03-13T21:08:55+00:00\" \/>\n<meta property=\"og:image\" content=\"https:\/\/3dgdc.pl\/wp-content\/uploads\/2025\/04\/12-4.jpg\" \/>\n\t<meta property=\"og:image:width\" content=\"900\" \/>\n\t<meta property=\"og:image:height\" content=\"900\" \/>\n\t<meta property=\"og:image:type\" content=\"image\/jpeg\" \/>\n<meta name=\"twitter:card\" content=\"summary_large_image\" \/>\n<meta name=\"twitter:label1\" content=\"Disponibilidad\" \/>\n\t<meta name=\"twitter:data1\" content=\"Disponible\" \/>\n<script type=\"application\/ld+json\" class=\"yoast-schema-graph\">{\"@context\":\"https:\\\/\\\/schema.org\",\"@graph\":[{\"@type\":\"WebPage\",\"@id\":\"https:\\\/\\\/3dgdc.pl\\\/produkt\\\/logo-renault-new\\\/\",\"url\":\"https:\\\/\\\/3dgdc.pl\\\/produkt\\\/logo-renault-new\\\/\",\"name\":\"Logo Renault new, pod\u015bwietlany emblemat\",\"isPartOf\":{\"@id\":\"https:\\\/\\\/3dgdc.pl\\\/#website\"},\"primaryImageOfPage\":{\"@id\":\"https:\\\/\\\/3dgdc.pl\\\/produkt\\\/logo-renault-new\\\/#primaryimage\"},\"image\":{\"@id\":\"https:\\\/\\\/3dgdc.pl\\\/produkt\\\/logo-renault-new\\\/#primaryimage\"},\"thumbnailUrl\":\"https:\\\/\\\/3dgdc.pl\\\/wp-content\\\/uploads\\\/2025\\\/04\\\/12-4.jpg\",\"datePublished\":\"2024-12-23T17:46:00+00:00\",\"dateModified\":\"2026-03-13T21:08:55+00:00\",\"description\":\"Logo Renault new na atrap\u0119 maski samochodu ci\u0119\u017carowego to wyj\u0105tkowy element, kt\u00f3ry nada Twojemu pojazdowi niepowtarzalny, nowoczesny wygl\u0105d.\",\"breadcrumb\":{\"@id\":\"https:\\\/\\\/3dgdc.pl\\\/produkt\\\/logo-renault-new\\\/#breadcrumb\"},\"inLanguage\":\"es\",\"potentialAction\":[{\"@type\":\"ReadAction\",\"target\":[\"https:\\\/\\\/3dgdc.pl\\\/produkt\\\/logo-renault-new\\\/\"]}]},{\"@type\":\"ImageObject\",\"inLanguage\":\"es\",\"@id\":\"https:\\\/\\\/3dgdc.pl\\\/produkt\\\/logo-renault-new\\\/#primaryimage\",\"url\":\"https:\\\/\\\/3dgdc.pl\\\/wp-content\\\/uploads\\\/2025\\\/04\\\/12-4.jpg\",\"contentUrl\":\"https:\\\/\\\/3dgdc.pl\\\/wp-content\\\/uploads\\\/2025\\\/04\\\/12-4.jpg\",\"width\":900,\"height\":900,\"caption\":\"renault logo led\"},{\"@type\":\"BreadcrumbList\",\"@id\":\"https:\\\/\\\/3dgdc.pl\\\/produkt\\\/logo-renault-new\\\/#breadcrumb\",\"itemListElement\":[{\"@type\":\"ListItem\",\"position\":1,\"name\":\"Strona g\u0142\u00f3wna\",\"item\":\"https:\\\/\\\/3dgdc.pl\\\/de\\\/\"},{\"@type\":\"ListItem\",\"position\":2,\"name\":\"Sklep\",\"item\":\"https:\\\/\\\/3dgdc.pl\\\/de\\\/led-zubehor-lkw-kennzeichen-beleuchtete-beschriftungen\\\/\"},{\"@type\":\"ListItem\",\"position\":3,\"name\":\"Pod\u015bwietlane Emblematy\",\"item\":\"https:\\\/\\\/3dgdc.pl\\\/de\\\/kategoria-produktu\\\/podswietlane-napisy\\\/\"},{\"@type\":\"ListItem\",\"position\":4,\"name\":\"Ci\u0105gniki Siod\u0142owe\",\"item\":\"https:\\\/\\\/3dgdc.pl\\\/kategoria-produktu\\\/podswietlane-napisy\\\/ciagniki-siodlowe\\\/\"},{\"@type\":\"ListItem\",\"position\":5,\"name\":\"Pod\u015bwietlane Logo &#8211; Renault (new)\"}]},{\"@type\":\"WebSite\",\"@id\":\"https:\\\/\\\/3dgdc.pl\\\/#website\",\"url\":\"https:\\\/\\\/3dgdc.pl\\\/\",\"name\":\"https:\\\/\\\/3dgdc.pl\\\/\",\"description\":\"Pod\u015bwietlane Emblematy i Akcesoria LED do Ci\u0105gnik\u00f3w Siod\u0142owych i Rolniczych\",\"publisher\":{\"@id\":\"https:\\\/\\\/3dgdc.pl\\\/#organization\"},\"potentialAction\":[{\"@type\":\"SearchAction\",\"target\":{\"@type\":\"EntryPoint\",\"urlTemplate\":\"https:\\\/\\\/3dgdc.pl\\\/?s={search_term_string}\"},\"query-input\":{\"@type\":\"PropertyValueSpecification\",\"valueRequired\":true,\"valueName\":\"search_term_string\"}}],\"inLanguage\":\"es\"},{\"@type\":\"Organization\",\"@id\":\"https:\\\/\\\/3dgdc.pl\\\/#organization\",\"name\":\"3D GlowDrive Creations\",\"alternateName\":\"Gadzety LED Do Aut Ci\u0119\u017carowych\",\"url\":\"https:\\\/\\\/3dgdc.pl\\\/\",\"logo\":{\"@type\":\"ImageObject\",\"inLanguage\":\"es\",\"@id\":\"https:\\\/\\\/3dgdc.pl\\\/#\\\/schema\\\/logo\\\/image\\\/\",\"url\":\"https:\\\/\\\/3dgdc.pl\\\/wp-content\\\/uploads\\\/2025\\\/05\\\/prof_obszar-roboczy-1-kopia-scaled.png\",\"contentUrl\":\"https:\\\/\\\/3dgdc.pl\\\/wp-content\\\/uploads\\\/2025\\\/05\\\/prof_obszar-roboczy-1-kopia-scaled.png\",\"width\":2560,\"height\":2560,\"caption\":\"3D GlowDrive Creations\"},\"image\":{\"@id\":\"https:\\\/\\\/3dgdc.pl\\\/#\\\/schema\\\/logo\\\/image\\\/\"},\"sameAs\":[\"https:\\\/\\\/www.facebook.com\\\/profile.php?id=61565630297137&locale=pl_PL\",\"https:\\\/\\\/www.instagram.com\\\/3dglowdrivecreations\\\/\",\"https:\\\/\\\/www.tiktok.com\\\/@ledtruckbudges\"],\"description\":\"Jeste\u015bmy dynamiczn\u0105 firm\u0105 specjalizuj\u0105c\u0105 si\u0119 w tworzeniu wysokiej jako\u015bci akcesori\u00f3w LED do samochod\u00f3w ci\u0119\u017carowych. Nasza oferta obejmuje innowacyjne produkty, takie jak LED-owe emblematy, pod\u015bwietlane litery oraz spersonalizowane gad\u017cety reklamowe. Wszystkie nasze produkty cechuj\u0105 si\u0119 nowoczesnym designem, trwa\u0142o\u015bci\u0105 oraz dba\u0142o\u015bci\u0105 o bezpiecze\u0144stwo u\u017cytkowania. Dzi\u0119ki pasji i zaanga\u017cowaniu zapewniamy klientom wyj\u0105tkowe rozwi\u0105zania, kt\u00f3re podkre\u015blaj\u0105 indywidualny styl ich pojazd\u00f3w.\",\"email\":\"3dglowdrivecreations@gmail.com\",\"telephone\":\"725038684\",\"legalName\":\"3D GlowDrive Creations\",\"foundingDate\":\"2024-05-02\",\"vatID\":\"5783170027\",\"taxID\":\"5783170027\",\"numberOfEmployees\":{\"@type\":\"QuantitativeValue\",\"minValue\":\"1\",\"maxValue\":\"10\"},\"hasMerchantReturnPolicy\":{\"@type\":\"MerchantReturnPolicy\",\"merchantReturnLink\":\"https:\\\/\\\/3dgdc.pl\\\/es\\\/polityka-zwrotow\\\/\"}}]}<\/script>\n<meta property=\"og:availability\" content=\"instock\" \/>\n<meta property=\"product:availability\" content=\"instock\" \/>\n<meta property=\"product:retailer_item_id\" content=\"LED-EMB-RN\" \/>\n<meta property=\"product:condition\" content=\"new\" \/>\n<!-- \/ Yoast SEO Premium plugin. -->","yoast_head_json":{"title":"Nuevo logotipo de Renault, emblema iluminado","description":"El nuevo logotipo de Renault para el cap\u00f3 del cami\u00f3n es un elemento \u00fanico que le dar\u00e1 a su veh\u00edculo un aspecto \u00fanico y moderno.","robots":{"index":"index","follow":"follow","max-snippet":"max-snippet:-1","max-image-preview":"max-image-preview:large","max-video-preview":"max-video-preview:-1"},"canonical":"https:\/\/3dgdc.pl\/es\/producto\/nuevo-logotipo-de-renault\/","og_locale":"es_ES","og_type":"article","og_title":"Tabliczki LED TIR | Personalizacja Twojej Ci\u0119\u017car\u00f3wki","og_description":"Pod\u015bwietlane emblematy | Tabliczki naro\u017cnikowe LED | Uszy pod lusterka | O\u015bwietlenie kabiny | O\u015bwietlenie kabiny | Obrys\u00f3wki LED","og_url":"https:\/\/3dgdc.pl\/es\/producto\/nuevo-logotipo-de-renault\/","og_site_name":"3D GlowDrive Creations | Pod\u015bwietlane Emblematy LED","article_publisher":"https:\/\/www.facebook.com\/profile.php?id=61565630297137&locale=pl_PL","article_modified_time":"2026-03-13T21:08:55+00:00","og_image":[{"width":900,"height":900,"url":"https:\/\/3dgdc.pl\/wp-content\/uploads\/2025\/04\/12-4.jpg","type":"image\/jpeg"}],"twitter_card":"summary_large_image","twitter_misc":{"Disponibilidad":"Disponible"},"schema":{"@context":"https:\/\/schema.org","@graph":[{"@type":"WebPage","@id":"https:\/\/3dgdc.pl\/produkt\/logo-renault-new\/","url":"https:\/\/3dgdc.pl\/produkt\/logo-renault-new\/","name":"Nuevo logotipo de Renault, emblema iluminado","isPartOf":{"@id":"https:\/\/3dgdc.pl\/#website"},"primaryImageOfPage":{"@id":"https:\/\/3dgdc.pl\/produkt\/logo-renault-new\/#primaryimage"},"image":{"@id":"https:\/\/3dgdc.pl\/produkt\/logo-renault-new\/#primaryimage"},"thumbnailUrl":"https:\/\/3dgdc.pl\/wp-content\/uploads\/2025\/04\/12-4.jpg","datePublished":"2024-12-23T17:46:00+00:00","dateModified":"2026-03-13T21:08:55+00:00","description":"El nuevo logotipo de Renault para el cap\u00f3 del cami\u00f3n es un elemento \u00fanico que le dar\u00e1 a su veh\u00edculo un aspecto \u00fanico y moderno.","breadcrumb":{"@id":"https:\/\/3dgdc.pl\/produkt\/logo-renault-new\/#breadcrumb"},"inLanguage":"es","potentialAction":[{"@type":"ReadAction","target":["https:\/\/3dgdc.pl\/produkt\/logo-renault-new\/"]}]},{"@type":"ImageObject","inLanguage":"es","@id":"https:\/\/3dgdc.pl\/produkt\/logo-renault-new\/#primaryimage","url":"https:\/\/3dgdc.pl\/wp-content\/uploads\/2025\/04\/12-4.jpg","contentUrl":"https:\/\/3dgdc.pl\/wp-content\/uploads\/2025\/04\/12-4.jpg","width":900,"height":900,"caption":"renault logo led"},{"@type":"BreadcrumbList","@id":"https:\/\/3dgdc.pl\/produkt\/logo-renault-new\/#breadcrumb","itemListElement":[{"@type":"ListItem","position":1,"name":"Strona g\u0142\u00f3wna","item":"https:\/\/3dgdc.pl\/de\/"},{"@type":"ListItem","position":2,"name":"Sklep","item":"https:\/\/3dgdc.pl\/de\/led-zubehor-lkw-kennzeichen-beleuchtete-beschriftungen\/"},{"@type":"ListItem","position":3,"name":"Pod\u015bwietlane Emblematy","item":"https:\/\/3dgdc.pl\/de\/kategoria-produktu\/podswietlane-napisy\/"},{"@type":"ListItem","position":4,"name":"Ci\u0105gniki Siod\u0142owe","item":"https:\/\/3dgdc.pl\/kategoria-produktu\/podswietlane-napisy\/ciagniki-siodlowe\/"},{"@type":"ListItem","position":5,"name":"Pod\u015bwietlane Logo &#8211; Renault (new)"}]},{"@type":"WebSite","@id":"https:\/\/3dgdc.pl\/#website","url":"https:\/\/3dgdc.pl\/","name":"https:\/\/3dgdc.pl\/","description":"Emblemas y accesorios LED iluminados para tractores y camiones agr\u00edcolas","publisher":{"@id":"https:\/\/3dgdc.pl\/#organization"},"potentialAction":[{"@type":"SearchAction","target":{"@type":"EntryPoint","urlTemplate":"https:\/\/3dgdc.pl\/?s={search_term_string}"},"query-input":{"@type":"PropertyValueSpecification","valueRequired":true,"valueName":"search_term_string"}}],"inLanguage":"es"},{"@type":"Organization","@id":"https:\/\/3dgdc.pl\/#organization","name":"Creaciones 3D GlowDrive","alternateName":"Gadzety LED Do Aut Ci\u0119\u017carowych","url":"https:\/\/3dgdc.pl\/","logo":{"@type":"ImageObject","inLanguage":"es","@id":"https:\/\/3dgdc.pl\/#\/schema\/logo\/image\/","url":"https:\/\/3dgdc.pl\/wp-content\/uploads\/2025\/05\/prof_obszar-roboczy-1-kopia-scaled.png","contentUrl":"https:\/\/3dgdc.pl\/wp-content\/uploads\/2025\/05\/prof_obszar-roboczy-1-kopia-scaled.png","width":2560,"height":2560,"caption":"3D GlowDrive Creations"},"image":{"@id":"https:\/\/3dgdc.pl\/#\/schema\/logo\/image\/"},"sameAs":["https:\/\/www.facebook.com\/profile.php?id=61565630297137&locale=pl_PL","https:\/\/www.instagram.com\/3dglowdrivecreations\/","https:\/\/www.tiktok.com\/@ledtruckbudges"],"description":"Somos una empresa din\u00e1mica especializada en la creaci\u00f3n de accesorios LED de alta calidad para camiones. Ofrecemos productos innovadores como emblemas LED, letras iluminadas y art\u00edculos promocionales personalizados. Todos nuestros productos se caracterizan por su dise\u00f1o moderno, durabilidad y seguridad. Con pasi\u00f3n y compromiso, ofrecemos a nuestros clientes soluciones \u00fanicas que realzan el estilo individual de sus veh\u00edculos.","email":"3dglowdrivecreations@gmail.com","telephone":"725038684","legalName":"3D GlowDrive Creations","foundingDate":"2024-05-02","vatID":"5783170027","taxID":"5783170027","numberOfEmployees":{"@type":"QuantitativeValue","minValue":"1","maxValue":"10"},"hasMerchantReturnPolicy":{"@type":"MerchantReturnPolicy","merchantReturnLink":"https:\/\/3dgdc.pl\/es\/polityka-zwrotow\/"}}]},"og_availability":"instock","product_availability":"instock","product_retailer_item_id":"LED-EMB-RN","product_condition":"new"},"_links":{"self":[{"href":"https:\/\/3dgdc.pl\/es\/wp-json\/wp\/v2\/product\/259683","targetHints":{"allow":["GET"]}}],"collection":[{"href":"https:\/\/3dgdc.pl\/es\/wp-json\/wp\/v2\/product"}],"about":[{"href":"https:\/\/3dgdc.pl\/es\/wp-json\/wp\/v2\/types\/product"}],"version-history":[{"count":5,"href":"https:\/\/3dgdc.pl\/es\/wp-json\/wp\/v2\/product\/259683\/revisions"}],"predecessor-version":[{"id":295866,"href":"https:\/\/3dgdc.pl\/es\/wp-json\/wp\/v2\/product\/259683\/revisions\/295866"}],"wp:featuredmedia":[{"embeddable":true,"href":"https:\/\/3dgdc.pl\/es\/wp-json\/wp\/v2\/media\/269292"}],"wp:attachment":[{"href":"https:\/\/3dgdc.pl\/es\/wp-json\/wp\/v2\/media?parent=259683"}],"wp:term":[{"taxonomy":"product_brand","embeddable":true,"href":"https:\/\/3dgdc.pl\/es\/wp-json\/wp\/v2\/product_brand?post=259683"},{"taxonomy":"product_cat","embeddable":true,"href":"https:\/\/3dgdc.pl\/es\/wp-json\/wp\/v2\/product_cat?post=259683"},{"taxonomy":"product_tag","embeddable":true,"href":"https:\/\/3dgdc.pl\/es\/wp-json\/wp\/v2\/product_tag?post=259683"}],"curies":[{"name":"gracias","href":"https:\/\/api.w.org\/{rel}","templated":true}]}}