{"id":12376,"date":"2024-11-02T14:33:00","date_gmt":"2024-11-02T13:33:00","guid":{"rendered":"https:\/\/3dgdc.pl\/?post_type=product&#038;p=12376"},"modified":"2025-10-24T22:57:57","modified_gmt":"2025-10-24T20:57:57","slug":"logotipo-led-de-brabus","status":"publish","type":"product","link":"https:\/\/3dgdc.pl\/es\/produkt\/logo-led-brabus\/","title":{"rendered":"Logotipo iluminado \u2013 Brabus"},"content":{"rendered":"<h2 style=\"text-align: left;\"><span style=\"color: #004570;\">El logotipo LED de Brabus, para la rejilla del cap\u00f3 del cami\u00f3n, es un elemento \u00fanico que le dar\u00e1 a su veh\u00edculo un aspecto \u00fanico y moderno.<\/span><\/h2>\n<p style=\"text-align: left;\">El producto est\u00e1 dise\u00f1ado para una f\u00e1cil instalaci\u00f3n: el montaje se realiza mediante tornillos M4 colocados directamente en el emblema, lo que garantiza un montaje estable y seguro.<\/p>\n<h2><span style=\"color: #004570;\"><strong>Logotipo Brabus iluminado con LED <\/strong>\u00a0Es mucho m\u00e1s que un mero a\u00f1adido est\u00e9tico. <\/span><\/h2>\n<p>Este <strong>Una expresi\u00f3n de estilo, lealtad a la marca y atenci\u00f3n al detalle.<\/strong>Gracias a la moderna tecnolog\u00eda LED, el emblema atrae la atenci\u00f3n en la carretera y comunica claramente: <strong>&quot;Al volante se sienta alguien que conoce el valor del detalle&quot;<\/strong>Si quieres que tu cami\u00f3n cuente tu historia, ahora es el momento perfecto para empezar.<\/p>\n<p>Al elegir instalar el logotipo LED iluminado de Scania, no solo obtiene una apariencia atractiva, sino tambi\u00e9n <strong>soluci\u00f3n pr\u00e1ctica y funcional<\/strong>, que podr\u00e1s adaptar totalmente a tus necesidades.<\/p>\n<h3><span style=\"color: #004570;\"><strong>Los lugares m\u00e1s comunes para instalar logotipos LED:<\/strong><\/span><\/h3>\n<ul>\n<li><span style=\"color: #808080;\"><strong>Parrilla<\/strong> \u2013 un lugar cl\u00e1sico y muy visible que resalta la parte delantera del veh\u00edculo.<\/span><\/li>\n<li><span style=\"color: #808080;\"><strong>Mascarilla<\/strong> \u2013 un lugar sutil pero efectivo para quienes valoran la elegancia.<br \/>\n<\/span><\/li>\n<\/ul>","protected":false},"excerpt":{"rendered":"<h3><\/h3>\n<div class=\"product-short-description\">\n<h3><span style=\"color: #004570;\"><strong>Especificaciones t\u00e9cnicas:<\/strong><\/span><\/h3>\n<ul>\n<li><span style=\"color: #000000;\"><strong>Dimensi\u00f3n: <\/strong>Elija entre las variantes a continuaci\u00f3n<\/span><\/li>\n<li><span style=\"color: #000000;\"><strong>Material:<\/strong>\u00a0abdominales<\/span><\/li>\n<li><span style=\"color: #000000;\"><strong>Fuente de alimentaci\u00f3n:<\/strong> 12\/24 V<\/span><\/li>\n<li><span style=\"color: #000000;\"><strong>Color del LED:<\/strong><br \/>\n-Blanco fr\u00edo<br \/>\n-Naranja<br \/>\n-Azul<br \/>\n-Rojo<br \/>\n-Verde<\/span><\/li>\n<li><span style=\"color: #000000;\"><b>Longitud del cable: <\/b>100 cent\u00edmetros<\/span><\/li>\n<\/ul>\n<p>&nbsp;<\/p>\n<div class=\"product-variants\">\n<p><span style=\"color: #004570;\"><strong>El tiempo de entrega:<\/strong><\/span> 1\u20133 d\u00edas h\u00e1biles<\/p>\n<\/div>\n<\/div>\n<p>&nbsp;<\/p>","protected":false},"featured_media":269246,"template":"","meta":{"_acf_changed":false},"product_brand":[681],"product_cat":[643,299],"product_tag":[634,319,355],"class_list":{"0":"post-12376","1":"product","2":"type-product","3":"status-publish","4":"has-post-thumbnail","6":"product_brand-3d-glowdrive-creations","7":"product_cat-ciagniki-siodlowe","8":"product_cat-podswietlane-napisy","9":"product_tag-brabus","10":"product_tag-logo-led","11":"product_tag-mercedes","12":"pa_kolor-led-bialy-zimny","13":"pa_kolor-led-czerwony","14":"pa_kolor-led-niebieski","15":"pa_kolor-led-pomaranczowy","16":"pa_kolor-led-zielony","17":"pa_zasilanie-12v","18":"pa_zasilanie-24v","20":"first","21":"instock","22":"taxable","23":"shipping-taxable","24":"purchasable","25":"product-type-variable"},"acf":[],"yoast_head":"<!-- This site is optimized with the Yoast SEO Premium plugin v27.3 (Yoast SEO v27.3) - https:\/\/yoast.com\/product\/yoast-seo-premium-wordpress\/ -->\n<title>Logo led Brabus, Pod\u015bwietlany Emblemat na Maske (grill)<\/title>\n<meta name=\"description\" content=\"W dzisiejszych czasach personalizacja to standard, a nie fanaberia. Pod\u015bwietlane logo LED Brabus to nie tylko ozdoba \u2013 to deklaracja indywidualno\u015bci.\" \/>\n<meta name=\"robots\" content=\"index, follow, max-snippet:-1, max-image-preview:large, max-video-preview:-1\" \/>\n<link rel=\"canonical\" href=\"https:\/\/3dgdc.pl\/es\/producto\/logotipo-led-de-brabus\/\" \/>\n<meta property=\"og:locale\" content=\"es_ES\" \/>\n<meta property=\"og:type\" content=\"article\" \/>\n<meta property=\"og:title\" content=\"Tabliczki LED TIR | Personalizacja Twojej Ci\u0119\u017car\u00f3wki\" \/>\n<meta property=\"og:description\" content=\"Pod\u015bwietlane emblematy | Tabliczki naro\u017cnikowe LED | Uszy pod lusterka | O\u015bwietlenie kabiny | O\u015bwietlenie kabiny | Obrys\u00f3wki LED\" \/>\n<meta property=\"og:url\" content=\"https:\/\/3dgdc.pl\/es\/producto\/logotipo-led-de-brabus\/\" \/>\n<meta property=\"og:site_name\" content=\"3D GlowDrive Creations | Pod\u015bwietlane Emblematy LED\" \/>\n<meta property=\"article:publisher\" content=\"https:\/\/www.facebook.com\/profile.php?id=61565630297137&amp;locale=pl_PL\" \/>\n<meta property=\"article:modified_time\" content=\"2025-10-24T20:57:57+00:00\" \/>\n<meta property=\"og:image\" content=\"https:\/\/3dgdc.pl\/wp-content\/uploads\/2025\/04\/brabus_white-2.png\" \/>\n\t<meta property=\"og:image:width\" content=\"1440\" \/>\n\t<meta property=\"og:image:height\" content=\"1440\" \/>\n\t<meta property=\"og:image:type\" content=\"image\/png\" \/>\n<meta name=\"twitter:card\" content=\"summary_large_image\" \/>\n<meta name=\"twitter:label1\" content=\"Disponibilidad\" \/>\n\t<meta name=\"twitter:data1\" content=\"Disponible\" \/>\n<script type=\"application\/ld+json\" class=\"yoast-schema-graph\">{\"@context\":\"https:\\\/\\\/schema.org\",\"@graph\":[{\"@type\":\"WebPage\",\"@id\":\"https:\\\/\\\/3dgdc.pl\\\/produkt\\\/logo-led-brabus\\\/\",\"url\":\"https:\\\/\\\/3dgdc.pl\\\/produkt\\\/logo-led-brabus\\\/\",\"name\":\"Logo led Brabus, Pod\u015bwietlany Emblemat na Maske (grill)\",\"isPartOf\":{\"@id\":\"https:\\\/\\\/3dgdc.pl\\\/#website\"},\"primaryImageOfPage\":{\"@id\":\"https:\\\/\\\/3dgdc.pl\\\/produkt\\\/logo-led-brabus\\\/#primaryimage\"},\"image\":{\"@id\":\"https:\\\/\\\/3dgdc.pl\\\/produkt\\\/logo-led-brabus\\\/#primaryimage\"},\"thumbnailUrl\":\"https:\\\/\\\/3dgdc.pl\\\/wp-content\\\/uploads\\\/2025\\\/04\\\/brabus_white-2.png\",\"datePublished\":\"2024-11-02T13:33:00+00:00\",\"dateModified\":\"2025-10-24T20:57:57+00:00\",\"description\":\"W dzisiejszych czasach personalizacja to standard, a nie fanaberia. Pod\u015bwietlane logo LED Brabus to nie tylko ozdoba \u2013 to deklaracja indywidualno\u015bci.\",\"breadcrumb\":{\"@id\":\"https:\\\/\\\/3dgdc.pl\\\/produkt\\\/logo-led-brabus\\\/#breadcrumb\"},\"inLanguage\":\"es\",\"potentialAction\":[{\"@type\":\"ReadAction\",\"target\":[\"https:\\\/\\\/3dgdc.pl\\\/produkt\\\/logo-led-brabus\\\/\"]}]},{\"@type\":\"ImageObject\",\"inLanguage\":\"es\",\"@id\":\"https:\\\/\\\/3dgdc.pl\\\/produkt\\\/logo-led-brabus\\\/#primaryimage\",\"url\":\"https:\\\/\\\/3dgdc.pl\\\/wp-content\\\/uploads\\\/2025\\\/04\\\/brabus_white-2.png\",\"contentUrl\":\"https:\\\/\\\/3dgdc.pl\\\/wp-content\\\/uploads\\\/2025\\\/04\\\/brabus_white-2.png\",\"width\":1440,\"height\":1440,\"caption\":\"brabus logo led\"},{\"@type\":\"BreadcrumbList\",\"@id\":\"https:\\\/\\\/3dgdc.pl\\\/produkt\\\/logo-led-brabus\\\/#breadcrumb\",\"itemListElement\":[{\"@type\":\"ListItem\",\"position\":1,\"name\":\"Strona g\u0142\u00f3wna\",\"item\":\"https:\\\/\\\/3dgdc.pl\\\/de\\\/\"},{\"@type\":\"ListItem\",\"position\":2,\"name\":\"Sklep\",\"item\":\"https:\\\/\\\/3dgdc.pl\\\/de\\\/led-zubehor-lkw-kennzeichen-beleuchtete-beschriftungen\\\/\"},{\"@type\":\"ListItem\",\"position\":3,\"name\":\"Pod\u015bwietlane Emblematy\",\"item\":\"https:\\\/\\\/3dgdc.pl\\\/de\\\/kategoria-produktu\\\/podswietlane-napisy\\\/\"},{\"@type\":\"ListItem\",\"position\":4,\"name\":\"Ci\u0105gniki Siod\u0142owe\",\"item\":\"https:\\\/\\\/3dgdc.pl\\\/kategoria-produktu\\\/podswietlane-napisy\\\/ciagniki-siodlowe\\\/\"},{\"@type\":\"ListItem\",\"position\":5,\"name\":\"Pod\u015bwietlane logo &#8211; Brabus\"}]},{\"@type\":\"WebSite\",\"@id\":\"https:\\\/\\\/3dgdc.pl\\\/#website\",\"url\":\"https:\\\/\\\/3dgdc.pl\\\/\",\"name\":\"https:\\\/\\\/3dgdc.pl\\\/\",\"description\":\"Pod\u015bwietlane Emblematy i Akcesoria LED do Ci\u0105gnik\u00f3w Siod\u0142owych i Rolniczych\",\"publisher\":{\"@id\":\"https:\\\/\\\/3dgdc.pl\\\/#organization\"},\"potentialAction\":[{\"@type\":\"SearchAction\",\"target\":{\"@type\":\"EntryPoint\",\"urlTemplate\":\"https:\\\/\\\/3dgdc.pl\\\/?s={search_term_string}\"},\"query-input\":{\"@type\":\"PropertyValueSpecification\",\"valueRequired\":true,\"valueName\":\"search_term_string\"}}],\"inLanguage\":\"es\"},{\"@type\":\"Organization\",\"@id\":\"https:\\\/\\\/3dgdc.pl\\\/#organization\",\"name\":\"3D GlowDrive Creations\",\"alternateName\":\"Gadzety LED Do Aut Ci\u0119\u017carowych\",\"url\":\"https:\\\/\\\/3dgdc.pl\\\/\",\"logo\":{\"@type\":\"ImageObject\",\"inLanguage\":\"es\",\"@id\":\"https:\\\/\\\/3dgdc.pl\\\/#\\\/schema\\\/logo\\\/image\\\/\",\"url\":\"https:\\\/\\\/3dgdc.pl\\\/wp-content\\\/uploads\\\/2025\\\/05\\\/prof_obszar-roboczy-1-kopia-scaled.png\",\"contentUrl\":\"https:\\\/\\\/3dgdc.pl\\\/wp-content\\\/uploads\\\/2025\\\/05\\\/prof_obszar-roboczy-1-kopia-scaled.png\",\"width\":2560,\"height\":2560,\"caption\":\"3D GlowDrive Creations\"},\"image\":{\"@id\":\"https:\\\/\\\/3dgdc.pl\\\/#\\\/schema\\\/logo\\\/image\\\/\"},\"sameAs\":[\"https:\\\/\\\/www.facebook.com\\\/profile.php?id=61565630297137&locale=pl_PL\",\"https:\\\/\\\/www.instagram.com\\\/3dglowdrivecreations\\\/\",\"https:\\\/\\\/www.tiktok.com\\\/@ledtruckbudges\"],\"description\":\"Jeste\u015bmy dynamiczn\u0105 firm\u0105 specjalizuj\u0105c\u0105 si\u0119 w tworzeniu wysokiej jako\u015bci akcesori\u00f3w LED do samochod\u00f3w ci\u0119\u017carowych. Nasza oferta obejmuje innowacyjne produkty, takie jak LED-owe emblematy, pod\u015bwietlane litery oraz spersonalizowane gad\u017cety reklamowe. Wszystkie nasze produkty cechuj\u0105 si\u0119 nowoczesnym designem, trwa\u0142o\u015bci\u0105 oraz dba\u0142o\u015bci\u0105 o bezpiecze\u0144stwo u\u017cytkowania. Dzi\u0119ki pasji i zaanga\u017cowaniu zapewniamy klientom wyj\u0105tkowe rozwi\u0105zania, kt\u00f3re podkre\u015blaj\u0105 indywidualny styl ich pojazd\u00f3w.\",\"email\":\"3dglowdrivecreations@gmail.com\",\"telephone\":\"725038684\",\"legalName\":\"3D GlowDrive Creations\",\"foundingDate\":\"2024-05-02\",\"vatID\":\"5783170027\",\"taxID\":\"5783170027\",\"numberOfEmployees\":{\"@type\":\"QuantitativeValue\",\"minValue\":\"1\",\"maxValue\":\"10\"},\"hasMerchantReturnPolicy\":{\"@type\":\"MerchantReturnPolicy\",\"merchantReturnLink\":\"https:\\\/\\\/3dgdc.pl\\\/es\\\/polityka-zwrotow\\\/\"}}]}<\/script>\n<meta property=\"og:availability\" content=\"instock\" \/>\n<meta property=\"product:availability\" content=\"instock\" \/>\n<meta property=\"product:retailer_item_id\" content=\"LOG-BRA\" \/>\n<meta property=\"product:condition\" content=\"new\" \/>\n<!-- \/ Yoast SEO Premium plugin. -->","yoast_head_json":{"title":"Logotipo LED de Brabus, emblema iluminado en el cap\u00f3 (parrilla)","description":"Hoy en d\u00eda, la personalizaci\u00f3n es est\u00e1ndar, no un capricho. El logotipo de Brabus iluminado por LED no es solo decorativo: es una declaraci\u00f3n de individualidad.","robots":{"index":"index","follow":"follow","max-snippet":"max-snippet:-1","max-image-preview":"max-image-preview:large","max-video-preview":"max-video-preview:-1"},"canonical":"https:\/\/3dgdc.pl\/es\/producto\/logotipo-led-de-brabus\/","og_locale":"es_ES","og_type":"article","og_title":"Tabliczki LED TIR | Personalizacja Twojej Ci\u0119\u017car\u00f3wki","og_description":"Pod\u015bwietlane emblematy | Tabliczki naro\u017cnikowe LED | Uszy pod lusterka | O\u015bwietlenie kabiny | O\u015bwietlenie kabiny | Obrys\u00f3wki LED","og_url":"https:\/\/3dgdc.pl\/es\/producto\/logotipo-led-de-brabus\/","og_site_name":"3D GlowDrive Creations | Pod\u015bwietlane Emblematy LED","article_publisher":"https:\/\/www.facebook.com\/profile.php?id=61565630297137&locale=pl_PL","article_modified_time":"2025-10-24T20:57:57+00:00","og_image":[{"width":1440,"height":1440,"url":"https:\/\/3dgdc.pl\/wp-content\/uploads\/2025\/04\/brabus_white-2.png","type":"image\/png"}],"twitter_card":"summary_large_image","twitter_misc":{"Disponibilidad":"Disponible"},"schema":{"@context":"https:\/\/schema.org","@graph":[{"@type":"WebPage","@id":"https:\/\/3dgdc.pl\/produkt\/logo-led-brabus\/","url":"https:\/\/3dgdc.pl\/produkt\/logo-led-brabus\/","name":"Logotipo LED de Brabus, emblema iluminado en el cap\u00f3 (parrilla)","isPartOf":{"@id":"https:\/\/3dgdc.pl\/#website"},"primaryImageOfPage":{"@id":"https:\/\/3dgdc.pl\/produkt\/logo-led-brabus\/#primaryimage"},"image":{"@id":"https:\/\/3dgdc.pl\/produkt\/logo-led-brabus\/#primaryimage"},"thumbnailUrl":"https:\/\/3dgdc.pl\/wp-content\/uploads\/2025\/04\/brabus_white-2.png","datePublished":"2024-11-02T13:33:00+00:00","dateModified":"2025-10-24T20:57:57+00:00","description":"Hoy en d\u00eda, la personalizaci\u00f3n es est\u00e1ndar, no un capricho. El logotipo de Brabus iluminado por LED no es solo decorativo: es una declaraci\u00f3n de individualidad.","breadcrumb":{"@id":"https:\/\/3dgdc.pl\/produkt\/logo-led-brabus\/#breadcrumb"},"inLanguage":"es","potentialAction":[{"@type":"ReadAction","target":["https:\/\/3dgdc.pl\/produkt\/logo-led-brabus\/"]}]},{"@type":"ImageObject","inLanguage":"es","@id":"https:\/\/3dgdc.pl\/produkt\/logo-led-brabus\/#primaryimage","url":"https:\/\/3dgdc.pl\/wp-content\/uploads\/2025\/04\/brabus_white-2.png","contentUrl":"https:\/\/3dgdc.pl\/wp-content\/uploads\/2025\/04\/brabus_white-2.png","width":1440,"height":1440,"caption":"brabus logo led"},{"@type":"BreadcrumbList","@id":"https:\/\/3dgdc.pl\/produkt\/logo-led-brabus\/#breadcrumb","itemListElement":[{"@type":"ListItem","position":1,"name":"Strona g\u0142\u00f3wna","item":"https:\/\/3dgdc.pl\/de\/"},{"@type":"ListItem","position":2,"name":"Sklep","item":"https:\/\/3dgdc.pl\/de\/led-zubehor-lkw-kennzeichen-beleuchtete-beschriftungen\/"},{"@type":"ListItem","position":3,"name":"Pod\u015bwietlane Emblematy","item":"https:\/\/3dgdc.pl\/de\/kategoria-produktu\/podswietlane-napisy\/"},{"@type":"ListItem","position":4,"name":"Ci\u0105gniki Siod\u0142owe","item":"https:\/\/3dgdc.pl\/kategoria-produktu\/podswietlane-napisy\/ciagniki-siodlowe\/"},{"@type":"ListItem","position":5,"name":"Pod\u015bwietlane logo &#8211; Brabus"}]},{"@type":"WebSite","@id":"https:\/\/3dgdc.pl\/#website","url":"https:\/\/3dgdc.pl\/","name":"https:\/\/3dgdc.pl\/","description":"Emblemas y accesorios LED iluminados para tractores y camiones agr\u00edcolas","publisher":{"@id":"https:\/\/3dgdc.pl\/#organization"},"potentialAction":[{"@type":"SearchAction","target":{"@type":"EntryPoint","urlTemplate":"https:\/\/3dgdc.pl\/?s={search_term_string}"},"query-input":{"@type":"PropertyValueSpecification","valueRequired":true,"valueName":"search_term_string"}}],"inLanguage":"es"},{"@type":"Organization","@id":"https:\/\/3dgdc.pl\/#organization","name":"Creaciones 3D GlowDrive","alternateName":"Gadzety LED Do Aut Ci\u0119\u017carowych","url":"https:\/\/3dgdc.pl\/","logo":{"@type":"ImageObject","inLanguage":"es","@id":"https:\/\/3dgdc.pl\/#\/schema\/logo\/image\/","url":"https:\/\/3dgdc.pl\/wp-content\/uploads\/2025\/05\/prof_obszar-roboczy-1-kopia-scaled.png","contentUrl":"https:\/\/3dgdc.pl\/wp-content\/uploads\/2025\/05\/prof_obszar-roboczy-1-kopia-scaled.png","width":2560,"height":2560,"caption":"3D GlowDrive Creations"},"image":{"@id":"https:\/\/3dgdc.pl\/#\/schema\/logo\/image\/"},"sameAs":["https:\/\/www.facebook.com\/profile.php?id=61565630297137&locale=pl_PL","https:\/\/www.instagram.com\/3dglowdrivecreations\/","https:\/\/www.tiktok.com\/@ledtruckbudges"],"description":"Somos una empresa din\u00e1mica especializada en la creaci\u00f3n de accesorios LED de alta calidad para camiones. Ofrecemos productos innovadores como emblemas LED, letras iluminadas y art\u00edculos promocionales personalizados. Todos nuestros productos se caracterizan por su dise\u00f1o moderno, durabilidad y seguridad. Con pasi\u00f3n y compromiso, ofrecemos a nuestros clientes soluciones \u00fanicas que realzan el estilo individual de sus veh\u00edculos.","email":"3dglowdrivecreations@gmail.com","telephone":"725038684","legalName":"3D GlowDrive Creations","foundingDate":"2024-05-02","vatID":"5783170027","taxID":"5783170027","numberOfEmployees":{"@type":"QuantitativeValue","minValue":"1","maxValue":"10"},"hasMerchantReturnPolicy":{"@type":"MerchantReturnPolicy","merchantReturnLink":"https:\/\/3dgdc.pl\/es\/polityka-zwrotow\/"}}]},"og_availability":"instock","product_availability":"instock","product_retailer_item_id":"LOG-BRA","product_condition":"new"},"_links":{"self":[{"href":"https:\/\/3dgdc.pl\/es\/wp-json\/wp\/v2\/product\/12376","targetHints":{"allow":["GET"]}}],"collection":[{"href":"https:\/\/3dgdc.pl\/es\/wp-json\/wp\/v2\/product"}],"about":[{"href":"https:\/\/3dgdc.pl\/es\/wp-json\/wp\/v2\/types\/product"}],"version-history":[{"count":5,"href":"https:\/\/3dgdc.pl\/es\/wp-json\/wp\/v2\/product\/12376\/revisions"}],"predecessor-version":[{"id":276733,"href":"https:\/\/3dgdc.pl\/es\/wp-json\/wp\/v2\/product\/12376\/revisions\/276733"}],"wp:featuredmedia":[{"embeddable":true,"href":"https:\/\/3dgdc.pl\/es\/wp-json\/wp\/v2\/media\/269246"}],"wp:attachment":[{"href":"https:\/\/3dgdc.pl\/es\/wp-json\/wp\/v2\/media?parent=12376"}],"wp:term":[{"taxonomy":"product_brand","embeddable":true,"href":"https:\/\/3dgdc.pl\/es\/wp-json\/wp\/v2\/product_brand?post=12376"},{"taxonomy":"product_cat","embeddable":true,"href":"https:\/\/3dgdc.pl\/es\/wp-json\/wp\/v2\/product_cat?post=12376"},{"taxonomy":"product_tag","embeddable":true,"href":"https:\/\/3dgdc.pl\/es\/wp-json\/wp\/v2\/product_tag?post=12376"}],"curies":[{"name":"gracias","href":"https:\/\/api.w.org\/{rel}","templated":true}]}}