{"id":12374,"date":"2024-11-02T14:32:52","date_gmt":"2024-11-02T13:32:52","guid":{"rendered":"https:\/\/3dgdc.pl\/?post_type=product&#038;p=12374"},"modified":"2025-10-24T22:57:57","modified_gmt":"2025-10-24T20:57:57","slug":"letras-volvo-iluminadas","status":"publish","type":"product","link":"https:\/\/3dgdc.pl\/es\/produkt\/podswietlany-napis-volvo\/","title":{"rendered":"Letras iluminadas \u2013 Volvo"},"content":{"rendered":"<h2 data-start=\"189\" data-end=\"552\"><span style=\"color: #004570;\">La inscripci\u00f3n iluminada de Volvo es un elemento decorativo \u00fanico creado especialmente para camiones.<\/span><\/h2>\n<p data-start=\"189\" data-end=\"552\">Le dar\u00e1 a su veh\u00edculo un aspecto moderno y elegante que destacar\u00e1 en la carretera y realzar\u00e1 su estilo \u00fanico. Adem\u00e1s, este atractivo accesorio es una soluci\u00f3n pr\u00e1ctica que funciona bien en diversas condiciones clim\u00e1ticas.<\/p>\n<h2 data-start=\"554\" data-end=\"981\"><span style=\"color: #004570;\"><strong>Nuestro cartel iluminado de VOLVO<\/strong> Fabricado con materiales de primera calidad, lo que garantiza su durabilidad y fiabilidad.<\/span><\/h2>\n<p data-start=\"554\" data-end=\"981\">Adem\u00e1s, su instalaci\u00f3n es excepcionalmente sencilla y r\u00e1pida. Esto lo convierte en el producto ideal tanto para profesionales como para aficionados que modifican sus veh\u00edculos ellos mismos. El dise\u00f1o del emblema incluye tornillos M4, lo que permite una fijaci\u00f3n estable y segura de las letras al cap\u00f3 del cami\u00f3n.<\/p>\n<p data-start=\"983\" data-end=\"1323\">Durante la instalaci\u00f3n, se deben perforar orificios en el cap\u00f3 del veh\u00edculo para pasar los cables de alimentaci\u00f3n. Los m\u00f3dulos LED integrados con clasificaci\u00f3n IP68 garantizan la protecci\u00f3n contra el agua, el polvo y otros agentes externos. Esto garantiza que el emblema conserve su funcionalidad y est\u00e9tica durante mucho tiempo, independientemente de las condiciones de uso.<\/p>\n<h3 data-start=\"1325\" data-end=\"1682\"><span style=\"color: #004570;\">La inscripci\u00f3n es para voltaje de 24 V.<\/span><\/h3>\n<p data-start=\"1325\" data-end=\"1682\">Esto lo hace ideal para los sistemas de alimentaci\u00f3n de camiones. Es importante destacar que la avanzada tecnolog\u00eda LED garantiza una iluminaci\u00f3n uniforme que no solo es energ\u00e9ticamente eficiente, sino tambi\u00e9n excepcionalmente duradera. El producto ha sido dise\u00f1ado con un estilo moderno, complementando a la perfecci\u00f3n una variedad de modelos de veh\u00edculos.<\/p>\n<p data-start=\"1684\" data-end=\"1993\"><span style=\"color: #004570;\">Al elegir las letras VOLVO iluminadas, invierte en calidad que satisfar\u00e1 las expectativas incluso de los usuarios m\u00e1s exigentes. Su veh\u00edculo ser\u00e1 m\u00e1s visible en la carretera y adquirir\u00e1 una imagen \u00fanica. Es la soluci\u00f3n perfecta para quienes valoran estilo, durabilidad y practicidad en un solo producto.<\/span><\/p>\n<blockquote class=\"wp-embedded-content\" data-secret=\"sdmeW3l9og\"><p><a href=\"https:\/\/3dgdc.pl\/produkt\/napis-scania\/\">Inscripci\u00f3n iluminada \u2013 Scania<\/a><\/p><\/blockquote>\n<p><iframe loading=\"lazy\" class=\"wp-embedded-content\" sandbox=\"allow-scripts\" security=\"restricted\" style=\"position: absolute; visibility: hidden;\" title=\"Letras iluminadas \u2013 Scania - 3D GlowDrive Creations | Emblemas iluminados con LED\" src=\"https:\/\/3dgdc.pl\/produkt\/napis-scania\/embed\/#?secret=NyPtR64giE#?secret=sdmeW3l9og\" data-secret=\"sdmeW3l9og\" width=\"600\" height=\"338\" frameborder=\"0\" marginwidth=\"0\" marginheight=\"0\" scrolling=\"no\"><\/iframe><\/p>\n<blockquote class=\"wp-embedded-content\" data-secret=\"Y1OiFrE981\"><p><a href=\"https:\/\/3dgdc.pl\/produkt\/logo-led-volvo\/\">Logotipo iluminado de Volvo<\/a><\/p><\/blockquote>\n<p><iframe loading=\"lazy\" class=\"wp-embedded-content\" sandbox=\"allow-scripts\" security=\"restricted\" style=\"position: absolute; visibility: hidden;\" title=\"Logotipo iluminado de Volvo - Creaciones 3D GlowDrive | Emblemas iluminados con LED\" src=\"https:\/\/3dgdc.pl\/produkt\/logo-led-volvo\/embed\/#?secret=6YE8T0zPsf#?secret=Y1OiFrE981\" data-secret=\"Y1OiFrE981\" width=\"600\" height=\"338\" frameborder=\"0\" marginwidth=\"0\" marginheight=\"0\" scrolling=\"no\"><\/iframe><\/p>\n<p>&nbsp;<\/p>\n<blockquote class=\"wp-embedded-content\" data-secret=\"0YwfKdsQg2\"><p><a href=\"https:\/\/3dgdc.pl\/produkt\/logo-led-super\/\">Letrero luminoso \u2013 Super<\/a><\/p><\/blockquote>\n<p><iframe loading=\"lazy\" class=\"wp-embedded-content\" sandbox=\"allow-scripts\" security=\"restricted\" style=\"position: absolute; visibility: hidden;\" title=\"Letrero luminoso - Super - Creaciones 3D GlowDrive | Emblemas iluminados con LED\" src=\"https:\/\/3dgdc.pl\/produkt\/logo-led-super\/embed\/#?secret=Fe3ec92Fum#?secret=0YwfKdsQg2\" data-secret=\"0YwfKdsQg2\" width=\"600\" height=\"338\" frameborder=\"0\" marginwidth=\"0\" marginheight=\"0\" scrolling=\"no\"><\/iframe><\/p>\n<blockquote class=\"wp-embedded-content\" data-secret=\"VI0406wEpA\"><p><a href=\"https:\/\/3dgdc.pl\/produkt\/obrysowka-led-volvo-2\/\">Luz de posici\u00f3n LED \u2013 Volvo 2 uds.<\/a><\/p><\/blockquote>\n<p><iframe loading=\"lazy\" class=\"wp-embedded-content\" sandbox=\"allow-scripts\" security=\"restricted\" style=\"position: absolute; visibility: hidden;\" title=\"Luz de posici\u00f3n LED - Volvo 2 piezas - 3D GlowDrive Creations | Emblemas LED iluminados\" src=\"https:\/\/3dgdc.pl\/produkt\/obrysowka-led-volvo-2\/embed\/#?secret=AvAoQOBEcz#?secret=VI0406wEpA\" data-secret=\"VI0406wEpA\" width=\"600\" height=\"338\" frameborder=\"0\" marginwidth=\"0\" marginheight=\"0\" scrolling=\"no\"><\/iframe><\/p>","protected":false},"excerpt":{"rendered":"<h3><strong style=\"color: #004570; font-size: 16px;\">Especificaciones t\u00e9cnicas:<\/strong><\/h3>\n<div class=\"product-short-description\">\n<ul>\n<li><span style=\"color: #000000;\"><strong>Dimensi\u00f3n: <\/strong>100 cm x 14 cm<\/span><\/li>\n<li><strong>Instalaci\u00f3n:<\/strong> Tornillos M4 + plantilla de perforaci\u00f3n<\/li>\n<li><span style=\"color: #000000;\"><strong>Material:<\/strong>\u00a0abdominales<\/span><\/li>\n<li><span style=\"color: #000000;\"><strong>Fuente de alimentaci\u00f3n:<\/strong> 24 V<\/span><\/li>\n<\/ul>\n<p><span style=\"color: #004570;\"><strong>El tiempo de entrega:<\/strong><\/span> 1\u20133 d\u00edas h\u00e1biles<\/p>\n<\/div>\n<h6 style=\"text-align: center;\"><\/h6>","protected":false},"featured_media":269242,"template":"","meta":{"_acf_changed":false},"product_brand":[681],"product_cat":[643,299],"product_tag":[570,331,384,385,561],"class_list":{"0":"post-12374","1":"product","2":"type-product","3":"status-publish","4":"has-post-thumbnail","6":"product_brand-3d-glowdrive-creations","7":"product_cat-ciagniki-siodlowe","8":"product_cat-podswietlane-napisy","9":"product_tag-podswietlany-napis-volvo","10":"product_tag-volvo","11":"product_tag-volvo-led","12":"product_tag-volvo-napis-led","13":"product_tag-znaczek-volvo","14":"pa_kolor-led-bialy-zimny","15":"pa_kolor-led-pomaranczowy","17":"first","18":"instock","19":"taxable","20":"shipping-taxable","21":"purchasable","22":"product-type-variable"},"acf":[],"yoast_head":"<!-- This site is optimized with the Yoast SEO Premium plugin v27.3 (Yoast SEO v27.3) - https:\/\/yoast.com\/product\/yoast-seo-premium-wordpress\/ -->\n<title>Pod\u015bwietlany napis Volvo, logo LED<\/title>\n<meta name=\"description\" content=\"Pod\u015bwietlany napis Volvo LED na atrap\u0119 maski samochodu ci\u0119\u017carowego to wyj\u0105tkowy element, kt\u00f3ry nada Twojemu pojazdowi niepowtarzalny, nowoczesny wygl\u0105d.\" \/>\n<meta name=\"robots\" content=\"index, follow, max-snippet:-1, max-image-preview:large, max-video-preview:-1\" \/>\n<link rel=\"canonical\" href=\"https:\/\/3dgdc.pl\/es\/producto\/letras-volvo-iluminadas\/\" \/>\n<meta property=\"og:locale\" content=\"es_ES\" \/>\n<meta property=\"og:type\" content=\"article\" \/>\n<meta property=\"og:title\" content=\"Tabliczki LED TIR | Personalizacja Twojej Ci\u0119\u017car\u00f3wki\" \/>\n<meta property=\"og:description\" content=\"Pod\u015bwietlane emblematy | Tabliczki naro\u017cnikowe LED | Uszy pod lusterka | O\u015bwietlenie kabiny | O\u015bwietlenie kabiny | Obrys\u00f3wki LED\" \/>\n<meta property=\"og:url\" content=\"https:\/\/3dgdc.pl\/es\/producto\/letras-volvo-iluminadas\/\" \/>\n<meta property=\"og:site_name\" content=\"3D GlowDrive Creations | Pod\u015bwietlane Emblematy LED\" \/>\n<meta property=\"article:publisher\" content=\"https:\/\/www.facebook.com\/profile.php?id=61565630297137&amp;locale=pl_PL\" \/>\n<meta property=\"article:modified_time\" content=\"2025-10-24T20:57:57+00:00\" \/>\n<meta property=\"og:image\" content=\"https:\/\/3dgdc.pl\/wp-content\/uploads\/2025\/04\/1-25.jpg\" \/>\n\t<meta property=\"og:image:width\" content=\"900\" \/>\n\t<meta property=\"og:image:height\" content=\"900\" \/>\n\t<meta property=\"og:image:type\" content=\"image\/jpeg\" \/>\n<meta name=\"twitter:card\" content=\"summary_large_image\" \/>\n<meta name=\"twitter:label1\" content=\"Disponibilidad\" \/>\n\t<meta name=\"twitter:data1\" content=\"Disponible\" \/>\n<script type=\"application\/ld+json\" class=\"yoast-schema-graph\">{\"@context\":\"https:\\\/\\\/schema.org\",\"@graph\":[{\"@type\":\"WebPage\",\"@id\":\"https:\\\/\\\/3dgdc.pl\\\/produkt\\\/podswietlany-napis-volvo\\\/\",\"url\":\"https:\\\/\\\/3dgdc.pl\\\/produkt\\\/podswietlany-napis-volvo\\\/\",\"name\":\"Pod\u015bwietlany napis Volvo, logo LED\",\"isPartOf\":{\"@id\":\"https:\\\/\\\/3dgdc.pl\\\/#website\"},\"primaryImageOfPage\":{\"@id\":\"https:\\\/\\\/3dgdc.pl\\\/produkt\\\/podswietlany-napis-volvo\\\/#primaryimage\"},\"image\":{\"@id\":\"https:\\\/\\\/3dgdc.pl\\\/produkt\\\/podswietlany-napis-volvo\\\/#primaryimage\"},\"thumbnailUrl\":\"https:\\\/\\\/3dgdc.pl\\\/wp-content\\\/uploads\\\/2025\\\/04\\\/1-25.jpg\",\"datePublished\":\"2024-11-02T13:32:52+00:00\",\"dateModified\":\"2025-10-24T20:57:57+00:00\",\"description\":\"Pod\u015bwietlany napis Volvo LED na atrap\u0119 maski samochodu ci\u0119\u017carowego to wyj\u0105tkowy element, kt\u00f3ry nada Twojemu pojazdowi niepowtarzalny, nowoczesny wygl\u0105d.\",\"breadcrumb\":{\"@id\":\"https:\\\/\\\/3dgdc.pl\\\/produkt\\\/podswietlany-napis-volvo\\\/#breadcrumb\"},\"inLanguage\":\"es\",\"potentialAction\":[{\"@type\":\"ReadAction\",\"target\":[\"https:\\\/\\\/3dgdc.pl\\\/produkt\\\/podswietlany-napis-volvo\\\/\"]}]},{\"@type\":\"ImageObject\",\"inLanguage\":\"es\",\"@id\":\"https:\\\/\\\/3dgdc.pl\\\/produkt\\\/podswietlany-napis-volvo\\\/#primaryimage\",\"url\":\"https:\\\/\\\/3dgdc.pl\\\/wp-content\\\/uploads\\\/2025\\\/04\\\/1-25.jpg\",\"contentUrl\":\"https:\\\/\\\/3dgdc.pl\\\/wp-content\\\/uploads\\\/2025\\\/04\\\/1-25.jpg\",\"width\":900,\"height\":900,\"caption\":\"volvo napis led tir\"},{\"@type\":\"BreadcrumbList\",\"@id\":\"https:\\\/\\\/3dgdc.pl\\\/produkt\\\/podswietlany-napis-volvo\\\/#breadcrumb\",\"itemListElement\":[{\"@type\":\"ListItem\",\"position\":1,\"name\":\"Strona g\u0142\u00f3wna\",\"item\":\"https:\\\/\\\/3dgdc.pl\\\/de\\\/\"},{\"@type\":\"ListItem\",\"position\":2,\"name\":\"Sklep\",\"item\":\"https:\\\/\\\/3dgdc.pl\\\/de\\\/led-zubehor-lkw-kennzeichen-beleuchtete-beschriftungen\\\/\"},{\"@type\":\"ListItem\",\"position\":3,\"name\":\"Pod\u015bwietlane Emblematy\",\"item\":\"https:\\\/\\\/3dgdc.pl\\\/de\\\/kategoria-produktu\\\/podswietlane-napisy\\\/\"},{\"@type\":\"ListItem\",\"position\":4,\"name\":\"Ci\u0105gniki Siod\u0142owe\",\"item\":\"https:\\\/\\\/3dgdc.pl\\\/kategoria-produktu\\\/podswietlane-napisy\\\/ciagniki-siodlowe\\\/\"},{\"@type\":\"ListItem\",\"position\":5,\"name\":\"Pod\u015bwietlany napis &#8211; Volvo\"}]},{\"@type\":\"WebSite\",\"@id\":\"https:\\\/\\\/3dgdc.pl\\\/#website\",\"url\":\"https:\\\/\\\/3dgdc.pl\\\/\",\"name\":\"https:\\\/\\\/3dgdc.pl\\\/\",\"description\":\"Pod\u015bwietlane Emblematy i Akcesoria LED do Ci\u0105gnik\u00f3w Siod\u0142owych i Rolniczych\",\"publisher\":{\"@id\":\"https:\\\/\\\/3dgdc.pl\\\/#organization\"},\"potentialAction\":[{\"@type\":\"SearchAction\",\"target\":{\"@type\":\"EntryPoint\",\"urlTemplate\":\"https:\\\/\\\/3dgdc.pl\\\/?s={search_term_string}\"},\"query-input\":{\"@type\":\"PropertyValueSpecification\",\"valueRequired\":true,\"valueName\":\"search_term_string\"}}],\"inLanguage\":\"es\"},{\"@type\":\"Organization\",\"@id\":\"https:\\\/\\\/3dgdc.pl\\\/#organization\",\"name\":\"3D GlowDrive Creations\",\"alternateName\":\"Gadzety LED Do Aut Ci\u0119\u017carowych\",\"url\":\"https:\\\/\\\/3dgdc.pl\\\/\",\"logo\":{\"@type\":\"ImageObject\",\"inLanguage\":\"es\",\"@id\":\"https:\\\/\\\/3dgdc.pl\\\/#\\\/schema\\\/logo\\\/image\\\/\",\"url\":\"https:\\\/\\\/3dgdc.pl\\\/wp-content\\\/uploads\\\/2025\\\/05\\\/prof_obszar-roboczy-1-kopia-scaled.png\",\"contentUrl\":\"https:\\\/\\\/3dgdc.pl\\\/wp-content\\\/uploads\\\/2025\\\/05\\\/prof_obszar-roboczy-1-kopia-scaled.png\",\"width\":2560,\"height\":2560,\"caption\":\"3D GlowDrive Creations\"},\"image\":{\"@id\":\"https:\\\/\\\/3dgdc.pl\\\/#\\\/schema\\\/logo\\\/image\\\/\"},\"sameAs\":[\"https:\\\/\\\/www.facebook.com\\\/profile.php?id=61565630297137&locale=pl_PL\",\"https:\\\/\\\/www.instagram.com\\\/3dglowdrivecreations\\\/\",\"https:\\\/\\\/www.tiktok.com\\\/@ledtruckbudges\"],\"description\":\"Jeste\u015bmy dynamiczn\u0105 firm\u0105 specjalizuj\u0105c\u0105 si\u0119 w tworzeniu wysokiej jako\u015bci akcesori\u00f3w LED do samochod\u00f3w ci\u0119\u017carowych. Nasza oferta obejmuje innowacyjne produkty, takie jak LED-owe emblematy, pod\u015bwietlane litery oraz spersonalizowane gad\u017cety reklamowe. Wszystkie nasze produkty cechuj\u0105 si\u0119 nowoczesnym designem, trwa\u0142o\u015bci\u0105 oraz dba\u0142o\u015bci\u0105 o bezpiecze\u0144stwo u\u017cytkowania. Dzi\u0119ki pasji i zaanga\u017cowaniu zapewniamy klientom wyj\u0105tkowe rozwi\u0105zania, kt\u00f3re podkre\u015blaj\u0105 indywidualny styl ich pojazd\u00f3w.\",\"email\":\"3dglowdrivecreations@gmail.com\",\"telephone\":\"725038684\",\"legalName\":\"3D GlowDrive Creations\",\"foundingDate\":\"2024-05-02\",\"vatID\":\"5783170027\",\"taxID\":\"5783170027\",\"numberOfEmployees\":{\"@type\":\"QuantitativeValue\",\"minValue\":\"1\",\"maxValue\":\"10\"},\"hasMerchantReturnPolicy\":{\"@type\":\"MerchantReturnPolicy\",\"merchantReturnLink\":\"https:\\\/\\\/3dgdc.pl\\\/es\\\/polityka-zwrotow\\\/\"}}]}<\/script>\n<meta property=\"og:availability\" content=\"instock\" \/>\n<meta property=\"product:availability\" content=\"instock\" \/>\n<meta property=\"product:retailer_item_id\" content=\"NAP-VOL\" \/>\n<meta property=\"product:condition\" content=\"new\" \/>\n<!-- \/ Yoast SEO Premium plugin. -->","yoast_head_json":{"title":"Letras Volvo iluminadas, logotipo LED","description":"Las letras LED iluminadas de Volvo para la rejilla del cap\u00f3 del cami\u00f3n son un elemento \u00fanico que le dar\u00e1 a su veh\u00edculo un aspecto \u00fanico y moderno.","robots":{"index":"index","follow":"follow","max-snippet":"max-snippet:-1","max-image-preview":"max-image-preview:large","max-video-preview":"max-video-preview:-1"},"canonical":"https:\/\/3dgdc.pl\/es\/producto\/letras-volvo-iluminadas\/","og_locale":"es_ES","og_type":"article","og_title":"Tabliczki LED TIR | Personalizacja Twojej Ci\u0119\u017car\u00f3wki","og_description":"Pod\u015bwietlane emblematy | Tabliczki naro\u017cnikowe LED | Uszy pod lusterka | O\u015bwietlenie kabiny | O\u015bwietlenie kabiny | Obrys\u00f3wki LED","og_url":"https:\/\/3dgdc.pl\/es\/producto\/letras-volvo-iluminadas\/","og_site_name":"3D GlowDrive Creations | Pod\u015bwietlane Emblematy LED","article_publisher":"https:\/\/www.facebook.com\/profile.php?id=61565630297137&locale=pl_PL","article_modified_time":"2025-10-24T20:57:57+00:00","og_image":[{"width":900,"height":900,"url":"https:\/\/3dgdc.pl\/wp-content\/uploads\/2025\/04\/1-25.jpg","type":"image\/jpeg"}],"twitter_card":"summary_large_image","twitter_misc":{"Disponibilidad":"Disponible"},"schema":{"@context":"https:\/\/schema.org","@graph":[{"@type":"WebPage","@id":"https:\/\/3dgdc.pl\/produkt\/podswietlany-napis-volvo\/","url":"https:\/\/3dgdc.pl\/produkt\/podswietlany-napis-volvo\/","name":"Letras Volvo iluminadas, logotipo LED","isPartOf":{"@id":"https:\/\/3dgdc.pl\/#website"},"primaryImageOfPage":{"@id":"https:\/\/3dgdc.pl\/produkt\/podswietlany-napis-volvo\/#primaryimage"},"image":{"@id":"https:\/\/3dgdc.pl\/produkt\/podswietlany-napis-volvo\/#primaryimage"},"thumbnailUrl":"https:\/\/3dgdc.pl\/wp-content\/uploads\/2025\/04\/1-25.jpg","datePublished":"2024-11-02T13:32:52+00:00","dateModified":"2025-10-24T20:57:57+00:00","description":"Las letras LED iluminadas de Volvo para la rejilla del cap\u00f3 del cami\u00f3n son un elemento \u00fanico que le dar\u00e1 a su veh\u00edculo un aspecto \u00fanico y moderno.","breadcrumb":{"@id":"https:\/\/3dgdc.pl\/produkt\/podswietlany-napis-volvo\/#breadcrumb"},"inLanguage":"es","potentialAction":[{"@type":"ReadAction","target":["https:\/\/3dgdc.pl\/produkt\/podswietlany-napis-volvo\/"]}]},{"@type":"ImageObject","inLanguage":"es","@id":"https:\/\/3dgdc.pl\/produkt\/podswietlany-napis-volvo\/#primaryimage","url":"https:\/\/3dgdc.pl\/wp-content\/uploads\/2025\/04\/1-25.jpg","contentUrl":"https:\/\/3dgdc.pl\/wp-content\/uploads\/2025\/04\/1-25.jpg","width":900,"height":900,"caption":"volvo napis led tir"},{"@type":"BreadcrumbList","@id":"https:\/\/3dgdc.pl\/produkt\/podswietlany-napis-volvo\/#breadcrumb","itemListElement":[{"@type":"ListItem","position":1,"name":"Strona g\u0142\u00f3wna","item":"https:\/\/3dgdc.pl\/de\/"},{"@type":"ListItem","position":2,"name":"Sklep","item":"https:\/\/3dgdc.pl\/de\/led-zubehor-lkw-kennzeichen-beleuchtete-beschriftungen\/"},{"@type":"ListItem","position":3,"name":"Pod\u015bwietlane Emblematy","item":"https:\/\/3dgdc.pl\/de\/kategoria-produktu\/podswietlane-napisy\/"},{"@type":"ListItem","position":4,"name":"Ci\u0105gniki Siod\u0142owe","item":"https:\/\/3dgdc.pl\/kategoria-produktu\/podswietlane-napisy\/ciagniki-siodlowe\/"},{"@type":"ListItem","position":5,"name":"Pod\u015bwietlany napis &#8211; Volvo"}]},{"@type":"WebSite","@id":"https:\/\/3dgdc.pl\/#website","url":"https:\/\/3dgdc.pl\/","name":"https:\/\/3dgdc.pl\/","description":"Emblemas y accesorios LED iluminados para tractores y camiones agr\u00edcolas","publisher":{"@id":"https:\/\/3dgdc.pl\/#organization"},"potentialAction":[{"@type":"SearchAction","target":{"@type":"EntryPoint","urlTemplate":"https:\/\/3dgdc.pl\/?s={search_term_string}"},"query-input":{"@type":"PropertyValueSpecification","valueRequired":true,"valueName":"search_term_string"}}],"inLanguage":"es"},{"@type":"Organization","@id":"https:\/\/3dgdc.pl\/#organization","name":"Creaciones 3D GlowDrive","alternateName":"Gadzety LED Do Aut Ci\u0119\u017carowych","url":"https:\/\/3dgdc.pl\/","logo":{"@type":"ImageObject","inLanguage":"es","@id":"https:\/\/3dgdc.pl\/#\/schema\/logo\/image\/","url":"https:\/\/3dgdc.pl\/wp-content\/uploads\/2025\/05\/prof_obszar-roboczy-1-kopia-scaled.png","contentUrl":"https:\/\/3dgdc.pl\/wp-content\/uploads\/2025\/05\/prof_obszar-roboczy-1-kopia-scaled.png","width":2560,"height":2560,"caption":"3D GlowDrive Creations"},"image":{"@id":"https:\/\/3dgdc.pl\/#\/schema\/logo\/image\/"},"sameAs":["https:\/\/www.facebook.com\/profile.php?id=61565630297137&locale=pl_PL","https:\/\/www.instagram.com\/3dglowdrivecreations\/","https:\/\/www.tiktok.com\/@ledtruckbudges"],"description":"Somos una empresa din\u00e1mica especializada en la creaci\u00f3n de accesorios LED de alta calidad para camiones. Ofrecemos productos innovadores como emblemas LED, letras iluminadas y art\u00edculos promocionales personalizados. Todos nuestros productos se caracterizan por su dise\u00f1o moderno, durabilidad y seguridad. Con pasi\u00f3n y compromiso, ofrecemos a nuestros clientes soluciones \u00fanicas que realzan el estilo individual de sus veh\u00edculos.","email":"3dglowdrivecreations@gmail.com","telephone":"725038684","legalName":"3D GlowDrive Creations","foundingDate":"2024-05-02","vatID":"5783170027","taxID":"5783170027","numberOfEmployees":{"@type":"QuantitativeValue","minValue":"1","maxValue":"10"},"hasMerchantReturnPolicy":{"@type":"MerchantReturnPolicy","merchantReturnLink":"https:\/\/3dgdc.pl\/es\/polityka-zwrotow\/"}}]},"og_availability":"instock","product_availability":"instock","product_retailer_item_id":"NAP-VOL","product_condition":"new"},"_links":{"self":[{"href":"https:\/\/3dgdc.pl\/es\/wp-json\/wp\/v2\/product\/12374","targetHints":{"allow":["GET"]}}],"collection":[{"href":"https:\/\/3dgdc.pl\/es\/wp-json\/wp\/v2\/product"}],"about":[{"href":"https:\/\/3dgdc.pl\/es\/wp-json\/wp\/v2\/types\/product"}],"version-history":[{"count":5,"href":"https:\/\/3dgdc.pl\/es\/wp-json\/wp\/v2\/product\/12374\/revisions"}],"predecessor-version":[{"id":276613,"href":"https:\/\/3dgdc.pl\/es\/wp-json\/wp\/v2\/product\/12374\/revisions\/276613"}],"wp:featuredmedia":[{"embeddable":true,"href":"https:\/\/3dgdc.pl\/es\/wp-json\/wp\/v2\/media\/269242"}],"wp:attachment":[{"href":"https:\/\/3dgdc.pl\/es\/wp-json\/wp\/v2\/media?parent=12374"}],"wp:term":[{"taxonomy":"product_brand","embeddable":true,"href":"https:\/\/3dgdc.pl\/es\/wp-json\/wp\/v2\/product_brand?post=12374"},{"taxonomy":"product_cat","embeddable":true,"href":"https:\/\/3dgdc.pl\/es\/wp-json\/wp\/v2\/product_cat?post=12374"},{"taxonomy":"product_tag","embeddable":true,"href":"https:\/\/3dgdc.pl\/es\/wp-json\/wp\/v2\/product_tag?post=12374"}],"curies":[{"name":"gracias","href":"https:\/\/api.w.org\/{rel}","templated":true}]}}