{"id":264266,"date":"2025-04-09T19:20:00","date_gmt":"2025-04-09T17:20:00","guid":{"rendered":"https:\/\/3dgdc.pl\/?post_type=product&#038;p=264266"},"modified":"2025-10-24T22:18:11","modified_gmt":"2025-10-24T20:18:11","slug":"led-flugel-eckschild","status":"publish","type":"product","link":"https:\/\/3dgdc.pl\/de\/produkt\/tabliczka-naroznikowa-led-wings\/","title":{"rendered":"LED-Eckschild \u2013 Fl\u00fcgel"},"content":{"rendered":"<h2 style=\"text-align: center;\">LED-Eckplatte<\/h2>\n<h3>LED-Eckschild \u2013 Fl\u00fcgel<\/h3>\n<p style=\"color: #555;\">LED-Eckschild \u2013 Fl\u00fcgel mit Ma\u00dfangaben <strong>17\u00d717 cm<\/strong><br \/>\nist ein einzigartiges Produkt, das modernes Design mit praktischem Nutzen verbindet.<br \/>\nDank seiner kompakten Bauweise ist er sowohl f\u00fcr Fahrzeuge als auch f\u00fcr Innenr\u00e4ume ideal.<br \/>\nDie Installation ist sehr einfach \u2013 es werden zwei solide Saugn\u00e4pfe mit Gewinde verwendet,<br \/>\ndie Stabilit\u00e4t und einfache Tragbarkeit gew\u00e4hrleisten.<\/p>\n<h3 style=\"color: #014570; margin-top: 25px;\">Farbauswahl f\u00fcr die Hintergrundbeleuchtung<\/h3>\n<ul style=\"padding-left: 20px; color: #555;\">\n<li><span style=\"color: #33cccc;\"><strong>Kaltwei\u00df<\/strong><\/span> \u2013 modern und universell.<\/li>\n<li><span style=\"color: #ff9900;\"><strong>Orange<\/strong><\/span> \u2013 warm und ausdrucksstark.<\/li>\n<li><span style=\"color: #ff0000;\"><strong>Rot<\/strong><\/span> \u2013 intensiv und dynamisch.<\/li>\n<\/ul>\n<h3 style=\"color: #014570; margin-top: 25px;\">Energieoptionen<\/h3>\n<p style=\"color: #555;\"><strong>USB-Stecker<\/strong> \u2013 die Platine ist mit einem Kabel der L\u00e4nge<br \/>\n<strong>1,5 Meter<\/strong>, wodurch eine einfache Verbindung mit jedem USB-Anschluss m\u00f6glich ist.<br \/>\nDadurch eignet es sich nicht nur f\u00fcr Fahrzeuge, sondern auch f\u00fcr B\u00fcros und Werkst\u00e4tten.<\/p>\n<h3 style=\"color: #014570; margin-top: 25px;\">Vorteile des LED-Eckschildes \u2013 Wings<\/h3>\n<ul style=\"padding-left: 20px; color: #555;\">\n<li><strong>Kompakte Gr\u00f6\u00dfe:<\/strong> diskret, aber effektiv.<\/li>\n<li><strong>Feste Halterung:<\/strong> Haltbarkeit und Stabilit\u00e4t w\u00e4hrend des Gebrauchs.<\/li>\n<li><strong>Modernes Design:<\/strong> M\u00f6glichkeit, verschiedene Hintergrundbeleuchtungsfarben auszuw\u00e4hlen.<\/li>\n<li><strong>Vielseitigkeit:<\/strong> f\u00fcr Fahrzeuge und R\u00e4ume.<\/li>\n<li><strong>Verschiedene Stromversorgungsoptionen:<\/strong> bequeme Verwendung unter vielen Bedingungen.<\/li>\n<\/ul>\n<h3 style=\"color: #014570; margin-top: 25px;\">F\u00fcr jeden die perfekte L\u00f6sung<\/h3>\n<p style=\"color: #555;\">Das LED-Eckschild \u2013 Wings ist eine gute Wahl f\u00fcr alle, die<br \/>\nein wirkungsvolles und funktionales Dekorationselement.<br \/>\nHochwertige Verarbeitung, moderne Optik und intensive Hintergrundbeleuchtung<br \/>\nmachen es ideal f\u00fcr die Personalisierung von Fahrzeugen und Innenr\u00e4umen.<\/p>\n<h3 style=\"color: #014570; margin-top: 25px;\">Schauen Sie sich andere Produkte an<\/h3>\n<p style=\"color: #555;\">Wenn dies <strong>LED-Platine<\/strong> nicht Ihren Erwartungen entspricht,<br \/>\nSchauen Sie sich unbedingt auch unsere anderen Boardmodelle und LED-Zubeh\u00f6r an,<br \/>\ndie Ihren Anforderungen m\u00f6glicherweise besser entspricht.<\/p>\n<p>&nbsp;<\/p>","protected":false},"excerpt":{"rendered":"<h3><span style=\"color: #004570;\">Technische Daten<\/span><\/h3>\n<ul>\n<li><strong><span style=\"color: #808080;\">Stromversorgung:<\/span> <\/strong>USB<span style=\"color: #808080;\"><br \/>\n<\/span><\/li>\n<li><span style=\"color: #808080;\"><strong>Ma\u00dfe<\/strong>:<\/span> 25<span style=\"color: #808080;\"><span style=\"color: #000000;\">cm x 16 cm x 1,5 cm<\/span><br \/>\n<\/span><\/li>\n<li><span style=\"color: #808080;\"><strong>Installation: <\/strong><\/span><span style=\"color: #ff00ff;\"><span style=\"color: #339966;\"><span style=\"color: #808080;\"><span style=\"color: #000000;\">Zwei Saugn\u00e4pfe mit Gewinde<\/span><br \/>\n<\/span><\/span><\/span><\/li>\n<\/ul>\n<p><span style=\"color: #004570;\">Vorlaufzeit:<\/span> 1\u20133 Werktage<\/p>\n<p>Preis angegeben f\u00fcr<strong> 1 St\u00fcck.<\/strong><\/p>","protected":false},"featured_media":269368,"template":"","meta":{"_acf_changed":false},"product_brand":[681],"product_cat":[301],"product_tag":[700,699,702,701],"class_list":{"0":"post-264266","1":"product","2":"type-product","3":"status-publish","4":"has-post-thumbnail","6":"product_brand-3d-glowdrive-creations","7":"product_cat-tabliczki-naroznikowe-led","8":"product_tag-lightbox-tir","9":"product_tag-tabliczka-led-do-kabiny","10":"product_tag-tabliczka-led-tir","11":"product_tag-tuning-kabiny","12":"pa_kolor-led-bialy-zimny","13":"pa_kolor-led-czerwony","14":"pa_kolor-led-pomaranczowy","16":"first","17":"instock","18":"taxable","19":"shipping-taxable","20":"purchasable","21":"product-type-variable"},"acf":[],"yoast_head":"<!-- This site is optimized with the Yoast SEO Premium plugin v27.3 (Yoast SEO v27.3) - https:\/\/yoast.com\/product\/yoast-seo-premium-wordpress\/ -->\n<title>Tablica LED Wings: Nowoczesny design dla ka\u017cdego pojazdu<\/title>\n<meta name=\"description\" content=\"Tablica LED, lightbox na przedni\u0105 szyb\u0119 ci\u0119\u017car\u00f3wki, wymiary 17 cm x 12 cm, zasilanie 24V, monta\u017c na gwintowane przyssawki.\" \/>\n<meta name=\"robots\" content=\"index, follow, max-snippet:-1, max-image-preview:large, max-video-preview:-1\" \/>\n<link rel=\"canonical\" href=\"https:\/\/3dgdc.pl\/de\/produkt\/led-flugel-eckschild\/\" \/>\n<meta property=\"og:locale\" content=\"de_DE\" \/>\n<meta property=\"og:type\" content=\"article\" \/>\n<meta property=\"og:title\" content=\"Tabliczki LED TIR | Personalizacja Twojej Ci\u0119\u017car\u00f3wki\" \/>\n<meta property=\"og:description\" content=\"Pod\u015bwietlane emblematy | Tabliczki naro\u017cnikowe LED | Uszy pod lusterka | O\u015bwietlenie kabiny | O\u015bwietlenie kabiny | Obrys\u00f3wki LED\" \/>\n<meta property=\"og:url\" content=\"https:\/\/3dgdc.pl\/de\/produkt\/led-flugel-eckschild\/\" \/>\n<meta property=\"og:site_name\" content=\"3D GlowDrive Creations | Pod\u015bwietlane Emblematy LED\" \/>\n<meta property=\"article:publisher\" content=\"https:\/\/www.facebook.com\/profile.php?id=61565630297137&amp;locale=pl_PL\" \/>\n<meta property=\"article:modified_time\" content=\"2025-10-24T20:18:11+00:00\" \/>\n<meta property=\"og:image\" content=\"https:\/\/3dgdc.pl\/wp-content\/uploads\/2025\/04\/4-4-1.jpg\" \/>\n\t<meta property=\"og:image:width\" content=\"900\" \/>\n\t<meta property=\"og:image:height\" content=\"900\" \/>\n\t<meta property=\"og:image:type\" content=\"image\/jpeg\" \/>\n<meta name=\"twitter:card\" content=\"summary_large_image\" \/>\n<meta name=\"twitter:label1\" content=\"Verf\u00fcgbarkeit\" \/>\n\t<meta name=\"twitter:data1\" content=\"Auf Lager\" \/>\n<script type=\"application\/ld+json\" class=\"yoast-schema-graph\">{\"@context\":\"https:\\\/\\\/schema.org\",\"@graph\":[{\"@type\":\"WebPage\",\"@id\":\"https:\\\/\\\/3dgdc.pl\\\/produkt\\\/tabliczka-naroznikowa-led-wings\\\/\",\"url\":\"https:\\\/\\\/3dgdc.pl\\\/produkt\\\/tabliczka-naroznikowa-led-wings\\\/\",\"name\":\"Tablica LED Wings: Nowoczesny design dla ka\u017cdego pojazdu\",\"isPartOf\":{\"@id\":\"https:\\\/\\\/3dgdc.pl\\\/#website\"},\"primaryImageOfPage\":{\"@id\":\"https:\\\/\\\/3dgdc.pl\\\/produkt\\\/tabliczka-naroznikowa-led-wings\\\/#primaryimage\"},\"image\":{\"@id\":\"https:\\\/\\\/3dgdc.pl\\\/produkt\\\/tabliczka-naroznikowa-led-wings\\\/#primaryimage\"},\"thumbnailUrl\":\"https:\\\/\\\/3dgdc.pl\\\/wp-content\\\/uploads\\\/2025\\\/04\\\/4-4-1.jpg\",\"datePublished\":\"2025-04-09T17:20:00+00:00\",\"dateModified\":\"2025-10-24T20:18:11+00:00\",\"description\":\"Tablica LED, lightbox na przedni\u0105 szyb\u0119 ci\u0119\u017car\u00f3wki, wymiary 17 cm x 12 cm, zasilanie 24V, monta\u017c na gwintowane przyssawki.\",\"breadcrumb\":{\"@id\":\"https:\\\/\\\/3dgdc.pl\\\/produkt\\\/tabliczka-naroznikowa-led-wings\\\/#breadcrumb\"},\"inLanguage\":\"de\",\"potentialAction\":[{\"@type\":\"ReadAction\",\"target\":[\"https:\\\/\\\/3dgdc.pl\\\/produkt\\\/tabliczka-naroznikowa-led-wings\\\/\"]}]},{\"@type\":\"ImageObject\",\"inLanguage\":\"de\",\"@id\":\"https:\\\/\\\/3dgdc.pl\\\/produkt\\\/tabliczka-naroznikowa-led-wings\\\/#primaryimage\",\"url\":\"https:\\\/\\\/3dgdc.pl\\\/wp-content\\\/uploads\\\/2025\\\/04\\\/4-4-1.jpg\",\"contentUrl\":\"https:\\\/\\\/3dgdc.pl\\\/wp-content\\\/uploads\\\/2025\\\/04\\\/4-4-1.jpg\",\"width\":900,\"height\":900,\"caption\":\"tabliczka led tir\"},{\"@type\":\"BreadcrumbList\",\"@id\":\"https:\\\/\\\/3dgdc.pl\\\/produkt\\\/tabliczka-naroznikowa-led-wings\\\/#breadcrumb\",\"itemListElement\":[{\"@type\":\"ListItem\",\"position\":1,\"name\":\"Strona g\u0142\u00f3wna\",\"item\":\"https:\\\/\\\/3dgdc.pl\\\/de\\\/\"},{\"@type\":\"ListItem\",\"position\":2,\"name\":\"Sklep\",\"item\":\"https:\\\/\\\/3dgdc.pl\\\/de\\\/led-zubehor-lkw-kennzeichen-beleuchtete-beschriftungen\\\/\"},{\"@type\":\"ListItem\",\"position\":3,\"name\":\"Tabliczki Naro\u017cnikowe LED\",\"item\":\"https:\\\/\\\/3dgdc.pl\\\/kategoria-produktu\\\/tabliczki-naroznikowe-led\\\/\"},{\"@type\":\"ListItem\",\"position\":4,\"name\":\"Tabliczka naro\u017cnikowa LED &#8211; Wings\"}]},{\"@type\":\"WebSite\",\"@id\":\"https:\\\/\\\/3dgdc.pl\\\/#website\",\"url\":\"https:\\\/\\\/3dgdc.pl\\\/\",\"name\":\"https:\\\/\\\/3dgdc.pl\\\/\",\"description\":\"Pod\u015bwietlane Emblematy i Akcesoria LED do Ci\u0105gnik\u00f3w Siod\u0142owych i Rolniczych\",\"publisher\":{\"@id\":\"https:\\\/\\\/3dgdc.pl\\\/#organization\"},\"potentialAction\":[{\"@type\":\"SearchAction\",\"target\":{\"@type\":\"EntryPoint\",\"urlTemplate\":\"https:\\\/\\\/3dgdc.pl\\\/?s={search_term_string}\"},\"query-input\":{\"@type\":\"PropertyValueSpecification\",\"valueRequired\":true,\"valueName\":\"search_term_string\"}}],\"inLanguage\":\"de\"},{\"@type\":\"Organization\",\"@id\":\"https:\\\/\\\/3dgdc.pl\\\/#organization\",\"name\":\"3D GlowDrive Creations\",\"alternateName\":\"Gadzety LED Do Aut Ci\u0119\u017carowych\",\"url\":\"https:\\\/\\\/3dgdc.pl\\\/\",\"logo\":{\"@type\":\"ImageObject\",\"inLanguage\":\"de\",\"@id\":\"https:\\\/\\\/3dgdc.pl\\\/#\\\/schema\\\/logo\\\/image\\\/\",\"url\":\"https:\\\/\\\/3dgdc.pl\\\/wp-content\\\/uploads\\\/2025\\\/05\\\/prof_obszar-roboczy-1-kopia-scaled.png\",\"contentUrl\":\"https:\\\/\\\/3dgdc.pl\\\/wp-content\\\/uploads\\\/2025\\\/05\\\/prof_obszar-roboczy-1-kopia-scaled.png\",\"width\":2560,\"height\":2560,\"caption\":\"3D GlowDrive Creations\"},\"image\":{\"@id\":\"https:\\\/\\\/3dgdc.pl\\\/#\\\/schema\\\/logo\\\/image\\\/\"},\"sameAs\":[\"https:\\\/\\\/www.facebook.com\\\/profile.php?id=61565630297137&locale=pl_PL\",\"https:\\\/\\\/www.instagram.com\\\/3dglowdrivecreations\\\/\",\"https:\\\/\\\/www.tiktok.com\\\/@ledtruckbudges\"],\"description\":\"Jeste\u015bmy dynamiczn\u0105 firm\u0105 specjalizuj\u0105c\u0105 si\u0119 w tworzeniu wysokiej jako\u015bci akcesori\u00f3w LED do samochod\u00f3w ci\u0119\u017carowych. Nasza oferta obejmuje innowacyjne produkty, takie jak LED-owe emblematy, pod\u015bwietlane litery oraz spersonalizowane gad\u017cety reklamowe. Wszystkie nasze produkty cechuj\u0105 si\u0119 nowoczesnym designem, trwa\u0142o\u015bci\u0105 oraz dba\u0142o\u015bci\u0105 o bezpiecze\u0144stwo u\u017cytkowania. Dzi\u0119ki pasji i zaanga\u017cowaniu zapewniamy klientom wyj\u0105tkowe rozwi\u0105zania, kt\u00f3re podkre\u015blaj\u0105 indywidualny styl ich pojazd\u00f3w.\",\"email\":\"3dglowdrivecreations@gmail.com\",\"telephone\":\"725038684\",\"legalName\":\"3D GlowDrive Creations\",\"foundingDate\":\"2024-05-02\",\"vatID\":\"5783170027\",\"taxID\":\"5783170027\",\"numberOfEmployees\":{\"@type\":\"QuantitativeValue\",\"minValue\":\"1\",\"maxValue\":\"10\"},\"hasMerchantReturnPolicy\":{\"@type\":\"MerchantReturnPolicy\",\"merchantReturnLink\":\"https:\\\/\\\/3dgdc.pl\\\/de\\\/polityka-zwrotow\\\/\"}}]}<\/script>\n<meta property=\"og:availability\" content=\"instock\" \/>\n<meta property=\"product:availability\" content=\"instock\" \/>\n<meta property=\"product:retailer_item_id\" content=\"TAB-LED-WNG\" \/>\n<meta property=\"product:condition\" content=\"new\" \/>\n<!-- \/ Yoast SEO Premium plugin. -->","yoast_head_json":{"title":"Wings LED-Schild: Modernes Design f\u00fcr jedes Fahrzeug","description":"LED-Platine, Leuchtkasten f\u00fcr LKW-Windschutzscheibe, Ma\u00dfe 17 cm x 12 cm, 24V-Stromversorgung, Befestigung mit Gewindesaugn\u00e4pfen.","robots":{"index":"index","follow":"follow","max-snippet":"max-snippet:-1","max-image-preview":"max-image-preview:large","max-video-preview":"max-video-preview:-1"},"canonical":"https:\/\/3dgdc.pl\/de\/produkt\/led-flugel-eckschild\/","og_locale":"de_DE","og_type":"article","og_title":"Tabliczki LED TIR | Personalizacja Twojej Ci\u0119\u017car\u00f3wki","og_description":"Pod\u015bwietlane emblematy | Tabliczki naro\u017cnikowe LED | Uszy pod lusterka | O\u015bwietlenie kabiny | O\u015bwietlenie kabiny | Obrys\u00f3wki LED","og_url":"https:\/\/3dgdc.pl\/de\/produkt\/led-flugel-eckschild\/","og_site_name":"3D GlowDrive Creations | Pod\u015bwietlane Emblematy LED","article_publisher":"https:\/\/www.facebook.com\/profile.php?id=61565630297137&locale=pl_PL","article_modified_time":"2025-10-24T20:18:11+00:00","og_image":[{"width":900,"height":900,"url":"https:\/\/3dgdc.pl\/wp-content\/uploads\/2025\/04\/4-4-1.jpg","type":"image\/jpeg"}],"twitter_card":"summary_large_image","twitter_misc":{"Verf\u00fcgbarkeit":"Auf Lager"},"schema":{"@context":"https:\/\/schema.org","@graph":[{"@type":"WebPage","@id":"https:\/\/3dgdc.pl\/produkt\/tabliczka-naroznikowa-led-wings\/","url":"https:\/\/3dgdc.pl\/produkt\/tabliczka-naroznikowa-led-wings\/","name":"Wings LED-Schild: Modernes Design f\u00fcr jedes Fahrzeug","isPartOf":{"@id":"https:\/\/3dgdc.pl\/#website"},"primaryImageOfPage":{"@id":"https:\/\/3dgdc.pl\/produkt\/tabliczka-naroznikowa-led-wings\/#primaryimage"},"image":{"@id":"https:\/\/3dgdc.pl\/produkt\/tabliczka-naroznikowa-led-wings\/#primaryimage"},"thumbnailUrl":"https:\/\/3dgdc.pl\/wp-content\/uploads\/2025\/04\/4-4-1.jpg","datePublished":"2025-04-09T17:20:00+00:00","dateModified":"2025-10-24T20:18:11+00:00","description":"LED-Platine, Leuchtkasten f\u00fcr LKW-Windschutzscheibe, Ma\u00dfe 17 cm x 12 cm, 24V-Stromversorgung, Befestigung mit Gewindesaugn\u00e4pfen.","breadcrumb":{"@id":"https:\/\/3dgdc.pl\/produkt\/tabliczka-naroznikowa-led-wings\/#breadcrumb"},"inLanguage":"de","potentialAction":[{"@type":"ReadAction","target":["https:\/\/3dgdc.pl\/produkt\/tabliczka-naroznikowa-led-wings\/"]}]},{"@type":"ImageObject","inLanguage":"de","@id":"https:\/\/3dgdc.pl\/produkt\/tabliczka-naroznikowa-led-wings\/#primaryimage","url":"https:\/\/3dgdc.pl\/wp-content\/uploads\/2025\/04\/4-4-1.jpg","contentUrl":"https:\/\/3dgdc.pl\/wp-content\/uploads\/2025\/04\/4-4-1.jpg","width":900,"height":900,"caption":"tabliczka led tir"},{"@type":"BreadcrumbList","@id":"https:\/\/3dgdc.pl\/produkt\/tabliczka-naroznikowa-led-wings\/#breadcrumb","itemListElement":[{"@type":"ListItem","position":1,"name":"Strona g\u0142\u00f3wna","item":"https:\/\/3dgdc.pl\/de\/"},{"@type":"ListItem","position":2,"name":"Sklep","item":"https:\/\/3dgdc.pl\/de\/led-zubehor-lkw-kennzeichen-beleuchtete-beschriftungen\/"},{"@type":"ListItem","position":3,"name":"Tabliczki Naro\u017cnikowe LED","item":"https:\/\/3dgdc.pl\/kategoria-produktu\/tabliczki-naroznikowe-led\/"},{"@type":"ListItem","position":4,"name":"Tabliczka naro\u017cnikowa LED &#8211; Wings"}]},{"@type":"WebSite","@id":"https:\/\/3dgdc.pl\/#website","url":"https:\/\/3dgdc.pl\/","name":"https:\/\/3dgdc.pl\/","description":"Beleuchtete LED-Embleme und Zubeh\u00f6r f\u00fcr Traktoren und landwirtschaftliche Nutzfahrzeuge","publisher":{"@id":"https:\/\/3dgdc.pl\/#organization"},"potentialAction":[{"@type":"SearchAction","target":{"@type":"EntryPoint","urlTemplate":"https:\/\/3dgdc.pl\/?s={search_term_string}"},"query-input":{"@type":"PropertyValueSpecification","valueRequired":true,"valueName":"search_term_string"}}],"inLanguage":"de"},{"@type":"Organization","@id":"https:\/\/3dgdc.pl\/#organization","name":"3D GlowDrive-Kreationen","alternateName":"Gadzety LED Do Aut Ci\u0119\u017carowych","url":"https:\/\/3dgdc.pl\/","logo":{"@type":"ImageObject","inLanguage":"de","@id":"https:\/\/3dgdc.pl\/#\/schema\/logo\/image\/","url":"https:\/\/3dgdc.pl\/wp-content\/uploads\/2025\/05\/prof_obszar-roboczy-1-kopia-scaled.png","contentUrl":"https:\/\/3dgdc.pl\/wp-content\/uploads\/2025\/05\/prof_obszar-roboczy-1-kopia-scaled.png","width":2560,"height":2560,"caption":"3D GlowDrive Creations"},"image":{"@id":"https:\/\/3dgdc.pl\/#\/schema\/logo\/image\/"},"sameAs":["https:\/\/www.facebook.com\/profile.php?id=61565630297137&locale=pl_PL","https:\/\/www.instagram.com\/3dglowdrivecreations\/","https:\/\/www.tiktok.com\/@ledtruckbudges"],"description":"Wir sind ein dynamisches Unternehmen, das sich auf die Herstellung hochwertiger LED-Zubeh\u00f6rteile f\u00fcr LKWs spezialisiert hat. Unser Angebot umfasst innovative Produkte wie LED-Embleme, Leuchtbuchstaben und personalisierte Werbeartikel. Alle unsere Produkte zeichnen sich durch modernes Design, Langlebigkeit und hohe Sicherheit aus. Dank Leidenschaft und Engagement bieten wir unseren Kunden einzigartige L\u00f6sungen, die den individuellen Stil ihrer Fahrzeuge unterstreichen.","email":"3dglowdrivecreations@gmail.com","telephone":"725038684","legalName":"3D GlowDrive Creations","foundingDate":"2024-05-02","vatID":"5783170027","taxID":"5783170027","numberOfEmployees":{"@type":"QuantitativeValue","minValue":"1","maxValue":"10"},"hasMerchantReturnPolicy":{"@type":"MerchantReturnPolicy","merchantReturnLink":"https:\/\/3dgdc.pl\/de\/polityka-zwrotow\/"}}]},"og_availability":"instock","product_availability":"instock","product_retailer_item_id":"TAB-LED-WNG","product_condition":"new"},"_links":{"self":[{"href":"https:\/\/3dgdc.pl\/de\/wp-json\/wp\/v2\/product\/264266","targetHints":{"allow":["GET"]}}],"collection":[{"href":"https:\/\/3dgdc.pl\/de\/wp-json\/wp\/v2\/product"}],"about":[{"href":"https:\/\/3dgdc.pl\/de\/wp-json\/wp\/v2\/types\/product"}],"version-history":[{"count":5,"href":"https:\/\/3dgdc.pl\/de\/wp-json\/wp\/v2\/product\/264266\/revisions"}],"predecessor-version":[{"id":276750,"href":"https:\/\/3dgdc.pl\/de\/wp-json\/wp\/v2\/product\/264266\/revisions\/276750"}],"wp:featuredmedia":[{"embeddable":true,"href":"https:\/\/3dgdc.pl\/de\/wp-json\/wp\/v2\/media\/269368"}],"wp:attachment":[{"href":"https:\/\/3dgdc.pl\/de\/wp-json\/wp\/v2\/media?parent=264266"}],"wp:term":[{"taxonomy":"product_brand","embeddable":true,"href":"https:\/\/3dgdc.pl\/de\/wp-json\/wp\/v2\/product_brand?post=264266"},{"taxonomy":"product_cat","embeddable":true,"href":"https:\/\/3dgdc.pl\/de\/wp-json\/wp\/v2\/product_cat?post=264266"},{"taxonomy":"product_tag","embeddable":true,"href":"https:\/\/3dgdc.pl\/de\/wp-json\/wp\/v2\/product_tag?post=264266"}],"curies":[{"name":"wp","href":"https:\/\/api.w.org\/{rel}","templated":true}]}}