{"id":259712,"date":"2024-12-23T22:42:00","date_gmt":"2024-12-23T21:42:00","guid":{"rendered":"https:\/\/3dgdc.pl\/?post_type=product&#038;p=259712"},"modified":"2025-10-24T22:50:01","modified_gmt":"2025-10-24T20:50:01","slug":"xg-kabine","status":"publish","type":"product","link":"https:\/\/3dgdc.pl\/de\/produkt\/xg-kabina\/","title":{"rendered":"XG (Kabine)"},"content":{"rendered":"<h2 style=\"text-align: center;\"><strong>Beleuchteter XG DAF f\u00fcr die R\u00fcckwand des LKW-Fahrerhauses<\/strong><\/h2>\n<p style=\"text-align: left;\">Verleihen Sie Ihrem LKW mit beleuchteten LED-Buchstaben einen einzigartigen Charakter! Produktabmessungen 7<strong>0 cm x 20 cm x 10 cm<\/strong> sieht an der R\u00fcckwand der Kabine gro\u00dfartig aus und kennzeichnet das Fahrzeug auf der Stra\u00dfe. Die Installation ist \u00e4u\u00dferst einfach \u2013 dank des mitgelieferten doppelseitigen Klebebands k\u00f6nnen die Buchstaben schnell und einfach ohne zus\u00e4tzliches Werkzeug angebracht werden.<\/p>\n<p style=\"text-align: left;\"><strong>Spezifikation:<\/strong><\/p>\n<p style=\"text-align: left;\">Stromversorgung: 12\/24 V<br \/>\nFarbe der LED-Hintergrundbeleuchtung:<strong> 5 Optionen zur Auswahl<\/strong><br \/>\nHochwertige Verarbeitung \u2013 langlebige Materialien sorgen f\u00fcr eine lange Lebensdauer<br \/>\nLeuchtbuchstaben sind eine tolle M\u00f6glichkeit, Ihren LKW zu personalisieren, ihm ein unverwechselbares Aussehen zu verleihen und die Sichtbarkeit zu verbessern. W\u00e4hlen Sie bei der Bestellung Farbe und Stromversorgung und genie\u00dfen Sie Ihren einzigartigen Stil!<\/p>","protected":false},"excerpt":{"rendered":"<h3 style=\"text-align: center;\"><strong>XG DAF f\u00fcr die Fahrerhausr\u00fcckwand<\/strong><\/h3>\n<p><strong><br \/>\n<\/strong>Lieferzeit: Bis zu 4 Werktage<strong><br \/>\n<\/strong><\/p>\n<p>&nbsp;<\/p>\n<p><strong>Das Set beinhaltet:<\/strong><br \/>\n<strong>\u2013 <\/strong>LED-Buchstaben XG mit Gesamtma\u00dfen: <strong>*70 cm x 20 cm x 10 cm<\/strong><strong><br \/>\n\u2013<\/strong> 150 cm Draht pro Buchstabe<br \/>\n<strong>\u2013 <\/strong>Doppelseitiges Montageklebeband<\/p>\n<p>&nbsp;<\/p>","protected":false},"featured_media":260256,"template":"","meta":{"_acf_changed":false},"product_brand":[671],"product_cat":[402],"product_tag":[314,383],"class_list":{"0":"post-259712","1":"product","2":"type-product","3":"status-publish","4":"has-post-thumbnail","6":"product_brand-3dgdc","7":"product_cat-kabina-tir-led","8":"product_tag-daf-xg","9":"product_tag-kabina","10":"pa_kolor-led-bialy-zimny","11":"pa_kolor-led-czerwony","12":"pa_kolor-led-niebieski","13":"pa_kolor-led-pomaranczowy","14":"pa_kolor-led-zielony","15":"pa_rodzaj-zasilania-usb","16":"pa_rodzaj-zasilania-zapalniczka-12v","17":"pa_rodzaj-zasilania-zapalniczka-24v","19":"first","20":"instock","21":"taxable","22":"shipping-taxable","23":"purchasable","24":"product-type-variable"},"acf":[],"yoast_head":"<!-- This site is optimized with the Yoast SEO Premium plugin v27.3 (Yoast SEO v27.3) - https:\/\/yoast.com\/product\/yoast-seo-premium-wordpress\/ -->\n<title>XG DAF | O\u015bwietlenie Kabiny<\/title>\n<meta name=\"description\" content=\"XG DAF LED na tyln\u0105 \u015bciane kabiny auta ci\u0119\u017carowego , to nowoczesny i stylowy dodatek, kt\u00f3ry wyr\u00f3\u017cni Twoj pojazd na drodze.\" \/>\n<meta name=\"robots\" content=\"index, follow, max-snippet:-1, max-image-preview:large, max-video-preview:-1\" \/>\n<link rel=\"canonical\" href=\"https:\/\/3dgdc.pl\/de\/produkt\/xg-kabine\/\" \/>\n<meta property=\"og:locale\" content=\"de_DE\" \/>\n<meta property=\"og:type\" content=\"article\" \/>\n<meta property=\"og:title\" content=\"Tabliczki LED TIR | Personalizacja Twojej Ci\u0119\u017car\u00f3wki\" \/>\n<meta property=\"og:description\" content=\"Pod\u015bwietlane emblematy | Tabliczki naro\u017cnikowe LED | Uszy pod lusterka | O\u015bwietlenie kabiny | O\u015bwietlenie kabiny | Obrys\u00f3wki LED\" \/>\n<meta property=\"og:url\" content=\"https:\/\/3dgdc.pl\/de\/produkt\/xg-kabine\/\" \/>\n<meta property=\"og:site_name\" content=\"3D GlowDrive Creations | Pod\u015bwietlane Emblematy LED\" \/>\n<meta property=\"article:publisher\" content=\"https:\/\/www.facebook.com\/profile.php?id=61565630297137&amp;locale=pl_PL\" \/>\n<meta property=\"article:modified_time\" content=\"2025-10-24T20:50:01+00:00\" \/>\n<meta property=\"og:image\" content=\"https:\/\/3dgdc.pl\/wp-content\/uploads\/2024\/12\/16.webp\" \/>\n\t<meta property=\"og:image:width\" content=\"800\" \/>\n\t<meta property=\"og:image:height\" content=\"800\" \/>\n\t<meta property=\"og:image:type\" content=\"image\/jpeg\" \/>\n<meta name=\"twitter:card\" content=\"summary_large_image\" \/>\n<meta name=\"twitter:label1\" content=\"Verf\u00fcgbarkeit\" \/>\n\t<meta name=\"twitter:data1\" content=\"Auf Lager\" \/>\n<script type=\"application\/ld+json\" class=\"yoast-schema-graph\">{\"@context\":\"https:\\\/\\\/schema.org\",\"@graph\":[{\"@type\":\"WebPage\",\"@id\":\"https:\\\/\\\/3dgdc.pl\\\/produkt\\\/xg-kabina\\\/\",\"url\":\"https:\\\/\\\/3dgdc.pl\\\/produkt\\\/xg-kabina\\\/\",\"name\":\"XG DAF | O\u015bwietlenie Kabiny\",\"isPartOf\":{\"@id\":\"https:\\\/\\\/3dgdc.pl\\\/#website\"},\"primaryImageOfPage\":{\"@id\":\"https:\\\/\\\/3dgdc.pl\\\/produkt\\\/xg-kabina\\\/#primaryimage\"},\"image\":{\"@id\":\"https:\\\/\\\/3dgdc.pl\\\/produkt\\\/xg-kabina\\\/#primaryimage\"},\"thumbnailUrl\":\"https:\\\/\\\/3dgdc.pl\\\/wp-content\\\/uploads\\\/2024\\\/12\\\/16.webp\",\"datePublished\":\"2024-12-23T21:42:00+00:00\",\"dateModified\":\"2025-10-24T20:50:01+00:00\",\"description\":\"XG DAF LED na tyln\u0105 \u015bciane kabiny auta ci\u0119\u017carowego , to nowoczesny i stylowy dodatek, kt\u00f3ry wyr\u00f3\u017cni Twoj pojazd na drodze.\",\"breadcrumb\":{\"@id\":\"https:\\\/\\\/3dgdc.pl\\\/produkt\\\/xg-kabina\\\/#breadcrumb\"},\"inLanguage\":\"de\",\"potentialAction\":[{\"@type\":\"ReadAction\",\"target\":[\"https:\\\/\\\/3dgdc.pl\\\/produkt\\\/xg-kabina\\\/\"]}]},{\"@type\":\"ImageObject\",\"inLanguage\":\"de\",\"@id\":\"https:\\\/\\\/3dgdc.pl\\\/produkt\\\/xg-kabina\\\/#primaryimage\",\"url\":\"https:\\\/\\\/3dgdc.pl\\\/wp-content\\\/uploads\\\/2024\\\/12\\\/16.webp\",\"contentUrl\":\"https:\\\/\\\/3dgdc.pl\\\/wp-content\\\/uploads\\\/2024\\\/12\\\/16.webp\",\"width\":800,\"height\":800},{\"@type\":\"BreadcrumbList\",\"@id\":\"https:\\\/\\\/3dgdc.pl\\\/produkt\\\/xg-kabina\\\/#breadcrumb\",\"itemListElement\":[{\"@type\":\"ListItem\",\"position\":1,\"name\":\"Strona g\u0142\u00f3wna\",\"item\":\"https:\\\/\\\/3dgdc.pl\\\/de\\\/\"},{\"@type\":\"ListItem\",\"position\":2,\"name\":\"Sklep\",\"item\":\"https:\\\/\\\/3dgdc.pl\\\/de\\\/led-zubehor-lkw-kennzeichen-beleuchtete-beschriftungen\\\/\"},{\"@type\":\"ListItem\",\"position\":3,\"name\":\"Kabina\",\"item\":\"https:\\\/\\\/3dgdc.pl\\\/kategoria-produktu\\\/kabina-tir-led\\\/\"},{\"@type\":\"ListItem\",\"position\":4,\"name\":\"XG (kabina)\"}]},{\"@type\":\"WebSite\",\"@id\":\"https:\\\/\\\/3dgdc.pl\\\/#website\",\"url\":\"https:\\\/\\\/3dgdc.pl\\\/\",\"name\":\"https:\\\/\\\/3dgdc.pl\\\/\",\"description\":\"Pod\u015bwietlane Emblematy i Akcesoria LED do Ci\u0105gnik\u00f3w Siod\u0142owych i Rolniczych\",\"publisher\":{\"@id\":\"https:\\\/\\\/3dgdc.pl\\\/#organization\"},\"potentialAction\":[{\"@type\":\"SearchAction\",\"target\":{\"@type\":\"EntryPoint\",\"urlTemplate\":\"https:\\\/\\\/3dgdc.pl\\\/?s={search_term_string}\"},\"query-input\":{\"@type\":\"PropertyValueSpecification\",\"valueRequired\":true,\"valueName\":\"search_term_string\"}}],\"inLanguage\":\"de\"},{\"@type\":\"Organization\",\"@id\":\"https:\\\/\\\/3dgdc.pl\\\/#organization\",\"name\":\"3D GlowDrive Creations\",\"alternateName\":\"Gadzety LED Do Aut Ci\u0119\u017carowych\",\"url\":\"https:\\\/\\\/3dgdc.pl\\\/\",\"logo\":{\"@type\":\"ImageObject\",\"inLanguage\":\"de\",\"@id\":\"https:\\\/\\\/3dgdc.pl\\\/#\\\/schema\\\/logo\\\/image\\\/\",\"url\":\"https:\\\/\\\/3dgdc.pl\\\/wp-content\\\/uploads\\\/2025\\\/05\\\/prof_obszar-roboczy-1-kopia-scaled.png\",\"contentUrl\":\"https:\\\/\\\/3dgdc.pl\\\/wp-content\\\/uploads\\\/2025\\\/05\\\/prof_obszar-roboczy-1-kopia-scaled.png\",\"width\":2560,\"height\":2560,\"caption\":\"3D GlowDrive Creations\"},\"image\":{\"@id\":\"https:\\\/\\\/3dgdc.pl\\\/#\\\/schema\\\/logo\\\/image\\\/\"},\"sameAs\":[\"https:\\\/\\\/www.facebook.com\\\/profile.php?id=61565630297137&locale=pl_PL\",\"https:\\\/\\\/www.instagram.com\\\/3dglowdrivecreations\\\/\",\"https:\\\/\\\/www.tiktok.com\\\/@ledtruckbudges\"],\"description\":\"Jeste\u015bmy dynamiczn\u0105 firm\u0105 specjalizuj\u0105c\u0105 si\u0119 w tworzeniu wysokiej jako\u015bci akcesori\u00f3w LED do samochod\u00f3w ci\u0119\u017carowych. Nasza oferta obejmuje innowacyjne produkty, takie jak LED-owe emblematy, pod\u015bwietlane litery oraz spersonalizowane gad\u017cety reklamowe. Wszystkie nasze produkty cechuj\u0105 si\u0119 nowoczesnym designem, trwa\u0142o\u015bci\u0105 oraz dba\u0142o\u015bci\u0105 o bezpiecze\u0144stwo u\u017cytkowania. Dzi\u0119ki pasji i zaanga\u017cowaniu zapewniamy klientom wyj\u0105tkowe rozwi\u0105zania, kt\u00f3re podkre\u015blaj\u0105 indywidualny styl ich pojazd\u00f3w.\",\"email\":\"3dglowdrivecreations@gmail.com\",\"telephone\":\"725038684\",\"legalName\":\"3D GlowDrive Creations\",\"foundingDate\":\"2024-05-02\",\"vatID\":\"5783170027\",\"taxID\":\"5783170027\",\"numberOfEmployees\":{\"@type\":\"QuantitativeValue\",\"minValue\":\"1\",\"maxValue\":\"10\"},\"hasMerchantReturnPolicy\":{\"@type\":\"MerchantReturnPolicy\",\"merchantReturnLink\":\"https:\\\/\\\/3dgdc.pl\\\/de\\\/polityka-zwrotow\\\/\"}}]}<\/script>\n<meta property=\"og:availability\" content=\"instock\" \/>\n<meta property=\"product:availability\" content=\"instock\" \/>\n<meta property=\"product:retailer_item_id\" content=\"XG\" \/>\n<meta property=\"product:condition\" content=\"new\" \/>\n<!-- \/ Yoast SEO Premium plugin. -->","yoast_head_json":{"title":"XG DAF | Kabinenbeleuchtung","description":"XG DAF LED f\u00fcr die R\u00fcckwand der Lkw-Kabine ist eine moderne und stilvolle Erg\u00e4nzung, die Ihr Fahrzeug auf der Stra\u00dfe hervorstechen l\u00e4sst.","robots":{"index":"index","follow":"follow","max-snippet":"max-snippet:-1","max-image-preview":"max-image-preview:large","max-video-preview":"max-video-preview:-1"},"canonical":"https:\/\/3dgdc.pl\/de\/produkt\/xg-kabine\/","og_locale":"de_DE","og_type":"article","og_title":"Tabliczki LED TIR | Personalizacja Twojej Ci\u0119\u017car\u00f3wki","og_description":"Pod\u015bwietlane emblematy | Tabliczki naro\u017cnikowe LED | Uszy pod lusterka | O\u015bwietlenie kabiny | O\u015bwietlenie kabiny | Obrys\u00f3wki LED","og_url":"https:\/\/3dgdc.pl\/de\/produkt\/xg-kabine\/","og_site_name":"3D GlowDrive Creations | Pod\u015bwietlane Emblematy LED","article_publisher":"https:\/\/www.facebook.com\/profile.php?id=61565630297137&locale=pl_PL","article_modified_time":"2025-10-24T20:50:01+00:00","og_image":[{"width":800,"height":800,"url":"https:\/\/3dgdc.pl\/wp-content\/uploads\/2024\/12\/16.webp","type":"image\/jpeg"}],"twitter_card":"summary_large_image","twitter_misc":{"Verf\u00fcgbarkeit":"Auf Lager"},"schema":{"@context":"https:\/\/schema.org","@graph":[{"@type":"WebPage","@id":"https:\/\/3dgdc.pl\/produkt\/xg-kabina\/","url":"https:\/\/3dgdc.pl\/produkt\/xg-kabina\/","name":"XG DAF | Kabinenbeleuchtung","isPartOf":{"@id":"https:\/\/3dgdc.pl\/#website"},"primaryImageOfPage":{"@id":"https:\/\/3dgdc.pl\/produkt\/xg-kabina\/#primaryimage"},"image":{"@id":"https:\/\/3dgdc.pl\/produkt\/xg-kabina\/#primaryimage"},"thumbnailUrl":"https:\/\/3dgdc.pl\/wp-content\/uploads\/2024\/12\/16.webp","datePublished":"2024-12-23T21:42:00+00:00","dateModified":"2025-10-24T20:50:01+00:00","description":"XG DAF LED f\u00fcr die R\u00fcckwand der Lkw-Kabine ist eine moderne und stilvolle Erg\u00e4nzung, die Ihr Fahrzeug auf der Stra\u00dfe hervorstechen l\u00e4sst.","breadcrumb":{"@id":"https:\/\/3dgdc.pl\/produkt\/xg-kabina\/#breadcrumb"},"inLanguage":"de","potentialAction":[{"@type":"ReadAction","target":["https:\/\/3dgdc.pl\/produkt\/xg-kabina\/"]}]},{"@type":"ImageObject","inLanguage":"de","@id":"https:\/\/3dgdc.pl\/produkt\/xg-kabina\/#primaryimage","url":"https:\/\/3dgdc.pl\/wp-content\/uploads\/2024\/12\/16.webp","contentUrl":"https:\/\/3dgdc.pl\/wp-content\/uploads\/2024\/12\/16.webp","width":800,"height":800},{"@type":"BreadcrumbList","@id":"https:\/\/3dgdc.pl\/produkt\/xg-kabina\/#breadcrumb","itemListElement":[{"@type":"ListItem","position":1,"name":"Strona g\u0142\u00f3wna","item":"https:\/\/3dgdc.pl\/de\/"},{"@type":"ListItem","position":2,"name":"Sklep","item":"https:\/\/3dgdc.pl\/de\/led-zubehor-lkw-kennzeichen-beleuchtete-beschriftungen\/"},{"@type":"ListItem","position":3,"name":"Kabina","item":"https:\/\/3dgdc.pl\/kategoria-produktu\/kabina-tir-led\/"},{"@type":"ListItem","position":4,"name":"XG (kabina)"}]},{"@type":"WebSite","@id":"https:\/\/3dgdc.pl\/#website","url":"https:\/\/3dgdc.pl\/","name":"https:\/\/3dgdc.pl\/","description":"Beleuchtete LED-Embleme und Zubeh\u00f6r f\u00fcr Traktoren und landwirtschaftliche Nutzfahrzeuge","publisher":{"@id":"https:\/\/3dgdc.pl\/#organization"},"potentialAction":[{"@type":"SearchAction","target":{"@type":"EntryPoint","urlTemplate":"https:\/\/3dgdc.pl\/?s={search_term_string}"},"query-input":{"@type":"PropertyValueSpecification","valueRequired":true,"valueName":"search_term_string"}}],"inLanguage":"de"},{"@type":"Organization","@id":"https:\/\/3dgdc.pl\/#organization","name":"3D GlowDrive-Kreationen","alternateName":"Gadzety LED Do Aut Ci\u0119\u017carowych","url":"https:\/\/3dgdc.pl\/","logo":{"@type":"ImageObject","inLanguage":"de","@id":"https:\/\/3dgdc.pl\/#\/schema\/logo\/image\/","url":"https:\/\/3dgdc.pl\/wp-content\/uploads\/2025\/05\/prof_obszar-roboczy-1-kopia-scaled.png","contentUrl":"https:\/\/3dgdc.pl\/wp-content\/uploads\/2025\/05\/prof_obszar-roboczy-1-kopia-scaled.png","width":2560,"height":2560,"caption":"3D GlowDrive Creations"},"image":{"@id":"https:\/\/3dgdc.pl\/#\/schema\/logo\/image\/"},"sameAs":["https:\/\/www.facebook.com\/profile.php?id=61565630297137&locale=pl_PL","https:\/\/www.instagram.com\/3dglowdrivecreations\/","https:\/\/www.tiktok.com\/@ledtruckbudges"],"description":"Wir sind ein dynamisches Unternehmen, das sich auf die Herstellung hochwertiger LED-Zubeh\u00f6rteile f\u00fcr LKWs spezialisiert hat. Unser Angebot umfasst innovative Produkte wie LED-Embleme, Leuchtbuchstaben und personalisierte Werbeartikel. Alle unsere Produkte zeichnen sich durch modernes Design, Langlebigkeit und hohe Sicherheit aus. Dank Leidenschaft und Engagement bieten wir unseren Kunden einzigartige L\u00f6sungen, die den individuellen Stil ihrer Fahrzeuge unterstreichen.","email":"3dglowdrivecreations@gmail.com","telephone":"725038684","legalName":"3D GlowDrive Creations","foundingDate":"2024-05-02","vatID":"5783170027","taxID":"5783170027","numberOfEmployees":{"@type":"QuantitativeValue","minValue":"1","maxValue":"10"},"hasMerchantReturnPolicy":{"@type":"MerchantReturnPolicy","merchantReturnLink":"https:\/\/3dgdc.pl\/de\/polityka-zwrotow\/"}}]},"og_availability":"instock","product_availability":"instock","product_retailer_item_id":"XG","product_condition":"new"},"_links":{"self":[{"href":"https:\/\/3dgdc.pl\/de\/wp-json\/wp\/v2\/product\/259712","targetHints":{"allow":["GET"]}}],"collection":[{"href":"https:\/\/3dgdc.pl\/de\/wp-json\/wp\/v2\/product"}],"about":[{"href":"https:\/\/3dgdc.pl\/de\/wp-json\/wp\/v2\/types\/product"}],"version-history":[{"count":3,"href":"https:\/\/3dgdc.pl\/de\/wp-json\/wp\/v2\/product\/259712\/revisions"}],"predecessor-version":[{"id":276781,"href":"https:\/\/3dgdc.pl\/de\/wp-json\/wp\/v2\/product\/259712\/revisions\/276781"}],"wp:featuredmedia":[{"embeddable":true,"href":"https:\/\/3dgdc.pl\/de\/wp-json\/wp\/v2\/media\/260256"}],"wp:attachment":[{"href":"https:\/\/3dgdc.pl\/de\/wp-json\/wp\/v2\/media?parent=259712"}],"wp:term":[{"taxonomy":"product_brand","embeddable":true,"href":"https:\/\/3dgdc.pl\/de\/wp-json\/wp\/v2\/product_brand?post=259712"},{"taxonomy":"product_cat","embeddable":true,"href":"https:\/\/3dgdc.pl\/de\/wp-json\/wp\/v2\/product_cat?post=259712"},{"taxonomy":"product_tag","embeddable":true,"href":"https:\/\/3dgdc.pl\/de\/wp-json\/wp\/v2\/product_tag?post=259712"}],"curies":[{"name":"wp","href":"https:\/\/api.w.org\/{rel}","templated":true}]}}